{"id":2469,"date":"2023-09-16T00:24:13","date_gmt":"2023-09-15T22:24:13","guid":{"rendered":"https:\/\/www.biobey.be\/fr-temp\/produit\/lait-corps-peau-seche-fraise-250-ml\/"},"modified":"2025-07-11T13:36:35","modified_gmt":"2025-07-11T11:36:35","slug":"lait-corps-peau-seche-fraise-250-ml","status":"publish","type":"product","link":"https:\/\/www.biobey.be\/fr\/produit\/lait-corps-peau-seche-fraise-250-ml\/","title":{"rendered":"Lait corps peau s\u00e8che Fraise 250 ml"},"content":{"rendered":"<p>Lait corps peau s\u00e8che Kueshi est d\u00e9velopp\u00e9 pour hydrater et soigner la peau s\u00e8che. La formule \u00e0 base d&rsquo;extrait de fraise, de beurre de karit\u00e9, d&rsquo;huile d&rsquo;amande douce et de myrtilles est riche en vitamines et en acides gras essentiels. Les huiles v\u00e9g\u00e9tales biologiques apaisent la peau s\u00e8che tandis que le beurre de karit\u00e9 aide \u00e0 pr\u00e9venir la perte d&rsquo;hydratation de la peau.<\/p>\n<p>Le lait corps peau s\u00e8che hydrate en profondeur les couches de la peau et lui nourrit avec les nutriments n\u00e9cessaires. Il aide \u00e0 renforcer la couche protectrice naturelle de la peau. L&rsquo;ar\u00f4me naturel de l&rsquo;extrait de fraise a un effet relaxant agr\u00e9able. Le lait corporel \u00e0 la fraise est particuli\u00e8rement adapt\u00e9 \u00e0 une utilisation pour apaiser et restaurer les peaux s\u00e8ches.<\/p>\n<p>Le lait corporel a une texture l\u00e9g\u00e8re. Il est rapidement absorb\u00e9 par la peau et ne laisse pas de film gras. Apr\u00e8s utilisation, la peau est agr\u00e9ablement douce. Le lait corps peau s\u00e8che peut \u00eatre utilis\u00e9 apr\u00e8s le bain ou la douche. Le colorant est issu d&rsquo;un extrait de betterave rouge.<\/p>\n<h2>Composition du lait corps peau s\u00e8che fraise<\/h2>\n<p>L&rsquo;extrait d&rsquo;aloe vera biologique et le beurre de karit\u00e9 aident \u00e0 prot\u00e9ger la peau contre la perte d&rsquo;humidit\u00e9 L&rsquo;aloe vera apaise et calme la peau. Il poss\u00e8de des propri\u00e9t\u00e9s anti-inflammatoires et hydratantes.<\/p>\n<p>Le beurre de karit\u00e9 nourrit la peau et forme une couche protectrice naturelle pour pr\u00e9venir la perte d&rsquo;hydratation. L&rsquo;huile d&rsquo;amande douce biologique a une consistance fine. Elle p\u00e9n\u00e8tre bien dans la peau et n&rsquo;obstrue pas les pores.<\/p>\n<p>L&rsquo;huile d&rsquo;amande douce est extr\u00eamement adapt\u00e9e pour prendre soin des peaux s\u00e8ches. L&rsquo;extrait de myrtille est riche en antioxydants.<\/p>\n<p>Ces antioxydants aident \u00e0 pr\u00e9venir le vieillissement pr\u00e9matur\u00e9 de la peau et favorisent la r\u00e9g\u00e9n\u00e9ration de la peau. La combinaison de ces extraits hydratants et nourrissants assure le bon fonctionnement du lait corps peau s\u00e8che de Kueshi.<\/p>\n<p>En utilisation r\u00e9guli\u00e8re, il contribue \u00e0 renforcer la barri\u00e8re cutan\u00e9e et \u00e0 apaiser la peau s\u00e8che.<br \/>\nLe lait corps \u00e0 la fraise v\u00e9g\u00e9talien est certifi\u00e9 Cosmos Organic.<\/p>\n<p>Mode d&#8217;emploi : Faites p\u00e9n\u00e9trer le lait corporel dans la peau par des mouvements circulaires jusqu&rsquo;\u00e0 absorption compl\u00e8te. Appliquez le lait corporel apr\u00e8s la douche ou le bain.<\/p>\n<p>Ingr\u00e9dients : Aqua, Aloe barbadensis Leaf Juice*, Coco-caprylate Caprate, Glycerin, Olea Europaea Fruit Oil*, Polyglyceryl-3 Dicitrate\/Stearate, Caprylic Capric Triglyceride, Pentylene Glycol, Stearyl Alcohol, Rubus Idaeus Fruit Extract*, Prunus Amygdalus Dulcis Oil*, Beurre de Butyrospermum Parkii (karit\u00e9)*,<\/p>\n<p>extrait de feuille de Vaccinium Myrtillus, gomme xanthane, acide d\u00e9hydroac\u00e9tique, tocoph\u00e9rol, b\u00eata-sitost\u00e9rol, squal\u00e8ne, rouge betterave, phytate de sodium, alcool benzylique, sorbate de potassium, acide citrique, fragrance (aroma naturel)**, citral**, citron\u00e8ne**, linalol**.<\/p>\n<p>**Fragrance\/ aroma naturel<br \/>\n*Issus de l&rsquo;agriculture biologique<\/p>\n","protected":false},"excerpt":{"rendered":"<p>Le lait corps peau s\u00e8che \u00e0 la fraise a un effet hydratant et adoucissant. La formule \u00e0 base de beurre de karit\u00e9 biologique, d&rsquo;aloe vera, d&rsquo;huile d&rsquo;olive et d&rsquo;huile d&rsquo;amande douce nourrit la peau et aide \u00e0 pr\u00e9venir la perte d&rsquo;humidit\u00e9 de la peau.<\/p>\n<p><strong>Certificats<\/strong> : Vegan et Cosmos Organic<br \/>\n<strong>Formule :<\/strong> Extrait d&rsquo;aloe vera biologique, beurre de karit\u00e9, huile d&rsquo;amande douce, myrtilles<\/p>\n","protected":false},"featured_media":610,"comment_status":"open","ping_status":"closed","template":"","meta":{"ocean_post_layout":"","ocean_both_sidebars_style":"","ocean_both_sidebars_content_width":0,"ocean_both_sidebars_sidebars_width":0,"ocean_sidebar":"","ocean_second_sidebar":"","ocean_disable_margins":"enable","ocean_add_body_class":"","ocean_shortcode_before_top_bar":"","ocean_shortcode_after_top_bar":"","ocean_shortcode_before_header":"","ocean_shortcode_after_header":"","ocean_has_shortcode":"","ocean_shortcode_after_title":"","ocean_shortcode_before_footer_widgets":"","ocean_shortcode_after_footer_widgets":"","ocean_shortcode_before_footer_bottom":"","ocean_shortcode_after_footer_bottom":"","ocean_display_top_bar":"default","ocean_display_header":"default","ocean_header_style":"","ocean_center_header_left_menu":"","ocean_custom_header_template":"","ocean_custom_logo":0,"ocean_custom_retina_logo":0,"ocean_custom_logo_max_width":0,"ocean_custom_logo_tablet_max_width":0,"ocean_custom_logo_mobile_max_width":0,"ocean_custom_logo_max_height":0,"ocean_custom_logo_tablet_max_height":0,"ocean_custom_logo_mobile_max_height":0,"ocean_header_custom_menu":"","ocean_menu_typo_font_family":"","ocean_menu_typo_font_subset":"","ocean_menu_typo_font_size":0,"ocean_menu_typo_font_size_tablet":0,"ocean_menu_typo_font_size_mobile":0,"ocean_menu_typo_font_size_unit":"px","ocean_menu_typo_font_weight":"","ocean_menu_typo_font_weight_tablet":"","ocean_menu_typo_font_weight_mobile":"","ocean_menu_typo_transform":"","ocean_menu_typo_transform_tablet":"","ocean_menu_typo_transform_mobile":"","ocean_menu_typo_line_height":0,"ocean_menu_typo_line_height_tablet":0,"ocean_menu_typo_line_height_mobile":0,"ocean_menu_typo_line_height_unit":"","ocean_menu_typo_spacing":0,"ocean_menu_typo_spacing_tablet":0,"ocean_menu_typo_spacing_mobile":0,"ocean_menu_typo_spacing_unit":"","ocean_menu_link_color":"","ocean_menu_link_color_hover":"","ocean_menu_link_color_active":"","ocean_menu_link_background":"","ocean_menu_link_hover_background":"","ocean_menu_link_active_background":"","ocean_menu_social_links_bg":"","ocean_menu_social_hover_links_bg":"","ocean_menu_social_links_color":"","ocean_menu_social_hover_links_color":"","ocean_disable_title":"default","ocean_disable_heading":"default","ocean_post_title":"","ocean_post_subheading":"","ocean_post_title_style":"","ocean_post_title_background_color":"","ocean_post_title_background":0,"ocean_post_title_bg_image_position":"","ocean_post_title_bg_image_attachment":"","ocean_post_title_bg_image_repeat":"","ocean_post_title_bg_image_size":"","ocean_post_title_height":0,"ocean_post_title_bg_overlay":0.5,"ocean_post_title_bg_overlay_color":"","ocean_disable_breadcrumbs":"default","ocean_breadcrumbs_color":"","ocean_breadcrumbs_separator_color":"","ocean_breadcrumbs_links_color":"","ocean_breadcrumbs_links_hover_color":"","ocean_display_footer_widgets":"default","ocean_display_footer_bottom":"default","ocean_custom_footer_template":""},"product_brand":[122],"product_cat":[53,16,51],"product_tag":[],"class_list":{"0":"post-2469","1":"product","2":"type-product","3":"status-publish","4":"has-post-thumbnail","6":"product_brand-kueshi-naturals","7":"product_cat-corps-peau","8":"product_cat-soins","9":"product_cat-soins-du-corps","11":"entry","12":"has-media","14":"first","15":"instock","16":"taxable","17":"shipping-taxable","18":"purchasable","19":"product-type-simple","20":"has-rating","21":"col","22":"span_1_of_3","23":"owp-content-center","24":"owp-thumbs-layout-horizontal","25":"owp-btn-normal","26":"owp-tabs-layout-section","27":"has-no-thumbnails","28":"circle-sale"},"_links":{"self":[{"href":"https:\/\/www.biobey.be\/fr\/wp-json\/wp\/v2\/product\/2469","targetHints":{"allow":["GET"]}}],"collection":[{"href":"https:\/\/www.biobey.be\/fr\/wp-json\/wp\/v2\/product"}],"about":[{"href":"https:\/\/www.biobey.be\/fr\/wp-json\/wp\/v2\/types\/product"}],"replies":[{"embeddable":true,"href":"https:\/\/www.biobey.be\/fr\/wp-json\/wp\/v2\/comments?post=2469"}],"wp:featuredmedia":[{"embeddable":true,"href":"https:\/\/www.biobey.be\/fr\/wp-json\/wp\/v2\/media\/610"}],"wp:attachment":[{"href":"https:\/\/www.biobey.be\/fr\/wp-json\/wp\/v2\/media?parent=2469"}],"wp:term":[{"taxonomy":"product_brand","embeddable":true,"href":"https:\/\/www.biobey.be\/fr\/wp-json\/wp\/v2\/product_brand?post=2469"},{"taxonomy":"product_cat","embeddable":true,"href":"https:\/\/www.biobey.be\/fr\/wp-json\/wp\/v2\/product_cat?post=2469"},{"taxonomy":"product_tag","embeddable":true,"href":"https:\/\/www.biobey.be\/fr\/wp-json\/wp\/v2\/product_tag?post=2469"}],"curies":[{"name":"wp","href":"https:\/\/api.w.org\/{rel}","templated":true}]}}