{"id":2473,"date":"2023-08-21T14:59:51","date_gmt":"2023-08-21T12:59:51","guid":{"rendered":"https:\/\/www.biobey.be\/fr-temp\/produit\/shampoing-brillance-et-vitalite-naobay\/"},"modified":"2025-07-11T13:46:32","modified_gmt":"2025-07-11T11:46:32","slug":"shampoing-brillance-et-vitalite-naobay","status":"publish","type":"product","link":"https:\/\/www.biobey.be\/fr\/produit\/shampoing-brillance-et-vitalite-naobay\/","title":{"rendered":"Shampoing brillance et vitalit\u00e9 Naobay 250ml"},"content":{"rendered":"<p>Shampoing brillance et vitalit\u00e9 soigne et aide \u00e0 restaurer la brillance naturelle des cheveux. La formule est riche en prot\u00e9ines v\u00e9g\u00e9tales, vitamines et antioxydants. Le shampoing est v\u00e9g\u00e9talien\u00a0 et ne contient pas de silicones, sulfates, parab\u00e8nes, peg&rsquo;s, edta et parfum synth\u00e9tique. Il est con\u00e7u pour nettoyer et soigner les cheveux.<\/p>\n<p>Les facteurs d&rsquo;agressions ext\u00e9rieures tels que les rayons UV et la pollution affectent les cheveux. \u00c7a rend les cheveux plus sensibles aux effets n\u00e9gatifs des radicaux libres. Le shampooing brillance et vitalit\u00e9 nettoie et renforce les cheveux. Les propri\u00e9t\u00e9s nourrissantes aident \u00e0 restaurer la brillance naturelle.<\/p>\n<p>Les ingr\u00e9dients actifs sont des extraits biologiques, l&rsquo;extrait de camomille, la prot\u00e9ine de riz et l&rsquo;extrait de sauge.<\/p>\n<p>Ils nourrissent les cheveux et le cuir chevelu en leur donnant des vitamines et des prot\u00e9ines. Cela renforce les d\u00e9fenses naturelles du cheveu et les r\u00e9g\u00e9n\u00e8re. Il cr\u00e9e une brillance naturelle et prot\u00e8ge les cheveux contre les effets n\u00e9gatifs des radicaux libres.<\/p>\n<h2>Shampoing brillance et vitalit\u00e9 Formule<\/h2>\n<p>L&rsquo;aloe vera biologique a un effet nourrissant et r\u00e9parateur. Les masques capillaires \u00e0 l&rsquo;extrait d&rsquo;aloe vera aident \u00e0 traiter les cheveux secs. Il hydrate les cheveux secs et les prot\u00e8ge contre la d\u00e9shydratation.<\/p>\n<p>En plus, l&rsquo;extrait d&rsquo;aloe vera convient parfaitement au soin des cuirs chevelus irrit\u00e9s. Les prot\u00e9ines v\u00e9g\u00e9tales de riz renforcent les cheveux et assurent la pousse de cheveux plus \u00e9pais.<\/p>\n<p>Il contribue ainsi \u00e0 pr\u00e9venir la fragilit\u00e9 des cheveux. Le shampoing Naobay contient aussi des extraits de sauge et de menthe biologiques pour la brillance et la vitalit\u00e9. La sauge est utilis\u00e9e pour traiter la perte de cheveux. Il donne aux cheveux une brillance naturelle. L&rsquo;extrait de menthe a un effet antibact\u00e9rien et anti-inflammatoire.<\/p>\n<p>Shampoing brillance et vitalit\u00e9 nettoie le cuir chevelu et les cheveux des radicaux libres et pr\u00e9vient les inflammations. La combinaison des extraits b\u00e9n\u00e9fiques purifie et soigne efficacement les cheveux. En utilisant le shampoing r\u00e9guli\u00e8rement, les cheveux sont plus nourris en brillantes<\/p>\n<h3>Le shampoing brillance et vitalit\u00e9 de Naobay est v\u00e9g\u00e9talien et certifi\u00e9 Ecocert.<\/h3>\n<p><strong>Mode d&#8217;emploi<\/strong>\u00a0: Massez le shampoing sur les cheveux mouill\u00e9s pour nettoyer les cheveux et le cuir chevelu. Rincez bien.<\/p>\n<p><strong>Ingr\u00e9dients<\/strong>\u00a0: Aqua, Lauryl Glucoside, Aloe Barbadensis Leaf Juice*, Cocamidopropyl Betaine, Sodium Cocoamphoacetate, Salvia Sclarea Extract*, Mentha Piperita Leaf Extract*, Glycerin, Potassium Sorbate, Sodium Levulinate, Sodium Benzoate, Propanediol, Citric Acid, Fragrance**, Limonene**, Linalool**.<\/p>\n<p>*Ingr\u00e9dients issus de l&rsquo;agriculture bio<\/p>\n","protected":false},"excerpt":{"rendered":"<p>Le shampoing brillance et vitalit\u00e9 de Naobay nourrit les cheveux et leur donne leur brillance naturelle.<\/p>\n","protected":false},"featured_media":649,"comment_status":"open","ping_status":"closed","template":"","meta":{"ocean_post_layout":"","ocean_both_sidebars_style":"","ocean_both_sidebars_content_width":0,"ocean_both_sidebars_sidebars_width":0,"ocean_sidebar":"","ocean_second_sidebar":"","ocean_disable_margins":"enable","ocean_add_body_class":"","ocean_shortcode_before_top_bar":"","ocean_shortcode_after_top_bar":"","ocean_shortcode_before_header":"","ocean_shortcode_after_header":"","ocean_has_shortcode":"","ocean_shortcode_after_title":"","ocean_shortcode_before_footer_widgets":"","ocean_shortcode_after_footer_widgets":"","ocean_shortcode_before_footer_bottom":"","ocean_shortcode_after_footer_bottom":"","ocean_display_top_bar":"default","ocean_display_header":"default","ocean_header_style":"","ocean_center_header_left_menu":"","ocean_custom_header_template":"","ocean_custom_logo":0,"ocean_custom_retina_logo":0,"ocean_custom_logo_max_width":0,"ocean_custom_logo_tablet_max_width":0,"ocean_custom_logo_mobile_max_width":0,"ocean_custom_logo_max_height":0,"ocean_custom_logo_tablet_max_height":0,"ocean_custom_logo_mobile_max_height":0,"ocean_header_custom_menu":"","ocean_menu_typo_font_family":"","ocean_menu_typo_font_subset":"","ocean_menu_typo_font_size":0,"ocean_menu_typo_font_size_tablet":0,"ocean_menu_typo_font_size_mobile":0,"ocean_menu_typo_font_size_unit":"px","ocean_menu_typo_font_weight":"","ocean_menu_typo_font_weight_tablet":"","ocean_menu_typo_font_weight_mobile":"","ocean_menu_typo_transform":"","ocean_menu_typo_transform_tablet":"","ocean_menu_typo_transform_mobile":"","ocean_menu_typo_line_height":0,"ocean_menu_typo_line_height_tablet":0,"ocean_menu_typo_line_height_mobile":0,"ocean_menu_typo_line_height_unit":"","ocean_menu_typo_spacing":0,"ocean_menu_typo_spacing_tablet":0,"ocean_menu_typo_spacing_mobile":0,"ocean_menu_typo_spacing_unit":"","ocean_menu_link_color":"","ocean_menu_link_color_hover":"","ocean_menu_link_color_active":"","ocean_menu_link_background":"","ocean_menu_link_hover_background":"","ocean_menu_link_active_background":"","ocean_menu_social_links_bg":"","ocean_menu_social_hover_links_bg":"","ocean_menu_social_links_color":"","ocean_menu_social_hover_links_color":"","ocean_disable_title":"default","ocean_disable_heading":"default","ocean_post_title":"","ocean_post_subheading":"","ocean_post_title_style":"","ocean_post_title_background_color":"","ocean_post_title_background":0,"ocean_post_title_bg_image_position":"","ocean_post_title_bg_image_attachment":"","ocean_post_title_bg_image_repeat":"","ocean_post_title_bg_image_size":"","ocean_post_title_height":0,"ocean_post_title_bg_overlay":0.5,"ocean_post_title_bg_overlay_color":"","ocean_disable_breadcrumbs":"default","ocean_breadcrumbs_color":"","ocean_breadcrumbs_separator_color":"","ocean_breadcrumbs_links_color":"","ocean_breadcrumbs_links_hover_color":"","ocean_display_footer_widgets":"default","ocean_display_footer_bottom":"default","ocean_custom_footer_template":""},"product_brand":[119],"product_cat":[25,16,24],"product_tag":[],"class_list":{"0":"post-2473","1":"product","2":"type-product","3":"status-publish","4":"has-post-thumbnail","6":"product_brand-naobay","7":"product_cat-shampooing-naturel","8":"product_cat-soins","9":"product_cat-soins-cheveux","11":"entry","12":"has-media","14":"first","15":"instock","16":"taxable","17":"shipping-taxable","18":"purchasable","19":"product-type-simple","20":"has-rating","21":"col","22":"span_1_of_3","23":"owp-content-center","24":"owp-thumbs-layout-horizontal","25":"owp-btn-normal","26":"owp-tabs-layout-section","27":"has-no-thumbnails","28":"circle-sale"},"_links":{"self":[{"href":"https:\/\/www.biobey.be\/fr\/wp-json\/wp\/v2\/product\/2473","targetHints":{"allow":["GET"]}}],"collection":[{"href":"https:\/\/www.biobey.be\/fr\/wp-json\/wp\/v2\/product"}],"about":[{"href":"https:\/\/www.biobey.be\/fr\/wp-json\/wp\/v2\/types\/product"}],"replies":[{"embeddable":true,"href":"https:\/\/www.biobey.be\/fr\/wp-json\/wp\/v2\/comments?post=2473"}],"wp:featuredmedia":[{"embeddable":true,"href":"https:\/\/www.biobey.be\/fr\/wp-json\/wp\/v2\/media\/649"}],"wp:attachment":[{"href":"https:\/\/www.biobey.be\/fr\/wp-json\/wp\/v2\/media?parent=2473"}],"wp:term":[{"taxonomy":"product_brand","embeddable":true,"href":"https:\/\/www.biobey.be\/fr\/wp-json\/wp\/v2\/product_brand?post=2473"},{"taxonomy":"product_cat","embeddable":true,"href":"https:\/\/www.biobey.be\/fr\/wp-json\/wp\/v2\/product_cat?post=2473"},{"taxonomy":"product_tag","embeddable":true,"href":"https:\/\/www.biobey.be\/fr\/wp-json\/wp\/v2\/product_tag?post=2473"}],"curies":[{"name":"wp","href":"https:\/\/api.w.org\/{rel}","templated":true}]}}