{"id":2474,"date":"2023-09-22T22:28:07","date_gmt":"2023-09-22T20:28:07","guid":{"rendered":"https:\/\/www.biobey.be\/fr-temp\/produit\/shampooing-cheveux-colores-sans-sulfate\/"},"modified":"2026-02-02T22:15:53","modified_gmt":"2026-02-02T21:15:53","slug":"shampooing-cheveux-colores-sans-sulfate","status":"publish","type":"product","link":"https:\/\/www.biobey.be\/fr\/produit\/shampooing-cheveux-colores-sans-sulfate\/","title":{"rendered":"Shampooing pour cheveux color\u00e9s sans sulfate 250ml"},"content":{"rendered":"<p>Shampooing cheveux color\u00e9s sans sulfate de Naobay nourrit et prot\u00e8ge les cheveux de la d\u00e9coloration. Il nettoie le cuir chevelu et les cheveux efficacement, mais en douceur. Le shampooing protecteur de couleur ne contient pas de sulfates, de silicones, de parab\u00e8nes, de peg&rsquo;s, d&rsquo;edta, d&rsquo;huiles min\u00e9rales et de parfums synth\u00e9tiques. La formule, riche en vitamines et en antioxydants, nourrit et hydrate les cheveux.<\/p>\n<p>Le shampooing cheveux color\u00e9s sans sulfate aide \u00e0 maintenir la brillance des cheveux color\u00e9s sans dess\u00e9cher les cheveux et le cuir chevelu. La coloration des cheveux avec des colorants non naturels affecte le cuir chevelu et les cheveux. Cela peut rendre les cheveux secs et facilement cassants. Le shampooing protecteur de couleur <strong>nourrit et adoucit les cheveux.<\/strong><\/p>\n<p>Apr\u00e8s utilisation, les cheveux sont brillants et doux. Gr\u00e2ce \u00e0 sa formule douce, il convient \u00e0 un usage r\u00e9gulier.<\/p>\n<h2>Formule de shampooing cheveux color\u00e9s sans sulfate<\/h2>\n<p>Les extraits de betterave dans le shampooing pour cheveux color\u00e9s sans sulfate aident \u00e0 pr\u00e9venir la d\u00e9coloration. En combinaison avec l&rsquo;extrait de calendula, il aide \u00e0 renforcer la brillance des cheveux. L&rsquo;extrait de calendula prot\u00e8ge les cheveux des influences ext\u00e9rieures n\u00e9gatives. Il apaise les cuirs chevelus irrit\u00e9s et pr\u00e9vient les inflammations.<\/p>\n<p>L&rsquo;extrait d&rsquo;aloe vera biologique hydrate les cheveux secs et pr\u00e9vient la d\u00e9shydratation. L&rsquo;aloe vera et le calendula r\u00e9g\u00e9n\u00e8rent et nourrissent le cuir chevelu. L&rsquo;extrait de cacao am\u00e9liore l&rsquo;\u00e9lasticit\u00e9 des cheveux. Le masque \u00e0 l&rsquo;extrait de cacao adoucit les cheveux et r\u00e9duit les frisottis. Le shampooing a des propri\u00e9t\u00e9s protectrices et nourrissantes pour les couleurs.<\/p>\n<p>Gr\u00e2ce \u00e0 sa formule douce, il convient \u00e0 un usage quotidien. Le shampooing a un ar\u00f4me floral subtil. Il mousse facilement et ne rend pas les cheveux gras. Une <strong>petite quantit\u00e9 suffit pour un lavage.<\/strong><\/p>\n<p>Le shampooing pour cheveux color\u00e9s sans sulfate de Naobay est v\u00e9g\u00e9talien et certifi\u00e9 Ecocert.<\/p>\n<p><strong>Conseil :<\/strong> Nous vous recommandons d&rsquo;utiliser des colorants capillaires contenant le moins de substances nocives possible pour votre sant\u00e9.<\/p>\n<p>Mode d&#8217;emploi : Appliquer le shampooing sur les cheveux mouill\u00e9s et masser doucement jusqu&rsquo;\u00e0 ce qu&rsquo;il mousse bien. Rincez ensuite bien. Convient \u00e0 un usage quotidien (selon les besoins).<\/p>\n<p>Ingr\u00e9dients : Aqua, Aloe Barbadensis Leaf Juice *, Sodium Cocoamphoacetate, Cocamidopropyl Betaine, Disodium Lauryl Sulfosuccinate (DLS) , Citric Acid, Glycerin, Sorbitan Sesquicaprylate, Propanediol, Extrait de racine de Beta Vulgaris, Cocamidopropyl Betaine, Extrait de fleur * Theobroma Cacao, Theobroma Cacao Flower Sorbate de potassium, Benzoate de sodium, Fragnance**, Limonene**, Linalool**.<\/p>\n<p>*Ingr\u00e9dients issus de l&rsquo;agriculture biologique<br \/>\n**Composants naturels<\/p>\n","protected":false},"excerpt":{"rendered":"<p>Le shampooing pour cheveux color\u00e9s sans sulfate de Naobay nourrit et prot\u00e8ge les cheveux contre la d\u00e9coloration. Le shampooing ne contient pas de sulfates, de silicones, de parab\u00e8nes, d&rsquo;huiles min\u00e9rales, de pegs, d&rsquo;edta et de parfum synth\u00e9tique.<\/p>\n<p>Certificats : V\u00e9g\u00e9talien, Ecocert<br \/>\nFormule : Extraits biologiques d&rsquo;aloe vera, de betterave, de calendula et de th\u00e9obroma cacao.<\/p>\n","protected":false},"featured_media":596,"comment_status":"open","ping_status":"closed","template":"","meta":{"ocean_post_layout":"","ocean_both_sidebars_style":"","ocean_both_sidebars_content_width":0,"ocean_both_sidebars_sidebars_width":0,"ocean_sidebar":"","ocean_second_sidebar":"","ocean_disable_margins":"enable","ocean_add_body_class":"","ocean_shortcode_before_top_bar":"","ocean_shortcode_after_top_bar":"","ocean_shortcode_before_header":"","ocean_shortcode_after_header":"","ocean_has_shortcode":"","ocean_shortcode_after_title":"","ocean_shortcode_before_footer_widgets":"","ocean_shortcode_after_footer_widgets":"","ocean_shortcode_before_footer_bottom":"","ocean_shortcode_after_footer_bottom":"","ocean_display_top_bar":"default","ocean_display_header":"default","ocean_header_style":"","ocean_center_header_left_menu":"","ocean_custom_header_template":"","ocean_custom_logo":0,"ocean_custom_retina_logo":0,"ocean_custom_logo_max_width":0,"ocean_custom_logo_tablet_max_width":0,"ocean_custom_logo_mobile_max_width":0,"ocean_custom_logo_max_height":0,"ocean_custom_logo_tablet_max_height":0,"ocean_custom_logo_mobile_max_height":0,"ocean_header_custom_menu":"","ocean_menu_typo_font_family":"","ocean_menu_typo_font_subset":"","ocean_menu_typo_font_size":0,"ocean_menu_typo_font_size_tablet":0,"ocean_menu_typo_font_size_mobile":0,"ocean_menu_typo_font_size_unit":"px","ocean_menu_typo_font_weight":"","ocean_menu_typo_font_weight_tablet":"","ocean_menu_typo_font_weight_mobile":"","ocean_menu_typo_transform":"","ocean_menu_typo_transform_tablet":"","ocean_menu_typo_transform_mobile":"","ocean_menu_typo_line_height":0,"ocean_menu_typo_line_height_tablet":0,"ocean_menu_typo_line_height_mobile":0,"ocean_menu_typo_line_height_unit":"","ocean_menu_typo_spacing":0,"ocean_menu_typo_spacing_tablet":0,"ocean_menu_typo_spacing_mobile":0,"ocean_menu_typo_spacing_unit":"","ocean_menu_link_color":"","ocean_menu_link_color_hover":"","ocean_menu_link_color_active":"","ocean_menu_link_background":"","ocean_menu_link_hover_background":"","ocean_menu_link_active_background":"","ocean_menu_social_links_bg":"","ocean_menu_social_hover_links_bg":"","ocean_menu_social_links_color":"","ocean_menu_social_hover_links_color":"","ocean_disable_title":"default","ocean_disable_heading":"default","ocean_post_title":"","ocean_post_subheading":"","ocean_post_title_style":"","ocean_post_title_background_color":"","ocean_post_title_background":0,"ocean_post_title_bg_image_position":"","ocean_post_title_bg_image_attachment":"","ocean_post_title_bg_image_repeat":"","ocean_post_title_bg_image_size":"","ocean_post_title_height":0,"ocean_post_title_bg_overlay":0.5,"ocean_post_title_bg_overlay_color":"","ocean_disable_breadcrumbs":"default","ocean_breadcrumbs_color":"","ocean_breadcrumbs_separator_color":"","ocean_breadcrumbs_links_color":"","ocean_breadcrumbs_links_hover_color":"","ocean_display_footer_widgets":"default","ocean_display_footer_bottom":"default","ocean_custom_footer_template":""},"product_brand":[119],"product_cat":[25,16,24],"product_tag":[],"class_list":{"0":"post-2474","1":"product","2":"type-product","3":"status-publish","4":"has-post-thumbnail","6":"product_brand-naobay","7":"product_cat-shampooing-naturel","8":"product_cat-soins","9":"product_cat-soins-cheveux","11":"entry","12":"has-media","14":"first","15":"instock","16":"taxable","17":"shipping-taxable","18":"purchasable","19":"product-type-simple","20":"has-rating","21":"col","22":"span_1_of_3","23":"owp-content-center","24":"owp-thumbs-layout-horizontal","25":"owp-btn-normal","26":"owp-tabs-layout-section","27":"has-no-thumbnails","28":"circle-sale"},"_links":{"self":[{"href":"https:\/\/www.biobey.be\/fr\/wp-json\/wp\/v2\/product\/2474","targetHints":{"allow":["GET"]}}],"collection":[{"href":"https:\/\/www.biobey.be\/fr\/wp-json\/wp\/v2\/product"}],"about":[{"href":"https:\/\/www.biobey.be\/fr\/wp-json\/wp\/v2\/types\/product"}],"replies":[{"embeddable":true,"href":"https:\/\/www.biobey.be\/fr\/wp-json\/wp\/v2\/comments?post=2474"}],"wp:featuredmedia":[{"embeddable":true,"href":"https:\/\/www.biobey.be\/fr\/wp-json\/wp\/v2\/media\/596"}],"wp:attachment":[{"href":"https:\/\/www.biobey.be\/fr\/wp-json\/wp\/v2\/media?parent=2474"}],"wp:term":[{"taxonomy":"product_brand","embeddable":true,"href":"https:\/\/www.biobey.be\/fr\/wp-json\/wp\/v2\/product_brand?post=2474"},{"taxonomy":"product_cat","embeddable":true,"href":"https:\/\/www.biobey.be\/fr\/wp-json\/wp\/v2\/product_cat?post=2474"},{"taxonomy":"product_tag","embeddable":true,"href":"https:\/\/www.biobey.be\/fr\/wp-json\/wp\/v2\/product_tag?post=2474"}],"curies":[{"name":"wp","href":"https:\/\/api.w.org\/{rel}","templated":true}]}}