{"id":2475,"date":"2025-01-13T01:32:07","date_gmt":"2025-01-13T00:32:07","guid":{"rendered":"https:\/\/www.biobey.be\/fr-temp\/produit\/mascara-3d-hypoallergenique-bio-10ml\/"},"modified":"2026-03-21T09:45:57","modified_gmt":"2026-03-21T08:45:57","slug":"mascara-3d-hypoallergenique-bio-10ml","status":"publish","type":"product","link":"https:\/\/www.biobey.be\/fr\/produit\/mascara-3d-hypoallergenique-bio-10ml\/","title":{"rendered":"Mascara 3D hypoallerg\u00e9nique Bio 12ml"},"content":{"rendered":"<p>Le mascara 3D hypoallerg\u00e9nique bio pour les yeux sensibles a une triple action. Il cr\u00e9e plus de volume, de longueur et s\u00e9pare les cils. La formule purement naturelle est id\u00e9ale pour les personnes aux yeux sensibles qui sont allergiques aux mascaras classiques. La couleur noire intense du mascara assure un look magnifique.<\/p>\n<p>Le mascara est 100% naturel, v\u00e9g\u00e9talien et ne contient pas d&rsquo;irritants, silicones, sulfates, pegs, de parab\u00e8nes, d&rsquo;EDTA, d&rsquo;huiles min\u00e9rales, de parfums, d&rsquo;alcools lourds, etc. La formule naturelle est non seulement douce pour les yeux, mais elle a \u00e9galement un effet nourrissant sur les cils. En plus d&rsquo;un beau regard intense, le mascara renforce et nourrit les cils.<\/p>\n<h2>Mode d&rsquo;action du mascara 3D hypoallerg\u00e9nique bio pour les yeux sensibles<\/h2>\n<p><strong>Volume<\/strong> : Le mascara cr\u00e9e du volume imm\u00e9diat gr\u00e2ce \u00e0 sa composition et \u00e0 la forme de la brosse avec structure sp\u00e9ciale.<br \/>\n<strong>Longueur :<\/strong> La formule extra longue avec la brosse cr\u00e9e une longueur et une \u00e9paisseur maximales. En faisant tourner la brosse en deux parties appliquent du mascara suppl\u00e9mentaire \u00e0 la pointe des cils, cr\u00e9ant ainsi un effet \u2018extra length\u2019<\/p>\n<p><strong>\u00c9paisse<\/strong> : le mascara 3D emp\u00eache les cils de se coller. La brosse est \u00e9quip\u00e9e d&rsquo;un petit peigne. Il maintient les cils bien s\u00e9par\u00e9s et ne fait pas de paquets. M\u00eame apr\u00e8s plusieurs applications, la brosse emp\u00eache les cils de coller. La formule naturelle n&rsquo;alourdit pas les cils. Cela cr\u00e9e un look sublime.<\/p>\n<h3>Composition du mascara 3D hypoallerg\u00e9nique bio<\/h3>\n<p>Lepo mascara 3D hypoallerg\u00e9nique bio est fabriqu\u00e9 \u00e0 base d&rsquo;extrait de canneberge, d&rsquo;extrait de magnolia officinalis, de galactoarabinan, d&rsquo;huile de graines de tournesol et de vitamine E. L&rsquo;extrait de canneberge est riche en vitamines et en antioxydants. Il a un effet antibact\u00e9rien, apaisant et calmant sur la peau et les cheveux. Le galactoarabinan contribue \u00e0 renforcer la k\u00e9ratine.<\/p>\n<p>La vitamine E assure une protection contre les effets n\u00e9gatifs des radicaux libres. Les cires v\u00e9g\u00e9tales du mascara 3D hypoallerg\u00e9nique bio laissent les cils doux et souples. Le mascara naturel High Performance est id\u00e9al pour cr\u00e9er des looks intenses et pour revitaliser les cils. Convient pour les personnes aux yeux sensibles.<\/p>\n<p><strong>Mode d&#8217;emploi<\/strong> : Appliquer le mascara avec la brosse sur les cils. R\u00e9p\u00e9tez si n\u00e9cessaire en fonction du r\u00e9sultat souhait\u00e9.<\/p>\n<p><strong>Ingr\u00e9dients<\/strong> : Eau de fruits de Vaccinium macrocarpon*, cire de Copernicia cerifera*, st\u00e9arate de glyc\u00e9ryle SE*, acide st\u00e9arique, propanediol, huile de graines de Ricinus communis*, pentyl\u00e8ne glycol, gomme xanthane, triglyc\u00e9rides en C10-18, galactoarabinan, hydroxyde de sodium, honokiol, tocoph\u00e9rol, huile de graines de Helianthus annuus, Aqua, CI 77499.<\/p>\n<p>*Ingr\u00e9dients issus de l&rsquo;agriculture biologique<\/p>\n<p><strong>Certifications :<\/strong> Vegan, Icea Bio<br \/>\n<strong>Formule<\/strong> : Extrait de canneberge biologique, extrait de magnolia officinalis, galactoarabinan et vitamine E<br \/>\n<strong>Couleur<\/strong> : Noir<\/p>\n","protected":false},"excerpt":{"rendered":"<p>Le mascara 3D hypoallerg\u00e9nique bio a une triple action. Il cr\u00e9e plus de volume, plus de longueur et emp\u00eache les cils de se coller. Gr\u00e2ce \u00e0 sa formule naturelle et l\u00e9g\u00e8re, il est id\u00e9al pour les personnes aux yeux sensibles. Le mascara ne contient pas de parab\u00e8nes, silicones, d&rsquo;huile min\u00e9rale, de sulfates, de pegs, de parfum et d&rsquo;alcool.<\/p>\n","protected":false},"featured_media":558,"comment_status":"open","ping_status":"closed","template":"","meta":{"ocean_post_layout":"","ocean_both_sidebars_style":"","ocean_both_sidebars_content_width":0,"ocean_both_sidebars_sidebars_width":0,"ocean_sidebar":"","ocean_second_sidebar":"","ocean_disable_margins":"enable","ocean_add_body_class":"","ocean_shortcode_before_top_bar":"","ocean_shortcode_after_top_bar":"","ocean_shortcode_before_header":"","ocean_shortcode_after_header":"","ocean_has_shortcode":"","ocean_shortcode_after_title":"","ocean_shortcode_before_footer_widgets":"","ocean_shortcode_after_footer_widgets":"","ocean_shortcode_before_footer_bottom":"","ocean_shortcode_after_footer_bottom":"","ocean_display_top_bar":"default","ocean_display_header":"default","ocean_header_style":"","ocean_center_header_left_menu":"","ocean_custom_header_template":"","ocean_custom_logo":0,"ocean_custom_retina_logo":0,"ocean_custom_logo_max_width":0,"ocean_custom_logo_tablet_max_width":0,"ocean_custom_logo_mobile_max_width":0,"ocean_custom_logo_max_height":0,"ocean_custom_logo_tablet_max_height":0,"ocean_custom_logo_mobile_max_height":0,"ocean_header_custom_menu":"","ocean_menu_typo_font_family":"","ocean_menu_typo_font_subset":"","ocean_menu_typo_font_size":0,"ocean_menu_typo_font_size_tablet":0,"ocean_menu_typo_font_size_mobile":0,"ocean_menu_typo_font_size_unit":"px","ocean_menu_typo_font_weight":"","ocean_menu_typo_font_weight_tablet":"","ocean_menu_typo_font_weight_mobile":"","ocean_menu_typo_transform":"","ocean_menu_typo_transform_tablet":"","ocean_menu_typo_transform_mobile":"","ocean_menu_typo_line_height":0,"ocean_menu_typo_line_height_tablet":0,"ocean_menu_typo_line_height_mobile":0,"ocean_menu_typo_line_height_unit":"","ocean_menu_typo_spacing":0,"ocean_menu_typo_spacing_tablet":0,"ocean_menu_typo_spacing_mobile":0,"ocean_menu_typo_spacing_unit":"","ocean_menu_link_color":"","ocean_menu_link_color_hover":"","ocean_menu_link_color_active":"","ocean_menu_link_background":"","ocean_menu_link_hover_background":"","ocean_menu_link_active_background":"","ocean_menu_social_links_bg":"","ocean_menu_social_hover_links_bg":"","ocean_menu_social_links_color":"","ocean_menu_social_hover_links_color":"","ocean_disable_title":"default","ocean_disable_heading":"default","ocean_post_title":"","ocean_post_subheading":"","ocean_post_title_style":"","ocean_post_title_background_color":"","ocean_post_title_background":0,"ocean_post_title_bg_image_position":"","ocean_post_title_bg_image_attachment":"","ocean_post_title_bg_image_repeat":"","ocean_post_title_bg_image_size":"","ocean_post_title_height":0,"ocean_post_title_bg_overlay":0.5,"ocean_post_title_bg_overlay_color":"","ocean_disable_breadcrumbs":"default","ocean_breadcrumbs_color":"","ocean_breadcrumbs_separator_color":"","ocean_breadcrumbs_links_color":"","ocean_breadcrumbs_links_hover_color":"","ocean_display_footer_widgets":"default","ocean_display_footer_bottom":"default","ocean_custom_footer_template":""},"product_brand":[121],"product_cat":[47,55],"product_tag":[],"class_list":{"0":"post-2475","1":"product","2":"type-product","3":"status-publish","4":"has-post-thumbnail","6":"product_brand-lepo-ecobio-cosmetica","7":"product_cat-offres-et-minis","8":"product_cat-maquillage","10":"entry","11":"has-media","13":"first","14":"instock","15":"taxable","16":"shipping-taxable","17":"purchasable","18":"product-type-simple","19":"has-rating","20":"col","21":"span_1_of_3","22":"owp-content-center","23":"owp-thumbs-layout-horizontal","24":"owp-btn-normal","25":"owp-tabs-layout-section","26":"has-no-thumbnails","27":"circle-sale"},"_links":{"self":[{"href":"https:\/\/www.biobey.be\/fr\/wp-json\/wp\/v2\/product\/2475","targetHints":{"allow":["GET"]}}],"collection":[{"href":"https:\/\/www.biobey.be\/fr\/wp-json\/wp\/v2\/product"}],"about":[{"href":"https:\/\/www.biobey.be\/fr\/wp-json\/wp\/v2\/types\/product"}],"replies":[{"embeddable":true,"href":"https:\/\/www.biobey.be\/fr\/wp-json\/wp\/v2\/comments?post=2475"}],"wp:featuredmedia":[{"embeddable":true,"href":"https:\/\/www.biobey.be\/fr\/wp-json\/wp\/v2\/media\/558"}],"wp:attachment":[{"href":"https:\/\/www.biobey.be\/fr\/wp-json\/wp\/v2\/media?parent=2475"}],"wp:term":[{"taxonomy":"product_brand","embeddable":true,"href":"https:\/\/www.biobey.be\/fr\/wp-json\/wp\/v2\/product_brand?post=2475"},{"taxonomy":"product_cat","embeddable":true,"href":"https:\/\/www.biobey.be\/fr\/wp-json\/wp\/v2\/product_cat?post=2475"},{"taxonomy":"product_tag","embeddable":true,"href":"https:\/\/www.biobey.be\/fr\/wp-json\/wp\/v2\/product_tag?post=2475"}],"curies":[{"name":"wp","href":"https:\/\/api.w.org\/{rel}","templated":true}]}}