{"id":2479,"date":"2025-05-26T01:22:17","date_gmt":"2025-05-25T23:22:17","guid":{"rendered":"https:\/\/www.biobey.be\/fr-temp\/produit\/gel-contour-yeux-anti-poches-roll-on-15ml\/"},"modified":"2025-07-11T11:17:45","modified_gmt":"2025-07-11T09:17:45","slug":"gel-contour-yeux-anti-poches-roll-on-15ml","status":"publish","type":"product","link":"https:\/\/www.biobey.be\/fr\/produit\/gel-contour-yeux-anti-poches-roll-on-15ml\/","title":{"rendered":"Gel contour yeux anti-poches roll on 15ml"},"content":{"rendered":"<p>Gel contour yeux anti-poches de Lepo aide \u00e0 am\u00e9liorer le teint de la peau en r\u00e9duisant les poches et les cernes. Il rafra\u00eechit les yeux fatigu\u00e9s et revitalise le contour des yeux. Le gel contour yeux anti-poches est compos\u00e9 d&rsquo;extraits organiques de quinoa, de tamarin, d&rsquo;algues rouges, d&rsquo;extrait\u00a0 rose de Damas.<br \/>\nAvez-vous la peau et les yeux sensibles ? Dans ce cas, il est recommand\u00e9 d&rsquo;utiliser <span style=\"color: #0000ff;\"><a style=\"color: #0000ff;\" href=\"https:\/\/www.biobey.be\/fr\/produit\/contour-des-yeux-pour-les-yeux-sensibles\/\">cette cr\u00e8me hypoallerg\u00e9nique pour les yeux<\/a><\/span>.<\/p>\n<p><strong>Comment agit le contour des yeux contre les poches ?<\/strong><\/p>\n<ol>\n<li>Il r\u00e9duit les poches sous les yeux en \u00e9liminant plus rapidement l&rsquo;accumulation d&rsquo;eau et de toxines.<\/li>\n<li>Les extraits biologiques de quinoa et d&rsquo;algues rouges aident \u00e0 raffermir le contour des yeux en am\u00e9liorant l&rsquo;\u00e9lasticit\u00e9 de la peau.<\/li>\n<li>Le gel contour des yeux naturel riche en antioxydants att\u00e9nue les cernes en stimulant la circulation sanguine.<\/li>\n<li>Le gel roll-on anti-poches hydrate la peau et la prot\u00e8ge contre la d\u00e9shydratation.<\/li>\n<\/ol>\n<p>La formule riche en acides gras essentiels, en vitamines et en antioxydants stimule la circulation sanguine et aide \u00e0 estomper les cernes. L&rsquo;effet drainant qui de l&rsquo;extrait de piloselle r\u00e9duit les poches en drainant plus rapidement les toxines et accumulation d&rsquo;eau.<\/p>\n<p>Il r\u00e9duit les signes de fatigue et aide \u00e0 restaurer la luminosit\u00e9 naturelle de la peau. En plus, le gel contour yeux anti-poches a un effet apaisant sur la peau.<\/p>\n<h2>Formule de gel contour yeux anti-poches et cernes<\/h2>\n<p>La combinaison de l&rsquo;extrait de piloselle et de l&rsquo;extrait de marguerite am\u00e9liore le drainage de l&rsquo;accumulation d&rsquo;eau et toxines. Le quinoa stimule la r\u00e9g\u00e9n\u00e9ration cellulaire de la peau et favorise la production d&rsquo;\u00e9lastine.<\/p>\n<p>Il a des propri\u00e9t\u00e9s raffermissantes et adoucissantes. L&rsquo;extrait d&rsquo;algues rouges contenu dans le gel contour yeux anti-poches bio a un effet anti-\u00e2ge.<\/p>\n<p>Il est utilis\u00e9 pour r\u00e9g\u00e9n\u00e9rer les peaux d\u00e9shydrat\u00e9es et ternes. L&rsquo;algue marine rouge est riche en carragh\u00e9nane. Il aide \u00e0 pr\u00e9venir la perte d&rsquo;humidit\u00e9 et donne \u00e0 la peau une d&rsquo;hydratation profonde. Il forme un mince film protecteur sur la couche de la peau. Cela prot\u00e8ge la peau contre la perte d&rsquo;humidit\u00e9.<\/p>\n<p>L&rsquo;extrait de rose de Damas rafra\u00eechit la peau et aide \u00e0 unifier le teint. Avec une utilisation r\u00e9guli\u00e8re, il aide \u00e0 <span style=\"color: #0000ff;\"><a style=\"color: #0000ff;\" href=\"https:\/\/www.biobey.be\/fr\/produit\/contour-des-yeux-hydratant-bio\/\">r\u00e9duire les poches et les cernes contour des yeux.<\/a><\/span><\/p>\n<p>En plus, le gel naturel pour le contour des yeux assure l&rsquo;hydratation et la protection contre les agresseurs ext\u00e9rieurs. La texture douce et fine n&rsquo;est pas lourde. Il convient \u00e0 tous les types de peau, y compris les peaux sensibles.<\/p>\n<p>Lepo, gel contour yeux anti-poches bio, est certifi\u00e9 Cosmos Organic, Vegan<\/p>\n<p>Mode d&#8217;emploi : Utilisez le gel contour des yeux le matin et le soir sur le contour des yeux. Appliquez le gel \u00e0 l&rsquo;aide du roll on. Tamponnez et massez doucement pour qu&rsquo;il p\u00e9n\u00e8tre bien dans la peau.<\/p>\n<p><strong>Ingr\u00e9dients<\/strong> : Aqua, Rosa damascena Flower Water*, Glyc\u00e9rine, Xanthan Gum, Sodium Benzoate, Chondrus crispus Extract, Sodium Levulinate, Mica, Benzyl Alcohol, Chenopodium quinoa Seed extract, Glucose, Sodium Gluconate,<\/p>\n<p>Polysaccharide de graine de Tamarindus indica, extrait de Hieracium pilosella, sorbate de potassium, citrate de sodium, extrait de fleur de Bellis perennis, acide citrique, g\u00e9raniol, citronellol, linalol, d\u00e9hydroac\u00e9tate de sodium, dioxyde de titane.<\/p>\n<p>*Ingr\u00e9dients issus de l&rsquo;agriculture biologique.<\/p>\n","protected":false},"excerpt":{"rendered":"<p>Le gel contour yeux anti-poches naturel de Lepo stimule la circulation sanguine et favorise l&rsquo;\u00e9limination des toxines et l&rsquo;accumulation d&rsquo;eau. Il unifie \u00e9galement le contour des yeux et adoucit la peau. <strong>Formule :<\/strong>\u00a0Extraits biologiques de quinoa, d&rsquo;algues rouges, de tamarin, de piloselle et de rose de Damas. <strong>Certifications<\/strong> : Cosmos Organic, Vegan ok,\u00a0 <strong>Texture<\/strong> : Gel \u00e0 appliquer au moyen d&rsquo;un roll on<\/p>\n","protected":false},"featured_media":602,"comment_status":"open","ping_status":"closed","template":"","meta":{"ocean_post_layout":"","ocean_both_sidebars_style":"","ocean_both_sidebars_content_width":0,"ocean_both_sidebars_sidebars_width":0,"ocean_sidebar":"","ocean_second_sidebar":"","ocean_disable_margins":"enable","ocean_add_body_class":"","ocean_shortcode_before_top_bar":"","ocean_shortcode_after_top_bar":"","ocean_shortcode_before_header":"","ocean_shortcode_after_header":"","ocean_has_shortcode":"","ocean_shortcode_after_title":"","ocean_shortcode_before_footer_widgets":"","ocean_shortcode_after_footer_widgets":"","ocean_shortcode_before_footer_bottom":"","ocean_shortcode_after_footer_bottom":"","ocean_display_top_bar":"default","ocean_display_header":"default","ocean_header_style":"","ocean_center_header_left_menu":"","ocean_custom_header_template":"","ocean_custom_logo":0,"ocean_custom_retina_logo":0,"ocean_custom_logo_max_width":0,"ocean_custom_logo_tablet_max_width":0,"ocean_custom_logo_mobile_max_width":0,"ocean_custom_logo_max_height":0,"ocean_custom_logo_tablet_max_height":0,"ocean_custom_logo_mobile_max_height":0,"ocean_header_custom_menu":"","ocean_menu_typo_font_family":"","ocean_menu_typo_font_subset":"","ocean_menu_typo_font_size":0,"ocean_menu_typo_font_size_tablet":0,"ocean_menu_typo_font_size_mobile":0,"ocean_menu_typo_font_size_unit":"px","ocean_menu_typo_font_weight":"","ocean_menu_typo_font_weight_tablet":"","ocean_menu_typo_font_weight_mobile":"","ocean_menu_typo_transform":"","ocean_menu_typo_transform_tablet":"","ocean_menu_typo_transform_mobile":"","ocean_menu_typo_line_height":0,"ocean_menu_typo_line_height_tablet":0,"ocean_menu_typo_line_height_mobile":0,"ocean_menu_typo_line_height_unit":"","ocean_menu_typo_spacing":0,"ocean_menu_typo_spacing_tablet":0,"ocean_menu_typo_spacing_mobile":0,"ocean_menu_typo_spacing_unit":"","ocean_menu_link_color":"","ocean_menu_link_color_hover":"","ocean_menu_link_color_active":"","ocean_menu_link_background":"","ocean_menu_link_hover_background":"","ocean_menu_link_active_background":"","ocean_menu_social_links_bg":"","ocean_menu_social_hover_links_bg":"","ocean_menu_social_links_color":"","ocean_menu_social_hover_links_color":"","ocean_disable_title":"default","ocean_disable_heading":"default","ocean_post_title":"","ocean_post_subheading":"","ocean_post_title_style":"","ocean_post_title_background_color":"","ocean_post_title_background":0,"ocean_post_title_bg_image_position":"","ocean_post_title_bg_image_attachment":"","ocean_post_title_bg_image_repeat":"","ocean_post_title_bg_image_size":"","ocean_post_title_height":0,"ocean_post_title_bg_overlay":0.5,"ocean_post_title_bg_overlay_color":"","ocean_disable_breadcrumbs":"default","ocean_breadcrumbs_color":"","ocean_breadcrumbs_separator_color":"","ocean_breadcrumbs_links_color":"","ocean_breadcrumbs_links_hover_color":"","ocean_display_footer_widgets":"default","ocean_display_footer_bottom":"default","ocean_custom_footer_template":""},"product_brand":[121],"product_cat":[17,16,20,22],"product_tag":[],"class_list":{"0":"post-2479","1":"product","2":"type-product","3":"status-publish","4":"has-post-thumbnail","6":"product_brand-lepo-ecobio-cosmetica","7":"product_cat-soins-du-visage","8":"product_cat-soins","9":"product_cat-anti-age","10":"product_cat-yeux-et-levres","12":"entry","13":"has-media","15":"first","16":"instock","17":"taxable","18":"shipping-taxable","19":"purchasable","20":"product-type-simple","21":"has-rating","22":"col","23":"span_1_of_3","24":"owp-content-center","25":"owp-thumbs-layout-horizontal","26":"owp-btn-normal","27":"owp-tabs-layout-section","28":"has-no-thumbnails","29":"circle-sale"},"_links":{"self":[{"href":"https:\/\/www.biobey.be\/fr\/wp-json\/wp\/v2\/product\/2479","targetHints":{"allow":["GET"]}}],"collection":[{"href":"https:\/\/www.biobey.be\/fr\/wp-json\/wp\/v2\/product"}],"about":[{"href":"https:\/\/www.biobey.be\/fr\/wp-json\/wp\/v2\/types\/product"}],"replies":[{"embeddable":true,"href":"https:\/\/www.biobey.be\/fr\/wp-json\/wp\/v2\/comments?post=2479"}],"wp:featuredmedia":[{"embeddable":true,"href":"https:\/\/www.biobey.be\/fr\/wp-json\/wp\/v2\/media\/602"}],"wp:attachment":[{"href":"https:\/\/www.biobey.be\/fr\/wp-json\/wp\/v2\/media?parent=2479"}],"wp:term":[{"taxonomy":"product_brand","embeddable":true,"href":"https:\/\/www.biobey.be\/fr\/wp-json\/wp\/v2\/product_brand?post=2479"},{"taxonomy":"product_cat","embeddable":true,"href":"https:\/\/www.biobey.be\/fr\/wp-json\/wp\/v2\/product_cat?post=2479"},{"taxonomy":"product_tag","embeddable":true,"href":"https:\/\/www.biobey.be\/fr\/wp-json\/wp\/v2\/product_tag?post=2479"}],"curies":[{"name":"wp","href":"https:\/\/api.w.org\/{rel}","templated":true}]}}