{"id":2481,"date":"2025-05-25T15:02:49","date_gmt":"2025-05-25T13:02:49","guid":{"rendered":"https:\/\/www.biobey.be\/fr-temp\/produit\/crayon-pour-les-yeux-sensibles-brun-fonce\/"},"modified":"2026-04-15T07:32:31","modified_gmt":"2026-04-15T05:32:31","slug":"crayon-pour-les-yeux-sensibles-brun-fonce","status":"publish","type":"product","link":"https:\/\/www.biobey.be\/fr\/produit\/crayon-pour-les-yeux-sensibles-brun-fonce\/","title":{"rendered":"Crayon pour les yeux sensibles brun fonc\u00e9 L12"},"content":{"rendered":"<p>Vous cherchez un crayon pour les yeux brun naturel adapt\u00e9 pour maquiller les yeux sensibles?\u00a0 Le crayon pour les yeux brun fonc\u00e9 naturel Lepo pour les yeux sensibles a une formule naturelle et douce. Il est exempt de parab\u00e8nes, de parfums et d&rsquo;autres substances synth\u00e9tiques irritantes.<\/p>\n<p>Les crayons pour les yeux Lepo sont v\u00e9g\u00e9taliens et produits de mani\u00e8re durable. La couleur brun fonc\u00e9 convient aussi bien \u00e0 un look naturel subtil qu&rsquo;\u00e0 un maquillage intense et profond.<\/p>\n<p><strong>Les principales caract\u00e9ristiques du crayon pour les yeux brun fonc\u00e9 de Lepo sont les suivantes:<\/strong><\/p>\n<ul>\n<li>sp\u00e9cialement con\u00e7u pour les yeux sensibles<\/li>\n<li>texture douce et lisse<\/li>\n<li>non granuleux<\/li>\n<li>sans talc<\/li>\n<\/ul>\n<p>Les pigments min\u00e9raux assurent une couleur belle et durable. Le crayon pour les yeux sensible a une texture lisse et douce. Il est facile \u00e0 appliquer et n\u2019est pas gras ou sec. La bonne texture est due \u00e0 la cire v\u00e9g\u00e9tale.<\/p>\n<p>Le crayon pour les yeux sensibles brun fonc\u00e9 a \u00e9t\u00e9 d\u00e9velopp\u00e9 pour \u00eatre utilis\u00e9 comme eyeliner. Gr\u00e2ce \u00e0 sa texture douce, il peut cr\u00e9er des lignes fines aussi bien que des lignes plus \u00e9paisses. Appliquez <span style=\"color: #0000ff;\"><a style=\"color: #0000ff;\" href=\"https:\/\/www.biobey.be\/fr\/produit\/ombre-a-paupieres-taupe-mat-bio-lepo-2-5g\/\">l&rsquo;ombre \u00e0 paupi\u00e8res naturelle taupe mat pour les yeux sensibles<\/a><\/span> de Lepo pour souligner subtilement les lignes brunes.<\/p>\n<p>En plus, il peut \u00eatre aussi utilis\u00e9 sur les paupi\u00e8res et sur la ligne des cils. L&rsquo;intensit\u00e9 de la couleur est facile \u00e0 r\u00e9gler. Pour un effet naturel, une ligne fine et douce est suffisante. C&rsquo;est l&rsquo;id\u00e9al pour un \u201cno make-up\u201d look.<\/p>\n<p>En repassant plusieurs fois, on obtient une ligne intense et plus \u00e9paisse. Le crayon pour les yeux sensibles brun fonc\u00e9 convient bien avec les ombres \u00e0 paupi\u00e8res nude et brunes. Sa formule douce et sa texture souple conviennent \u00e0 tous les types de peau, y compris les peaux sensibles.<\/p>\n<h2>Formule du crayon pour les yeux sensibles brun fonc\u00e9<\/h2>\n<p>La cire v\u00e9g\u00e9tale issue de l&rsquo;extrait de candelilla est responsable de la bonne texture du crayon pour les yeux. En plus, la cire de candelilla a un effet adoucissant et protecteur sur la peau. C&rsquo;est un bon extrait pour le soin des peaux s\u00e8ches. <span style=\"color: #0000ff;\"><a style=\"color: #0000ff;\" href=\"https:\/\/www.biobey.be\/fr\/produit\/crayon-khol-bio-noir-lepo-kajal-1-0g\/\">Le crayon pour les yeux sensibles<\/a><\/span> est \u00e0 base de pigments min\u00e9raux.<\/p>\n<p>Le crayon pour les yeux sensibles ne contient pas de colorants synth\u00e9tiques irritants. Les pigments min\u00e9raux sont doux pour la peau et offrent une couleur plus intense. Le crayon pour les yeux est fabriqu\u00e9 avec du bois certifi\u00e9 PEFC.<\/p>\n<p><strong>Conseils<\/strong> : Utilisez le crayon pour les yeux pour souligner les yeux. Convient pour une utilisation \u00e0 long terme.<\/p>\n<p>Ingr\u00e9dients : St\u00e9arate d&rsquo;octyldod\u00e9cyle, triglyc\u00e9rides en C10-18, huile v\u00e9g\u00e9tale hydrog\u00e9n\u00e9e, huile de Prunus Amygdalus Dulcis*, Copernicia Cerifera Cera*, huile d&rsquo;olive, Candelilla Cera, Mica, huile de Sesamum Indicum*, Diisost\u00e9arate de polyglyc\u00e9ryle-3, Caprylate de glyc\u00e9ryle, Ac\u00e9tate de Tocopheryl, Acide sorbique,<br \/>\n(+\/-) CI 77891, CI 77491, CI 77492, CI 77499, CI 77742, CI 77007, CI 77288, CI 77510 (couleurs provenant de pigments min\u00e9raux naturels)<\/p>\n<p>*Source issue de l&rsquo;agriculture biologique.<\/p>\n<p><strong>Couleur<\/strong> : brun fonc\u00e9 L12<br \/>\n<strong>Caract\u00e9ristiques<\/strong> : Vegan, certifi\u00e9 PEFC<br \/>\n<strong>Contenu<\/strong> : 1,19 g<\/p>\n","protected":false},"excerpt":{"rendered":"<p>Le crayon pour les yeux sensibles bio a une couleur brun fonc\u00e9. Il est fabriqu\u00e9 \u00e0 partir de cires v\u00e9g\u00e9tales et de pigments min\u00e9raux. Convient aux peaux sensibles.<\/p>\n","protected":false},"featured_media":612,"comment_status":"open","ping_status":"closed","template":"","meta":{"ocean_post_layout":"","ocean_both_sidebars_style":"","ocean_both_sidebars_content_width":0,"ocean_both_sidebars_sidebars_width":0,"ocean_sidebar":"","ocean_second_sidebar":"","ocean_disable_margins":"enable","ocean_add_body_class":"","ocean_shortcode_before_top_bar":"","ocean_shortcode_after_top_bar":"","ocean_shortcode_before_header":"","ocean_shortcode_after_header":"","ocean_has_shortcode":"","ocean_shortcode_after_title":"","ocean_shortcode_before_footer_widgets":"","ocean_shortcode_after_footer_widgets":"","ocean_shortcode_before_footer_bottom":"","ocean_shortcode_after_footer_bottom":"","ocean_display_top_bar":"default","ocean_display_header":"default","ocean_header_style":"","ocean_center_header_left_menu":"","ocean_custom_header_template":"","ocean_custom_logo":0,"ocean_custom_retina_logo":0,"ocean_custom_logo_max_width":0,"ocean_custom_logo_tablet_max_width":0,"ocean_custom_logo_mobile_max_width":0,"ocean_custom_logo_max_height":0,"ocean_custom_logo_tablet_max_height":0,"ocean_custom_logo_mobile_max_height":0,"ocean_header_custom_menu":"","ocean_menu_typo_font_family":"","ocean_menu_typo_font_subset":"","ocean_menu_typo_font_size":0,"ocean_menu_typo_font_size_tablet":0,"ocean_menu_typo_font_size_mobile":0,"ocean_menu_typo_font_size_unit":"px","ocean_menu_typo_font_weight":"","ocean_menu_typo_font_weight_tablet":"","ocean_menu_typo_font_weight_mobile":"","ocean_menu_typo_transform":"","ocean_menu_typo_transform_tablet":"","ocean_menu_typo_transform_mobile":"","ocean_menu_typo_line_height":0,"ocean_menu_typo_line_height_tablet":0,"ocean_menu_typo_line_height_mobile":0,"ocean_menu_typo_line_height_unit":"","ocean_menu_typo_spacing":0,"ocean_menu_typo_spacing_tablet":0,"ocean_menu_typo_spacing_mobile":0,"ocean_menu_typo_spacing_unit":"","ocean_menu_link_color":"","ocean_menu_link_color_hover":"","ocean_menu_link_color_active":"","ocean_menu_link_background":"","ocean_menu_link_hover_background":"","ocean_menu_link_active_background":"","ocean_menu_social_links_bg":"","ocean_menu_social_hover_links_bg":"","ocean_menu_social_links_color":"","ocean_menu_social_hover_links_color":"","ocean_disable_title":"default","ocean_disable_heading":"default","ocean_post_title":"","ocean_post_subheading":"","ocean_post_title_style":"","ocean_post_title_background_color":"","ocean_post_title_background":0,"ocean_post_title_bg_image_position":"","ocean_post_title_bg_image_attachment":"","ocean_post_title_bg_image_repeat":"","ocean_post_title_bg_image_size":"","ocean_post_title_height":0,"ocean_post_title_bg_overlay":0.5,"ocean_post_title_bg_overlay_color":"","ocean_disable_breadcrumbs":"default","ocean_breadcrumbs_color":"","ocean_breadcrumbs_separator_color":"","ocean_breadcrumbs_links_color":"","ocean_breadcrumbs_links_hover_color":"","ocean_display_footer_widgets":"default","ocean_display_footer_bottom":"default","ocean_custom_footer_template":""},"product_brand":[121],"product_cat":[55],"product_tag":[],"class_list":{"0":"post-2481","1":"product","2":"type-product","3":"status-publish","4":"has-post-thumbnail","6":"product_brand-lepo-ecobio-cosmetica","7":"product_cat-maquillage","9":"entry","10":"has-media","12":"first","13":"instock","14":"taxable","15":"shipping-taxable","16":"purchasable","17":"product-type-simple","18":"has-rating","19":"col","20":"span_1_of_3","21":"owp-content-center","22":"owp-thumbs-layout-horizontal","23":"owp-btn-normal","24":"owp-tabs-layout-section","25":"has-no-thumbnails","26":"circle-sale"},"_links":{"self":[{"href":"https:\/\/www.biobey.be\/fr\/wp-json\/wp\/v2\/product\/2481","targetHints":{"allow":["GET"]}}],"collection":[{"href":"https:\/\/www.biobey.be\/fr\/wp-json\/wp\/v2\/product"}],"about":[{"href":"https:\/\/www.biobey.be\/fr\/wp-json\/wp\/v2\/types\/product"}],"replies":[{"embeddable":true,"href":"https:\/\/www.biobey.be\/fr\/wp-json\/wp\/v2\/comments?post=2481"}],"wp:featuredmedia":[{"embeddable":true,"href":"https:\/\/www.biobey.be\/fr\/wp-json\/wp\/v2\/media\/612"}],"wp:attachment":[{"href":"https:\/\/www.biobey.be\/fr\/wp-json\/wp\/v2\/media?parent=2481"}],"wp:term":[{"taxonomy":"product_brand","embeddable":true,"href":"https:\/\/www.biobey.be\/fr\/wp-json\/wp\/v2\/product_brand?post=2481"},{"taxonomy":"product_cat","embeddable":true,"href":"https:\/\/www.biobey.be\/fr\/wp-json\/wp\/v2\/product_cat?post=2481"},{"taxonomy":"product_tag","embeddable":true,"href":"https:\/\/www.biobey.be\/fr\/wp-json\/wp\/v2\/product_tag?post=2481"}],"curies":[{"name":"wp","href":"https:\/\/api.w.org\/{rel}","templated":true}]}}