{"id":2482,"date":"2025-04-06T20:20:58","date_gmt":"2025-04-06T18:20:58","guid":{"rendered":"https:\/\/www.biobey.be\/fr-temp\/produit\/serum-pousse-cils-bio-traitement-5ml\/"},"modified":"2026-04-13T15:43:11","modified_gmt":"2026-04-13T13:43:11","slug":"serum-pousse-cils-bio-traitement-5ml","status":"publish","type":"product","link":"https:\/\/www.biobey.be\/fr\/produit\/serum-pousse-cils-bio-traitement-5ml\/","title":{"rendered":"S\u00e9rum pousse cils bio traitement 5ml"},"content":{"rendered":"<p>S\u00e9rum pousse cils bio de Lepo a une formule biologique et douce. Il ne contient pas de substances synth\u00e9tiques et irritantes. Il est sp\u00e9cialement con\u00e7u pour les personnes ayant des cils clairsem\u00e9s, fins ou endommag\u00e9s. Ce s\u00e9rum est formul\u00e9 pour stimuler <span style=\"color: #0000ff;\"><a style=\"color: #0000ff;\" href=\"https:\/\/www.biobey.be\/fr\/produit\/mascara-3d-hypoallergenique-bio-10ml\/\">la croissance des cils et les rendre plus forts et plus volumineux.<\/a><\/span> Il renforce la structure et favorise la croissance de nouveaux cils.<\/p>\n<p>Selon les recherches cliniques men\u00e9es par Lepo, un r\u00e9sultat clairement visible peut \u00eatre observ\u00e9 apr\u00e8s d\u00e9j\u00e0 4 semaines. Apr\u00e8s un traitement de 4 semaines, les cils sont plus longs, plus forts et plus \u00e9lastiques. Le s\u00e9rum pousse cils bio ne contient pas de silicones, parab\u00e8nes, d&rsquo;huiles min\u00e9rales, de pegs, de parfums, de m\u00e9taux lourds ou d&rsquo;autres irritants.<\/p>\n<p>Le s\u00e9rum peut \u00eatre utilis\u00e9 sous le mascara et le maquillage. Il convient aux personnes \u00e0 la peau et yeux sensibles.<\/p>\n<h2>Formule s\u00e9rum pousse cils bio Lepo<\/h2>\n<p>Lepo s\u00e9rum pousse cils bio est compos\u00e9 d&rsquo;extraits puissants. Le galactoarabinan est un extrait de l&rsquo;\u00e9corce de m\u00e9l\u00e8ze. Cet extrait fonctionne comme un substitut du collag\u00e8ne. Il stimule le renouvellement cellulaire en r\u00e9g\u00e9n\u00e9rant la couche du derme et en activant la couche de k\u00e9ratine. Le <strong>s\u00e9rum nourrit la racine des cils.<\/strong> Cela acc\u00e9l\u00e8re la croissance des cils et les rend plus forts.<\/p>\n<p>En stimulant le renouvellement cellulaire et la circulation sanguine vers le follicule pileux, des cils plus \u00e9pais et plus forts poussent. Les glycosaminoglycanes sont un \u00e9l\u00e9ment important de derme riche en collag\u00e8ne.<\/p>\n<p>Ils am\u00e9liorent la p\u00e9n\u00e9tration des substances actives dans la peau. La vitamine E prot\u00e8ge contre le stress oxydatif et soutient la fonction du derme. Le squal\u00e8ne v\u00e9g\u00e9tal contenu dans le s\u00e9rum pousse cils bio nourrit, prot\u00e8ge et am\u00e9liore l&rsquo;\u00e9lasticit\u00e9 des cellules de la peau et des cils. Il est utilis\u00e9 pour la r\u00e9g\u00e9n\u00e9ration de la peau, des cheveux et des ongles.<\/p>\n<p>En outre, le s\u00e9rum croissance des cils contient des extraits d&rsquo;\u00e9chinac\u00e9e et de sauge. Cette formule puissante favorise la croissance des cils, renforce les racines des cils et prot\u00e8ge contre la chute. Apr\u00e8s 4 semaines de traitement avec le s\u00e9rum pousse cils bio, les cils deviennent visiblement plus longs, plus forts et plus sains.<\/p>\n<p>Le s\u00e9rum est bio, v\u00e9g\u00e9talien<\/p>\n<p>Conseils d&rsquo;utilisation : Appliquez le s\u00e9rum, le matin et le soir sur les cils nettoy\u00e9s. Appliquez une fine couche \u00e0 la base des cils avec la brosse fine (couche o\u00f9 les cils poussent sur la paupi\u00e8re). Le maquillage peut \u00eatre appliqu\u00e9 apr\u00e8s que le s\u00e9rum soit compl\u00e8tement sec.<\/p>\n<p>Ingr\u00e9dients : Salvia Sclarea Flower\/Leaf\/Stem Water*, Glyc\u00e9rine*, Polyglyceryl-10 Stearate, Squalane, Glyceryl Oleate Citrate, Caprylic\/Capric Triglyceride, Kaolin, Galactoarabinan, Olive Glycerides, Tocopherol, Culture cellulaire de m\u00e9rist\u00e8me d&rsquo;Echinacea Angustifolia, glycosaminoglycanes hydrolys\u00e9s,<\/p>\n<p>alcool benzylique, alcool c\u00e9t\u00e9arylique, st\u00e9arate de glyc\u00e9ryle, st\u00e9aroyl-lactylate de sodium, cellulose microcristalline, gomme de cellulose, eau, acide d\u00e9hydroac\u00e9tique, cellulose.<br \/>\n*Ingr\u00e9dients issus de l&rsquo;agriculture biologique<\/p>\n<p><strong>Formule<\/strong> : Extraits d&rsquo;\u00e9chinac\u00e9e, galactoarabinan, Squalane, Vitamine E<br \/>\n<strong>Caract\u00e9ristiques<\/strong> : Bio, v\u00e9g\u00e9talien<\/p>\n<p>S\u00e9rum pousse cils bio traitement est \u00e9labor\u00e9 par Lepo &#8211; Pedrini Cosmetics. Depuis plus de 40 ans, Lepo se consacre avec passion \u00e0 ce qu&rsquo;elle sait faire de mieux : mettre en valeur les propri\u00e9t\u00e9s des ingr\u00e9dients naturels et les transformer en produits de maquillage et de beaut\u00e9 bio ultra performants.<br \/>\nLa plupart des produits de maquillage Lepo bio sont hypoallerg\u00e9niques ou <strong>conviennent aux peaux tr\u00e8s sensibles.<\/strong><\/p>\n","protected":false},"excerpt":{"rendered":"<p>Le traitement s\u00e9rum pousse cils bio de Lepo est con\u00e7u pour les personnes dont les cils sont fins, clairsem\u00e9s, affaiblis et endommag\u00e9s. Il stimule la croissance des cils et renforce les racines des cheveux. Apr\u00e8s 4 semaines, le r\u00e9sultat est d\u00e9j\u00e0 clairement visible selon la recherche clinique de Lepo. Il est naturel et ne contient pas d&rsquo;irritants synth\u00e9tiques.<\/p>\n","protected":false},"featured_media":652,"comment_status":"open","ping_status":"closed","template":"","meta":{"ocean_post_layout":"","ocean_both_sidebars_style":"","ocean_both_sidebars_content_width":0,"ocean_both_sidebars_sidebars_width":0,"ocean_sidebar":"","ocean_second_sidebar":"","ocean_disable_margins":"enable","ocean_add_body_class":"","ocean_shortcode_before_top_bar":"","ocean_shortcode_after_top_bar":"","ocean_shortcode_before_header":"","ocean_shortcode_after_header":"","ocean_has_shortcode":"","ocean_shortcode_after_title":"","ocean_shortcode_before_footer_widgets":"","ocean_shortcode_after_footer_widgets":"","ocean_shortcode_before_footer_bottom":"","ocean_shortcode_after_footer_bottom":"","ocean_display_top_bar":"default","ocean_display_header":"default","ocean_header_style":"","ocean_center_header_left_menu":"","ocean_custom_header_template":"","ocean_custom_logo":0,"ocean_custom_retina_logo":0,"ocean_custom_logo_max_width":0,"ocean_custom_logo_tablet_max_width":0,"ocean_custom_logo_mobile_max_width":0,"ocean_custom_logo_max_height":0,"ocean_custom_logo_tablet_max_height":0,"ocean_custom_logo_mobile_max_height":0,"ocean_header_custom_menu":"","ocean_menu_typo_font_family":"","ocean_menu_typo_font_subset":"","ocean_menu_typo_font_size":0,"ocean_menu_typo_font_size_tablet":0,"ocean_menu_typo_font_size_mobile":0,"ocean_menu_typo_font_size_unit":"px","ocean_menu_typo_font_weight":"","ocean_menu_typo_font_weight_tablet":"","ocean_menu_typo_font_weight_mobile":"","ocean_menu_typo_transform":"","ocean_menu_typo_transform_tablet":"","ocean_menu_typo_transform_mobile":"","ocean_menu_typo_line_height":0,"ocean_menu_typo_line_height_tablet":0,"ocean_menu_typo_line_height_mobile":0,"ocean_menu_typo_line_height_unit":"","ocean_menu_typo_spacing":0,"ocean_menu_typo_spacing_tablet":0,"ocean_menu_typo_spacing_mobile":0,"ocean_menu_typo_spacing_unit":"","ocean_menu_link_color":"","ocean_menu_link_color_hover":"","ocean_menu_link_color_active":"","ocean_menu_link_background":"","ocean_menu_link_hover_background":"","ocean_menu_link_active_background":"","ocean_menu_social_links_bg":"","ocean_menu_social_hover_links_bg":"","ocean_menu_social_links_color":"","ocean_menu_social_hover_links_color":"","ocean_disable_title":"default","ocean_disable_heading":"default","ocean_post_title":"","ocean_post_subheading":"","ocean_post_title_style":"","ocean_post_title_background_color":"","ocean_post_title_background":0,"ocean_post_title_bg_image_position":"","ocean_post_title_bg_image_attachment":"","ocean_post_title_bg_image_repeat":"","ocean_post_title_bg_image_size":"","ocean_post_title_height":0,"ocean_post_title_bg_overlay":0.5,"ocean_post_title_bg_overlay_color":"","ocean_disable_breadcrumbs":"default","ocean_breadcrumbs_color":"","ocean_breadcrumbs_separator_color":"","ocean_breadcrumbs_links_color":"","ocean_breadcrumbs_links_hover_color":"","ocean_display_footer_widgets":"default","ocean_display_footer_bottom":"default","ocean_custom_footer_template":""},"product_brand":[121],"product_cat":[55],"product_tag":[133,127,128,125],"class_list":{"0":"post-2482","1":"product","2":"type-product","3":"status-publish","4":"has-post-thumbnail","6":"product_brand-lepo-ecobio-cosmetica","7":"product_cat-maquillage","8":"product_tag-sansparfumsynthetique","9":"product_tag-sans-silicone","10":"product_tag-sanssulfates","11":"product_tag-vegan","13":"entry","14":"has-media","16":"first","17":"instock","18":"taxable","19":"shipping-taxable","20":"purchasable","21":"product-type-simple","22":"has-rating","23":"col","24":"span_1_of_3","25":"owp-content-center","26":"owp-thumbs-layout-horizontal","27":"owp-btn-normal","28":"owp-tabs-layout-section","29":"has-no-thumbnails","30":"circle-sale"},"_links":{"self":[{"href":"https:\/\/www.biobey.be\/fr\/wp-json\/wp\/v2\/product\/2482","targetHints":{"allow":["GET"]}}],"collection":[{"href":"https:\/\/www.biobey.be\/fr\/wp-json\/wp\/v2\/product"}],"about":[{"href":"https:\/\/www.biobey.be\/fr\/wp-json\/wp\/v2\/types\/product"}],"replies":[{"embeddable":true,"href":"https:\/\/www.biobey.be\/fr\/wp-json\/wp\/v2\/comments?post=2482"}],"wp:featuredmedia":[{"embeddable":true,"href":"https:\/\/www.biobey.be\/fr\/wp-json\/wp\/v2\/media\/652"}],"wp:attachment":[{"href":"https:\/\/www.biobey.be\/fr\/wp-json\/wp\/v2\/media?parent=2482"}],"wp:term":[{"taxonomy":"product_brand","embeddable":true,"href":"https:\/\/www.biobey.be\/fr\/wp-json\/wp\/v2\/product_brand?post=2482"},{"taxonomy":"product_cat","embeddable":true,"href":"https:\/\/www.biobey.be\/fr\/wp-json\/wp\/v2\/product_cat?post=2482"},{"taxonomy":"product_tag","embeddable":true,"href":"https:\/\/www.biobey.be\/fr\/wp-json\/wp\/v2\/product_tag?post=2482"}],"curies":[{"name":"wp","href":"https:\/\/api.w.org\/{rel}","templated":true}]}}