{"id":2483,"date":"2025-05-23T13:50:29","date_gmt":"2025-05-23T11:50:29","guid":{"rendered":"https:\/\/www.biobey.be\/fr-temp\/produit\/creme-de-jour-apaisante-hydratante-50ml\/"},"modified":"2025-11-26T17:12:43","modified_gmt":"2025-11-26T16:12:43","slug":"creme-de-jour-apaisante-hydratante-50ml","status":"publish","type":"product","link":"https:\/\/www.biobey.be\/fr\/produit\/creme-de-jour-apaisante-hydratante-50ml\/","title":{"rendered":"Cr\u00e8me de jour apaisante et hydratante 50ml"},"content":{"rendered":"<p>Comment cette cr\u00e8me de jour aide-t-elle les peaux s\u00e8ches et ab\u00eem\u00e9es? Cr\u00e8me de jour apaisante et hydratante est formul\u00e9e pour les peaux s\u00e8ches et fragilis\u00e9es. Elle a un effet hydratant et apaisant. Pour un traitement puissant des peaux s\u00e8ches et irrit\u00e9es, nous recommandons cette<span style=\"color: #0000ff;\"><a style=\"color: #0000ff;\" href=\"https:\/\/www.biobey.be\/fr\/produit\/creme-de-jour-hydratante-peau-sensible-h2\/\"> bio cr\u00e8me hydratante pour peaux s\u00e8ches et sensibles<\/a><\/span>.<\/p>\n<p>L&rsquo;ingr\u00e9dient principal de cette cr\u00e8me de jour v\u00e9g\u00e9talienne est l&rsquo;extrait d&rsquo;aloe vera biologique. En combinaison avec du beurre de karit\u00e9 biologique et \u00e0 l&rsquo;huile d&rsquo;argan, il apaise les irritations cutan\u00e9es et acc\u00e9l\u00e8re le processus de r\u00e9g\u00e9n\u00e9ration des cellules de la peau.<\/p>\n<p><span style=\"color: #0000ff;\"><a style=\"color: #0000ff;\" href=\"https:\/\/www.biobey.be\/fr\/produit\/acide-hyaluronique-bio-stimulant-vit-c\/\">L&rsquo;acide hyaluronique<\/a><\/span> et l&rsquo;extrait d&rsquo;algue aident \u00e0 apaiser la peau s\u00e8che. La formule est riche en vitamines, en antioxydants et en acides gras essentiels. La cr\u00e8me de jour apaisante et hydratante est particuli\u00e8rement adapt\u00e9e aux personnes ayant une peau sensible et s\u00e8che. Elle nourrit la peau et contribue ainsi \u00e0 renforcer la barri\u00e8re cutan\u00e9e.<\/p>\n<p>Utilisation r\u00e9guli\u00e8re de la cr\u00e8me aide \u00e0 adoucir et nourrir la peau. En outre, elle offre une protection contre les influences n\u00e9gatives du monde ext\u00e9rieur. La cr\u00e8me a une texture l\u00e9g\u00e8re et n&rsquo;est pas grasse sur la peau. Elle convient aux personnes ayant une peau sensible, affect\u00e9e et s\u00e8che.<\/p>\n<h2>Formulation de la cr\u00e8me de jour apaisante et hydratante<\/h2>\n<p>La cr\u00e8me de jour apaisante et hydratante de Naobay contient des extraits biologiques d&rsquo;aloe vera, de beurre de karit\u00e9, d&rsquo;algues et de centella asiatica. Le beurre de karit\u00e9 hydrate et forme une couche protectrice sur la peau. Cela permet d&rsquo;\u00e9viter la peau d\u00e9shydrat\u00e9e. L&rsquo;aloe vera est connu pour son effet apaisant et adoucissant sur les irritations de la peau et les coups de soleil. L&rsquo;extrait d&rsquo;algues est riche en antioxydants et en acides amin\u00e9s.<\/p>\n<p>Les algues et l&rsquo;huile d&rsquo;argan aident \u00e0 prot\u00e9ger la peau du stress oxydatif. La cr\u00e8me de jour apaisante et hydratante de Naobay contient une haute concentration d&rsquo;acide hyaluronique. Cela donne \u00e0 la peau une hydratation instantan\u00e9e. Gr\u00e2ce \u00e0 son effet d&rsquo;absorption en profondeur, il adoucit les peaux s\u00e8ches et emp\u00eache le dess\u00e8chement de la peau.<\/p>\n<p>Apr\u00e8s avoir utilis\u00e9 la cr\u00e8me de jour, la peau est plus douce. Sa consistance l\u00e9g\u00e8re s&rsquo;absorbe facilement dans la peau. Les produits de soins Naobay sont v\u00e9g\u00e9taliens et certifi\u00e9s par Ecocert.<\/p>\n<p>Mode d&#8217;emploi : Appliquez la cr\u00e8me de jour deux fois par jour sur une peau nettoy\u00e9e. Massez doucement la cr\u00e8me par des mouvements circulaires jusqu&rsquo;\u00e0 ce qu&rsquo;elle soit bien absorb\u00e9e. La cr\u00e8me de jour convient aux peaux s\u00e8ches et sensibles.<\/p>\n<p>Ingr\u00e9dients : Aqua, Aloe Barbadensis Leaf Juice*, Caprylic\/Capric Triglyceride, Glycerin, Olea Europaea Fruit Oil*, Polyglyceryl-3 Dicitrate\/Stearate, Pentylene Glycol, Stearyl Alcohol, Butyrospermum Parkii Butter*, Argania Spinosa Kernel Oil*, Centella Asiatica Extract, Lithothamnion Calcareum Extract, Simmondsia Chinensis Seed Oil*,<\/p>\n<p>Extrait de feuille de Vaccinium Myrtillus, acide hyaluronique hydrolys\u00e9, hyaluronate de sodium, acide lactique, amylopectine, poudre de Spirulina Platensis, tocoph\u00e9rol, b\u00eata-sitost\u00e9rol, squal\u00e8ne, phytate de sodium, alcool benzylique,<\/p>\n<p>gomme xanthane, benzoate de sodium, sorbate de potassium, acide d\u00e9hydroac\u00e9tique, acide citrique, Fragrance(naturel)**, salicylate de benzyle**, citron\u00e8ne**, linalol**.<\/p>\n<p>*Issus de l&rsquo;agriculture biologique<br \/>\n*Aromes issus de composants naturels<\/p>\n<h3>Fonctions de Hydraplus:<\/h3>\n<ul>\n<li>hydratant: forme une couche protectrice sur la peau et aide \u00e0 retenir l&rsquo;hydratation<\/li>\n<li>apaise et adoucit les peaux irrit\u00e9es et ab\u00eem\u00e9es<\/li>\n<li>hydrate et prot\u00e8ge la peau contre le stress oxydatif<\/li>\n<\/ul>\n","protected":false},"excerpt":{"rendered":"<p>La cr\u00e8me de jour apaisante et hydratante Naobay a \u00e9t\u00e9 con\u00e7ue pour les peaux s\u00e8ches et sensibles. Elle apaise et hydrate la peau.<\/p>\n<p><strong>Formule<\/strong> : Extrait d&rsquo;aloe vera biologique, beurre de karit\u00e9, huile d&rsquo;argan, algues, acide hyaluronique et vitamine E.<br \/>\n<strong>Type de peau<\/strong> : Peau s\u00e8che, sensible et alt\u00e9r\u00e9e<br \/>\n<strong>Consistance<\/strong> : texture douce et cr\u00e9meuse<br \/>\nVegan, Ecocert<\/p>\n","protected":false},"featured_media":635,"comment_status":"open","ping_status":"closed","template":"","meta":{"ocean_post_layout":"","ocean_both_sidebars_style":"","ocean_both_sidebars_content_width":0,"ocean_both_sidebars_sidebars_width":0,"ocean_sidebar":"0","ocean_second_sidebar":"0","ocean_disable_margins":"enable","ocean_add_body_class":"","ocean_shortcode_before_top_bar":"","ocean_shortcode_after_top_bar":"","ocean_shortcode_before_header":"","ocean_shortcode_after_header":"","ocean_has_shortcode":"","ocean_shortcode_after_title":"","ocean_shortcode_before_footer_widgets":"","ocean_shortcode_after_footer_widgets":"","ocean_shortcode_before_footer_bottom":"","ocean_shortcode_after_footer_bottom":"","ocean_display_top_bar":"default","ocean_display_header":"default","ocean_header_style":"","ocean_center_header_left_menu":"0","ocean_custom_header_template":"0","ocean_custom_logo":0,"ocean_custom_retina_logo":0,"ocean_custom_logo_max_width":0,"ocean_custom_logo_tablet_max_width":0,"ocean_custom_logo_mobile_max_width":0,"ocean_custom_logo_max_height":0,"ocean_custom_logo_tablet_max_height":0,"ocean_custom_logo_mobile_max_height":0,"ocean_header_custom_menu":"0","ocean_menu_typo_font_family":"0","ocean_menu_typo_font_subset":"","ocean_menu_typo_font_size":0,"ocean_menu_typo_font_size_tablet":0,"ocean_menu_typo_font_size_mobile":0,"ocean_menu_typo_font_size_unit":"px","ocean_menu_typo_font_weight":"","ocean_menu_typo_font_weight_tablet":"","ocean_menu_typo_font_weight_mobile":"","ocean_menu_typo_transform":"","ocean_menu_typo_transform_tablet":"","ocean_menu_typo_transform_mobile":"","ocean_menu_typo_line_height":0,"ocean_menu_typo_line_height_tablet":0,"ocean_menu_typo_line_height_mobile":0,"ocean_menu_typo_line_height_unit":"","ocean_menu_typo_spacing":0,"ocean_menu_typo_spacing_tablet":0,"ocean_menu_typo_spacing_mobile":0,"ocean_menu_typo_spacing_unit":"","ocean_menu_link_color":"","ocean_menu_link_color_hover":"","ocean_menu_link_color_active":"","ocean_menu_link_background":"","ocean_menu_link_hover_background":"","ocean_menu_link_active_background":"","ocean_menu_social_links_bg":"","ocean_menu_social_hover_links_bg":"","ocean_menu_social_links_color":"","ocean_menu_social_hover_links_color":"","ocean_disable_title":"default","ocean_disable_heading":"default","ocean_post_title":"","ocean_post_subheading":"","ocean_post_title_style":"","ocean_post_title_background_color":"","ocean_post_title_background":0,"ocean_post_title_bg_image_position":"","ocean_post_title_bg_image_attachment":"","ocean_post_title_bg_image_repeat":"","ocean_post_title_bg_image_size":"","ocean_post_title_height":0,"ocean_post_title_bg_overlay":0.5,"ocean_post_title_bg_overlay_color":"","ocean_disable_breadcrumbs":"default","ocean_breadcrumbs_color":"","ocean_breadcrumbs_separator_color":"","ocean_breadcrumbs_links_color":"","ocean_breadcrumbs_links_hover_color":"","ocean_display_footer_widgets":"default","ocean_display_footer_bottom":"default","ocean_custom_footer_template":"0"},"product_brand":[107],"product_cat":[19,49,17,16],"product_tag":[],"class_list":{"0":"post-2483","1":"product","2":"type-product","3":"status-publish","4":"has-post-thumbnail","6":"product_brand-nature-up","7":"product_cat-cremes-naturelles-de-jour-et-de-nuit","8":"product_cat-peau-seche","9":"product_cat-soins-du-visage","10":"product_cat-soins","12":"entry","13":"has-media","15":"first","16":"instock","17":"taxable","18":"shipping-taxable","19":"purchasable","20":"product-type-simple","21":"has-rating","22":"col","23":"span_1_of_3","24":"owp-content-center","25":"owp-thumbs-layout-horizontal","26":"owp-btn-normal","27":"owp-tabs-layout-section","28":"has-no-thumbnails","29":"circle-sale"},"_links":{"self":[{"href":"https:\/\/www.biobey.be\/fr\/wp-json\/wp\/v2\/product\/2483","targetHints":{"allow":["GET"]}}],"collection":[{"href":"https:\/\/www.biobey.be\/fr\/wp-json\/wp\/v2\/product"}],"about":[{"href":"https:\/\/www.biobey.be\/fr\/wp-json\/wp\/v2\/types\/product"}],"replies":[{"embeddable":true,"href":"https:\/\/www.biobey.be\/fr\/wp-json\/wp\/v2\/comments?post=2483"}],"wp:featuredmedia":[{"embeddable":true,"href":"https:\/\/www.biobey.be\/fr\/wp-json\/wp\/v2\/media\/635"}],"wp:attachment":[{"href":"https:\/\/www.biobey.be\/fr\/wp-json\/wp\/v2\/media?parent=2483"}],"wp:term":[{"taxonomy":"product_brand","embeddable":true,"href":"https:\/\/www.biobey.be\/fr\/wp-json\/wp\/v2\/product_brand?post=2483"},{"taxonomy":"product_cat","embeddable":true,"href":"https:\/\/www.biobey.be\/fr\/wp-json\/wp\/v2\/product_cat?post=2483"},{"taxonomy":"product_tag","embeddable":true,"href":"https:\/\/www.biobey.be\/fr\/wp-json\/wp\/v2\/product_tag?post=2483"}],"curies":[{"name":"wp","href":"https:\/\/api.w.org\/{rel}","templated":true}]}}