{"id":2484,"date":"2023-08-22T22:41:22","date_gmt":"2023-08-22T20:41:22","guid":{"rendered":"https:\/\/www.biobey.be\/fr-temp\/produit\/creme-de-jour-au-beurre-de-karite-lepo\/"},"modified":"2025-07-11T13:42:59","modified_gmt":"2025-07-11T11:42:59","slug":"creme-de-jour-au-beurre-de-karite-lepo","status":"publish","type":"product","link":"https:\/\/www.biobey.be\/fr\/produit\/creme-de-jour-au-beurre-de-karite-lepo\/","title":{"rendered":"Cr\u00e8me de jour au beurre de karit\u00e9 Lepo 50ml"},"content":{"rendered":"<p>Cr\u00e8me de jour au beurre de karit\u00e9 nourrissante adoucit la peau et la prot\u00e8ge contre les agressions ext\u00e9rieures. Cette cr\u00e8me nourrissante aide \u00e0 r\u00e9guler la balance hydrique de la peau. Il hydrate la couche de la peau et rend la peau s\u00e8che plus douce. En plus, elle nourrit la peau avec des vitamines et des acides gras essentiels. La formule, riche en antioxydants, prot\u00e8ge la peau.<\/p>\n<p>Le beurre de karit\u00e9 biologique nourrit la peau et forme une fine couche protectrice sur la peau. Il aide ainsi \u00e0 pr\u00e9venir le dess\u00e8chement de la peau. C&rsquo;est une cr\u00e8me pour le visage adapt\u00e9e au soin quotidien des peaux s\u00e8ches et des peaux normales ayant tendance \u00e0 la d\u00e9shydratation.<\/p>\n<p>Les changements de temp\u00e9rature, la pollution et les rayons UV affectent la peau.<\/p>\n<p>L&rsquo;affaiblissement de la barri\u00e8re cutan\u00e9e rend la peau particuli\u00e8rement sensible aux agressions ext\u00e9rieures. La cr\u00e8me de jour au beurre de karit\u00e9 aide \u00e0 restaurer la couche protectrice de la peau. L&rsquo;utilisation quotidienne de la cr\u00e8me rend la peau plus douce et nourrie<\/p>\n<h2>La cr\u00e8me de jour au beurre de karit\u00e9 prot\u00e8ge et hydrate la peau<\/h2>\n<p>La cr\u00e8me de jour est compos\u00e9e de beurre de karit\u00e9 biologique, d&rsquo;huile de noix de coco, d&rsquo;huile d&rsquo;olive, d&rsquo;acide hyaluronique et de vitamine E.<\/p>\n<p>L&rsquo;huile de noix de coco biologique p\u00e9n\u00e8tre facilement dans la couche cutan\u00e9e et hydrate sans obstruer les pores. L&rsquo;huile de noix de coco convient parfaitement aux soins des peaux et des cheveux secs. L&rsquo;extrait d&rsquo;huile d&rsquo;olive biologique et le beurre de karit\u00e9 ont un effet nourrissant.<\/p>\n<p>En plus, la cr\u00e8me de jour au beurre de karit\u00e9 contient de la vitamine E et de l&rsquo;acide hyaluronique. La vitamine E est un puissant antioxydant. Elle prot\u00e8ge la peau contre le stress oxydatif et aide \u00e0 pr\u00e9venir le vieillissement pr\u00e9matur\u00e9 de la peau. L&rsquo;acide hyaluronique apporte \u00e0 la peau une hydratation suppl\u00e9mentaire.<\/p>\n<p>La combinaison d&rsquo;extraits nourrissants, hydratants et protecteurs assure un bon soin quotidien et protection de la peau. La cr\u00e8me de jour au beurre de karit\u00e9 a une texture douce.<\/p>\n<p>La cr\u00e8me de jour au beurre de karit\u00e9 de Lepo est v\u00e9g\u00e9talienne et certifi\u00e9e par Ecocert.<\/p>\n<p><strong>Mode d&#8217;emploi :<\/strong> Appliquez la cr\u00e8me de jour sur la peau nettoy\u00e9e. Massez la cr\u00e8me avec des mouvements circulaires jusqu&rsquo;\u00e0 ce qu&rsquo;elle p\u00e9n\u00e8tre bien dans la peau.<\/p>\n<p><strong>Ingr\u00e9dients<\/strong> : Aqua, Cocos Nucifera (Coconut) Oil*, Helianthus Annuus Seed Oil*, Glyceryl Stearate Citrate, Citrus Medica Limonum, Fruit Extract*, Cetyl Alcohol, Butyrospermum Parkii Butter*, Persea Gratissima (Avocado) Oil*, Argania Spinosa Oil\/Argania Spinosa (Kernel) Oil*, Huile de fruits d&rsquo;Olea Europaea*,<\/p>\n<p>huile de graines de Carapa Guaianensis*, fragnance, hyaluronate de sodium, benzoate de sodium, alcool benzylique, gomme de xanthane, sorbate de potassium, acide citrique, tocoph\u00e9rol (vitamine E), acide d\u00e9hydroac\u00e9tique, g\u00e9raniol, linalol, citral, salicylate de benzyle, limon\u00e8ne, citronellol.<\/p>\n<p>*En provenance de l&rsquo;agriculture biologique.<\/p>\n","protected":false},"excerpt":{"rendered":"<p>La cr\u00e8me de jour au beurre de karit\u00e9 a un effet nourrissant et protecteur. Elle hydrate et prot\u00e8ge la peau des effets n\u00e9gatifs des radicaux libres.<\/p>\n<p><strong>Formule<\/strong>\u00a0: Huile de noix de coco biologique, beurre de karit\u00e9, huile d&rsquo;olive, huile d&rsquo;avocat, acide hyaluronique, vitamine E<\/p>\n<p><strong>Certificats<\/strong> : Vegan Ok, Ecocert<br \/>\n<strong>Contenu<\/strong> : 50ml<br \/>\n<strong>Texture<\/strong> : cr\u00e8me douce<\/p>\n","protected":false},"featured_media":580,"comment_status":"open","ping_status":"closed","template":"","meta":{"ocean_post_layout":"","ocean_both_sidebars_style":"","ocean_both_sidebars_content_width":0,"ocean_both_sidebars_sidebars_width":0,"ocean_sidebar":"","ocean_second_sidebar":"","ocean_disable_margins":"enable","ocean_add_body_class":"","ocean_shortcode_before_top_bar":"","ocean_shortcode_after_top_bar":"","ocean_shortcode_before_header":"","ocean_shortcode_after_header":"","ocean_has_shortcode":"","ocean_shortcode_after_title":"","ocean_shortcode_before_footer_widgets":"","ocean_shortcode_after_footer_widgets":"","ocean_shortcode_before_footer_bottom":"","ocean_shortcode_after_footer_bottom":"","ocean_display_top_bar":"default","ocean_display_header":"default","ocean_header_style":"","ocean_center_header_left_menu":"","ocean_custom_header_template":"","ocean_custom_logo":0,"ocean_custom_retina_logo":0,"ocean_custom_logo_max_width":0,"ocean_custom_logo_tablet_max_width":0,"ocean_custom_logo_mobile_max_width":0,"ocean_custom_logo_max_height":0,"ocean_custom_logo_tablet_max_height":0,"ocean_custom_logo_mobile_max_height":0,"ocean_header_custom_menu":"","ocean_menu_typo_font_family":"","ocean_menu_typo_font_subset":"","ocean_menu_typo_font_size":0,"ocean_menu_typo_font_size_tablet":0,"ocean_menu_typo_font_size_mobile":0,"ocean_menu_typo_font_size_unit":"px","ocean_menu_typo_font_weight":"","ocean_menu_typo_font_weight_tablet":"","ocean_menu_typo_font_weight_mobile":"","ocean_menu_typo_transform":"","ocean_menu_typo_transform_tablet":"","ocean_menu_typo_transform_mobile":"","ocean_menu_typo_line_height":0,"ocean_menu_typo_line_height_tablet":0,"ocean_menu_typo_line_height_mobile":0,"ocean_menu_typo_line_height_unit":"","ocean_menu_typo_spacing":0,"ocean_menu_typo_spacing_tablet":0,"ocean_menu_typo_spacing_mobile":0,"ocean_menu_typo_spacing_unit":"","ocean_menu_link_color":"","ocean_menu_link_color_hover":"","ocean_menu_link_color_active":"","ocean_menu_link_background":"","ocean_menu_link_hover_background":"","ocean_menu_link_active_background":"","ocean_menu_social_links_bg":"","ocean_menu_social_hover_links_bg":"","ocean_menu_social_links_color":"","ocean_menu_social_hover_links_color":"","ocean_disable_title":"default","ocean_disable_heading":"default","ocean_post_title":"","ocean_post_subheading":"","ocean_post_title_style":"","ocean_post_title_background_color":"","ocean_post_title_background":0,"ocean_post_title_bg_image_position":"","ocean_post_title_bg_image_attachment":"","ocean_post_title_bg_image_repeat":"","ocean_post_title_bg_image_size":"","ocean_post_title_height":0,"ocean_post_title_bg_overlay":0.5,"ocean_post_title_bg_overlay_color":"","ocean_disable_breadcrumbs":"default","ocean_breadcrumbs_color":"","ocean_breadcrumbs_separator_color":"","ocean_breadcrumbs_links_color":"","ocean_breadcrumbs_links_hover_color":"","ocean_display_footer_widgets":"default","ocean_display_footer_bottom":"default","ocean_custom_footer_template":""},"product_brand":[121],"product_cat":[19,17,16],"product_tag":[],"class_list":{"0":"post-2484","1":"product","2":"type-product","3":"status-publish","4":"has-post-thumbnail","6":"product_brand-lepo-ecobio-cosmetica","7":"product_cat-cremes-naturelles-de-jour-et-de-nuit","8":"product_cat-soins-du-visage","9":"product_cat-soins","11":"entry","12":"has-media","14":"first","15":"instock","16":"taxable","17":"shipping-taxable","18":"purchasable","19":"product-type-simple","20":"has-rating","21":"col","22":"span_1_of_3","23":"owp-content-center","24":"owp-thumbs-layout-horizontal","25":"owp-btn-normal","26":"owp-tabs-layout-section","27":"has-no-thumbnails","28":"circle-sale"},"_links":{"self":[{"href":"https:\/\/www.biobey.be\/fr\/wp-json\/wp\/v2\/product\/2484","targetHints":{"allow":["GET"]}}],"collection":[{"href":"https:\/\/www.biobey.be\/fr\/wp-json\/wp\/v2\/product"}],"about":[{"href":"https:\/\/www.biobey.be\/fr\/wp-json\/wp\/v2\/types\/product"}],"replies":[{"embeddable":true,"href":"https:\/\/www.biobey.be\/fr\/wp-json\/wp\/v2\/comments?post=2484"}],"wp:featuredmedia":[{"embeddable":true,"href":"https:\/\/www.biobey.be\/fr\/wp-json\/wp\/v2\/media\/580"}],"wp:attachment":[{"href":"https:\/\/www.biobey.be\/fr\/wp-json\/wp\/v2\/media?parent=2484"}],"wp:term":[{"taxonomy":"product_brand","embeddable":true,"href":"https:\/\/www.biobey.be\/fr\/wp-json\/wp\/v2\/product_brand?post=2484"},{"taxonomy":"product_cat","embeddable":true,"href":"https:\/\/www.biobey.be\/fr\/wp-json\/wp\/v2\/product_cat?post=2484"},{"taxonomy":"product_tag","embeddable":true,"href":"https:\/\/www.biobey.be\/fr\/wp-json\/wp\/v2\/product_tag?post=2484"}],"curies":[{"name":"wp","href":"https:\/\/api.w.org\/{rel}","templated":true}]}}