{"id":2485,"date":"2024-04-13T23:43:16","date_gmt":"2024-04-13T21:43:16","guid":{"rendered":"https:\/\/www.biobey.be\/fr-temp\/produit\/crayon-sourcils-brun-fonce-1-0-lepo\/"},"modified":"2025-07-11T13:23:58","modified_gmt":"2025-07-11T11:23:58","slug":"crayon-sourcils-brun-fonce-1-0-lepo","status":"publish","type":"product","link":"https:\/\/www.biobey.be\/fr\/produit\/crayon-sourcils-brun-fonce-1-0-lepo\/","title":{"rendered":"Crayon sourcils brun fonc\u00e9 1.0 Lepo"},"content":{"rendered":"<p>Crayon sourcils brun fonc\u00e9 convient aux personnes ayant une peau sensible, des yeux sensibles ou des personnes portant des lentilles de contact. La formule naturelle et v\u00e9g\u00e9talienne \u00e0 base de cires v\u00e9g\u00e9tales est facile \u00e0 utiliser. \u00c9paissir ou ajuster la forme des sourcils est facile et n&rsquo;endommage pas la peau.<\/p>\n<p>Gr\u00e2ce \u00e0 sa formule douce et non dess\u00e9chante, l&rsquo;application du crayon sourcils brun fonc\u00e9 <strong>n&rsquo;irrite pas la peau<\/strong>. Le crayon sourcils naturel est v\u00e9g\u00e9talien et ne contient pas de parab\u00e8nes, parfum et d&rsquo;autres ingr\u00e9dients synth\u00e9tiques irritants.<\/p>\n<p>Le crayon \u00e0 sourcils permet de d\u00e9terminer facilement l&rsquo;intensit\u00e9 de la couleur. Il convient pour cr\u00e9er <strong>un effet subtil, naturel et compl\u00e9mentaire.<\/strong><\/p>\n<p>Il convient \u00e9galement pour un regard plus intense. Gr\u00e2ce \u00e0 sa formule douce et non irritante, le crayon \u00e0 sourcils peut aussi \u00eatre utilis\u00e9 pour le contour des yeux. La brosse \u00e0 sourcils sur le crayon facilite l&rsquo;utilisation. L&rsquo;intensit\u00e9 de la couleur brun fonc\u00e9 peut \u00eatre r\u00e9gl\u00e9e selon les pr\u00e9f\u00e9rences.<\/p>\n<h2>Crayon sourcils brun fonc\u00e9 formule<\/h2>\n<p>L&rsquo;huile de noix de coco biologique a un effet hydratant, adoucissant et nourrissant. Les acides gras essentiels nourrissent la peau et contribuent \u00e0 renforcer la barri\u00e8re cutan\u00e9e. L&rsquo;huile de coco bio peut \u00eatre utilis\u00e9e pour les soins de la peau, des cheveux et du corps. La vitamine E stimule la production de collag\u00e8ne.<\/p>\n<p>Il favorise le renouvellement des cellules de la peau et prot\u00e8ge contre les influences ext\u00e9rieures n\u00e9gatives. La cire v\u00e9g\u00e9tale de candelilla prot\u00e8ge la peau. Les cires v\u00e9g\u00e9tales am\u00e9liorent la texture et assurent la duration de la couleur. Le crayon sourcils brun fonc\u00e9 naturel convient parfaitement \u00e0 la <strong>mise en forme des sourcils sans endommager la peau<\/strong>.<\/p>\n<p>Il convient \u00e0 tous les types de peau ainsi qu&rsquo;aux peaux sensibles. Pour les personnes aux yeux sensibles ou qui portent des lentilles de contact.<\/p>\n<p>Le crayon sourcils brun fonc\u00e9 est v\u00e9g\u00e9talien et certifi\u00e9 biologique.<br \/>\n<strong>M\u00e9thode de production \u00e9cologique<\/strong> : Le bois utilis\u00e9 pour la production des crayons pour les yeux de Lepo est bois de c\u00e8dre de Californie provient de zones de reforestation strictement contr\u00f4l\u00e9es.<\/p>\n<p><strong>Mode d&#8217;emploi<\/strong> : Appliquer sur les sourcils pour cr\u00e9er la forme d\u00e9sir\u00e9e. Utilisez la brosse pour estomper la couleur.<\/p>\n<p><strong>Ingr\u00e9dients\u00a0<\/strong>: Huile v\u00e9g\u00e9tale hydrog\u00e9n\u00e9e, huile de coco*, triglyc\u00e9rides en C10-18, cire de carnauba*, st\u00e9arate d&rsquo;octyldod\u00e9cyle, cire de candelilla, mica, diisost\u00e9arate de polyglyc\u00e9ryle-3, oryzanol, tocoph\u00e9rol, caprylate de glyc\u00e9ryle (vitamine E).<\/p>\n<p>*En provenance de l&rsquo;agriculture biologique<\/p>\n<p>Le crayon sourcils brun fonc\u00e9 naturel est un produit de Lepo Cosmetics. Il s&rsquo;agit d&rsquo;un fabricant italien sp\u00e9cialis\u00e9 dans les cosm\u00e9tiques naturels et les produits de soins personnels de haute qualit\u00e9. Le crayon sourcils brun fonc\u00e9 naturel de Lepo est test\u00e9 dermatologiquement et approuv\u00e9 pour les personnes ayant les yeux et la peau sensibles.<\/p>\n<h3>Conseil pour des sourcils naturellement beaux<\/h3>\n<p>Le soin des sourcils influence fortement leur forme et leur apparence. \u00c9vitez d&rsquo;utiliser des gels \u00e0 sourcils synth\u00e9tiques ou de la cire synth\u00e9tique. Ceux-ci ass\u00e8chent les poils des sourcils et les font tomber plus rapidement. Utilisez une pommade au beurre de karit\u00e9 naturel pour hydrater les sourcils avant le coucher. La forme et l&rsquo;aspect des sourcils seront ainsi plus beaux.<\/p>\n","protected":false},"excerpt":{"rendered":"<p>Le crayon sourcils brun fonc\u00e9 naturel de Lepo convient aux types de peau sensibles, aux yeux sensibles et aux personnes qui portent des lentilles de contact. Formule non irritante ou dess\u00e9chante.<\/p>\n<p><strong>Couleur<\/strong> : brun fonc\u00e9. D\u00e9terminez l&rsquo;intensit\u00e9 de la couleur en fonction de vos besoins.<br \/>\n<strong>Certificats<\/strong> : Vegan, certifi\u00e9 biologique, certificat PEFC<\/p>\n","protected":false},"featured_media":598,"comment_status":"open","ping_status":"closed","template":"","meta":{"ocean_post_layout":"","ocean_both_sidebars_style":"","ocean_both_sidebars_content_width":0,"ocean_both_sidebars_sidebars_width":0,"ocean_sidebar":"","ocean_second_sidebar":"","ocean_disable_margins":"enable","ocean_add_body_class":"","ocean_shortcode_before_top_bar":"","ocean_shortcode_after_top_bar":"","ocean_shortcode_before_header":"","ocean_shortcode_after_header":"","ocean_has_shortcode":"","ocean_shortcode_after_title":"","ocean_shortcode_before_footer_widgets":"","ocean_shortcode_after_footer_widgets":"","ocean_shortcode_before_footer_bottom":"","ocean_shortcode_after_footer_bottom":"","ocean_display_top_bar":"default","ocean_display_header":"default","ocean_header_style":"","ocean_center_header_left_menu":"","ocean_custom_header_template":"","ocean_custom_logo":0,"ocean_custom_retina_logo":0,"ocean_custom_logo_max_width":0,"ocean_custom_logo_tablet_max_width":0,"ocean_custom_logo_mobile_max_width":0,"ocean_custom_logo_max_height":0,"ocean_custom_logo_tablet_max_height":0,"ocean_custom_logo_mobile_max_height":0,"ocean_header_custom_menu":"","ocean_menu_typo_font_family":"","ocean_menu_typo_font_subset":"","ocean_menu_typo_font_size":0,"ocean_menu_typo_font_size_tablet":0,"ocean_menu_typo_font_size_mobile":0,"ocean_menu_typo_font_size_unit":"px","ocean_menu_typo_font_weight":"","ocean_menu_typo_font_weight_tablet":"","ocean_menu_typo_font_weight_mobile":"","ocean_menu_typo_transform":"","ocean_menu_typo_transform_tablet":"","ocean_menu_typo_transform_mobile":"","ocean_menu_typo_line_height":0,"ocean_menu_typo_line_height_tablet":0,"ocean_menu_typo_line_height_mobile":0,"ocean_menu_typo_line_height_unit":"","ocean_menu_typo_spacing":0,"ocean_menu_typo_spacing_tablet":0,"ocean_menu_typo_spacing_mobile":0,"ocean_menu_typo_spacing_unit":"","ocean_menu_link_color":"","ocean_menu_link_color_hover":"","ocean_menu_link_color_active":"","ocean_menu_link_background":"","ocean_menu_link_hover_background":"","ocean_menu_link_active_background":"","ocean_menu_social_links_bg":"","ocean_menu_social_hover_links_bg":"","ocean_menu_social_links_color":"","ocean_menu_social_hover_links_color":"","ocean_disable_title":"default","ocean_disable_heading":"default","ocean_post_title":"","ocean_post_subheading":"","ocean_post_title_style":"","ocean_post_title_background_color":"","ocean_post_title_background":0,"ocean_post_title_bg_image_position":"","ocean_post_title_bg_image_attachment":"","ocean_post_title_bg_image_repeat":"","ocean_post_title_bg_image_size":"","ocean_post_title_height":0,"ocean_post_title_bg_overlay":0.5,"ocean_post_title_bg_overlay_color":"","ocean_disable_breadcrumbs":"default","ocean_breadcrumbs_color":"","ocean_breadcrumbs_separator_color":"","ocean_breadcrumbs_links_color":"","ocean_breadcrumbs_links_hover_color":"","ocean_display_footer_widgets":"default","ocean_display_footer_bottom":"default","ocean_custom_footer_template":""},"product_brand":[121],"product_cat":[55],"product_tag":[],"class_list":{"0":"post-2485","1":"product","2":"type-product","3":"status-publish","4":"has-post-thumbnail","6":"product_brand-lepo-ecobio-cosmetica","7":"product_cat-maquillage","9":"entry","10":"has-media","12":"first","13":"instock","14":"taxable","15":"shipping-taxable","16":"purchasable","17":"product-type-simple","18":"has-rating","19":"col","20":"span_1_of_3","21":"owp-content-center","22":"owp-thumbs-layout-horizontal","23":"owp-btn-normal","24":"owp-tabs-layout-section","25":"has-no-thumbnails","26":"circle-sale"},"_links":{"self":[{"href":"https:\/\/www.biobey.be\/fr\/wp-json\/wp\/v2\/product\/2485","targetHints":{"allow":["GET"]}}],"collection":[{"href":"https:\/\/www.biobey.be\/fr\/wp-json\/wp\/v2\/product"}],"about":[{"href":"https:\/\/www.biobey.be\/fr\/wp-json\/wp\/v2\/types\/product"}],"replies":[{"embeddable":true,"href":"https:\/\/www.biobey.be\/fr\/wp-json\/wp\/v2\/comments?post=2485"}],"wp:featuredmedia":[{"embeddable":true,"href":"https:\/\/www.biobey.be\/fr\/wp-json\/wp\/v2\/media\/598"}],"wp:attachment":[{"href":"https:\/\/www.biobey.be\/fr\/wp-json\/wp\/v2\/media?parent=2485"}],"wp:term":[{"taxonomy":"product_brand","embeddable":true,"href":"https:\/\/www.biobey.be\/fr\/wp-json\/wp\/v2\/product_brand?post=2485"},{"taxonomy":"product_cat","embeddable":true,"href":"https:\/\/www.biobey.be\/fr\/wp-json\/wp\/v2\/product_cat?post=2485"},{"taxonomy":"product_tag","embeddable":true,"href":"https:\/\/www.biobey.be\/fr\/wp-json\/wp\/v2\/product_tag?post=2485"}],"curies":[{"name":"wp","href":"https:\/\/api.w.org\/{rel}","templated":true}]}}