{"id":2491,"date":"2026-03-05T17:07:09","date_gmt":"2026-03-05T16:07:09","guid":{"rendered":"https:\/\/www.biobey.be\/fr-temp\/produit\/fond-de-teint-a-lacide-hyaluronique\/"},"modified":"2026-03-05T19:03:46","modified_gmt":"2026-03-05T18:03:46","slug":"fond-de-teint-a-lacide-hyaluronique","status":"publish","type":"product","link":"https:\/\/www.biobey.be\/fr\/produit\/fond-de-teint-a-lacide-hyaluronique\/","title":{"rendered":"Fond de teint \u00e0 l&rsquo;acide hyaluronique liftant 30ml"},"content":{"rendered":"<p>Fond de teint \u00e0 l&rsquo;acide hyaluronique a un effet de lifting et de anti-\u00e2ge. Sa composition pure \u00e0 base d&rsquo;extraits naturels et de pigments min\u00e9raux a un effet nourrissant et anti-\u00e2ge. Ce fond de teint \u00e0 l&rsquo;acide hyaluronique bio forme une fine couche couvrante sur la peau sans obstruer les pores. Il <strong>\u00e9galise les irr\u00e9gularit\u00e9s et comble les rides.<\/strong><\/p>\n<p>Les extraits contenus dans le fond de teint ont un effet raffermissant qui donne \u00e0 la peau un aspect plus ferme et plus lisse. Il a une texture douce et un fini mat. Le fond de teint \u00e0 l&rsquo;acide hyaluronique cr\u00e9e <strong>un effet \u201cseconde peau\u201d longue dur\u00e9e des heures.<\/strong><\/p>\n<p>Gr\u00e2ce aux extraits nourrissants et r\u00e9g\u00e9n\u00e9rants tels que le beurre de karit\u00e9, l&rsquo;acide hyaluronique, l&rsquo;huile de jojoba, la vitamine E et l&rsquo;huile d&rsquo;amande douce, la peau est soign\u00e9e et prot\u00e9g\u00e9e.<\/p>\n<p>L&rsquo;acide hyaluronique est connu pour son effet anti-\u00e2ge. Il hydrate la peau et comble les rides et les lignes fines. Il agit sur les rides existantes et aide \u00e0 pr\u00e9venir les rides pr\u00e9matur\u00e9es.<\/p>\n<p>Le fond de teint \u00e0 l&rsquo;acide hyaluronique offre une couverture raffermissante et comblante. En plus, il nourrit et prot\u00e8ge la peau contre le stress oxydatif. Ce fond de teint convient aux peaux normales et mixtes.<\/p>\n<h2>Formule de fond de teint \u00e0 l&rsquo;acide hyaluronique \u00e0 effet liftant<\/h2>\n<p>Les cellules de m\u00e9rist\u00e8me de Gardenia Jasminoides sont obtenues \u00e0 partir des sommit\u00e9s fleuries non modifi\u00e9es de gardenia. Ils prot\u00e8gent le collag\u00e8ne et ralentissent sa d\u00e9gradation.<\/p>\n<p>En plus, ils renforcent l&rsquo;\u00e9lasticit\u00e9 de la peau. L&rsquo;acide hyaluronique adoucit la peau et stimule l&rsquo;hydratation. Le beurre de karit\u00e9 nourrit et hydrate la peau. Il forme une couche protectrice sur la peau et emp\u00eache la perte d&rsquo;humidit\u00e9 de la peau.<\/p>\n<p>La combinaison de ces extraits dans le fond de teint \u00e0 l&rsquo;acide hyaluronique aide \u00e0 r\u00e9g\u00e9n\u00e9rer et \u00e0 nourrir la peau. Les huiles v\u00e9g\u00e9tales biologiques assurent une application uniforme du fond de teint qui n&rsquo;obstrue pas la peau. La formule riche en antioxydants, vitamines et acides gras essentiels a un effet raffermissant et couvrant. En plus, il r\u00e9g\u00e9n\u00e8re et prot\u00e8ge la peau contre le stress oxydatif. Une utilisation \u00e0 long terme laisse la peau douce, plus ferme et plus lisse.<\/p>\n<h2>Peut-on utiliser le fond de teint Lepo si on a la peau s\u00e8che ?<\/h2>\n<p>Le fond de teint Lepo Lifitng a une texture cr\u00e9meuse, adapt\u00e9e aux peaux moyennement s\u00e8ches pr\u00e9sentant des ridules. Si vous avez la peau tr\u00e8s s\u00e8che avec des rides marqu\u00e9es et que vous souhaitez un effet \u00ab sans fond de teint \u00bb, nous vous recommandons d&rsquo;utiliser <a href=\"https:\/\/www.biobey.be\/fr\/produit\/serum-teinte-naturel-leger-fond-de-teint\/\">des gouttes de s\u00e9rum teint\u00e9 naturel de couleur caramel<\/a> ou des gouttes de <span style=\"color: #0000ff;\"><a style=\"color: #0000ff;\" href=\"https:\/\/www.biobey.be\/fr\/produit\/fond-de-teint-serum-bio-20ml\/\">s\u00e9rum teint\u00e9 de couleur plus claire<\/a><\/span>.<\/p>\n<p>Le fond de teint \u00e0 l&rsquo;acide hyaluronique naturel est v\u00e9g\u00e9talien et certifi\u00e9 Ecocert.<\/p>\n<p><strong>Mode d&#8217;emploi :<\/strong> Appliquez le fond de teint sur la peau nettoy\u00e9e.<\/p>\n<h3>Liste compl\u00e8te des ingr\u00e9dients officiels (INCI) du fond de teint liftant naturel \u00e0 l&rsquo;acide hyaluronique, class\u00e9s par ordre d\u00e9croissant de concentration<\/h3>\n<p>Aqua, Isoamyl Laurate, Glycerin, Prunus Amygdalus Dulcis Oill*, Cetearyl Olivate, Simmondsia Chinensis (Jojoba) Seed Oil*, Octyldodecyl Olivate, Sorbitan Olivate, Dicaprylyl Carbonate, Lauryl Olivate, Butyrospermum Parkii (Shea Butter)*, Hamamelis Virginiana Water*, Sodium Stearoyl Glutamate, Lauroyl Lysine,<\/p>\n<p>Benzyl Alcohol, Cetyl Palmitate, Magnesium Aluminum Silicate, Sorbitan Palmitate, Sodium Dehydroacetate, Galactoarabinan, Xanthan Gum, Gardenia Jasminoides Meristem Cell Culture, Tocopherol (Vitamine E), Dehydroacetic Acid, Leontopodium Alpinum Extract*, Sodium Phytate, Helianthus Annuus Seed Oil, Sodium Hyaluronate,<\/p>\n<p>Citric Acid, Sodium Benzoate, Potassium Sorbate, Biosaccharide Gum-1, Glyceryl Caprylate, Sodium Levulinate, Sodium Anisate, Citronellol, Geraniol, Limonene, Linalool,Fragrance (Aroma Naturel)<\/p>\n<p>Peut contenir +\/- : CI 77891 (Titanium Dioxide), CI77491 (Iron Oxides), CI 77492 (Iron Oxides), CI 77499 (Iron Oxides)<\/p>\n<p>*Ingr\u00e9dients issus de l&rsquo;agriculture biologique<\/p>\n","protected":false},"excerpt":{"rendered":"<p>Le fond de teint l&rsquo;acide hyaluronique naturel liftant \u00e0 un double effet. Il a un effet couvrant, lissant et raffermissant sur la peau. La texture douce cr\u00e9e un effet seconde peau longue dur\u00e9e.<\/p>\n<p>En plus, la formule naturelle a un effet nourrissant et anti-\u00e2ge. Il aide \u00e0 r\u00e9g\u00e9n\u00e9rer la peau et la prot\u00e8ge des radicaux libres.<br \/>\n<strong>Type de peau :<\/strong> Normale &#8211; Mixte<br \/>\n<strong>Formule<\/strong> : Beurre de karit\u00e9 biologique, acide hyaluronique, huile de jojoba, galactoarabinan, vitamine E et pigments min\u00e9raux.<br \/>\n<strong>Certifications :<\/strong> Ecocert, Vegan Ok,<br \/>\n<strong>Contenu<\/strong> : 30\u2009ml<\/p>\n<p>Le fond de teint liftant \u00e0 l&rsquo;acide hyaluronique est actuellement en rupture de stock. Le<span style=\"color: #0000ff;\"><a style=\"color: #0000ff;\" href=\"https:\/\/www.biobey.be\/fr\/produit\/fond-de-teint-bio-silk-lepo-05-beige-50ml\/\"> fond de teint Silk<\/a> <\/span>constitue une bonne alternative. Il offre les m\u00eames fonctionnalit\u00e9s et la m\u00eame qualit\u00e9 \u00e9lev\u00e9e que vous attendez de nos produits.<\/p>\n","protected":false},"featured_media":587,"comment_status":"open","ping_status":"closed","template":"","meta":{"ocean_post_layout":"","ocean_both_sidebars_style":"","ocean_both_sidebars_content_width":0,"ocean_both_sidebars_sidebars_width":0,"ocean_sidebar":"0","ocean_second_sidebar":"0","ocean_disable_margins":"enable","ocean_add_body_class":"","ocean_shortcode_before_top_bar":"","ocean_shortcode_after_top_bar":"","ocean_shortcode_before_header":"","ocean_shortcode_after_header":"","ocean_has_shortcode":"","ocean_shortcode_after_title":"","ocean_shortcode_before_footer_widgets":"","ocean_shortcode_after_footer_widgets":"","ocean_shortcode_before_footer_bottom":"","ocean_shortcode_after_footer_bottom":"","ocean_display_top_bar":"default","ocean_display_header":"default","ocean_header_style":"","ocean_center_header_left_menu":"0","ocean_custom_header_template":"0","ocean_custom_logo":0,"ocean_custom_retina_logo":0,"ocean_custom_logo_max_width":0,"ocean_custom_logo_tablet_max_width":0,"ocean_custom_logo_mobile_max_width":0,"ocean_custom_logo_max_height":0,"ocean_custom_logo_tablet_max_height":0,"ocean_custom_logo_mobile_max_height":0,"ocean_header_custom_menu":"0","ocean_menu_typo_font_family":"0","ocean_menu_typo_font_subset":"","ocean_menu_typo_font_size":0,"ocean_menu_typo_font_size_tablet":0,"ocean_menu_typo_font_size_mobile":0,"ocean_menu_typo_font_size_unit":"px","ocean_menu_typo_font_weight":"","ocean_menu_typo_font_weight_tablet":"","ocean_menu_typo_font_weight_mobile":"","ocean_menu_typo_transform":"","ocean_menu_typo_transform_tablet":"","ocean_menu_typo_transform_mobile":"","ocean_menu_typo_line_height":0,"ocean_menu_typo_line_height_tablet":0,"ocean_menu_typo_line_height_mobile":0,"ocean_menu_typo_line_height_unit":"","ocean_menu_typo_spacing":0,"ocean_menu_typo_spacing_tablet":0,"ocean_menu_typo_spacing_mobile":0,"ocean_menu_typo_spacing_unit":"","ocean_menu_link_color":"","ocean_menu_link_color_hover":"","ocean_menu_link_color_active":"","ocean_menu_link_background":"","ocean_menu_link_hover_background":"","ocean_menu_link_active_background":"","ocean_menu_social_links_bg":"","ocean_menu_social_hover_links_bg":"","ocean_menu_social_links_color":"","ocean_menu_social_hover_links_color":"","ocean_disable_title":"default","ocean_disable_heading":"default","ocean_post_title":"","ocean_post_subheading":"","ocean_post_title_style":"","ocean_post_title_background_color":"","ocean_post_title_background":0,"ocean_post_title_bg_image_position":"","ocean_post_title_bg_image_attachment":"","ocean_post_title_bg_image_repeat":"","ocean_post_title_bg_image_size":"","ocean_post_title_height":0,"ocean_post_title_bg_overlay":0.5,"ocean_post_title_bg_overlay_color":"","ocean_disable_breadcrumbs":"default","ocean_breadcrumbs_color":"","ocean_breadcrumbs_separator_color":"","ocean_breadcrumbs_links_color":"","ocean_breadcrumbs_links_hover_color":"","ocean_display_footer_widgets":"default","ocean_display_footer_bottom":"default","ocean_custom_footer_template":"0"},"product_brand":[121],"product_cat":[55],"product_tag":[],"class_list":{"0":"post-2491","1":"product","2":"type-product","3":"status-publish","4":"has-post-thumbnail","6":"product_brand-lepo-ecobio-cosmetica","7":"product_cat-maquillage","9":"entry","10":"has-media","12":"first","13":"outofstock","14":"taxable","15":"shipping-taxable","16":"purchasable","17":"product-type-simple","18":"has-rating","19":"col","20":"span_1_of_3","21":"owp-content-center","22":"owp-thumbs-layout-horizontal","23":"owp-btn-normal","24":"owp-tabs-layout-section","25":"has-no-thumbnails","26":"circle-sale"},"_links":{"self":[{"href":"https:\/\/www.biobey.be\/fr\/wp-json\/wp\/v2\/product\/2491","targetHints":{"allow":["GET"]}}],"collection":[{"href":"https:\/\/www.biobey.be\/fr\/wp-json\/wp\/v2\/product"}],"about":[{"href":"https:\/\/www.biobey.be\/fr\/wp-json\/wp\/v2\/types\/product"}],"replies":[{"embeddable":true,"href":"https:\/\/www.biobey.be\/fr\/wp-json\/wp\/v2\/comments?post=2491"}],"wp:featuredmedia":[{"embeddable":true,"href":"https:\/\/www.biobey.be\/fr\/wp-json\/wp\/v2\/media\/587"}],"wp:attachment":[{"href":"https:\/\/www.biobey.be\/fr\/wp-json\/wp\/v2\/media?parent=2491"}],"wp:term":[{"taxonomy":"product_brand","embeddable":true,"href":"https:\/\/www.biobey.be\/fr\/wp-json\/wp\/v2\/product_brand?post=2491"},{"taxonomy":"product_cat","embeddable":true,"href":"https:\/\/www.biobey.be\/fr\/wp-json\/wp\/v2\/product_cat?post=2491"},{"taxonomy":"product_tag","embeddable":true,"href":"https:\/\/www.biobey.be\/fr\/wp-json\/wp\/v2\/product_tag?post=2491"}],"curies":[{"name":"wp","href":"https:\/\/api.w.org\/{rel}","templated":true}]}}