{"id":2494,"date":"2026-03-10T17:20:34","date_gmt":"2026-03-10T16:20:34","guid":{"rendered":"https:\/\/www.biobey.be\/fr-temp\/produit\/mascara-anti-allergique-bio-volume\/"},"modified":"2026-04-03T00:23:16","modified_gmt":"2026-04-02T22:23:16","slug":"mascara-anti-allergique-bio-volume","status":"publish","type":"product","link":"https:\/\/www.biobey.be\/fr\/produit\/mascara-anti-allergique-bio-volume\/","title":{"rendered":"Mascara bio anti-allergique volume extr\u00eame 10 ml"},"content":{"rendered":"<p>Mascara anti-allergique bio volume extr\u00eame de Lepo est purement ne contient pas de substances synth\u00e9tiques et irritantes. Il est id\u00e9al pour les personnes aux yeux sensibles et qui sont allergiques aux mascaras classiques. La formule naturelle riche en antioxydants, en vitamines et en acides gras essentiels permet non seulement de cr\u00e9er des cils volumineux et d\u00e9finis.<strong> Il nourrit les cils et les prot\u00e8ge des agressions ext\u00e9rieures.<\/strong><\/p>\n<p>Une brosse sp\u00e9cialement con\u00e7ue pour garder les cils s\u00e9par\u00e9s. Le mascara anti-allergique bio volume extr\u00eame est v\u00e9g\u00e9talien, ne contient pas de silicones, d&rsquo;huiles min\u00e9rales, colorants synth\u00e9tiques, parfum, d&rsquo;EDTA et d&rsquo;autres irritants. Les mascaras conventionnels ab\u00eement les cils \u00e0 cause de leurs ingr\u00e9dients dess\u00e9chants et irritants.<\/p>\n<p>Cela affaiblit les cils. Le mascara anti-allergique bio volume extr\u00eame n&rsquo;alourdit pas les cils et ne les dess\u00e8che pas. Il renforce et prot\u00e8ge les cils. Le mascara naturel<strong> pour yeux sensibles cr\u00e9e un beau regard et des cils magnifiques<\/strong>.<\/p>\n<h2>Composition mascara anti-allergique bio volume extr\u00eame<\/h2>\n<p>Sa forte consistance est l\u00e9g\u00e8re et longue dur\u00e9e gr\u00e2ce \u00e0 la pr\u00e9sence de cires v\u00e9g\u00e9tales. L&rsquo;huile de ricin biologique stimule la croissance des cils et les emp\u00eache de tomber. Elle est connue pour ses propri\u00e9t\u00e9s r\u00e9g\u00e9n\u00e9rantes et nourrissantes. Elle est souvent utilis\u00e9e pour le soin des cheveux, des ongles et des cils. Le mascara anti-allergique bio extr\u00eame volume est riche en vitamine E.<\/p>\n<p>Ce puissant antioxydant est connu pour ses propri\u00e9t\u00e9s anti-\u00e2ge. Elle stimule la production de collag\u00e8ne et prot\u00e8ge contre les effets n\u00e9gatifs des radicaux libres. L&rsquo;huile de graines de tournesol<strong> hydrate les cils et prot\u00e8ge la peau contre la perte d&rsquo;humidit\u00e9<\/strong>. Le design de la brosse est con\u00e7u pour cr\u00e9er un volume suppl\u00e9mentaire tout en d\u00e9finissant les cils.<\/p>\n<p>Le mascara ne fait pas de grumeaux. Le mascara anti-allergique bio volume extr\u00eame cr\u00e9e un beau regard profond, des cils volumineux et d\u00e9finis.<\/p>\n<p>Le mascara naturel de lepo est v\u00e9g\u00e9talien et \u00e9cologique.<br \/>\nMode d&#8217;emploi : Appliquez le mascara sur les cils \u00e0 l&rsquo;aide de la brosse \u00e0 mascara.<\/p>\n<p>Ingr\u00e9dients\u00a0: Aqua, Copernicia Cerifera Cera\/ Copernicia Cerifera Wax*, Stearic Acid, Ricinus Communis (Caster) Seed Oil*, Propanediol, Glyceryl Stearate Se, Benzyl Alcohol, Xanthan Gum, Kaolin (Argile blanche), Stearic Triglyceride, Sodium Hydroxide, Potassium Sorbate, Galactoarabinan, Tocopherol (Vitamine E), Dehydroacetic Acid, Helianthus Annuus Seed Oil, CI 77499.<\/p>\n<p>*En provenance de l&rsquo;agriculture biologique<\/p>\n","protected":false},"excerpt":{"rendered":"<p>Le mascara anti-allergique bio volume extr\u00eame cr\u00e9e visiblement plus de volume et d\u00e9finit les cils. Il ne contient pas de silicones, d&rsquo;huiles min\u00e9rales, parab\u00e8nes, parfum, d&rsquo;alcool, de pegs et de sulfates.<br \/>\nIl convient aux personnes aux yeux sensibles<br \/>\n<strong>Certificats<\/strong> : Vegan, Eco, Icea Bio<br \/>\n<strong>Couleur :<\/strong> Noir<\/p>\n","protected":false},"featured_media":579,"comment_status":"open","ping_status":"closed","template":"","meta":{"ocean_post_layout":"","ocean_both_sidebars_style":"","ocean_both_sidebars_content_width":0,"ocean_both_sidebars_sidebars_width":0,"ocean_sidebar":"0","ocean_second_sidebar":"0","ocean_disable_margins":"enable","ocean_add_body_class":"","ocean_shortcode_before_top_bar":"","ocean_shortcode_after_top_bar":"","ocean_shortcode_before_header":"","ocean_shortcode_after_header":"","ocean_has_shortcode":"","ocean_shortcode_after_title":"","ocean_shortcode_before_footer_widgets":"","ocean_shortcode_after_footer_widgets":"","ocean_shortcode_before_footer_bottom":"","ocean_shortcode_after_footer_bottom":"","ocean_display_top_bar":"default","ocean_display_header":"default","ocean_header_style":"","ocean_center_header_left_menu":"0","ocean_custom_header_template":"0","ocean_custom_logo":0,"ocean_custom_retina_logo":0,"ocean_custom_logo_max_width":0,"ocean_custom_logo_tablet_max_width":0,"ocean_custom_logo_mobile_max_width":0,"ocean_custom_logo_max_height":0,"ocean_custom_logo_tablet_max_height":0,"ocean_custom_logo_mobile_max_height":0,"ocean_header_custom_menu":"0","ocean_menu_typo_font_family":"0","ocean_menu_typo_font_subset":"","ocean_menu_typo_font_size":0,"ocean_menu_typo_font_size_tablet":0,"ocean_menu_typo_font_size_mobile":0,"ocean_menu_typo_font_size_unit":"px","ocean_menu_typo_font_weight":"","ocean_menu_typo_font_weight_tablet":"","ocean_menu_typo_font_weight_mobile":"","ocean_menu_typo_transform":"","ocean_menu_typo_transform_tablet":"","ocean_menu_typo_transform_mobile":"","ocean_menu_typo_line_height":0,"ocean_menu_typo_line_height_tablet":0,"ocean_menu_typo_line_height_mobile":0,"ocean_menu_typo_line_height_unit":"","ocean_menu_typo_spacing":0,"ocean_menu_typo_spacing_tablet":0,"ocean_menu_typo_spacing_mobile":0,"ocean_menu_typo_spacing_unit":"","ocean_menu_link_color":"","ocean_menu_link_color_hover":"","ocean_menu_link_color_active":"","ocean_menu_link_background":"","ocean_menu_link_hover_background":"","ocean_menu_link_active_background":"","ocean_menu_social_links_bg":"","ocean_menu_social_hover_links_bg":"","ocean_menu_social_links_color":"","ocean_menu_social_hover_links_color":"","ocean_disable_title":"default","ocean_disable_heading":"default","ocean_post_title":"","ocean_post_subheading":"","ocean_post_title_style":"","ocean_post_title_background_color":"","ocean_post_title_background":0,"ocean_post_title_bg_image_position":"","ocean_post_title_bg_image_attachment":"","ocean_post_title_bg_image_repeat":"","ocean_post_title_bg_image_size":"","ocean_post_title_height":0,"ocean_post_title_bg_overlay":0.5,"ocean_post_title_bg_overlay_color":"","ocean_disable_breadcrumbs":"default","ocean_breadcrumbs_color":"","ocean_breadcrumbs_separator_color":"","ocean_breadcrumbs_links_color":"","ocean_breadcrumbs_links_hover_color":"","ocean_display_footer_widgets":"default","ocean_display_footer_bottom":"default","ocean_custom_footer_template":"0","ofc_meta_disable_footer_callout":"","ofc_meta_callout_button_url":"","ofc_meta_callout_button_txt":"","ofc_meta_callout_text":""},"product_brand":[121],"product_cat":[55,47],"product_tag":[],"class_list":{"0":"post-2494","1":"product","2":"type-product","3":"status-publish","4":"has-post-thumbnail","6":"product_brand-lepo-ecobio-cosmetica","7":"product_cat-maquillage","8":"product_cat-offres-et-minis","10":"entry","11":"has-media","13":"first","14":"instock","15":"taxable","16":"shipping-taxable","17":"purchasable","18":"product-type-simple","19":"has-rating","20":"col","21":"span_1_of_3","22":"owp-content-center","23":"owp-thumbs-layout-horizontal","24":"owp-btn-normal","25":"owp-tabs-layout-section","26":"has-no-thumbnails","27":"circle-sale"},"_links":{"self":[{"href":"https:\/\/www.biobey.be\/fr\/wp-json\/wp\/v2\/product\/2494","targetHints":{"allow":["GET"]}}],"collection":[{"href":"https:\/\/www.biobey.be\/fr\/wp-json\/wp\/v2\/product"}],"about":[{"href":"https:\/\/www.biobey.be\/fr\/wp-json\/wp\/v2\/types\/product"}],"replies":[{"embeddable":true,"href":"https:\/\/www.biobey.be\/fr\/wp-json\/wp\/v2\/comments?post=2494"}],"wp:featuredmedia":[{"embeddable":true,"href":"https:\/\/www.biobey.be\/fr\/wp-json\/wp\/v2\/media\/579"}],"wp:attachment":[{"href":"https:\/\/www.biobey.be\/fr\/wp-json\/wp\/v2\/media?parent=2494"}],"wp:term":[{"taxonomy":"product_brand","embeddable":true,"href":"https:\/\/www.biobey.be\/fr\/wp-json\/wp\/v2\/product_brand?post=2494"},{"taxonomy":"product_cat","embeddable":true,"href":"https:\/\/www.biobey.be\/fr\/wp-json\/wp\/v2\/product_cat?post=2494"},{"taxonomy":"product_tag","embeddable":true,"href":"https:\/\/www.biobey.be\/fr\/wp-json\/wp\/v2\/product_tag?post=2494"}],"curies":[{"name":"wp","href":"https:\/\/api.w.org\/{rel}","templated":true}]}}