{"id":2495,"date":"2022-12-03T18:38:41","date_gmt":"2022-12-03T17:38:41","guid":{"rendered":"https:\/\/www.biobey.be\/fr-temp\/produit\/contour-des-levres-anti-rides-filler-15ml\/"},"modified":"2026-02-18T13:46:43","modified_gmt":"2026-02-18T12:46:43","slug":"contour-des-levres-anti-rides-filler-15ml","status":"publish","type":"product","link":"https:\/\/www.biobey.be\/fr\/produit\/contour-des-levres-anti-rides-filler-15ml\/","title":{"rendered":"Contour des l\u00e8vres anti-rides filler s\u00e9rum 15 ml"},"content":{"rendered":"<p>Contour des l\u00e8vres anti-rides filler s\u00e9rum est sp\u00e9cialement formul\u00e9 pour le traitement localis\u00e9 des rides du contour des l\u00e8vres. Il a un effet repulpant et de raffermissement imm\u00e9diat. L&rsquo;effet du s\u00e9rum commence d\u00e9j\u00e0 deux minutes apr\u00e8s l&rsquo;application. \u00c0 long terme, le s\u00e9rum filler contour des l\u00e8vres anti-rides contribue \u00e0 r\u00e9duire la profondeur des rides et \u00e0 stimuler l&rsquo;\u00e9lasticit\u00e9 de la peau.<\/p>\n<p>La combinaison des algues caesalpinia spinosa et kappaphycus forme un biopolym\u00e8re. Ce biopolym\u00e8re est capable d&rsquo;am\u00e9liorer la structure de la peau et de stimuler la r\u00e9g\u00e9n\u00e9ration cellulaire gr\u00e2ce \u00e0 la technologie avanc\u00e9e IBPN. Il forme une couche dense et compacte \u00e0 la surface de la peau, contribuant \u00e0 am\u00e9liorer son \u00e9lasticit\u00e9 et \u00e0 minimiser les rides.<\/p>\n<p>Le s\u00e9rum \u00e0 effet filler contour des l\u00e8vres anti-rides hautement concentr\u00e9 cr\u00e9e un effet visiblement plus volumineux et plus lisse \u00e0 court terme. La combinaison de vitamines, d&rsquo;acides amin\u00e9s et d&rsquo;antioxydants adoucit la peau et aide \u00e0 combattre les rides \u00e0 long terme. Le s\u00e9rum est \u00e9galement utile comme base pour le rouge \u00e0 l\u00e8vres ou le crayon \u00e0 l\u00e8vres. Il cr\u00e9e un visage plus complet et plus lisse.<\/p>\n<h2>Formule de contour des l\u00e8vres anti-rides filler s\u00e9rum de Lepo<\/h2>\n<p>L&rsquo;extrait d&rsquo;algues rouges de la c\u00f4te rocheuse irlandaise est riche en carragenes et en polysaccharides. En plus de leurs propri\u00e9t\u00e9s hydratantes et adoucissantes, ils ont \u00e9galement un fort effet antioxydant. Ils contribuent \u00e0 renforcer le tissu conjonctif et \u00e0 stimuler la production de collag\u00e8ne. Les algues rouges de l&rsquo;oc\u00e9an Atlantique sont particuli\u00e8rement adapt\u00e9es au soin des peaux ab\u00eem\u00e9es, s\u00e8ches et en perte d&rsquo;\u00e9lasticit\u00e9.<\/p>\n<p>En plus, le contour des l\u00e8vres anti-rides filler s\u00e9rum contient des extraits biologiques de quinoa, de tamarin et d&rsquo;avoine. L&rsquo;extrait de quinoa biologique est riche en vitamines et en antioxydants. Il contient \u00e9galement de la lysine. Cette substance favorise la production d&rsquo;\u00e9lastine et de collag\u00e8ne. Le s\u00e9rum filler contour des l\u00e8vres anti-rides nourrit, hydrate et raffermit la peau.<\/p>\n<p>Il ralentit le vieillissement pr\u00e9matur\u00e9 de la peau et la formation des rides.<\/p>\n<p>Lepo contour des l\u00e8vres anti-rides filler s\u00e9rum est vegan et certifi\u00e9 ecocert.<\/p>\n<p><strong>Conseils d&rsquo;utilisation<\/strong> : Appliquez une fine couche de s\u00e9rum sur le contour des l\u00e8vres. Tamponnez doucement sur la zone \u00e0 traiter et attendez que le s\u00e9rum soit compl\u00e8tement absorb\u00e9. Ne bougez pas les l\u00e8vres jusqu&rsquo;\u00e0 ce que le s\u00e9rum sur le contour des l\u00e8vres soit compl\u00e8tement sec. Convient aux personnes ayant une peau s\u00e8che et sensible.<\/p>\n<p><strong>Ingr\u00e9dients<\/strong>: Aqua, Rosa damascena Flower Water*, Glycerin, Xanthan Gum, Polyglyceryl-6 Caprylate\/Caprate, Polyglyceryl-4 Laurate\/Sebacate, Lycium barbarum Fruit Extract*, Sodium Benzoate, Parfum\/Fragrance, Chondrus crispus\/Chondrus crispus Extract, Sodium Levulinate, Benzyl Alcohol, Chenopodium quinoa Seed extract,<\/p>\n<p>Glucose, Sodium Gluconate, Mica, Avena sativa Bran Extract\/Avena sativa Kernel Extract*, Citric Acid, Tamarindus indica Seed Polysaccharide, Potassium Sorbate, Caesalpinia spinosa Fruit Extract, Kappaphycus Alvarezii Extract, CI 77891, Geraniol, Limonene, Citronellol, Linalool<\/p>\n<p>*Ingr\u00e9dients issus de l&rsquo;agriculture biologique<\/p>\n<p>Formule : extraits biologiques de quinoa, d&rsquo;algues rouges, de caesalpinia spinosa et d&rsquo;algues kappaphycus.<br \/>\nCertifications : Ecocert et Vegan<\/p>\n","protected":false},"excerpt":{"rendered":"<p>Le s\u00e9rum anti-rides contour l\u00e8vres effet filler <strong>est temporairement indisponible. <\/strong>Le s\u00e9rum anti-rides contour l\u00e8vres effet filler a un effet de repulpant et de raffermissement \u00e0 court terme. L&rsquo;effet du s\u00e9rum commence 2 minutes apr\u00e8s l&rsquo;application. A long terme, il permet de traiter les rides du contour des l\u00e8vres et du vieillissement de la peau.<\/p>\n","protected":false},"featured_media":622,"comment_status":"open","ping_status":"closed","template":"","meta":{"ocean_post_layout":"","ocean_both_sidebars_style":"","ocean_both_sidebars_content_width":0,"ocean_both_sidebars_sidebars_width":0,"ocean_sidebar":"0","ocean_second_sidebar":"0","ocean_disable_margins":"enable","ocean_add_body_class":"","ocean_shortcode_before_top_bar":"","ocean_shortcode_after_top_bar":"","ocean_shortcode_before_header":"","ocean_shortcode_after_header":"","ocean_has_shortcode":"","ocean_shortcode_after_title":"","ocean_shortcode_before_footer_widgets":"","ocean_shortcode_after_footer_widgets":"","ocean_shortcode_before_footer_bottom":"","ocean_shortcode_after_footer_bottom":"","ocean_display_top_bar":"default","ocean_display_header":"default","ocean_header_style":"","ocean_center_header_left_menu":"0","ocean_custom_header_template":"0","ocean_custom_logo":0,"ocean_custom_retina_logo":0,"ocean_custom_logo_max_width":0,"ocean_custom_logo_tablet_max_width":0,"ocean_custom_logo_mobile_max_width":0,"ocean_custom_logo_max_height":0,"ocean_custom_logo_tablet_max_height":0,"ocean_custom_logo_mobile_max_height":0,"ocean_header_custom_menu":"0","ocean_menu_typo_font_family":"0","ocean_menu_typo_font_subset":"","ocean_menu_typo_font_size":0,"ocean_menu_typo_font_size_tablet":0,"ocean_menu_typo_font_size_mobile":0,"ocean_menu_typo_font_size_unit":"px","ocean_menu_typo_font_weight":"","ocean_menu_typo_font_weight_tablet":"","ocean_menu_typo_font_weight_mobile":"","ocean_menu_typo_transform":"","ocean_menu_typo_transform_tablet":"","ocean_menu_typo_transform_mobile":"","ocean_menu_typo_line_height":0,"ocean_menu_typo_line_height_tablet":0,"ocean_menu_typo_line_height_mobile":0,"ocean_menu_typo_line_height_unit":"","ocean_menu_typo_spacing":0,"ocean_menu_typo_spacing_tablet":0,"ocean_menu_typo_spacing_mobile":0,"ocean_menu_typo_spacing_unit":"","ocean_menu_link_color":"","ocean_menu_link_color_hover":"","ocean_menu_link_color_active":"","ocean_menu_link_background":"","ocean_menu_link_hover_background":"","ocean_menu_link_active_background":"","ocean_menu_social_links_bg":"","ocean_menu_social_hover_links_bg":"","ocean_menu_social_links_color":"","ocean_menu_social_hover_links_color":"","ocean_disable_title":"default","ocean_disable_heading":"default","ocean_post_title":"","ocean_post_subheading":"","ocean_post_title_style":"","ocean_post_title_background_color":"","ocean_post_title_background":0,"ocean_post_title_bg_image_position":"","ocean_post_title_bg_image_attachment":"","ocean_post_title_bg_image_repeat":"","ocean_post_title_bg_image_size":"","ocean_post_title_height":0,"ocean_post_title_bg_overlay":0.5,"ocean_post_title_bg_overlay_color":"","ocean_disable_breadcrumbs":"default","ocean_breadcrumbs_color":"","ocean_breadcrumbs_separator_color":"","ocean_breadcrumbs_links_color":"","ocean_breadcrumbs_links_hover_color":"","ocean_display_footer_widgets":"default","ocean_display_footer_bottom":"default","ocean_custom_footer_template":"0"},"product_brand":[121],"product_cat":[17,16,22],"product_tag":[],"class_list":{"0":"post-2495","1":"product","2":"type-product","3":"status-publish","4":"has-post-thumbnail","6":"product_brand-lepo-ecobio-cosmetica","7":"product_cat-soins-du-visage","8":"product_cat-soins","9":"product_cat-yeux-et-levres","11":"entry","12":"has-media","14":"first","15":"outofstock","16":"taxable","17":"shipping-taxable","18":"purchasable","19":"product-type-simple","20":"has-rating","21":"col","22":"span_1_of_3","23":"owp-content-center","24":"owp-thumbs-layout-horizontal","25":"owp-btn-normal","26":"owp-tabs-layout-section","27":"has-no-thumbnails","28":"circle-sale"},"_links":{"self":[{"href":"https:\/\/www.biobey.be\/fr\/wp-json\/wp\/v2\/product\/2495","targetHints":{"allow":["GET"]}}],"collection":[{"href":"https:\/\/www.biobey.be\/fr\/wp-json\/wp\/v2\/product"}],"about":[{"href":"https:\/\/www.biobey.be\/fr\/wp-json\/wp\/v2\/types\/product"}],"replies":[{"embeddable":true,"href":"https:\/\/www.biobey.be\/fr\/wp-json\/wp\/v2\/comments?post=2495"}],"wp:featuredmedia":[{"embeddable":true,"href":"https:\/\/www.biobey.be\/fr\/wp-json\/wp\/v2\/media\/622"}],"wp:attachment":[{"href":"https:\/\/www.biobey.be\/fr\/wp-json\/wp\/v2\/media?parent=2495"}],"wp:term":[{"taxonomy":"product_brand","embeddable":true,"href":"https:\/\/www.biobey.be\/fr\/wp-json\/wp\/v2\/product_brand?post=2495"},{"taxonomy":"product_cat","embeddable":true,"href":"https:\/\/www.biobey.be\/fr\/wp-json\/wp\/v2\/product_cat?post=2495"},{"taxonomy":"product_tag","embeddable":true,"href":"https:\/\/www.biobey.be\/fr\/wp-json\/wp\/v2\/product_tag?post=2495"}],"curies":[{"name":"wp","href":"https:\/\/api.w.org\/{rel}","templated":true}]}}