{"id":2496,"date":"2023-08-20T00:30:57","date_gmt":"2023-08-19T22:30:57","guid":{"rendered":"https:\/\/www.biobey.be\/fr-temp\/produit\/fond-de-teint-serum-anti-age-bio-2-en-1\/"},"modified":"2025-07-11T13:53:32","modified_gmt":"2025-07-11T11:53:32","slug":"fond-de-teint-serum-anti-age-bio-2-en-1","status":"publish","type":"product","link":"https:\/\/www.biobey.be\/fr\/produit\/fond-de-teint-serum-anti-age-bio-2-en-1\/","title":{"rendered":"Fond de teint s\u00e9rum anti-\u00e2ge Bio 2 en 1 20ml"},"content":{"rendered":"<p>Fond de teint s\u00e9rum anti-\u00e2ge \u00e0 un double effet :<\/p>\n<p>Tout d&rsquo;abord, il offre une couverture naturelle efficace qui unifie le teint et cr\u00e9e un effet de peau plus lisse.<br \/>\nEn m\u00eame temps, il a un effet anti-\u00e2ge. Il nourrit et adoucit la peau. Le s\u00e9rum am\u00e9liore l&rsquo;\u00e9lasticit\u00e9 de la peau et stimule le renouvellement cellulaire. En plus, il prot\u00e8ge contre le stress oxydatif et les rides pr\u00e9matur\u00e9es. Gr\u00e2ce \u00e0 sa texture douce, matifiante et liquide, le fond de teint anti-\u00e2ge bio offre une couverture qui semble naturelle.<\/p>\n<p>Il n&rsquo;alourdit pas la peau et ne la dess\u00e8che pas. Comme il ne dess\u00e8che pas la peau, il ne souligne pas les rides. Il estompe les rides, les irr\u00e9gularit\u00e9s et adoucit la peau. Cela cr\u00e9e un effet naturel. Le fond de teint s\u00e9rum 100% naturel n&rsquo;obstrue pas les pores. Apr\u00e8s utilisation, la peau est douce et plus nourrie.<\/p>\n<p>Le fond de teint s\u00e9rum anti-\u00e2ge combine une action r\u00e9g\u00e9n\u00e9rante anti-\u00e2ge et une couverture lissante. Il convient \u00e0 tous les types de peau. Le fond de teint s\u00e9rum est v\u00e9g\u00e9talien et ne contient pas de parab\u00e8nes, silicones, sulfates, parfum, d&rsquo;edta, de pegs, d&rsquo;alcools lourds, d&rsquo;huiles min\u00e9rales et d&rsquo;autres substances synth\u00e9tiques irritantes.<\/p>\n<h2>Effet du fond de teint s\u00e9rum anti-\u00e2ge naturel 2 en 1<\/h2>\n<p>Le fond de teint s\u00e9rum anti-\u00e2ge Lepo est fabriqu\u00e9 \u00e0 base de min\u00e9raux naturels de haute qualit\u00e9 et d&rsquo;huiles biologiques. La formule est riche en vitamines, en antioxydants et en acides gras essentiels. L&rsquo;huile de jojoba biologique et l&rsquo;huile d&rsquo;amande douce nourrissent la peau sans obstruer les pores. Ces huiles sont utilis\u00e9es dans les traitements hydratants et anti-\u00e2ge pour la peau.<\/p>\n<p>La vitamine E contenue dans le fond de teint s\u00e9rum anti-\u00e2ge prot\u00e8ge la peau du stress oxydatif. Elle stimule \u00e9galement la production de collag\u00e8ne. L&rsquo;huile de datte et l&rsquo;huile de macadamia biologiques ont un effet r\u00e9g\u00e9n\u00e9rant sur les cellules. Ils aident \u00e0 restaurer la structure de la peau. L&rsquo;huile de macadamia est utilis\u00e9e pour traiter les cicatrices et les vergetures.<\/p>\n<p>Les pigments min\u00e9raux naturels cr\u00e9ent un teint magnifique et nourri longue dur\u00e9e. Le fond de teint s\u00e9rum anti-\u00e2ge 2 en 1 est id\u00e9al pour couvrir et soigner la peau. Le fond de teint s\u00e9rum anti-\u00e2ge 2 en 1 est v\u00e9g\u00e9talien et certifi\u00e9 Cosmos Organic.<\/p>\n<p><strong>Mode d&#8217;emploi<\/strong> : Appliquez quelques gouttes du s\u00e9rum sur la peau. Ajustez la quantit\u00e9 de gouttes en fonction de l&rsquo;intensit\u00e9 de la couverture souhait\u00e9e.<\/p>\n<p><strong>Ingr\u00e9dients\u00a0<\/strong>: Prunus amygdalus dulcis Oil*, Simmondsia chinensis (Jojoba) Seed Oil*, Macadamia ternifolia Seed Oil*, Undecane, Dicaprylyl Ether, Tridecane, Coco-Caprylate\/Caprate, Oryza sativa Starch*, Silica, Alcohol**, Kaolin, Mica, Hydrogenated Castor Oil, Triticum vulgare Starch*, Balanites Roxburghii Seed Oil*,<\/p>\n<p>Aluminum Hydroxide, Tocopherol, Sodium Lauroyl Glutamate, Lysine, Helianthus annuus Seed Oil, Magnesium Chloride, CI 77891\/Titanium Dioxide, CI 77492\/Iron Oxides, CI 77491\/Iron Oxides, CI 77499\/Iron Oxides.<\/p>\n<p>*Ingr\u00e9dients d&rsquo;origine biologique<\/p>\n","protected":false},"excerpt":{"rendered":"<p>Le fond de teint s\u00e9rum anti-\u00e2ge naturel a un double effet. Il couvre les imperfections et unifie le teint de la peau. En outre, il a un effet anti-\u00e2ge \u00e0 long terme.<\/p>\n<p><strong>Formule :<\/strong> Pigments min\u00e9raux naturels, huiles organiques de datte, jojoba, macadamia, amande douce et vitamine E.<br \/>\n<strong>Texture<\/strong> : Texture liquide mate qui est douce et l\u00e9g\u00e8re<br \/>\n<strong>Certifications<\/strong> : Cosmos Organic, Vegan Ok<\/p>\n","protected":false},"featured_media":584,"comment_status":"open","ping_status":"closed","template":"","meta":{"ocean_post_layout":"","ocean_both_sidebars_style":"","ocean_both_sidebars_content_width":0,"ocean_both_sidebars_sidebars_width":0,"ocean_sidebar":"","ocean_second_sidebar":"","ocean_disable_margins":"enable","ocean_add_body_class":"","ocean_shortcode_before_top_bar":"","ocean_shortcode_after_top_bar":"","ocean_shortcode_before_header":"","ocean_shortcode_after_header":"","ocean_has_shortcode":"","ocean_shortcode_after_title":"","ocean_shortcode_before_footer_widgets":"","ocean_shortcode_after_footer_widgets":"","ocean_shortcode_before_footer_bottom":"","ocean_shortcode_after_footer_bottom":"","ocean_display_top_bar":"default","ocean_display_header":"default","ocean_header_style":"","ocean_center_header_left_menu":"","ocean_custom_header_template":"","ocean_custom_logo":0,"ocean_custom_retina_logo":0,"ocean_custom_logo_max_width":0,"ocean_custom_logo_tablet_max_width":0,"ocean_custom_logo_mobile_max_width":0,"ocean_custom_logo_max_height":0,"ocean_custom_logo_tablet_max_height":0,"ocean_custom_logo_mobile_max_height":0,"ocean_header_custom_menu":"","ocean_menu_typo_font_family":"","ocean_menu_typo_font_subset":"","ocean_menu_typo_font_size":0,"ocean_menu_typo_font_size_tablet":0,"ocean_menu_typo_font_size_mobile":0,"ocean_menu_typo_font_size_unit":"px","ocean_menu_typo_font_weight":"","ocean_menu_typo_font_weight_tablet":"","ocean_menu_typo_font_weight_mobile":"","ocean_menu_typo_transform":"","ocean_menu_typo_transform_tablet":"","ocean_menu_typo_transform_mobile":"","ocean_menu_typo_line_height":0,"ocean_menu_typo_line_height_tablet":0,"ocean_menu_typo_line_height_mobile":0,"ocean_menu_typo_line_height_unit":"","ocean_menu_typo_spacing":0,"ocean_menu_typo_spacing_tablet":0,"ocean_menu_typo_spacing_mobile":0,"ocean_menu_typo_spacing_unit":"","ocean_menu_link_color":"","ocean_menu_link_color_hover":"","ocean_menu_link_color_active":"","ocean_menu_link_background":"","ocean_menu_link_hover_background":"","ocean_menu_link_active_background":"","ocean_menu_social_links_bg":"","ocean_menu_social_hover_links_bg":"","ocean_menu_social_links_color":"","ocean_menu_social_hover_links_color":"","ocean_disable_title":"default","ocean_disable_heading":"default","ocean_post_title":"","ocean_post_subheading":"","ocean_post_title_style":"","ocean_post_title_background_color":"","ocean_post_title_background":0,"ocean_post_title_bg_image_position":"","ocean_post_title_bg_image_attachment":"","ocean_post_title_bg_image_repeat":"","ocean_post_title_bg_image_size":"","ocean_post_title_height":0,"ocean_post_title_bg_overlay":0.5,"ocean_post_title_bg_overlay_color":"","ocean_disable_breadcrumbs":"default","ocean_breadcrumbs_color":"","ocean_breadcrumbs_separator_color":"","ocean_breadcrumbs_links_color":"","ocean_breadcrumbs_links_hover_color":"","ocean_display_footer_widgets":"default","ocean_display_footer_bottom":"default","ocean_custom_footer_template":""},"product_brand":[121],"product_cat":[55],"product_tag":[],"class_list":{"0":"post-2496","1":"product","2":"type-product","3":"status-publish","4":"has-post-thumbnail","6":"product_brand-lepo-ecobio-cosmetica","7":"product_cat-maquillage","9":"entry","10":"has-media","12":"first","13":"instock","14":"taxable","15":"shipping-taxable","16":"purchasable","17":"product-type-simple","18":"has-rating","19":"col","20":"span_1_of_3","21":"owp-content-center","22":"owp-thumbs-layout-horizontal","23":"owp-btn-normal","24":"owp-tabs-layout-section","25":"has-no-thumbnails","26":"circle-sale"},"_links":{"self":[{"href":"https:\/\/www.biobey.be\/fr\/wp-json\/wp\/v2\/product\/2496","targetHints":{"allow":["GET"]}}],"collection":[{"href":"https:\/\/www.biobey.be\/fr\/wp-json\/wp\/v2\/product"}],"about":[{"href":"https:\/\/www.biobey.be\/fr\/wp-json\/wp\/v2\/types\/product"}],"replies":[{"embeddable":true,"href":"https:\/\/www.biobey.be\/fr\/wp-json\/wp\/v2\/comments?post=2496"}],"wp:featuredmedia":[{"embeddable":true,"href":"https:\/\/www.biobey.be\/fr\/wp-json\/wp\/v2\/media\/584"}],"wp:attachment":[{"href":"https:\/\/www.biobey.be\/fr\/wp-json\/wp\/v2\/media?parent=2496"}],"wp:term":[{"taxonomy":"product_brand","embeddable":true,"href":"https:\/\/www.biobey.be\/fr\/wp-json\/wp\/v2\/product_brand?post=2496"},{"taxonomy":"product_cat","embeddable":true,"href":"https:\/\/www.biobey.be\/fr\/wp-json\/wp\/v2\/product_cat?post=2496"},{"taxonomy":"product_tag","embeddable":true,"href":"https:\/\/www.biobey.be\/fr\/wp-json\/wp\/v2\/product_tag?post=2496"}],"curies":[{"name":"wp","href":"https:\/\/api.w.org\/{rel}","templated":true}]}}