{"id":2497,"date":"2025-05-24T15:38:04","date_gmt":"2025-05-24T13:38:04","guid":{"rendered":"https:\/\/www.biobey.be\/fr-temp\/produit\/fond-de-teint-serum-bio-20ml\/"},"modified":"2025-07-21T10:20:55","modified_gmt":"2025-07-21T08:20:55","slug":"fond-de-teint-serum-bio-20ml","status":"publish","type":"product","link":"https:\/\/www.biobey.be\/fr\/produit\/fond-de-teint-serum-bio-20ml\/","title":{"rendered":"Fond de teint s\u00e9rum bio 20ml"},"content":{"rendered":"<p>Qu&rsquo;est-ce qu&rsquo;un fond de teint au s\u00e9rum et \u00e0 quel type de peau convient-il le mieux ? Le fond de teint Bio Serum de Lepo est une combinaison de fond de teint professionnel et de s\u00e9rum nourrissant \u00e0 l&rsquo;effet anti-\u00e2ge et \u00e0 la consistance l\u00e9g\u00e8re. Ce fond de teint au s\u00e9rum Lepo contient des antioxydants, des vitamines, des flavono\u00efdes et des acides gras insatur\u00e9s.<\/p>\n<p>Le<span style=\"color: #0000ff;\"><a style=\"color: #0000ff;\" href=\"https:\/\/www.biobey.be\/fr\/produit\/base-de-teint-illuminatrice-glow-perfect\/\"> s\u00e9rum primer Lepo \u00e0 l&rsquo;acide hyaluronique<\/a><\/span> cr\u00e9e un \u00e9clat suppl\u00e9mentaire et aide \u00e0 \u00e9claircir les taches brunes. Il peut \u00eatre combin\u00e9 avec le s\u00e9rum de fondation contre les rides.<\/p>\n<h2>Les principales propri\u00e9t\u00e9s d&rsquo;un fond de teint au s\u00e9rum biologique<\/h2>\n<ul>\n<li>Couvrance l\u00e9g\u00e8re \u00e0 moyenne, unifie la peau<\/li>\n<li>hydratation intensive de la peau<\/li>\n<li>effet anti-\u00e2ge<\/li>\n<li>ne s\u00e8che pas<\/li>\n<li>con\u00e7u pour les peaux pr\u00e9sentant des rides ou des ridules<\/li>\n<li>Couleur: beige clair (voir photo du produit)<\/li>\n<\/ul>\n<p>Gr\u00e2ce \u00e0 sa texture, il donne un aspect tr\u00e8s naturel. Le fond de teint Bio Serum est con\u00e7u pour r\u00e9g\u00e9n\u00e9rer et adoucir la peau. Il stimule le renouvellement des cellules cutan\u00e9es et contribue \u00e0 am\u00e9liorer la texture de la peau. La formule 100% naturelle de ce fond de teint s\u00e9rum unifie le teint et couvre les imperfections, les ridules et les taches brunes. La formule nourrit et hydrate la peau.<\/p>\n<p>Le fond de teint s\u00e9rum bio est con\u00e7u pour r\u00e9g\u00e9n\u00e9rer et adoucir la peau. Il agit sur les rides existantes en hydratant en profondeur les couches de la peau. En m\u00eame temps, le s\u00e9rum offre une couverture merveilleusement uniforme qui n&rsquo;est pas grasse ou lourde. Il ne dess\u00e8che pas la peau, ce qui permet d&rsquo;estomper les rides. Le <span style=\"color: #0000ff;\"><a style=\"color: #0000ff;\" href=\"https:\/\/www.biobey.be\/fr\/produit\/fond-de-teint-bio-silk-lepo-05-beige-50ml\/\">fond de teint Silk<\/a> <\/span>fonctionne de la m\u00eame mani\u00e8re : il estompe les rides sans dess\u00e9cher la peau.<\/p>\n<p>La formule, riche en antioxydants, prot\u00e8ge la peau des agressions ext\u00e9rieures et du vieillissement pr\u00e9matur\u00e9 de la peau. Utilisez le fond de teint s\u00e9rum bio pour un effet couvrant, pour soigner et prot\u00e9ger la peau contre le stress oxydatif.<\/p>\n<h2>Formule du fond de teint S\u00e9rum bio et vegan 2 en 1<\/h2>\n<p>Le fond de teint s\u00e9rum bio v\u00e9g\u00e9talien est compos\u00e9 d&rsquo;huile de datte biologique, d&rsquo;huile de macadamia, l&rsquo;extrait de germe de bl\u00e9, de vitamine E, d&rsquo;huile d&rsquo;amande douce et de jojoba. Le teint magnifique et durable est d\u00fb aux pigments min\u00e9raux de haute qualit\u00e9.<\/p>\n<p>L&rsquo;huile de macadamia biologique est riche en acide palmitol\u00e9ique. L&rsquo;huile de macadamia a un fort effet r\u00e9g\u00e9n\u00e9rant sur les cellules de la peau. Elle est utilis\u00e9 pour traiter les cicatrices et les vergetures. L&rsquo;huile de datte biologique contenue dans le fond de teint s\u00e9rum bio a un effet anti-\u00e2ge. Elle contribue \u00e0 ralentir le vieillissement des cellules cutan\u00e9es et renforce l&rsquo;\u00e9lasticit\u00e9 de la peau.<\/p>\n<p>La vitamine E prot\u00e8ge la peau du stress oxydatif et de la formation pr\u00e9matur\u00e9e des rides. La combinaison des extraits b\u00e9n\u00e9fiques et des pigments min\u00e9raux naturels assure l&rsquo;action efficace du fond de teint s\u00e9rum bio. Convient \u00e0 tous les types de peau ainsi qu&rsquo;aux peaux sensibles.<\/p>\n<p>Le fond de teint s\u00e9rum bio est naturel et v\u00e9g\u00e9talien. Il ne contient pas d&rsquo;irritants synth\u00e9tiques et d&rsquo;ingr\u00e9dients favorisant le vieillissement de la peau.<\/p>\n<p>Mode d&#8217;emploi : Bien agiter avant l&rsquo;utilisation. Appliquez quelques gouttes du fond de teint s\u00e9rum bio sur la peau. Il peut \u00eatre appliqu\u00e9 du bout des doigts ou avec une \u00e9ponge douce. Dosez la quantit\u00e9 en fonction de l&rsquo;intensit\u00e9 de la couverture souhait\u00e9e.<\/p>\n<p>Ingr\u00e9dients : Huile d&rsquo;amande douce Prunus amygdalus dulcis*, huile de graines de Jojoba Simmondsia chinensis*, huile de graines de Macadamia ternifolia*, Undecane, Dicaprylyl Ether, Tridecane, Coco-Caprylate\/Caprate, Amidon de Riz Oryza sativa*, Silice, Alcool**, Kaolin, Mica, Huile de ricin hydrog\u00e9n\u00e9e, Amidon de Triticum vulgare*,<\/p>\n<p>huile de graines de Balanites Roxburghii*, hydroxyde d&rsquo;aluminium, tocoph\u00e9rol (vitamine E), lauroyl glutamate de sodium, lysine, huile de graines de Helianthus annuus, chlorure de magn\u00e9sium, CI 77891, CI 77492 oxydes de fer, CI 77491\/oxydes de fer, CI 77499\/oxydes de fer.<br \/>\n*Ingr\u00e9dients d&rsquo;origine biologique.<\/p>\n","protected":false},"excerpt":{"rendered":"<p>Le fond de teint s\u00e9rum bio 2 en 1 couvre bien les imperfections et unifie le teint. Il cr\u00e9e une peau lisse et unifie le teint. Ne dess\u00e8che pas et ne l&rsquo;alourdit pas la peau.<br \/>\nEffet anti-\u00e2ge, nourrissant et protecteur \u00e0 long terme.<br \/>\n<strong>Formule<\/strong> : Huile de macadamia biologique, huile de datte, huile d&rsquo;amande douce, vitamine E, extrait de germe de bl\u00e9 et huile de jojoba. Pigments min\u00e9raux naturels de haute qualit\u00e9<br \/>\n<strong>Certificats<\/strong> : Cosmos Organic et Vegan<br \/>\n<strong>Type de peau<\/strong> : Convient \u00e0 tous les types de peau<br \/>\n<strong>Texture :<\/strong> Texture s\u00e9rum douce<\/p>\n","protected":false},"featured_media":583,"comment_status":"open","ping_status":"closed","template":"","meta":{"ocean_post_layout":"","ocean_both_sidebars_style":"","ocean_both_sidebars_content_width":0,"ocean_both_sidebars_sidebars_width":0,"ocean_sidebar":"","ocean_second_sidebar":"","ocean_disable_margins":"enable","ocean_add_body_class":"","ocean_shortcode_before_top_bar":"","ocean_shortcode_after_top_bar":"","ocean_shortcode_before_header":"","ocean_shortcode_after_header":"","ocean_has_shortcode":"","ocean_shortcode_after_title":"","ocean_shortcode_before_footer_widgets":"","ocean_shortcode_after_footer_widgets":"","ocean_shortcode_before_footer_bottom":"","ocean_shortcode_after_footer_bottom":"","ocean_display_top_bar":"default","ocean_display_header":"default","ocean_header_style":"","ocean_center_header_left_menu":"","ocean_custom_header_template":"","ocean_custom_logo":0,"ocean_custom_retina_logo":0,"ocean_custom_logo_max_width":0,"ocean_custom_logo_tablet_max_width":0,"ocean_custom_logo_mobile_max_width":0,"ocean_custom_logo_max_height":0,"ocean_custom_logo_tablet_max_height":0,"ocean_custom_logo_mobile_max_height":0,"ocean_header_custom_menu":"","ocean_menu_typo_font_family":"","ocean_menu_typo_font_subset":"","ocean_menu_typo_font_size":0,"ocean_menu_typo_font_size_tablet":0,"ocean_menu_typo_font_size_mobile":0,"ocean_menu_typo_font_size_unit":"px","ocean_menu_typo_font_weight":"","ocean_menu_typo_font_weight_tablet":"","ocean_menu_typo_font_weight_mobile":"","ocean_menu_typo_transform":"","ocean_menu_typo_transform_tablet":"","ocean_menu_typo_transform_mobile":"","ocean_menu_typo_line_height":0,"ocean_menu_typo_line_height_tablet":0,"ocean_menu_typo_line_height_mobile":0,"ocean_menu_typo_line_height_unit":"","ocean_menu_typo_spacing":0,"ocean_menu_typo_spacing_tablet":0,"ocean_menu_typo_spacing_mobile":0,"ocean_menu_typo_spacing_unit":"","ocean_menu_link_color":"","ocean_menu_link_color_hover":"","ocean_menu_link_color_active":"","ocean_menu_link_background":"","ocean_menu_link_hover_background":"","ocean_menu_link_active_background":"","ocean_menu_social_links_bg":"","ocean_menu_social_hover_links_bg":"","ocean_menu_social_links_color":"","ocean_menu_social_hover_links_color":"","ocean_disable_title":"default","ocean_disable_heading":"default","ocean_post_title":"","ocean_post_subheading":"","ocean_post_title_style":"","ocean_post_title_background_color":"","ocean_post_title_background":0,"ocean_post_title_bg_image_position":"","ocean_post_title_bg_image_attachment":"","ocean_post_title_bg_image_repeat":"","ocean_post_title_bg_image_size":"","ocean_post_title_height":0,"ocean_post_title_bg_overlay":0.5,"ocean_post_title_bg_overlay_color":"","ocean_disable_breadcrumbs":"default","ocean_breadcrumbs_color":"","ocean_breadcrumbs_separator_color":"","ocean_breadcrumbs_links_color":"","ocean_breadcrumbs_links_hover_color":"","ocean_display_footer_widgets":"default","ocean_display_footer_bottom":"default","ocean_custom_footer_template":""},"product_brand":[121],"product_cat":[55],"product_tag":[],"class_list":{"0":"post-2497","1":"product","2":"type-product","3":"status-publish","4":"has-post-thumbnail","6":"product_brand-lepo-ecobio-cosmetica","7":"product_cat-maquillage","9":"entry","10":"has-media","12":"first","13":"instock","14":"taxable","15":"shipping-taxable","16":"purchasable","17":"product-type-simple","18":"has-rating","19":"col","20":"span_1_of_3","21":"owp-content-center","22":"owp-thumbs-layout-horizontal","23":"owp-btn-normal","24":"owp-tabs-layout-section","25":"has-no-thumbnails","26":"circle-sale"},"_links":{"self":[{"href":"https:\/\/www.biobey.be\/fr\/wp-json\/wp\/v2\/product\/2497","targetHints":{"allow":["GET"]}}],"collection":[{"href":"https:\/\/www.biobey.be\/fr\/wp-json\/wp\/v2\/product"}],"about":[{"href":"https:\/\/www.biobey.be\/fr\/wp-json\/wp\/v2\/types\/product"}],"replies":[{"embeddable":true,"href":"https:\/\/www.biobey.be\/fr\/wp-json\/wp\/v2\/comments?post=2497"}],"wp:featuredmedia":[{"embeddable":true,"href":"https:\/\/www.biobey.be\/fr\/wp-json\/wp\/v2\/media\/583"}],"wp:attachment":[{"href":"https:\/\/www.biobey.be\/fr\/wp-json\/wp\/v2\/media?parent=2497"}],"wp:term":[{"taxonomy":"product_brand","embeddable":true,"href":"https:\/\/www.biobey.be\/fr\/wp-json\/wp\/v2\/product_brand?post=2497"},{"taxonomy":"product_cat","embeddable":true,"href":"https:\/\/www.biobey.be\/fr\/wp-json\/wp\/v2\/product_cat?post=2497"},{"taxonomy":"product_tag","embeddable":true,"href":"https:\/\/www.biobey.be\/fr\/wp-json\/wp\/v2\/product_tag?post=2497"}],"curies":[{"name":"wp","href":"https:\/\/api.w.org\/{rel}","templated":true}]}}