{"id":2499,"date":"2023-08-22T00:31:21","date_gmt":"2023-08-21T22:31:21","guid":{"rendered":"https:\/\/www.biobey.be\/fr-temp\/produit\/eyeliner-bio-noir-liquide-eco-lepo-4ml\/"},"modified":"2025-07-11T13:43:37","modified_gmt":"2025-07-11T11:43:37","slug":"eyeliner-bio-noir-liquide-eco-lepo-4ml","status":"publish","type":"product","link":"https:\/\/www.biobey.be\/fr\/produit\/eyeliner-bio-noir-liquide-eco-lepo-4ml\/","title":{"rendered":"Eyeliner bio noir eco Lepo 4ml"},"content":{"rendered":"<p>Eyeliner bio noir liquide de Lepo est con\u00e7u pour cr\u00e9er un regard plus profond et un look magnifiquement d\u00e9fini. L&rsquo;eyeliner liquide a une couleur plus intense et donc davantage d&rsquo;un crayon ou un marqueur pour les yeux. Le pinceau ultra-fin est id\u00e9al pour cr\u00e9er diff\u00e9rentes \u00e9paisseurs et longueurs. L&rsquo;eyeliner bio noir de Lepo a une formule naturelle.<\/p>\n<p>Il ne contient pas de silicones, colorants synth\u00e9tiques, d\u00e9riv\u00e9s du p\u00e9trole, de parfums, d&rsquo;alcools lourds, de pegs et de parab\u00e8nes. Les eyeliners conventionnels contiennent souvent des substances synth\u00e9tiques irritantes telles que du parfum, de la tri\u00e9thylamine et des pegs. Ces substances ne sont pas seulement dess\u00e9chantes pour la peau.<\/p>\n<p>Ils peuvent aussi provoquer des irritations et une hypersensibilit\u00e9. L&rsquo;eyeline Lepo, naturel et v\u00e9g\u00e9talien, \u00e0 une formule douce pour la peau. La forme peut \u00eatre facilement r\u00e9gl\u00e9es avec le pinceau eyeliner ultra-fin.<\/p>\n<h2>Composition de l&rsquo;eyeliner bio noir liquide<\/h2>\n<p>La combinaison de diff\u00e9rentes cires v\u00e9g\u00e9tales assure la bonne consistance de l&rsquo;eyeliner liquide. Le beurre de karit\u00e9 biologique est connu pour ses propri\u00e9t\u00e9s adoucissantes, hydratantes et protectrices. Il est utilis\u00e9 dans les cr\u00e8mes anti-\u00e2ge car il prot\u00e8ge la peau contre la perte d&rsquo;humidit\u00e9. Le beurre de karit\u00e9 forme une fine couche protectrice sur la peau.<\/p>\n<p>Le beurre de karit\u00e9 est un excellent moyen naturel de prot\u00e9ger la peau contre les influences ext\u00e9rieures n\u00e9gatives. L&rsquo;eyeliner bio noir est riche en vitamine E. Cette vitamine fonctionne comme un puissant antioxydant. Elle prot\u00e8ge la peau du stress oxydatif et aide \u00e0 stimuler le renouvellement cellulaire. La composition de l&rsquo;eyeliner bio noir liquide est douce pour la peau.<\/p>\n<p>L&rsquo;eyeliner bio noir liquide naturel Lepo est v\u00e9g\u00e9talien<\/p>\n<p><strong>Mode d&#8217;emploi<\/strong> : Utilisez le pinceau fin pour cr\u00e9er la forme souhait\u00e9es.<\/p>\n<p><strong>Ingr\u00e9dients<\/strong> : Aqua , Prunus Amygdalus Dulcis (Sweet Almond) Oil*, Pentylene Glycol, Oryza Sativa Bran Wax, Stearic Acid, Oleic\/Linoleic\/Linolenic Polyglycerides, Glycerin, Cetyl Palmitate, Silica, Sorbitan Palmitate, Sorbitan Olivate, Caprylate de glyc\u00e9ryle, extrait de beurre de karit\u00e9 (Butyrospermum Parkii),<\/p>\n<p>gomme de cellulose, tocoph\u00e9rol (vitamine E), d\u00e9hydroac\u00e9tate de sodium, cire de Copernicia Cerifera*, acide p-anisique, silicate d&rsquo;aluminium et de magn\u00e9sium, hydroxyde de sodium, Ci 77499.<\/p>\n<p>*En provenance de l&rsquo;agriculture biologique<\/p>\n","protected":false},"excerpt":{"rendered":"<p>L&rsquo;eyeliner bio noir de Lepo permet de cr\u00e9er la forme souhait\u00e9e des lignes des yeux.<br \/>\nL&rsquo;eyeliner liquide peut \u00eatre appliqu\u00e9 avec le pinceau ultra-fin.<\/p>\n<p><strong>Certifications\u00a0<\/strong>: Vegan, Icea Bio<\/p>\n","protected":false},"featured_media":589,"comment_status":"open","ping_status":"closed","template":"","meta":{"ocean_post_layout":"","ocean_both_sidebars_style":"","ocean_both_sidebars_content_width":0,"ocean_both_sidebars_sidebars_width":0,"ocean_sidebar":"","ocean_second_sidebar":"","ocean_disable_margins":"enable","ocean_add_body_class":"","ocean_shortcode_before_top_bar":"","ocean_shortcode_after_top_bar":"","ocean_shortcode_before_header":"","ocean_shortcode_after_header":"","ocean_has_shortcode":"","ocean_shortcode_after_title":"","ocean_shortcode_before_footer_widgets":"","ocean_shortcode_after_footer_widgets":"","ocean_shortcode_before_footer_bottom":"","ocean_shortcode_after_footer_bottom":"","ocean_display_top_bar":"default","ocean_display_header":"default","ocean_header_style":"","ocean_center_header_left_menu":"","ocean_custom_header_template":"","ocean_custom_logo":0,"ocean_custom_retina_logo":0,"ocean_custom_logo_max_width":0,"ocean_custom_logo_tablet_max_width":0,"ocean_custom_logo_mobile_max_width":0,"ocean_custom_logo_max_height":0,"ocean_custom_logo_tablet_max_height":0,"ocean_custom_logo_mobile_max_height":0,"ocean_header_custom_menu":"","ocean_menu_typo_font_family":"","ocean_menu_typo_font_subset":"","ocean_menu_typo_font_size":0,"ocean_menu_typo_font_size_tablet":0,"ocean_menu_typo_font_size_mobile":0,"ocean_menu_typo_font_size_unit":"px","ocean_menu_typo_font_weight":"","ocean_menu_typo_font_weight_tablet":"","ocean_menu_typo_font_weight_mobile":"","ocean_menu_typo_transform":"","ocean_menu_typo_transform_tablet":"","ocean_menu_typo_transform_mobile":"","ocean_menu_typo_line_height":0,"ocean_menu_typo_line_height_tablet":0,"ocean_menu_typo_line_height_mobile":0,"ocean_menu_typo_line_height_unit":"","ocean_menu_typo_spacing":0,"ocean_menu_typo_spacing_tablet":0,"ocean_menu_typo_spacing_mobile":0,"ocean_menu_typo_spacing_unit":"","ocean_menu_link_color":"","ocean_menu_link_color_hover":"","ocean_menu_link_color_active":"","ocean_menu_link_background":"","ocean_menu_link_hover_background":"","ocean_menu_link_active_background":"","ocean_menu_social_links_bg":"","ocean_menu_social_hover_links_bg":"","ocean_menu_social_links_color":"","ocean_menu_social_hover_links_color":"","ocean_disable_title":"default","ocean_disable_heading":"default","ocean_post_title":"","ocean_post_subheading":"","ocean_post_title_style":"","ocean_post_title_background_color":"","ocean_post_title_background":0,"ocean_post_title_bg_image_position":"","ocean_post_title_bg_image_attachment":"","ocean_post_title_bg_image_repeat":"","ocean_post_title_bg_image_size":"","ocean_post_title_height":0,"ocean_post_title_bg_overlay":0.5,"ocean_post_title_bg_overlay_color":"","ocean_disable_breadcrumbs":"default","ocean_breadcrumbs_color":"","ocean_breadcrumbs_separator_color":"","ocean_breadcrumbs_links_color":"","ocean_breadcrumbs_links_hover_color":"","ocean_display_footer_widgets":"default","ocean_display_footer_bottom":"default","ocean_custom_footer_template":""},"product_brand":[121],"product_cat":[55],"product_tag":[],"class_list":{"0":"post-2499","1":"product","2":"type-product","3":"status-publish","4":"has-post-thumbnail","6":"product_brand-lepo-ecobio-cosmetica","7":"product_cat-maquillage","9":"entry","10":"has-media","12":"first","13":"instock","14":"taxable","15":"shipping-taxable","16":"purchasable","17":"product-type-simple","18":"has-rating","19":"col","20":"span_1_of_3","21":"owp-content-center","22":"owp-thumbs-layout-horizontal","23":"owp-btn-normal","24":"owp-tabs-layout-section","25":"has-no-thumbnails","26":"circle-sale"},"_links":{"self":[{"href":"https:\/\/www.biobey.be\/fr\/wp-json\/wp\/v2\/product\/2499","targetHints":{"allow":["GET"]}}],"collection":[{"href":"https:\/\/www.biobey.be\/fr\/wp-json\/wp\/v2\/product"}],"about":[{"href":"https:\/\/www.biobey.be\/fr\/wp-json\/wp\/v2\/types\/product"}],"replies":[{"embeddable":true,"href":"https:\/\/www.biobey.be\/fr\/wp-json\/wp\/v2\/comments?post=2499"}],"wp:featuredmedia":[{"embeddable":true,"href":"https:\/\/www.biobey.be\/fr\/wp-json\/wp\/v2\/media\/589"}],"wp:attachment":[{"href":"https:\/\/www.biobey.be\/fr\/wp-json\/wp\/v2\/media?parent=2499"}],"wp:term":[{"taxonomy":"product_brand","embeddable":true,"href":"https:\/\/www.biobey.be\/fr\/wp-json\/wp\/v2\/product_brand?post=2499"},{"taxonomy":"product_cat","embeddable":true,"href":"https:\/\/www.biobey.be\/fr\/wp-json\/wp\/v2\/product_cat?post=2499"},{"taxonomy":"product_tag","embeddable":true,"href":"https:\/\/www.biobey.be\/fr\/wp-json\/wp\/v2\/product_tag?post=2499"}],"curies":[{"name":"wp","href":"https:\/\/api.w.org\/{rel}","templated":true}]}}