{"id":2500,"date":"2023-08-19T00:26:38","date_gmt":"2023-08-18T22:26:38","guid":{"rendered":"https:\/\/www.biobey.be\/fr-temp\/produit\/demaquillant-bio-et-nettoyant-lepo-125ml\/"},"modified":"2026-02-18T13:36:43","modified_gmt":"2026-02-18T12:36:43","slug":"demaquillant-bio-et-nettoyant-lepo-125ml","status":"publish","type":"product","link":"https:\/\/www.biobey.be\/fr\/produit\/demaquillant-bio-et-nettoyant-lepo-125ml\/","title":{"rendered":"D\u00e9maquillant bio et nettoyant Lepo 125ml"},"content":{"rendered":"<p>D\u00e9maquillant bio et nettoyant de Lepo a \u00e9t\u00e9 con\u00e7u pour le nettoyage des peaux d\u00e9licates. La gamme Lepo Detox vise \u00e0 prot\u00e9ger la peau des radicaux libres et d&rsquo;autres agressions ext\u00e9rieures. Le lait nettoyant contient des extraits biologiques de baies de goji, d&rsquo;orange sanguine, de prot\u00e9ines de bl\u00e9, d&rsquo;huile de coco et de riz. La pollution affecte la peau et les cheveux.<\/p>\n<p>Les \u00e9missions de gaz et autres toxines se retrouvent sur le visage et provoquent un stress oxydatif. Le stress oxydatif affecte la peau et acc\u00e9l\u00e8re la formation des rides. Ce d\u00e9maquillant bio Detox \u00e9limine les impuret\u00e9s et les toxines de la peau. Il prot\u00e8ge la peau des influences n\u00e9gatives des radicaux libres. Gr\u00e2ce \u00e0 sa formule douce et naturelle, il est doux pour la peau.<\/p>\n<p>Il nettoie sans dess\u00e9cher la peau ni provoquer de rougeurs. Le lait d\u00e9maquillant bio &amp; nettoyant est id\u00e9al pour le nettoyage quotidien de la peau. Il \u00e9limine le maquillage et les impuret\u00e9s et nourrit la peau. Apr\u00e8s utilisation, la peau n&rsquo;est ni tendue ni s\u00e8che. Il convient \u00e0 tous les types de peau et aux peaux sensibles.<\/p>\n<h2>Formule d\u00e9maquillant bio et nettoyant<\/h2>\n<p>L&rsquo;huile de noix de coco biologique a un effet nettoyant et hydratant. Il prend soin de la peau sans obstruer les pores. Les baies de Goji ont un fort effet antioxydant. Ils prot\u00e8gent la peau contre la formation pr\u00e9matur\u00e9e de rides. L&rsquo;orange sanguine est riche en vitamine C. Cette vitamine stimule le processus de r\u00e9g\u00e9n\u00e9ration des cellules de la peau et agit sur le stress oxydatif.<\/p>\n<p>L&rsquo;extrait d&rsquo;orange sanguine est utilis\u00e9 dans les soins anti-\u00e2ge. Le lait d\u00e9maquillant et nettoyant bio purifie la peau et tue les mauvaises bact\u00e9ries. Il aide \u00e0 pr\u00e9venir les inflammations et les irritations. Les composants hydratants et purifiants nettoient la peau sans endommager la barri\u00e8re cutan\u00e9e. Le d\u00e9maquillant bio d\u00e9maquille et nettoie la peau. La texture douce laisse la peau agr\u00e9ablement douce apr\u00e8s utilisation.<\/p>\n<p>Le d\u00e9maquillant bio et nettoyant de Lepo est v\u00e9g\u00e9talien et certifi\u00e9 Ecocert.<\/p>\n<p><strong>Conseils d&rsquo;utilisation<\/strong> : Peut \u00eatre utilis\u00e9 comme d\u00e9maquillant et lait nettoyant. Appliquer sur la peau et masser en mouvements circulaires. Retirez ensuite avec un coton.<\/p>\n<p><strong>Ingr\u00e9dients<\/strong> : Aqua, Citrus Sinensis (Orange) Fruit *, Caprylic \/ Capric Triglyceride, Dicaprylyl Ether, Cocos Nucifera Oil *, Cetearyl Alcohol, Glyceryl Stearate, Glycerin, Cocoglycerides, Cetyl Alcohol, Potassium Palmitoyl Hydrolyzed Wheat Protein, Benz ,Fragrance (Natural Aroma), Xanthan Gum,<\/p>\n<p>Lycium Barbarum Fruit Extract *, Glyceryl Laurate, Sodium Gluconate, Tocopherol, Potassium Sorbate, Helianthus Annuus Seed Oil, Citric Acid, Paeonia Lactiflora Root Extract, Oryza Sativa Extract, Sodium Benzoate, Limonene, Linalool, Glycine Soja Oil<\/p>\n<p>*Ingr\u00e9dients d&rsquo;origine biologique<\/p>\n","protected":false},"excerpt":{"rendered":"<p>Le d\u00e9maquillant bio et nettoyant de Lepo d\u00e9maquille et purifie la peau. La formule douce a un effet antioxydant.<\/p>\n<p><strong>Certificats<\/strong> : Vegan Ok, Ecocert<br \/>\n<strong>Contenu<\/strong> : 125ml<br \/>\n<strong>Type de peau<\/strong> : Convient \u00e0 tous les types de peau<\/p>\n","protected":false},"featured_media":618,"comment_status":"open","ping_status":"closed","template":"","meta":{"ocean_post_layout":"","ocean_both_sidebars_style":"","ocean_both_sidebars_content_width":0,"ocean_both_sidebars_sidebars_width":0,"ocean_sidebar":"","ocean_second_sidebar":"","ocean_disable_margins":"enable","ocean_add_body_class":"","ocean_shortcode_before_top_bar":"","ocean_shortcode_after_top_bar":"","ocean_shortcode_before_header":"","ocean_shortcode_after_header":"","ocean_has_shortcode":"","ocean_shortcode_after_title":"","ocean_shortcode_before_footer_widgets":"","ocean_shortcode_after_footer_widgets":"","ocean_shortcode_before_footer_bottom":"","ocean_shortcode_after_footer_bottom":"","ocean_display_top_bar":"default","ocean_display_header":"default","ocean_header_style":"","ocean_center_header_left_menu":"","ocean_custom_header_template":"","ocean_custom_logo":0,"ocean_custom_retina_logo":0,"ocean_custom_logo_max_width":0,"ocean_custom_logo_tablet_max_width":0,"ocean_custom_logo_mobile_max_width":0,"ocean_custom_logo_max_height":0,"ocean_custom_logo_tablet_max_height":0,"ocean_custom_logo_mobile_max_height":0,"ocean_header_custom_menu":"","ocean_menu_typo_font_family":"","ocean_menu_typo_font_subset":"","ocean_menu_typo_font_size":0,"ocean_menu_typo_font_size_tablet":0,"ocean_menu_typo_font_size_mobile":0,"ocean_menu_typo_font_size_unit":"px","ocean_menu_typo_font_weight":"","ocean_menu_typo_font_weight_tablet":"","ocean_menu_typo_font_weight_mobile":"","ocean_menu_typo_transform":"","ocean_menu_typo_transform_tablet":"","ocean_menu_typo_transform_mobile":"","ocean_menu_typo_line_height":0,"ocean_menu_typo_line_height_tablet":0,"ocean_menu_typo_line_height_mobile":0,"ocean_menu_typo_line_height_unit":"","ocean_menu_typo_spacing":0,"ocean_menu_typo_spacing_tablet":0,"ocean_menu_typo_spacing_mobile":0,"ocean_menu_typo_spacing_unit":"","ocean_menu_link_color":"","ocean_menu_link_color_hover":"","ocean_menu_link_color_active":"","ocean_menu_link_background":"","ocean_menu_link_hover_background":"","ocean_menu_link_active_background":"","ocean_menu_social_links_bg":"","ocean_menu_social_hover_links_bg":"","ocean_menu_social_links_color":"","ocean_menu_social_hover_links_color":"","ocean_disable_title":"default","ocean_disable_heading":"default","ocean_post_title":"","ocean_post_subheading":"","ocean_post_title_style":"","ocean_post_title_background_color":"","ocean_post_title_background":0,"ocean_post_title_bg_image_position":"","ocean_post_title_bg_image_attachment":"","ocean_post_title_bg_image_repeat":"","ocean_post_title_bg_image_size":"","ocean_post_title_height":0,"ocean_post_title_bg_overlay":0.5,"ocean_post_title_bg_overlay_color":"","ocean_disable_breadcrumbs":"default","ocean_breadcrumbs_color":"","ocean_breadcrumbs_separator_color":"","ocean_breadcrumbs_links_color":"","ocean_breadcrumbs_links_hover_color":"","ocean_display_footer_widgets":"default","ocean_display_footer_bottom":"default","ocean_custom_footer_template":""},"product_brand":[102],"product_cat":[55,18,17,16],"product_tag":[],"class_list":{"0":"post-2500","1":"product","2":"type-product","3":"status-publish","4":"has-post-thumbnail","6":"product_brand-argital","7":"product_cat-maquillage","8":"product_cat-nettoyage-de-la-peau-et-masques","9":"product_cat-soins-du-visage","10":"product_cat-soins","12":"entry","13":"has-media","15":"first","16":"instock","17":"taxable","18":"shipping-taxable","19":"purchasable","20":"product-type-simple","21":"has-rating","22":"col","23":"span_1_of_3","24":"owp-content-center","25":"owp-thumbs-layout-horizontal","26":"owp-btn-normal","27":"owp-tabs-layout-section","28":"has-no-thumbnails","29":"circle-sale"},"_links":{"self":[{"href":"https:\/\/www.biobey.be\/fr\/wp-json\/wp\/v2\/product\/2500","targetHints":{"allow":["GET"]}}],"collection":[{"href":"https:\/\/www.biobey.be\/fr\/wp-json\/wp\/v2\/product"}],"about":[{"href":"https:\/\/www.biobey.be\/fr\/wp-json\/wp\/v2\/types\/product"}],"replies":[{"embeddable":true,"href":"https:\/\/www.biobey.be\/fr\/wp-json\/wp\/v2\/comments?post=2500"}],"wp:featuredmedia":[{"embeddable":true,"href":"https:\/\/www.biobey.be\/fr\/wp-json\/wp\/v2\/media\/618"}],"wp:attachment":[{"href":"https:\/\/www.biobey.be\/fr\/wp-json\/wp\/v2\/media?parent=2500"}],"wp:term":[{"taxonomy":"product_brand","embeddable":true,"href":"https:\/\/www.biobey.be\/fr\/wp-json\/wp\/v2\/product_brand?post=2500"},{"taxonomy":"product_cat","embeddable":true,"href":"https:\/\/www.biobey.be\/fr\/wp-json\/wp\/v2\/product_cat?post=2500"},{"taxonomy":"product_tag","embeddable":true,"href":"https:\/\/www.biobey.be\/fr\/wp-json\/wp\/v2\/product_tag?post=2500"}],"curies":[{"name":"wp","href":"https:\/\/api.w.org\/{rel}","templated":true}]}}