{"id":2502,"date":"2023-08-21T16:31:08","date_gmt":"2023-08-21T14:31:08","guid":{"rendered":"https:\/\/www.biobey.be\/fr-temp\/produit\/creme-visage-hydratante-au-chanvre-bio-24\/"},"modified":"2025-07-11T13:46:15","modified_gmt":"2025-07-11T11:46:15","slug":"creme-visage-hydratante-au-chanvre-bio-24","status":"publish","type":"product","link":"https:\/\/www.biobey.be\/fr\/produit\/creme-visage-hydratante-au-chanvre-bio-24\/","title":{"rendered":"Cr\u00e8me visage hydratante au chanvre bio 24 h 75 g"},"content":{"rendered":"<p>28Cr\u00e8me visage hydratante au chanvre bio 24 h de Cannaderm est une cr\u00e8me de jour et de nuit con\u00e7ue pour apaiser les peaux s\u00e8ches. La composition neutre convient aux personnes ayant une peau s\u00e8che et sensible. La cr\u00e8me v\u00e9g\u00e9talienne pour le visage de Cannaderm est \u00e0 base d&rsquo;huile de chanvre biologique. Celui-ci a un effet nourrissant, r\u00e9g\u00e9n\u00e9rant et anti-inflammatoire.<\/p>\n<p>La teneur \u00e9lev\u00e9e en acides gras insatur\u00e9s contribue \u00e0 prot\u00e9ger la peau hypersensible contre les influences ext\u00e9rieures n\u00e9gatives. La cr\u00e8me visage hydratante au chanvre bio 24h aide \u00e0 pr\u00e9venir les ridules en nourrissant la peau et en pr\u00e9venant la perte d&rsquo;humidit\u00e9. La barri\u00e8re cutan\u00e9e endommag\u00e9e provoque des rougeurs, des irritations et une d\u00e9shydratation de la peau.<\/p>\n<p>La cr\u00e8me visage hydratante au chanvre bio 24h aide \u00e0 renforcer la couche protectrice naturelle de la peau. Elle apaise la peau s\u00e8che et aide \u00e0 pr\u00e9venir la perte d&rsquo;hydratation. Avec une utilisation r\u00e9guli\u00e8re, la r\u00e9sistance des peaux sensibles est renforc\u00e9e.<\/p>\n<h2>Composition de la cr\u00e8me visage hydratante au chanvre bio 24 h<\/h2>\n<p>L&rsquo;effet apaisant de la cr\u00e8me pour le visage est d\u00fb \u00e0 sa formule riche en om\u00e9ga 3 &#8211; 6, en vitamine E, B et en antioxydants. La cr\u00e8me pour le visage Cannaderm contient de l&rsquo;huile de graines de chanvre biologique, des extraits de chanvre, des huiles essentielles de lavande, de g\u00e9ranium, de camphre et de la glyc\u00e9rine v\u00e9g\u00e9tale.<\/p>\n<p>La forte concentration d&rsquo;huile de graines de chanvre et d&rsquo;extraits de chanvre acc\u00e9l\u00e8re le processus de r\u00e9cup\u00e9ration de la peau.<\/p>\n<p>Gr\u00e2ce \u00e0 sa teneur \u00e9lev\u00e9e en huiles om\u00e9ga\u00a0\u00bb et om\u00e9ga 6, l&rsquo;huile de chanvre est utilis\u00e9e pour traiter les affections cutan\u00e9es telles que l&rsquo;ecz\u00e9ma, le psoriasis et la rosac\u00e9e. L&rsquo;extrait de lavande a un effet apaisant et anti-inflammatoire sur la peau. La vitamine E contenue dans la cr\u00e8me hydratante pour le visage au chanvre a un effet antioxydant.<\/p>\n<p>Elle prot\u00e8ge la peau contre les effets n\u00e9gatifs des radicaux libres. La composition douce, mais efficace de la cr\u00e8me pour le visage adoucit la peau s\u00e8che et prot\u00e8ge contre les rides. Elle convient aux personnes ayant une peau s\u00e8che, mature et hypersensible.<\/p>\n<p>La cr\u00e8me visage hydratante au chanvre bio de Cannaderm est v\u00e9g\u00e9talienne et certifi\u00e9e biologique par le CPK. Elle ne contient pas de parab\u00e8nes, de silicones, d&rsquo;huiles min\u00e9rales, de pegs, de parfums, d&rsquo;alcools lourds et de conservateurs synth\u00e9tiques.<\/p>\n<p><strong>Mode d&#8217;emploi :<\/strong> Appliquez la cr\u00e8me hydratante pour le visage sur la peau nettoy\u00e9e deux fois par jour. Elle convient comme cr\u00e8me de jour et de nuit.<\/p>\n<p><strong>Ingr\u00e9dients :<\/strong> Aqua, huile de graines de Cannabis Sativa, glyc\u00e9rine, polyglyc\u00e9ryl-3 m\u00e9thylglucose di\u00e9arate, st\u00e9arates de glyc\u00e9ryle, tocoph\u00e9rol, acide st\u00e9arique, panth\u00e9nol, alcool c\u00e9tylique, acide palmitique, bisabolol, gomme de xanthane, extrait de graines de Cannabis Sativa, acide p-anisique, Huile de<\/p>\n<p>Lavandula Angustifolia, extrait de fleur de Lonicera Caprifolium, l\u00e9cithine, acide lactique, hydroxyde de sodium, extrait de fleur de Lonicera Japonica, linalool, huile de Cymbopogon Flexuosus, huile de Pelargonium Graveolens, citral, citronellol, g\u00e9raniol, acide citrique, inositol, limon\u00e8ne.<\/p>\n","protected":false},"excerpt":{"rendered":"<p>La cr\u00e8me visage hydratante 24h au chanvre de Cannaderm apaise les peaux s\u00e8ches. Sa composition neutre convient aux personnes ayant une peau hypersensible. Une formule riche en om\u00e9ga 3 et om\u00e9ga 6 prot\u00e8ge la peau contre les radicaux libres et la formation pr\u00e9matur\u00e9e de rides.<\/p>\n<p><strong>Caract\u00e9ristiques<\/strong> : Vegan,\u00a0 CPK Bio<br \/>\n<strong>Formule<\/strong> : Huile de graines de chanvre biologique, extraits de chanvre, huile de lavande, vitamines E et B<br \/>\n<strong>Consistance<\/strong> : texture cr\u00e9meuse<br \/>\n<strong>Contenu<\/strong> : 75g\/ ml<\/p>\n","protected":false},"featured_media":627,"comment_status":"open","ping_status":"closed","template":"","meta":{"ocean_post_layout":"","ocean_both_sidebars_style":"","ocean_both_sidebars_content_width":0,"ocean_both_sidebars_sidebars_width":0,"ocean_sidebar":"","ocean_second_sidebar":"","ocean_disable_margins":"enable","ocean_add_body_class":"","ocean_shortcode_before_top_bar":"","ocean_shortcode_after_top_bar":"","ocean_shortcode_before_header":"","ocean_shortcode_after_header":"","ocean_has_shortcode":"","ocean_shortcode_after_title":"","ocean_shortcode_before_footer_widgets":"","ocean_shortcode_after_footer_widgets":"","ocean_shortcode_before_footer_bottom":"","ocean_shortcode_after_footer_bottom":"","ocean_display_top_bar":"default","ocean_display_header":"default","ocean_header_style":"","ocean_center_header_left_menu":"","ocean_custom_header_template":"","ocean_custom_logo":0,"ocean_custom_retina_logo":0,"ocean_custom_logo_max_width":0,"ocean_custom_logo_tablet_max_width":0,"ocean_custom_logo_mobile_max_width":0,"ocean_custom_logo_max_height":0,"ocean_custom_logo_tablet_max_height":0,"ocean_custom_logo_mobile_max_height":0,"ocean_header_custom_menu":"","ocean_menu_typo_font_family":"","ocean_menu_typo_font_subset":"","ocean_menu_typo_font_size":0,"ocean_menu_typo_font_size_tablet":0,"ocean_menu_typo_font_size_mobile":0,"ocean_menu_typo_font_size_unit":"px","ocean_menu_typo_font_weight":"","ocean_menu_typo_font_weight_tablet":"","ocean_menu_typo_font_weight_mobile":"","ocean_menu_typo_transform":"","ocean_menu_typo_transform_tablet":"","ocean_menu_typo_transform_mobile":"","ocean_menu_typo_line_height":0,"ocean_menu_typo_line_height_tablet":0,"ocean_menu_typo_line_height_mobile":0,"ocean_menu_typo_line_height_unit":"","ocean_menu_typo_spacing":0,"ocean_menu_typo_spacing_tablet":0,"ocean_menu_typo_spacing_mobile":0,"ocean_menu_typo_spacing_unit":"","ocean_menu_link_color":"","ocean_menu_link_color_hover":"","ocean_menu_link_color_active":"","ocean_menu_link_background":"","ocean_menu_link_hover_background":"","ocean_menu_link_active_background":"","ocean_menu_social_links_bg":"","ocean_menu_social_hover_links_bg":"","ocean_menu_social_links_color":"","ocean_menu_social_hover_links_color":"","ocean_disable_title":"default","ocean_disable_heading":"default","ocean_post_title":"","ocean_post_subheading":"","ocean_post_title_style":"","ocean_post_title_background_color":"","ocean_post_title_background":0,"ocean_post_title_bg_image_position":"","ocean_post_title_bg_image_attachment":"","ocean_post_title_bg_image_repeat":"","ocean_post_title_bg_image_size":"","ocean_post_title_height":0,"ocean_post_title_bg_overlay":0.5,"ocean_post_title_bg_overlay_color":"","ocean_disable_breadcrumbs":"default","ocean_breadcrumbs_color":"","ocean_breadcrumbs_separator_color":"","ocean_breadcrumbs_links_color":"","ocean_breadcrumbs_links_hover_color":"","ocean_display_footer_widgets":"default","ocean_display_footer_bottom":"default","ocean_custom_footer_template":""},"product_brand":[109],"product_cat":[41,19,49,17,16,43],"product_tag":[],"class_list":{"0":"post-2502","1":"product","2":"type-product","3":"status-publish","4":"has-post-thumbnail","6":"product_brand-cannaderm","7":"product_cat-cbd-et-chanvre-biologique","8":"product_cat-cremes-naturelles-de-jour-et-de-nuit","9":"product_cat-peau-seche","10":"product_cat-soins-du-visage","11":"product_cat-soins","12":"product_cat-soins-naturels-cbd","14":"entry","15":"has-media","17":"first","18":"instock","19":"taxable","20":"shipping-taxable","21":"purchasable","22":"product-type-simple","23":"has-rating","24":"col","25":"span_1_of_3","26":"owp-content-center","27":"owp-thumbs-layout-horizontal","28":"owp-btn-normal","29":"owp-tabs-layout-section","30":"has-no-thumbnails","31":"circle-sale"},"_links":{"self":[{"href":"https:\/\/www.biobey.be\/fr\/wp-json\/wp\/v2\/product\/2502","targetHints":{"allow":["GET"]}}],"collection":[{"href":"https:\/\/www.biobey.be\/fr\/wp-json\/wp\/v2\/product"}],"about":[{"href":"https:\/\/www.biobey.be\/fr\/wp-json\/wp\/v2\/types\/product"}],"replies":[{"embeddable":true,"href":"https:\/\/www.biobey.be\/fr\/wp-json\/wp\/v2\/comments?post=2502"}],"wp:featuredmedia":[{"embeddable":true,"href":"https:\/\/www.biobey.be\/fr\/wp-json\/wp\/v2\/media\/627"}],"wp:attachment":[{"href":"https:\/\/www.biobey.be\/fr\/wp-json\/wp\/v2\/media?parent=2502"}],"wp:term":[{"taxonomy":"product_brand","embeddable":true,"href":"https:\/\/www.biobey.be\/fr\/wp-json\/wp\/v2\/product_brand?post=2502"},{"taxonomy":"product_cat","embeddable":true,"href":"https:\/\/www.biobey.be\/fr\/wp-json\/wp\/v2\/product_cat?post=2502"},{"taxonomy":"product_tag","embeddable":true,"href":"https:\/\/www.biobey.be\/fr\/wp-json\/wp\/v2\/product_tag?post=2502"}],"curies":[{"name":"wp","href":"https:\/\/api.w.org\/{rel}","templated":true}]}}