{"id":2503,"date":"2025-05-02T02:13:56","date_gmt":"2025-05-02T00:13:56","guid":{"rendered":"https:\/\/www.biobey.be\/fr-temp\/produit\/creme-contre-lacne-au-chanvre-bio-75ml\/"},"modified":"2026-02-25T22:52:17","modified_gmt":"2026-02-25T21:52:17","slug":"creme-contre-lacne-au-chanvre-bio-75ml","status":"publish","type":"product","link":"https:\/\/www.biobey.be\/fr\/produit\/creme-contre-lacne-au-chanvre-bio-75ml\/","title":{"rendered":"Cr\u00e8me contre l&rsquo;acn\u00e9 au chanvre bio Cannaderm 75 ml"},"content":{"rendered":"<p>Cr\u00e8me contre l&rsquo;acn\u00e9 au chanvre bio de Cannaderm a \u00e9t\u00e9 con\u00e7ue pour traiter l&rsquo;acn\u00e9, la peau grasse et les pores obstru\u00e9s. Sa composition \u00e0 base d&rsquo;huile de graines de chanvre biologique press\u00e9e \u00e0 froid a un effet anti-inflammatoire et r\u00e9g\u00e9n\u00e9rant. La cr\u00e8me pour le visage aide \u00e0 r\u00e9duire les boutons, les rougeurs et les petites inflammations.<\/p>\n<p>Une production excessive de s\u00e9bum provoque une peau grasse. Il cr\u00e9e en plus un environnement favorable aux mauvaises bact\u00e9ries. Cela provoque une inflammation et des pouss\u00e9es d&rsquo;acn\u00e9.<\/p>\n<p>La cr\u00e8me contre l&rsquo;acn\u00e9 au chanvre bio r\u00e9duit la production excessive de s\u00e9bum sans dess\u00e9cher la peau. La combinaison d&rsquo;huile d&rsquo;arbre \u00e0 th\u00e9, d&rsquo;huile de camphre, d&rsquo;extrait de thym et d&rsquo;huile de graines de chanvre a des propri\u00e9t\u00e9s antibact\u00e9riennes et apaisantes. Elle aide \u00e0 r\u00e9parer l&rsquo;acn\u00e9, les impuret\u00e9s et les peaux irrit\u00e9es.<\/p>\n<p>L&rsquo;utilisation r\u00e9guli\u00e8re de la cr\u00e8me Canaderm contre l&rsquo;acn\u00e9 contribue \u00e0 am\u00e9liorer la structure de la peau et \u00e0 la prot\u00e9ger des inflammations et des pouss\u00e9es d&rsquo;acn\u00e9. La cr\u00e8me peut \u00eatre utilis\u00e9e en combinaison avec le s\u00e9rum <span style=\"color: #0000ff;\"><a style=\"color: #0000ff;\" href=\"https:\/\/www.biobey.be\/fr\/produit\/traitement-contre-acne-serum-hemp\/\">anti-acn\u00e9ique roll-on de Cannaderm<\/a><\/span>.<\/p>\n<h2>Cr\u00e8me contre l&rsquo;acn\u00e9 au chanvre bio pour le traitement local de l&rsquo;acn\u00e9 et des rougeurs<\/h2>\n<p>L&rsquo;huile de chanvre biologique press\u00e9e \u00e0 froid est riche en om\u00e9ga 3 et om\u00e9ga 6. L&rsquo;huile de chanvre est utilis\u00e9e pour le traitement local de l&rsquo;acn\u00e9 et des rougeurs. Elle n&rsquo;obstrue pas les pores car l&rsquo;huile est non com\u00e9dog\u00e8ne.<\/p>\n<p>L&rsquo;huile de chanvre acc\u00e9l\u00e8re le processus de r\u00e9g\u00e9n\u00e9ration de la peau et renforce la barri\u00e8re cutan\u00e9e. En outre, la cr\u00e8me contre l&rsquo;acn\u00e9 contient des huiles de thym, d&rsquo;arbre \u00e0 th\u00e9 et de camphre.<\/p>\n<p>L&rsquo;huile d&rsquo;arbre \u00e0 th\u00e9 peut \u00eatre appliqu\u00e9e par voie topique pour r\u00e9duire les boutons et les impuret\u00e9s. L&rsquo;huile d&rsquo;arbre \u00e0 th\u00e9 est utilis\u00e9e \u00e0 la fois pour les probl\u00e8mes de peau et de cuir chevelu.<span style=\"color: #0000ff;\"><a style=\"color: #0000ff;\" href=\"https:\/\/www.biobey.be\/fr\/produit\/creme-au-camphre-et-thym-bio-50ml\/\"> L&rsquo;huile de camphre<\/a><\/span> d\u00e9sinfecte efficacement sans dess\u00e9cher ni irriter la peau. La composition riche en extraits et huiles b\u00e9n\u00e9fiques garantit le bon fonctionnement de la cr\u00e8me contre l&rsquo;acn\u00e9 au chanvre bio.<\/p>\n<p>La cr\u00e8me contre l&rsquo;acn\u00e9 au chanvre bio pour le visage Cannaderm peut \u00eatre utilis\u00e9e sur l&rsquo;ensemble du visage. Il est con\u00e7u pour traiter l&rsquo;acn\u00e9, les impuret\u00e9s et les peaux grasses.<\/p>\n<p>La cr\u00e8me contre l&rsquo;acn\u00e9 au chanvre bio est v\u00e9g\u00e9talienne et certifi\u00e9e biologique Cpk. Elle ne contient pas de parab\u00e8nes, de silicones, de d\u00e9riv\u00e9s du p\u00e9trole, de pegs, de parfums et d&rsquo;alcools lourds.<\/p>\n<p><strong>Remarque :<\/strong> utilisable \u00e0 partir de 12 ans.<\/p>\n<p><strong>Mode d&#8217;emploi<\/strong> : Appliquez la cr\u00e8me deux fois par jour sur une peau nettoy\u00e9e. Masser doucement jusqu&rsquo;\u00e0 ce que la peau soit bien absorb\u00e9e. Ne convient pas aux enfants de moins de 12 ans.<\/p>\n<h2>Quatre \u00e9tapes naturelles pour prendre soin des peaux \u00e0 tendance acn\u00e9ique<\/h2>\n<p>Vous souhaitez en savoir plus sur les traitements naturels contre l&rsquo;acn\u00e9 ? Nous vous pr\u00e9sentons ci-dessous une routine en quatre \u00e9tapes pour traiter l&rsquo;acn\u00e9.<\/p>\n<h3>\u00c9tape 1 : Nettoyez votre peau avec la mousse <a href=\"https:\/\/www.biobey.be\/fr\/produit\/gel-moussant-visage-bio-acne-peau-grasse\/\">nettoyante Cannaderm Aknea<\/a><\/h3>\n<p>Utilisez ce nettoyant visage anti-acn\u00e9 non com\u00e9dog\u00e8ne pour nettoyer votre peau.<\/p>\n<p>\u00c9vitez les savons ou nettoyants agressifs qui peuvent dess\u00e9cher et irriter votre peau. La plupart des produits conventionnels contre les boutons contiennent de l&rsquo;alcool chimique agressif et sont dess\u00e9chants.<\/p>\n<p>Massez doucement votre peau avec la mousse nettoyante \u00e0 l&rsquo;aide de vos doigts. \u00c9vitez les savons ou nettoyants agressifs qui peuvent ass\u00e9cher et irriter votre peau. La plupart des produits conventionnels pour les boutons contiennent de l&rsquo;alcool chimique agressif et sont dess\u00e9chants.<br \/>\nMassez doucement la mousse nettoyante sur votre peau du bout des doigts, puis rincez abondamment \u00e0 l&rsquo;eau ti\u00e8de.<\/p>\n<h3>\u00c9tape 2 : Exfolier avec un exfoliant doux ou un masque \u00e0 l&rsquo;argile blanche<\/h3>\n<p>Utiliser un exfoliant doux ou de l&rsquo;argile blanche pour \u00e9liminer les cellules mortes et l&rsquo;exc\u00e8s de s\u00e9bum. L&rsquo;argile blanche aide \u00e9galement \u00e0 d\u00e9boucher les pores.<\/p>\n<h3>\u00c9tape 3 : Pr\u00e9-traitement avec le s\u00e9rum anti-acn\u00e9 Cannaderm<\/h3>\n<p>Appliquez un s\u00e9rum anti-acn\u00e9 sur les zones \u00e0 probl\u00e8mes de votre peau.<br \/>\nSuivez les instructions du produit pour conna\u00eetre la quantit\u00e9 et l&rsquo;application correctes.<br \/>\nLaissez le s\u00e9rum s\u00e9cher compl\u00e8tement avant de passer \u00e0 l&rsquo;\u00e9tape suivante.<\/p>\n<h3>\u00c9tape 4 : Traiter avec la cr\u00e8me anti-acn\u00e9 Cannaderm<\/h3>\n<p>Appliquez la cr\u00e8me anti-acn\u00e9 Cannaderm non com\u00e9dog\u00e8ne pour traiter et hydrater votre peau sans obstruer vos pores. Massez doucement la cr\u00e8me anti-acn\u00e9 Cannaderm sur votre peau jusqu&rsquo;\u00e0 ce qu&rsquo;elle soit compl\u00e8tement absorb\u00e9e. Il est important de suivre cette routine quotidiennement pour obtenir de meilleurs r\u00e9sultats.<\/p>\n<p><strong>Ingr\u00e9dients :<\/strong> Aqua, Cannabis Sativa Seed Oil, Glyceryl Stearates, Cetearyl Alcohol, Glyceryl Stearate Citrate, Stearic Acid, Cetyl Alcohol, Tocopherol, Glycerin, Panthenol, Alcohol Denat, Extrait de racine de Symphytum Officinale, Acide palmitique, Lactylate de Sodium Caproyl\/Lauroyl, Extrait de graine de Cannabis Sativa, Alun de Potassium,<\/p>\n<p>Huile de Thymus Vulgaris, Extrait de r\u00e9sine de Commiphora Myrrha, Citrate de Tri\u00e9thyle, Acide Salicylique, Gomme xanthane, bicarbonate de sodium, caprylate de glyc\u00e9ryle, bisabolol, acide p-anisique, extrait de fleur de Lonicera Caprifolium, l\u00e9cithine, huile de feuilles de Melaleuca Alternifolia, extrait de fleur de Lonicera Japonica, linalool, limon\u00e8ne, acide citrique.<\/p>\n<p><strong>Caract\u00e9ristiques<\/strong> : Vegan, Cpk Bio et <strong>Formule<\/strong> : Huile de graines de chanvre biologique press\u00e9e \u00e0 froid, huile de th\u00e9ier, huile de camphre et extraits de thym. Convient pour une utilisation \u00e0 partir de 12 ans <strong>Contenu<\/strong> : 75\u2009g\/ml<\/p>\n","protected":false},"excerpt":{"rendered":"<p>Cette cr\u00e8me anti-acn\u00e9 naturelle \u00e0 base d&rsquo;huile de chanvre biologique press\u00e9e \u00e0 froid est con\u00e7ue pour traiter l&rsquo;acn\u00e9, les imperfections et la peau grasse. Elle peut \u00eatre utilis\u00e9e en combinaison avec le roll on de s\u00e9rum anti-acn\u00e9 Cannaderm.<\/p>\n","protected":false},"featured_media":568,"comment_status":"open","ping_status":"closed","template":"","meta":{"ocean_post_layout":"","ocean_both_sidebars_style":"","ocean_both_sidebars_content_width":0,"ocean_both_sidebars_sidebars_width":0,"ocean_sidebar":"","ocean_second_sidebar":"","ocean_disable_margins":"enable","ocean_add_body_class":"","ocean_shortcode_before_top_bar":"","ocean_shortcode_after_top_bar":"","ocean_shortcode_before_header":"","ocean_shortcode_after_header":"","ocean_has_shortcode":"","ocean_shortcode_after_title":"","ocean_shortcode_before_footer_widgets":"","ocean_shortcode_after_footer_widgets":"","ocean_shortcode_before_footer_bottom":"","ocean_shortcode_after_footer_bottom":"","ocean_display_top_bar":"default","ocean_display_header":"default","ocean_header_style":"","ocean_center_header_left_menu":"","ocean_custom_header_template":"","ocean_custom_logo":0,"ocean_custom_retina_logo":0,"ocean_custom_logo_max_width":0,"ocean_custom_logo_tablet_max_width":0,"ocean_custom_logo_mobile_max_width":0,"ocean_custom_logo_max_height":0,"ocean_custom_logo_tablet_max_height":0,"ocean_custom_logo_mobile_max_height":0,"ocean_header_custom_menu":"","ocean_menu_typo_font_family":"","ocean_menu_typo_font_subset":"","ocean_menu_typo_font_size":0,"ocean_menu_typo_font_size_tablet":0,"ocean_menu_typo_font_size_mobile":0,"ocean_menu_typo_font_size_unit":"px","ocean_menu_typo_font_weight":"","ocean_menu_typo_font_weight_tablet":"","ocean_menu_typo_font_weight_mobile":"","ocean_menu_typo_transform":"","ocean_menu_typo_transform_tablet":"","ocean_menu_typo_transform_mobile":"","ocean_menu_typo_line_height":0,"ocean_menu_typo_line_height_tablet":0,"ocean_menu_typo_line_height_mobile":0,"ocean_menu_typo_line_height_unit":"","ocean_menu_typo_spacing":0,"ocean_menu_typo_spacing_tablet":0,"ocean_menu_typo_spacing_mobile":0,"ocean_menu_typo_spacing_unit":"","ocean_menu_link_color":"","ocean_menu_link_color_hover":"","ocean_menu_link_color_active":"","ocean_menu_link_background":"","ocean_menu_link_hover_background":"","ocean_menu_link_active_background":"","ocean_menu_social_links_bg":"","ocean_menu_social_hover_links_bg":"","ocean_menu_social_links_color":"","ocean_menu_social_hover_links_color":"","ocean_disable_title":"default","ocean_disable_heading":"default","ocean_post_title":"","ocean_post_subheading":"","ocean_post_title_style":"","ocean_post_title_background_color":"","ocean_post_title_background":0,"ocean_post_title_bg_image_position":"","ocean_post_title_bg_image_attachment":"","ocean_post_title_bg_image_repeat":"","ocean_post_title_bg_image_size":"","ocean_post_title_height":0,"ocean_post_title_bg_overlay":0.5,"ocean_post_title_bg_overlay_color":"","ocean_disable_breadcrumbs":"default","ocean_breadcrumbs_color":"","ocean_breadcrumbs_separator_color":"","ocean_breadcrumbs_links_color":"","ocean_breadcrumbs_links_hover_color":"","ocean_display_footer_widgets":"default","ocean_display_footer_bottom":"default","ocean_custom_footer_template":""},"product_brand":[109],"product_cat":[21,41,47,17,16,43],"product_tag":[],"class_list":{"0":"post-2503","1":"product","2":"type-product","3":"status-publish","4":"has-post-thumbnail","6":"product_brand-cannaderm","7":"product_cat-acne-et-peau-abimee","8":"product_cat-cbd-et-chanvre-biologique","9":"product_cat-offres-et-minis","10":"product_cat-soins-du-visage","11":"product_cat-soins","12":"product_cat-soins-naturels-cbd","14":"entry","15":"has-media","17":"first","18":"instock","19":"taxable","20":"shipping-taxable","21":"purchasable","22":"product-type-simple","23":"has-rating","24":"col","25":"span_1_of_3","26":"owp-content-center","27":"owp-thumbs-layout-horizontal","28":"owp-btn-normal","29":"owp-tabs-layout-section","30":"has-no-thumbnails","31":"circle-sale"},"_links":{"self":[{"href":"https:\/\/www.biobey.be\/fr\/wp-json\/wp\/v2\/product\/2503","targetHints":{"allow":["GET"]}}],"collection":[{"href":"https:\/\/www.biobey.be\/fr\/wp-json\/wp\/v2\/product"}],"about":[{"href":"https:\/\/www.biobey.be\/fr\/wp-json\/wp\/v2\/types\/product"}],"replies":[{"embeddable":true,"href":"https:\/\/www.biobey.be\/fr\/wp-json\/wp\/v2\/comments?post=2503"}],"wp:featuredmedia":[{"embeddable":true,"href":"https:\/\/www.biobey.be\/fr\/wp-json\/wp\/v2\/media\/568"}],"wp:attachment":[{"href":"https:\/\/www.biobey.be\/fr\/wp-json\/wp\/v2\/media?parent=2503"}],"wp:term":[{"taxonomy":"product_brand","embeddable":true,"href":"https:\/\/www.biobey.be\/fr\/wp-json\/wp\/v2\/product_brand?post=2503"},{"taxonomy":"product_cat","embeddable":true,"href":"https:\/\/www.biobey.be\/fr\/wp-json\/wp\/v2\/product_cat?post=2503"},{"taxonomy":"product_tag","embeddable":true,"href":"https:\/\/www.biobey.be\/fr\/wp-json\/wp\/v2\/product_tag?post=2503"}],"curies":[{"name":"wp","href":"https:\/\/api.w.org\/{rel}","templated":true}]}}