{"id":2511,"date":"2024-04-14T12:35:02","date_gmt":"2024-04-14T10:35:02","guid":{"rendered":"https:\/\/www.biobey.be\/fr-temp\/produit\/serum-collagene-bio-booster-vegan-20ml\/"},"modified":"2025-07-11T13:21:45","modified_gmt":"2025-07-11T11:21:45","slug":"serum-collagene-bio-booster-vegan-20ml","status":"publish","type":"product","link":"https:\/\/www.biobey.be\/fr\/produit\/serum-collagene-bio-booster-vegan-20ml\/","title":{"rendered":"S\u00e9rum collag\u00e8ne bio booster &#8211; gel vegan 20ml"},"content":{"rendered":"<p>Le s\u00e9rum collag\u00e8ne bio booster de Lepo est con\u00e7u pour favoriser et soutenir la production de collag\u00e8ne dans la peau. La formule concentr\u00e9e ralentit le vieillissement pr\u00e9matur\u00e9 de la peau, rend la peau plus \u00e9lastique et plus tendue.<\/p>\n<p><strong>Les ingr\u00e9dients actifs sont:<\/strong><br \/>\nGluconolactone (PHA), gommes v\u00e9g\u00e9tales et extrait d&rsquo;aloe vera biologique. Collag\u00e8ne v\u00e9g\u00e9tal obtenu \u00e0 partir de 3 gommes v\u00e9g\u00e9tales: gomme d&rsquo;acacia senegal, gomme rhizobienne hydrolys\u00e9e et gomme de xanthane. Le s\u00e9rum collag\u00e8ne bio booster <strong>am\u00e9liore l&rsquo;\u00e9lasticit\u00e9 de la peau, l&rsquo;hydrate et uniformise les irr\u00e9gularit\u00e9s<\/strong>.<\/p>\n<p>La d\u00e9gradation et le retard de production du collag\u00e8ne affaiblissent l&rsquo;\u00e9lasticit\u00e9 de la peau. Cela cause un vieillissement pr\u00e9matur\u00e9 de la peau, une alt\u00e9ration de la peau et la formation de rides.<\/p>\n<h2>Effet raffermissant du gel s\u00e9rum collag\u00e8ne bio booster<\/h2>\n<p>Les compl\u00e9ments et produits de soins au collag\u00e8ne ne peuvent pas nourrir la peau avec du collag\u00e8ne. Les principes actifs stimulent la production de collag\u00e8ne dans la peau et ralentissent sa d\u00e9gradation. La gluconolactone est un PHA naturel doux qui ne provoque pas de sensibilit\u00e9 au soleil.<\/p>\n<p>Gr\u00e2ce \u00e0 son effet apaisant et hydratant, elle convient aux peaux sensibles et s\u00e8ches. La gluconolactone prot\u00e8ge le collag\u00e8ne en s&rsquo;opposant \u00e0 la glycation dans la peau. La gomme d&rsquo;acacia senegal est connue pour son action anti-\u00e2ge. Elle a un effet liftant et raffermissant.<\/p>\n<p>Son action astringente lisse la peau et aide \u00e0 combler les fines rides. La gomme hyzobienne hydrolys\u00e9e est un biopolym\u00e8re obtenu par la fermentation de bact\u00e9ries rhizobium.<\/p>\n<p>Comme la gluconolactone, elle contribue \u00e0 inhiber l&rsquo;action des enzymes responsables de la d\u00e9gradation du collag\u00e8ne. Le s\u00e9rum collag\u00e8ne bio booster aide \u00e0 cr\u00e9er une bonne balance entre la production et la d\u00e9gradation du collag\u00e8ne.<\/p>\n<p>Le stress oxydatif acc\u00e9l\u00e8re l&rsquo;action des enzymes responsables de la d\u00e9gradation du collag\u00e8ne. La forte concentration de vitamines, d&rsquo;antioxydants et d&rsquo;acides amin\u00e9s dans le s\u00e9rum collag\u00e8ne bio booster <strong>prot\u00e8ge la peau du stress oxydatif<\/strong>. Il renforce la barri\u00e8re cutan\u00e9e et rend la peau plus r\u00e9sistante aux effets n\u00e9gatifs des radicaux libres.<\/p>\n<p>Gr\u00e2ce \u00e0 sa texture g\u00e9lifi\u00e9e, le s\u00e9rum a un effet raffermissant sur la peau. \u00c0 cause de cela, la peau appara\u00eet plus lisse et plus douce d\u00e8s la premi\u00e8re application.<\/p>\n<h2>Quels sont les bienfaits du s\u00e9rum au collag\u00e8ne ?<\/h2>\n<p>Le s\u00e9rum collag\u00e8ne bio booster de Lepo aide \u00e0 raffermir la peau, \u00e0 r\u00e9duire les ridules et \u00e0 hydrater les peaux s\u00e8ches. Gr\u00e2ce \u00e0 sa formule riche en antioxydants, le s\u00e9rum booster de collag\u00e8ne prot\u00e8ge la peau des influences ext\u00e9rieures n\u00e9gatives.<\/p>\n<p>Le s\u00e9rum collag\u00e8ne bio booster contient de la gluconolactone (PHA), des gommes v\u00e9g\u00e9tales et de l&rsquo;extrait d&rsquo;aloe vera biologique. Le gluconolactone contribue \u00e0 ralentir la d\u00e9gradation du collag\u00e8ne. Ce PHA doux aide \u00e0 rendre la peau plus r\u00e9sistante aux dommages caus\u00e9s par les rayons UV. L&rsquo;aloe vera biologique hydrate la peau s\u00e8che et la prot\u00e8ge contre la perte d&rsquo;humidit\u00e9.<\/p>\n<p>La d\u00e9gradation et le retard de production du collag\u00e8ne affaiblissent l&rsquo;\u00e9lasticit\u00e9 de la peau. Cela entra\u00eene un vieillissement pr\u00e9matur\u00e9 de la peau, une alt\u00e9ration de la peau et la formation de rides.<\/p>\n<p>Le collag\u00e8ne v\u00e9g\u00e9tal obtenu \u00e0 partir de trois gommes v\u00e9g\u00e9tales, la gomme d&rsquo;acacia senegal, la gomme rhizobienne hydrolys\u00e9e et la gomme xanthane, stimule la production de collag\u00e8ne et ralentit la d\u00e9gradation du collag\u00e8ne. Ainsi, le s\u00e9rum collag\u00e8ne bio booster de Lepo am\u00e9liore l&rsquo;\u00e9lasticit\u00e9 de la peau et ralentit la formation des rides.<\/p>\n<p><strong>Lepo gel s\u00e9rum collag\u00e8ne bio booster est vegan<\/strong><\/p>\n<p><strong>Mode d&#8217;emploi<\/strong> : Utilisez le gel-s\u00e9rum matin et soir sur une peau nettoy\u00e9e. Appliquez quelques gouttes sur le visage et tapotez doucement jusqu&rsquo;\u00e0 ce que le s\u00e9rum absorbe la peau. Convient aux peaux sensibles.<\/p>\n<p><strong>Ingr\u00e9dients<\/strong> : Aqua, jus de feuilles d&rsquo;Aloe Barbadensis*, gluconolactone, gomme xanthane, glyc\u00e9rine, alcool benzylique, gomme d&rsquo;Acacia S\u00e9n\u00e9gal, hydroxyde de sodium, benzoate de sodium, gomme de Rhyzobian hydrolys\u00e9e, acide d\u00e9hydroac\u00e9tique, phytate de sodium.<\/p>\n<p>*Ingr\u00e9dients issus de l&rsquo;agriculture biologique.<\/p>\n<p><strong>Formule:<\/strong> Gluconolactone , gommes v\u00e9g\u00e9tales et aloe vera<br \/>\n<strong>Certifications<\/strong>: Vegan, Ecocert<br \/>\n<strong>Texture:<\/strong> Consistance fine de type gel<\/p>\n","protected":false},"excerpt":{"rendered":"<p>Le gel concentr\u00e9 booster s\u00e9rum collag\u00e8ne bio de Lepo soutient et stimule la production de collag\u00e8ne dans la peau. Il contribue \u00e0 ralentir la d\u00e9gradation du collag\u00e8ne et \u00e0 pr\u00e9venir le stress oxydatif. Apr\u00e8s utilisation, la peau et plus lisse, plus douce et plus ferme.<\/p>\n","protected":false},"featured_media":585,"comment_status":"open","ping_status":"closed","template":"","meta":{"ocean_post_layout":"","ocean_both_sidebars_style":"","ocean_both_sidebars_content_width":0,"ocean_both_sidebars_sidebars_width":0,"ocean_sidebar":"","ocean_second_sidebar":"","ocean_disable_margins":"enable","ocean_add_body_class":"","ocean_shortcode_before_top_bar":"","ocean_shortcode_after_top_bar":"","ocean_shortcode_before_header":"","ocean_shortcode_after_header":"","ocean_has_shortcode":"","ocean_shortcode_after_title":"","ocean_shortcode_before_footer_widgets":"","ocean_shortcode_after_footer_widgets":"","ocean_shortcode_before_footer_bottom":"","ocean_shortcode_after_footer_bottom":"","ocean_display_top_bar":"default","ocean_display_header":"default","ocean_header_style":"","ocean_center_header_left_menu":"","ocean_custom_header_template":"","ocean_custom_logo":0,"ocean_custom_retina_logo":0,"ocean_custom_logo_max_width":0,"ocean_custom_logo_tablet_max_width":0,"ocean_custom_logo_mobile_max_width":0,"ocean_custom_logo_max_height":0,"ocean_custom_logo_tablet_max_height":0,"ocean_custom_logo_mobile_max_height":0,"ocean_header_custom_menu":"","ocean_menu_typo_font_family":"","ocean_menu_typo_font_subset":"","ocean_menu_typo_font_size":0,"ocean_menu_typo_font_size_tablet":0,"ocean_menu_typo_font_size_mobile":0,"ocean_menu_typo_font_size_unit":"px","ocean_menu_typo_font_weight":"","ocean_menu_typo_font_weight_tablet":"","ocean_menu_typo_font_weight_mobile":"","ocean_menu_typo_transform":"","ocean_menu_typo_transform_tablet":"","ocean_menu_typo_transform_mobile":"","ocean_menu_typo_line_height":0,"ocean_menu_typo_line_height_tablet":0,"ocean_menu_typo_line_height_mobile":0,"ocean_menu_typo_line_height_unit":"","ocean_menu_typo_spacing":0,"ocean_menu_typo_spacing_tablet":0,"ocean_menu_typo_spacing_mobile":0,"ocean_menu_typo_spacing_unit":"","ocean_menu_link_color":"","ocean_menu_link_color_hover":"","ocean_menu_link_color_active":"","ocean_menu_link_background":"","ocean_menu_link_hover_background":"","ocean_menu_link_active_background":"","ocean_menu_social_links_bg":"","ocean_menu_social_hover_links_bg":"","ocean_menu_social_links_color":"","ocean_menu_social_hover_links_color":"","ocean_disable_title":"default","ocean_disable_heading":"default","ocean_post_title":"","ocean_post_subheading":"","ocean_post_title_style":"","ocean_post_title_background_color":"","ocean_post_title_background":0,"ocean_post_title_bg_image_position":"","ocean_post_title_bg_image_attachment":"","ocean_post_title_bg_image_repeat":"","ocean_post_title_bg_image_size":"","ocean_post_title_height":0,"ocean_post_title_bg_overlay":0.5,"ocean_post_title_bg_overlay_color":"","ocean_disable_breadcrumbs":"default","ocean_breadcrumbs_color":"","ocean_breadcrumbs_separator_color":"","ocean_breadcrumbs_links_color":"","ocean_breadcrumbs_links_hover_color":"","ocean_display_footer_widgets":"default","ocean_display_footer_bottom":"default","ocean_custom_footer_template":""},"product_brand":[121],"product_cat":[17,16,20],"product_tag":[],"class_list":{"0":"post-2511","1":"product","2":"type-product","3":"status-publish","4":"has-post-thumbnail","6":"product_brand-lepo-ecobio-cosmetica","7":"product_cat-soins-du-visage","8":"product_cat-soins","9":"product_cat-anti-age","11":"entry","12":"has-media","14":"first","15":"instock","16":"taxable","17":"shipping-taxable","18":"purchasable","19":"product-type-simple","20":"has-rating","21":"col","22":"span_1_of_3","23":"owp-content-center","24":"owp-thumbs-layout-horizontal","25":"owp-btn-normal","26":"owp-tabs-layout-section","27":"has-no-thumbnails","28":"circle-sale"},"_links":{"self":[{"href":"https:\/\/www.biobey.be\/fr\/wp-json\/wp\/v2\/product\/2511","targetHints":{"allow":["GET"]}}],"collection":[{"href":"https:\/\/www.biobey.be\/fr\/wp-json\/wp\/v2\/product"}],"about":[{"href":"https:\/\/www.biobey.be\/fr\/wp-json\/wp\/v2\/types\/product"}],"replies":[{"embeddable":true,"href":"https:\/\/www.biobey.be\/fr\/wp-json\/wp\/v2\/comments?post=2511"}],"wp:featuredmedia":[{"embeddable":true,"href":"https:\/\/www.biobey.be\/fr\/wp-json\/wp\/v2\/media\/585"}],"wp:attachment":[{"href":"https:\/\/www.biobey.be\/fr\/wp-json\/wp\/v2\/media?parent=2511"}],"wp:term":[{"taxonomy":"product_brand","embeddable":true,"href":"https:\/\/www.biobey.be\/fr\/wp-json\/wp\/v2\/product_brand?post=2511"},{"taxonomy":"product_cat","embeddable":true,"href":"https:\/\/www.biobey.be\/fr\/wp-json\/wp\/v2\/product_cat?post=2511"},{"taxonomy":"product_tag","embeddable":true,"href":"https:\/\/www.biobey.be\/fr\/wp-json\/wp\/v2\/product_tag?post=2511"}],"curies":[{"name":"wp","href":"https:\/\/api.w.org\/{rel}","templated":true}]}}