{"id":2512,"date":"2023-10-16T22:00:24","date_gmt":"2023-10-16T20:00:24","guid":{"rendered":"https:\/\/www.biobey.be\/fr-temp\/produit\/bio-et-eco-beautybox-de-85-euro-gratuit\/"},"modified":"2025-07-11T13:33:43","modified_gmt":"2025-07-11T11:33:43","slug":"bio-et-eco-beautybox-de-85-euro-gratuit","status":"publish","type":"product","link":"https:\/\/www.biobey.be\/fr\/produit\/bio-et-eco-beautybox-de-85-euro-gratuit\/","title":{"rendered":"Bio et Eco Beautybox de \u20ac85"},"content":{"rendered":"<p>Beautybox contient des produits de soin et de beaut\u00e9 naturels et \u00e9cologiques.<\/p>\n<p>Que contient la Bio et Eco Beautybox<\/p>\n<p>1. Cr\u00e8me pour le visage Naobay 50\u2009ml<\/p>\n<p>La cr\u00e8me pour le visage de Naobay est con\u00e7ue pour stimuler le processus de r\u00e9g\u00e9n\u00e9ration de la peau et la prot\u00e9ger contre les influences ext\u00e9rieures n\u00e9gatives. La cr\u00e8me de jour est riche en antioxydants qui prot\u00e8gent la peau des effets n\u00e9gatifs des radicaux libres.<\/p>\n<p>La cr\u00e8me pour le visage naturelle de Naobay pour les peaux normales \u00e0 d\u00e9shydrat\u00e9es et ternes. Elle a une composition neutre et douce. La cr\u00e8me convient donc aux soins quotidiens des peaux hypersensibles.<\/p>\n<p><strong>2. Tonique pour le visage Naobay 200 ml ou Eau micellaire illuminatrice 200 ml<\/strong><\/p>\n<p>Le tonique Naobay Face a un effet multifonctionnel. Il peut \u00eatre utilis\u00e9 pour un nettoyage suppl\u00e9mentaire de la peau, pour rafra\u00eechir le visage pendant la journ\u00e9e et comme spray fixateur de maquillage. Les principaux ingr\u00e9dients de ce tonique facial sont l&rsquo;acide hyaluronique, l&rsquo;extrait de feuilles de th\u00e9 vert, l&rsquo;extrait de myrtille et de pomme. Aller au produit<\/p>\n<p><strong>3. Masque charbon noir visage de Naobay 75ml<\/strong><\/p>\n<p>Le masque d\u00e9tox au charbon noir est id\u00e9al pour une \u00ab\u00a0d\u00e9tox\u00a0\u00bb de la peau. Il nettoie la peau, lib\u00e8re les pores congestionn\u00e9s et \u00e9limine les mauvaises bact\u00e9ries. Le masque facial purifie sans dess\u00e9cher la peau. Il contient des vitamines, des min\u00e9raux, des acides AHA et des antioxydants. Aller au produit<\/p>\n<p><strong>Crayon Bio Kohl Lepo yeux sensibles ou Crayon fard bio \u00e0 paupi\u00e8res gris anthracite\/ Champagne\u00a0<\/strong><\/p>\n<p>Le crayon kh\u00f4l naturel noir pour les yeux Lepo convient aux yeux sensibles. La couleur noire intense cr\u00e9e un look magnifique. Le crayon kh\u00f4l kajal pour les yeux contient de l&rsquo;huile de noix de coco biologique. Il est riche en acides amin\u00e9s essentiels, en vitamine E et en antioxydants. Production respectueuse de l&rsquo;environnement. Aller au produit.<\/p>\n<p><strong>4. Bioearth Elementa Serum 15ml <\/strong><\/p>\n<p>Les s\u00e9rums Elementa de Bioearth peuvent \u00eatre utilis\u00e9s directement ou m\u00e9lang\u00e9s \u00e0 la cr\u00e8me pour le visage Elementa. Les s\u00e9rums Elementa contiennent une forte concentration de principes actifs pour une efficacit\u00e9 maximale. Chaque s\u00e9rum a une action sp\u00e9cifique. Types de s\u00e9rums Elemanta : s\u00e9rum de vitamine C, s\u00e9rum de vitamine E, s\u00e9rum de caf\u00e9ine et de ginseng, s\u00e9rum de silicium et de microalgues 2%, s\u00e9rum de niacinamide 10 + zinc 1.<\/p>\n<p><strong>5. Masque feuille hydratant anti-\u00e2ge Bioearth 15ml ou Masque feuille au romarin purifiant 15ml<\/strong><\/p>\n<p>Le masque en feuille hydratant anti-\u00e2ge est sp\u00e9cialement con\u00e7u pour les peaux s\u00e8ches et d\u00e9shydrat\u00e9es. Il apporte aux peaux fatigu\u00e9es de la vitalit\u00e9 et une hydratation profonde. Le masque en feuille de Bioearth peut \u00eatre utilis\u00e9 en combinaison avec le s\u00e9rum hydratant Bioearth 5ml. Masque en feuille de cellulose fabriqu\u00e9 \u00e0 partir d&rsquo;un mat\u00e9riau biod\u00e9gradable. L&#8217;emballage est fait de papier \u00e9cologique.<\/p>\n<p><strong>6. Baume \u00e0 l\u00e8vres v\u00e9g\u00e9talien Bio Seed<\/strong><br \/>\nHydrate et adoucit les l\u00e8vres s\u00e8ches.<\/p>\n<p><strong>7. S\u00e9rum booster d&rsquo;hydratation intense 5ml <\/strong><strong>ou S\u00e9rum PHA taches et pigmentations 5ml<\/strong><\/p>\n<p>Le s\u00e9rum \u00e9nergisant hydratant Bioearth peut \u00eatre utilis\u00e9 seul ou avec le masque en feuille hydratant Bioearth. Ce s\u00e9rum riche en acide hyaluronique, en extraits de camomille et de calendula donne un coup de fouet instantan\u00e9 \u00e0 l&rsquo;hydratation de la peau. Aller au produit<\/p>\n<h3>Les Mini&rsquo;s dans le Bio et Eco Beautybox<\/h3>\n<ul>\n<li>Mini masque capillaire Argital 20 ml<\/li>\n<li>Shampooing format voyage 20 ml<\/li>\n<li>Beurre corporel Mini Lepo 10ml<\/li>\n<li>Cr\u00e8me pour le corps Lift 7 ml<\/li>\n<li>Rem\u00e8de pour la peau Lepo 5 ml<\/li>\n<\/ul>\n<p>Pour certains produits, vous pouvez choisir une option diff\u00e9rente. Si vous le souhaitez, vous pouvez nous indiquer dans la note de commande le produit que vous pr\u00e9f\u00e9rez.<\/p>\n<p><span style=\"font-weight: 400;\">Le crayon pour les yeux Khol noir peut \u00eatre remplac\u00e9 par:\u00a0<\/span><\/p>\n<ul>\n<li><span style=\"font-weight: 400;\">L\u2019ombre \u00e0 paupi\u00e8res crayon bio de couleur naturelle champagne<\/span><\/li>\n<li><span style=\"font-weight: 400;\">Crayon fard bio \u00e0 paupi\u00e8res gris anthracite<\/span><\/li>\n<\/ul>\n<p><span style=\"font-weight: 400;\">Naobay tonique visage\u00a0 200ml\u00a0 peut \u00eatre remplac\u00e9 par:<\/span><\/p>\n<ul>\n<li><span style=\"font-weight: 400;\">Eau micellaire illuminatrice 200ml<\/span><\/li>\n<\/ul>\n<p><span style=\"font-weight: 400;\">Masque visage tissu hydratant anti-\u00e2ge 15ml peut \u00eatre remplac\u00e9 par:\u00a0<\/span><\/p>\n<ul>\n<li><span style=\"font-weight: 400;\">Masque feuille au romarin purifiant 15ml<\/span><\/li>\n<\/ul>\n<p><span style=\"font-weight: 400;\">S\u00e9rum nourrissant 5ml peut \u00eatre remplac\u00e9 par:<\/span><\/p>\n<ul>\n<li><span style=\"font-weight: 400;\">S\u00e9rum PHA taches et pigmentations 5ml<\/span><\/li>\n<\/ul>\n","protected":false},"excerpt":{"rendered":"<p>Contenu : 8 produits de taille normale et 5 produits mini.<\/p>\n","protected":false},"featured_media":577,"comment_status":"open","ping_status":"closed","template":"","meta":{"ocean_post_layout":"","ocean_both_sidebars_style":"","ocean_both_sidebars_content_width":0,"ocean_both_sidebars_sidebars_width":0,"ocean_sidebar":"","ocean_second_sidebar":"","ocean_disable_margins":"enable","ocean_add_body_class":"","ocean_shortcode_before_top_bar":"","ocean_shortcode_after_top_bar":"","ocean_shortcode_before_header":"","ocean_shortcode_after_header":"","ocean_has_shortcode":"","ocean_shortcode_after_title":"","ocean_shortcode_before_footer_widgets":"","ocean_shortcode_after_footer_widgets":"","ocean_shortcode_before_footer_bottom":"","ocean_shortcode_after_footer_bottom":"","ocean_display_top_bar":"default","ocean_display_header":"default","ocean_header_style":"","ocean_center_header_left_menu":"","ocean_custom_header_template":"","ocean_custom_logo":0,"ocean_custom_retina_logo":0,"ocean_custom_logo_max_width":0,"ocean_custom_logo_tablet_max_width":0,"ocean_custom_logo_mobile_max_width":0,"ocean_custom_logo_max_height":0,"ocean_custom_logo_tablet_max_height":0,"ocean_custom_logo_mobile_max_height":0,"ocean_header_custom_menu":"","ocean_menu_typo_font_family":"","ocean_menu_typo_font_subset":"","ocean_menu_typo_font_size":0,"ocean_menu_typo_font_size_tablet":0,"ocean_menu_typo_font_size_mobile":0,"ocean_menu_typo_font_size_unit":"px","ocean_menu_typo_font_weight":"","ocean_menu_typo_font_weight_tablet":"","ocean_menu_typo_font_weight_mobile":"","ocean_menu_typo_transform":"","ocean_menu_typo_transform_tablet":"","ocean_menu_typo_transform_mobile":"","ocean_menu_typo_line_height":0,"ocean_menu_typo_line_height_tablet":0,"ocean_menu_typo_line_height_mobile":0,"ocean_menu_typo_line_height_unit":"","ocean_menu_typo_spacing":0,"ocean_menu_typo_spacing_tablet":0,"ocean_menu_typo_spacing_mobile":0,"ocean_menu_typo_spacing_unit":"","ocean_menu_link_color":"","ocean_menu_link_color_hover":"","ocean_menu_link_color_active":"","ocean_menu_link_background":"","ocean_menu_link_hover_background":"","ocean_menu_link_active_background":"","ocean_menu_social_links_bg":"","ocean_menu_social_hover_links_bg":"","ocean_menu_social_links_color":"","ocean_menu_social_hover_links_color":"","ocean_disable_title":"default","ocean_disable_heading":"default","ocean_post_title":"","ocean_post_subheading":"","ocean_post_title_style":"","ocean_post_title_background_color":"","ocean_post_title_background":0,"ocean_post_title_bg_image_position":"","ocean_post_title_bg_image_attachment":"","ocean_post_title_bg_image_repeat":"","ocean_post_title_bg_image_size":"","ocean_post_title_height":0,"ocean_post_title_bg_overlay":0.5,"ocean_post_title_bg_overlay_color":"","ocean_disable_breadcrumbs":"default","ocean_breadcrumbs_color":"","ocean_breadcrumbs_separator_color":"","ocean_breadcrumbs_links_color":"","ocean_breadcrumbs_links_hover_color":"","ocean_display_footer_widgets":"default","ocean_display_footer_bottom":"default","ocean_custom_footer_template":""},"product_brand":[118],"product_cat":[47,55,17,16],"product_tag":[],"class_list":{"0":"post-2512","1":"product","2":"type-product","3":"status-publish","4":"has-post-thumbnail","6":"product_brand-bioearth","7":"product_cat-offres-et-minis","8":"product_cat-maquillage","9":"product_cat-soins-du-visage","10":"product_cat-soins","12":"entry","13":"has-media","15":"first","16":"instock","17":"taxable","18":"shipping-taxable","19":"purchasable","20":"product-type-simple","21":"has-rating","22":"col","23":"span_1_of_3","24":"owp-content-center","25":"owp-thumbs-layout-horizontal","26":"owp-btn-normal","27":"owp-tabs-layout-section","28":"has-no-thumbnails","29":"circle-sale"},"_links":{"self":[{"href":"https:\/\/www.biobey.be\/fr\/wp-json\/wp\/v2\/product\/2512","targetHints":{"allow":["GET"]}}],"collection":[{"href":"https:\/\/www.biobey.be\/fr\/wp-json\/wp\/v2\/product"}],"about":[{"href":"https:\/\/www.biobey.be\/fr\/wp-json\/wp\/v2\/types\/product"}],"replies":[{"embeddable":true,"href":"https:\/\/www.biobey.be\/fr\/wp-json\/wp\/v2\/comments?post=2512"}],"wp:featuredmedia":[{"embeddable":true,"href":"https:\/\/www.biobey.be\/fr\/wp-json\/wp\/v2\/media\/577"}],"wp:attachment":[{"href":"https:\/\/www.biobey.be\/fr\/wp-json\/wp\/v2\/media?parent=2512"}],"wp:term":[{"taxonomy":"product_brand","embeddable":true,"href":"https:\/\/www.biobey.be\/fr\/wp-json\/wp\/v2\/product_brand?post=2512"},{"taxonomy":"product_cat","embeddable":true,"href":"https:\/\/www.biobey.be\/fr\/wp-json\/wp\/v2\/product_cat?post=2512"},{"taxonomy":"product_tag","embeddable":true,"href":"https:\/\/www.biobey.be\/fr\/wp-json\/wp\/v2\/product_tag?post=2512"}],"curies":[{"name":"wp","href":"https:\/\/api.w.org\/{rel}","templated":true}]}}