{"id":2513,"date":"2023-08-19T23:44:33","date_gmt":"2023-08-19T21:44:33","guid":{"rendered":"https:\/\/www.biobey.be\/fr-temp\/produit\/rouge-a-levres-vegan-rose-velvet-ibiza\/"},"modified":"2025-10-10T23:51:45","modified_gmt":"2025-10-10T21:51:45","slug":"rouge-a-levres-vegan-rose-velvet-ibiza","status":"publish","type":"product","link":"https:\/\/www.biobey.be\/fr\/produit\/rouge-a-levres-vegan-rose-velvet-ibiza\/","title":{"rendered":"Rouge \u00e0 l\u00e8vres vegan bio Golden Rose Velvet 4.0 IBIZA"},"content":{"rendered":"<p>Le rouge \u00e0 l\u00e8vres vegan bio Golden Rose Velvet Bio a une teinte rose fonc\u00e9 velvet intense et un fini semi-mat. C&rsquo;est un excellent choix pour faire para\u00eetre les l\u00e8vres plus pulpeuses. Les pigments min\u00e9raux de haute qualit\u00e9 cr\u00e9ent une couleur uniforme et intense \u00e0 longue dur\u00e9e sur les l\u00e8vres. La cire v\u00e9g\u00e9tale cr\u00e9e une consistance cr\u00e9meuse qui laisse les l\u00e8vres douces comme du velours.<\/p>\n<p>La formule 100% naturelle est particuli\u00e8rement adapt\u00e9e aux personnes ayant des l\u00e8vres s\u00e8ches ou sensibles. Le rouge \u00e0 l\u00e8vres vegan Golden Rose Velvet Bio permet non seulement de cr\u00e9er un look saisissant, mais aussi de soigner et de prot\u00e9ger efficacement les l\u00e8vres. L&rsquo;huile d&rsquo;amande douce et l&rsquo;huile de jojoba nourrissent les l\u00e8vres d&rsquo;acides gras essentiels et de vitamines.<\/p>\n<p>Le rouge \u00e0 l\u00e8vres riche en antioxydants prot\u00e8ge la peau des influences ext\u00e9rieures n\u00e9gatives telles que les rayons UV. Gr\u00e2ce \u00e0 sa formule riche en vitamines, le rouge \u00e0 l\u00e8vres vegan Golden Rose Velvet Bio a non seulement un effet d\u00e9coratif mais aussi nourrissant sur les l\u00e8vres.<\/p>\n<h2>Composition du rouge \u00e0 l\u00e8vres vegan Golden Rose Velvet Bio<\/h2>\n<p>Les pigments min\u00e9raux naturels donnent aux l\u00e8vres un aspect saisissant. Les cires v\u00e9g\u00e9tales am\u00e9liorent la consistance du rouge \u00e0 l\u00e8vres et assurent la tenue du teint. L&rsquo;huile de ricin apaise les l\u00e8vres s\u00e8ches et aide \u00e0 pr\u00e9venir les ger\u00e7ures. L&rsquo;ester de jojoba a un effet anti-inflammatoire. L&rsquo;huile d&rsquo;amande douce est l&rsquo;ingr\u00e9dient de base du rouge \u00e0 l\u00e8vres vegan. Elle soigne et hydrate les l\u00e8vres s\u00e8ches et sensibles.<\/p>\n<p>La cire de candelilla forme une fine couche protectrice naturelle sur les l\u00e8vres. Elle aide \u00e0 pr\u00e9venir la perte d&rsquo;humidit\u00e9 et prot\u00e8ge contre les agressions sext\u00e9rieur. La vitamine E contribue \u00e0 ralentir le vieillissement de la peau en combattant les effets n\u00e9gatifs des radicaux libres.<\/p>\n<p>L&rsquo;effet multifonctionnel du rouge \u00e0 l\u00e8vres est d\u00fb \u00e0 la combinaison de pigments min\u00e9raux de haute qualit\u00e9, d&rsquo;huiles nourrissantes et d&rsquo;antioxydants.<br \/>\nLe rouge \u00e0 l\u00e8vres ne contient pas de colorants chimiques, de parfums synth\u00e9tiques, de vaseline, de parab\u00e8nes, de peg&rsquo;s, de silicones, de microplastiques et d&rsquo;edta.<\/p>\n<p><strong>Conseils d&rsquo;utilisation<\/strong>: Appliquez le rouge \u00e0 l\u00e8vres directement sur les l\u00e8vres ou avec un pinceau \u00e0 l\u00e8vres. Il convient aux l\u00e8vres sensibles et s\u00e8ches.<\/p>\n<p><strong>Ingr\u00e9dients\u00a0:<\/strong> Huile de Prunus amygdalus dulcis, cire de candelilla, triglyc\u00e9ride caprylique\/caprique, huile de graines de ricinus communis, esters de jojoba, octyldodecanol, cire de graines helianthus annuus, ac\u00e9tate de tocoph\u00e9rol (vitamine E), cire de fleurs d&rsquo;acacia decurrens, polyglyc\u00e9ryl-3, fragrance (ar\u00f4me naturel).<\/p>\n","protected":false},"excerpt":{"rendered":"<p>Le rouge \u00e0 l\u00e8vres naturel v\u00e9g\u00e9talien Golden Rose Velvet Bio cr\u00e9e des l\u00e8vres qui semblent plus pulpeuses.<br \/>\nLes pigments min\u00e9raux naturels donnent une couleur intense longue dur\u00e9e. Le rouge \u00e0 l\u00e8vres naturel ne contient pas de colorants chimiques, de silicones, de parab\u00e8nes, de parfums synth\u00e9tiques, d&rsquo;edta, de microplastiques et d&rsquo;huiles min\u00e9rales.<\/p>\n<p><strong>Teint<\/strong> : Golden Rose Velvet avec finition semi-mate<br \/>\n<strong>Formule<\/strong> : Huile d&rsquo;amande douce, extrait de jojoba, huile de ricin, cire v\u00e9g\u00e9tale et vitamine E.<br \/>\n<strong>Contenu<\/strong> : 4.0 g<br \/>\nCertifications: Ecocert et Vegan<\/p>\n","protected":false},"featured_media":565,"comment_status":"open","ping_status":"closed","template":"","meta":{"ocean_post_layout":"","ocean_both_sidebars_style":"","ocean_both_sidebars_content_width":0,"ocean_both_sidebars_sidebars_width":0,"ocean_sidebar":"0","ocean_second_sidebar":"0","ocean_disable_margins":"enable","ocean_add_body_class":"","ocean_shortcode_before_top_bar":"","ocean_shortcode_after_top_bar":"","ocean_shortcode_before_header":"","ocean_shortcode_after_header":"","ocean_has_shortcode":"","ocean_shortcode_after_title":"","ocean_shortcode_before_footer_widgets":"","ocean_shortcode_after_footer_widgets":"","ocean_shortcode_before_footer_bottom":"","ocean_shortcode_after_footer_bottom":"","ocean_display_top_bar":"default","ocean_display_header":"default","ocean_header_style":"","ocean_center_header_left_menu":"0","ocean_custom_header_template":"0","ocean_custom_logo":0,"ocean_custom_retina_logo":0,"ocean_custom_logo_max_width":0,"ocean_custom_logo_tablet_max_width":0,"ocean_custom_logo_mobile_max_width":0,"ocean_custom_logo_max_height":0,"ocean_custom_logo_tablet_max_height":0,"ocean_custom_logo_mobile_max_height":0,"ocean_header_custom_menu":"0","ocean_menu_typo_font_family":"0","ocean_menu_typo_font_subset":"","ocean_menu_typo_font_size":0,"ocean_menu_typo_font_size_tablet":0,"ocean_menu_typo_font_size_mobile":0,"ocean_menu_typo_font_size_unit":"px","ocean_menu_typo_font_weight":"","ocean_menu_typo_font_weight_tablet":"","ocean_menu_typo_font_weight_mobile":"","ocean_menu_typo_transform":"","ocean_menu_typo_transform_tablet":"","ocean_menu_typo_transform_mobile":"","ocean_menu_typo_line_height":0,"ocean_menu_typo_line_height_tablet":0,"ocean_menu_typo_line_height_mobile":0,"ocean_menu_typo_line_height_unit":"","ocean_menu_typo_spacing":0,"ocean_menu_typo_spacing_tablet":0,"ocean_menu_typo_spacing_mobile":0,"ocean_menu_typo_spacing_unit":"","ocean_menu_link_color":"","ocean_menu_link_color_hover":"","ocean_menu_link_color_active":"","ocean_menu_link_background":"","ocean_menu_link_hover_background":"","ocean_menu_link_active_background":"","ocean_menu_social_links_bg":"","ocean_menu_social_hover_links_bg":"","ocean_menu_social_links_color":"","ocean_menu_social_hover_links_color":"","ocean_disable_title":"default","ocean_disable_heading":"default","ocean_post_title":"","ocean_post_subheading":"","ocean_post_title_style":"","ocean_post_title_background_color":"","ocean_post_title_background":0,"ocean_post_title_bg_image_position":"","ocean_post_title_bg_image_attachment":"","ocean_post_title_bg_image_repeat":"","ocean_post_title_bg_image_size":"","ocean_post_title_height":0,"ocean_post_title_bg_overlay":0.5,"ocean_post_title_bg_overlay_color":"","ocean_disable_breadcrumbs":"default","ocean_breadcrumbs_color":"","ocean_breadcrumbs_separator_color":"","ocean_breadcrumbs_links_color":"","ocean_breadcrumbs_links_hover_color":"","ocean_display_footer_widgets":"default","ocean_display_footer_bottom":"default","ocean_custom_footer_template":"0"},"product_brand":[116],"product_cat":[55],"product_tag":[],"class_list":{"0":"post-2513","1":"product","2":"type-product","3":"status-publish","4":"has-post-thumbnail","6":"product_brand-geoderm","7":"product_cat-maquillage","9":"entry","10":"has-media","12":"first","13":"instock","14":"taxable","15":"shipping-taxable","16":"purchasable","17":"product-type-simple","18":"has-rating","19":"col","20":"span_1_of_3","21":"owp-content-center","22":"owp-thumbs-layout-horizontal","23":"owp-btn-normal","24":"owp-tabs-layout-section","25":"has-no-thumbnails","26":"circle-sale"},"_links":{"self":[{"href":"https:\/\/www.biobey.be\/fr\/wp-json\/wp\/v2\/product\/2513","targetHints":{"allow":["GET"]}}],"collection":[{"href":"https:\/\/www.biobey.be\/fr\/wp-json\/wp\/v2\/product"}],"about":[{"href":"https:\/\/www.biobey.be\/fr\/wp-json\/wp\/v2\/types\/product"}],"replies":[{"embeddable":true,"href":"https:\/\/www.biobey.be\/fr\/wp-json\/wp\/v2\/comments?post=2513"}],"wp:featuredmedia":[{"embeddable":true,"href":"https:\/\/www.biobey.be\/fr\/wp-json\/wp\/v2\/media\/565"}],"wp:attachment":[{"href":"https:\/\/www.biobey.be\/fr\/wp-json\/wp\/v2\/media?parent=2513"}],"wp:term":[{"taxonomy":"product_brand","embeddable":true,"href":"https:\/\/www.biobey.be\/fr\/wp-json\/wp\/v2\/product_brand?post=2513"},{"taxonomy":"product_cat","embeddable":true,"href":"https:\/\/www.biobey.be\/fr\/wp-json\/wp\/v2\/product_cat?post=2513"},{"taxonomy":"product_tag","embeddable":true,"href":"https:\/\/www.biobey.be\/fr\/wp-json\/wp\/v2\/product_tag?post=2513"}],"curies":[{"name":"wp","href":"https:\/\/api.w.org\/{rel}","templated":true}]}}