{"id":2514,"date":"2025-05-25T20:20:01","date_gmt":"2025-05-25T18:20:01","guid":{"rendered":"https:\/\/www.biobey.be\/fr-temp\/produit\/rouge-a-levres-mineral-malaga-rougeorange\/"},"modified":"2026-04-19T21:06:43","modified_gmt":"2026-04-19T19:06:43","slug":"rouge-a-levres-mineral-malaga-rougeorange","status":"publish","type":"product","link":"https:\/\/www.biobey.be\/fr\/produit\/rouge-a-levres-mineral-malaga-rougeorange\/","title":{"rendered":"Rouge \u00e0 l\u00e8vres min\u00e9ral Malaga &#8211; Rouge orang\u00e9 4.0"},"content":{"rendered":"<p>Un rouge \u00e0 l\u00e8vres naturel qui ne dess\u00e8che pas les l\u00e8vres ? Le rouge \u00e0 l\u00e8vres min\u00e9ral Malaga est v\u00e9g\u00e9talien, naturel et a des propri\u00e9t\u00e9s hydratantes qui l&#8217;emp\u00eachent de dess\u00e9cher les l\u00e8vres.<\/p>\n<p><strong>Les principales propri\u00e9t\u00e9s de ce rouge \u00e0 l\u00e8vres naturel<\/strong><\/p>\n<ul>\n<li>ne dess\u00e8che pas les l\u00e8vres: nourrissant et hydratant<\/li>\n<li>convient aux personnes \u00e0 la peau hypersensible<\/li>\n<li>\u00e0 base de cire v\u00e9g\u00e9tale<\/li>\n<\/ul>\n<p>Rouge \u00e0 l\u00e8vres min\u00e9ral Malaga est formul\u00e9 \u00e0 base de pigments min\u00e9raux de haute qualit\u00e9, d&rsquo;huiles v\u00e9g\u00e9tales biologiques et de cires v\u00e9g\u00e9tales. Le teint rouge orang\u00e9 au fini semi-mat cr\u00e9e un look chaleureux et estival. Les pigments min\u00e9raux de haute qualit\u00e9 assurent un teint uniforme et durable. Le <span style=\"color: #0000ff;\"><a style=\"color: #0000ff;\" href=\"https:\/\/www.biobey.be\/fr\/produit\/crayon-levres-bio-brique-rouge-lepo-no-50\/\">crayon \u00e0 l\u00e8vres naturel Lepo<\/a><\/span> souligne la forme des l\u00e8vres et prolonge la dur\u00e9e du rouge \u00e0 l\u00e8vres.<\/p>\n<p>La couleur rouge orang\u00e9 au semi-mat peut \u00eatre utilis\u00e9e en combinaison avec un look maquillage ensoleill\u00e9. Le rouge \u00e0 l\u00e8vres min\u00e9ral Malaga de Geoderm convient parfaitement aux personnes hypersensibles aux rouges \u00e0 l\u00e8vres classiques contenant des ingr\u00e9dients synth\u00e9tiques.<\/p>\n<p>Les huiles d&rsquo;amande et de jojoba nourrissantes hydratent les l\u00e8vres s\u00e8ches tandis que la cire v\u00e9g\u00e9tale pr\u00e9vient la perte d&rsquo;hydratation. Le <span style=\"color: #0000ff;\"><a style=\"color: #0000ff;\" href=\"https:\/\/www.biobey.be\/fr\/produit\/gloss-bio-volume-ultra-rose-chocolat\/\">gloss hydratant naturel<\/a> <\/span>cr\u00e9e plus de volume et donne aux l\u00e8vres un look plus hydrat\u00e9.<\/p>\n<p>La formule naturelle, riche en vitamines et en antioxydants, soigne et prot\u00e8ge les l\u00e8vres des agressions ext\u00e9rieures. Le rouge \u00e0 l\u00e8vres min\u00e9ral donne un aspect radieux et prend soin des l\u00e8vres.<\/p>\n<h2>Formule rouge \u00e0 l\u00e8vres min\u00e9ral v\u00e9g\u00e9talien Malaga Rouge orang\u00e9<\/h2>\n<p>Les pigments min\u00e9raux de haute qualit\u00e9 sont de longue dur\u00e9e et offrent une protection contre les rayons UV. La texture cr\u00e9meuse du rouge \u00e0 l\u00e8vres min\u00e9ral est due \u00e0 la cire v\u00e9g\u00e9tale. L&rsquo;extrait de jojoba et l&rsquo;huile d&rsquo;amande douce nourrissent les l\u00e8vres de vitamines et d&rsquo;acides gras essentiels. L&rsquo;huile d&rsquo;amande douce hydrate en profondeur et apaise les l\u00e8vres s\u00e8ches.<\/p>\n<p>L&rsquo;extrait de jojoba est nourrissant et antibact\u00e9rien. Il aide \u00e0 pr\u00e9venir les inflammations et les irritations de la peau. L&rsquo;huile de ricin aide \u00e0 r\u00e9parer la peau s\u00e8che et squameuse et stimule le renouvellement des cellules de la peau. La vitamine E agit sur le stress oxydatif et aide \u00e0 pr\u00e9venir le vieillissement de la peau.<\/p>\n<p>Le rouge \u00e0 l\u00e8vres min\u00e9ral v\u00e9g\u00e9tal et bio Malaga a des propri\u00e9t\u00e9s protectrices et nourrissantes. Il donne aux l\u00e8vres une belle apparence qui dure.<\/p>\n<p>Ce rouge \u00e0 l\u00e8vres min\u00e9ral est v\u00e9g\u00e9talien et certifi\u00e9 cosmos organic. Le rouge \u00e0 l\u00e8vres ne contient pas de talc, de pegs, d&rsquo;huiles min\u00e9rales (Vaseline), d&rsquo;etda, de microplastiques, de silicones, de parfum et de colorants synth\u00e9tiques.<\/p>\n<p><strong>Mode d&#8217;emploi<\/strong> : Appliquez le rouge \u00e0 l\u00e8vres sur les l\u00e8vres directement ou avec un pinceau \u00e0 l\u00e8vres fin. Convient aux personnes ayant des l\u00e8vres sensibles.<\/p>\n<p><strong>Ingr\u00e9dients<\/strong> : huile de prunus amygdalus dulcis, cire de candelilla, triglyc\u00e9ride caprylique\/caprique, huile de graines de ricinus communis, esters de jojoba, octyldod\u00e9canol, cire de graines d&rsquo;helianthus annuus, ac\u00e9tate de tocopheryl, cire de fleurs d&rsquo;acacia decurrens, polyglyc\u00e9rine-3, parfum (ar\u00f4me naturel).<\/p>\n","protected":false},"excerpt":{"rendered":"<p>Le rouge \u00e0 l\u00e8vres min\u00e9ral v\u00e9g\u00e9talien Velez Malaga a une formule purement naturelle. Les pigments min\u00e9raux ont une couleur nourrissante et durable. Le rouge \u00e0 l\u00e8vres naturel cr\u00e9e un beau look et soigne efficacement les l\u00e8vres. Il convient aux l\u00e8vres sensibles.<\/p>\n<p><strong>Certifications<\/strong> : Cosmos bio et v\u00e9g\u00e9talien<br \/>\n<strong>Formule<\/strong> : Huile d&rsquo;amande douce, extrait de jojoba, huile de ricin, vitamine E, pigments min\u00e9raux et cire v\u00e9g\u00e9tale.<br \/>\n<strong>Couleur<\/strong> : rouge orang\u00e9 avec finition semi-mate<br \/>\n<strong>Contenu<\/strong> : 4.0\u2009g<\/p>\n","protected":false},"featured_media":561,"comment_status":"open","ping_status":"closed","template":"","meta":{"ocean_post_layout":"","ocean_both_sidebars_style":"","ocean_both_sidebars_content_width":0,"ocean_both_sidebars_sidebars_width":0,"ocean_sidebar":"0","ocean_second_sidebar":"0","ocean_disable_margins":"enable","ocean_add_body_class":"","ocean_shortcode_before_top_bar":"","ocean_shortcode_after_top_bar":"","ocean_shortcode_before_header":"","ocean_shortcode_after_header":"","ocean_has_shortcode":"","ocean_shortcode_after_title":"","ocean_shortcode_before_footer_widgets":"","ocean_shortcode_after_footer_widgets":"","ocean_shortcode_before_footer_bottom":"","ocean_shortcode_after_footer_bottom":"","ocean_display_top_bar":"default","ocean_display_header":"default","ocean_header_style":"","ocean_center_header_left_menu":"0","ocean_custom_header_template":"0","ocean_custom_logo":0,"ocean_custom_retina_logo":0,"ocean_custom_logo_max_width":0,"ocean_custom_logo_tablet_max_width":0,"ocean_custom_logo_mobile_max_width":0,"ocean_custom_logo_max_height":0,"ocean_custom_logo_tablet_max_height":0,"ocean_custom_logo_mobile_max_height":0,"ocean_header_custom_menu":"0","ocean_menu_typo_font_family":"0","ocean_menu_typo_font_subset":"","ocean_menu_typo_font_size":0,"ocean_menu_typo_font_size_tablet":0,"ocean_menu_typo_font_size_mobile":0,"ocean_menu_typo_font_size_unit":"px","ocean_menu_typo_font_weight":"","ocean_menu_typo_font_weight_tablet":"","ocean_menu_typo_font_weight_mobile":"","ocean_menu_typo_transform":"","ocean_menu_typo_transform_tablet":"","ocean_menu_typo_transform_mobile":"","ocean_menu_typo_line_height":0,"ocean_menu_typo_line_height_tablet":0,"ocean_menu_typo_line_height_mobile":0,"ocean_menu_typo_line_height_unit":"","ocean_menu_typo_spacing":0,"ocean_menu_typo_spacing_tablet":0,"ocean_menu_typo_spacing_mobile":0,"ocean_menu_typo_spacing_unit":"","ocean_menu_link_color":"","ocean_menu_link_color_hover":"","ocean_menu_link_color_active":"","ocean_menu_link_background":"","ocean_menu_link_hover_background":"","ocean_menu_link_active_background":"","ocean_menu_social_links_bg":"","ocean_menu_social_hover_links_bg":"","ocean_menu_social_links_color":"","ocean_menu_social_hover_links_color":"","ocean_disable_title":"default","ocean_disable_heading":"default","ocean_post_title":"","ocean_post_subheading":"","ocean_post_title_style":"","ocean_post_title_background_color":"","ocean_post_title_background":0,"ocean_post_title_bg_image_position":"","ocean_post_title_bg_image_attachment":"","ocean_post_title_bg_image_repeat":"","ocean_post_title_bg_image_size":"","ocean_post_title_height":0,"ocean_post_title_bg_overlay":0.5,"ocean_post_title_bg_overlay_color":"","ocean_disable_breadcrumbs":"default","ocean_breadcrumbs_color":"","ocean_breadcrumbs_separator_color":"","ocean_breadcrumbs_links_color":"","ocean_breadcrumbs_links_hover_color":"","ocean_display_footer_widgets":"default","ocean_display_footer_bottom":"default","ocean_custom_footer_template":"0"},"product_brand":[116],"product_cat":[55],"product_tag":[],"class_list":{"0":"post-2514","1":"product","2":"type-product","3":"status-publish","4":"has-post-thumbnail","6":"product_brand-geoderm","7":"product_cat-maquillage","9":"entry","10":"has-media","12":"first","13":"instock","14":"taxable","15":"shipping-taxable","16":"purchasable","17":"product-type-simple","18":"has-rating","19":"col","20":"span_1_of_3","21":"owp-content-center","22":"owp-thumbs-layout-horizontal","23":"owp-btn-normal","24":"owp-tabs-layout-section","25":"has-no-thumbnails","26":"circle-sale"},"_links":{"self":[{"href":"https:\/\/www.biobey.be\/fr\/wp-json\/wp\/v2\/product\/2514","targetHints":{"allow":["GET"]}}],"collection":[{"href":"https:\/\/www.biobey.be\/fr\/wp-json\/wp\/v2\/product"}],"about":[{"href":"https:\/\/www.biobey.be\/fr\/wp-json\/wp\/v2\/types\/product"}],"replies":[{"embeddable":true,"href":"https:\/\/www.biobey.be\/fr\/wp-json\/wp\/v2\/comments?post=2514"}],"wp:featuredmedia":[{"embeddable":true,"href":"https:\/\/www.biobey.be\/fr\/wp-json\/wp\/v2\/media\/561"}],"wp:attachment":[{"href":"https:\/\/www.biobey.be\/fr\/wp-json\/wp\/v2\/media?parent=2514"}],"wp:term":[{"taxonomy":"product_brand","embeddable":true,"href":"https:\/\/www.biobey.be\/fr\/wp-json\/wp\/v2\/product_brand?post=2514"},{"taxonomy":"product_cat","embeddable":true,"href":"https:\/\/www.biobey.be\/fr\/wp-json\/wp\/v2\/product_cat?post=2514"},{"taxonomy":"product_tag","embeddable":true,"href":"https:\/\/www.biobey.be\/fr\/wp-json\/wp\/v2\/product_tag?post=2514"}],"curies":[{"name":"wp","href":"https:\/\/api.w.org\/{rel}","templated":true}]}}