{"id":2516,"date":"2025-05-23T00:54:51","date_gmt":"2025-05-22T22:54:51","guid":{"rendered":"https:\/\/www.biobey.be\/fr-temp\/produit\/ombre-a-paupieres-hypoallergenique-rose\/"},"modified":"2026-04-14T18:26:36","modified_gmt":"2026-04-14T16:26:36","slug":"ombre-a-paupieres-hypoallergenique-rose","status":"publish","type":"product","link":"https:\/\/www.biobey.be\/fr\/produit\/ombre-a-paupieres-hypoallergenique-rose\/","title":{"rendered":"Ombre \u00e0 paupi\u00e8res hypoallerg\u00e9nique rose tendre Fairy Floss 2.0"},"content":{"rendered":"<p>Un fard \u00e0 paupi\u00e8res min\u00e9ral contenant uniquement des ingr\u00e9dients v\u00e9g\u00e9taux naturels? L&rsquo;ombre \u00e0 paupi\u00e8res hypoallerg\u00e9nique rose doux Fairy Floss de Geoderm a une finition semi &#8211; m\u00e9tallique. La texture velout\u00e9e est facile \u00e0 appliquer sur les paupi\u00e8res. Si vous avez la peau sensible et que vous souhaitez une couleur plus neutre, optez pour le <span style=\"color: #0000ff;\"><a style=\"color: #0000ff;\" href=\"https:\/\/www.biobey.be\/fr\/produit\/ombre-a-paupieres-hypoallergenique-bio\/\">fard \u00e0 paupi\u00e8res couleur p\u00eache sans allerg\u00e8nes.<\/a><\/span><\/p>\n<h2>Les avantages de cet ombre \u00e0 paupi\u00e8res hypoallerg\u00e9nique rose tendre Fairy Floss<\/h2>\n<p>&#8211; sp\u00e9cialement con\u00e7u pour les peaux et les yeux sensibles<br \/>\n&#8211; effet longue dur\u00e9e gr\u00e2ce aux min\u00e9raux<br \/>\n&#8211; sans microplastiques<br \/>\n&#8211; \u00e0 l&rsquo;huile d&rsquo;amande et de rose musqu\u00e9e, a un effet nourrissant<\/p>\n<p>La composition purement naturelle convient aux personnes ayant des yeux ou une peau sensibles et aux porteurs de lentilles de contact. L&rsquo;ombre \u00e0 paupi\u00e8res est multifonctionnelle. Il peut \u00eatre utilis\u00e9 humide et sec.<\/p>\n<p>L&rsquo;ombre \u00e0 paupi\u00e8res hypoallerg\u00e9nique rose tendre bio, vegan ne contient pas de talc, de vaseline, de parfum, de colorants synth\u00e9tiques, de microplastiques, de parab\u00e8nes et d&rsquo;autres irritants. En cas d&rsquo;yeux sensibles et si vous portez des lentilles de contact, nous vous recommandons fortement d&rsquo;utiliser un <span style=\"color: #0000ff;\"><a style=\"color: #0000ff;\" href=\"https:\/\/www.biobey.be\/fr\/produit\/mascara-anti-allergique-bio-volume\/\">mascara non irritant<\/a><\/span>.<\/p>\n<p>Il peut \u00eatre utilis\u00e9 pour un maquillage naturel quotidien ou comme base pour cr\u00e9er un look plus explicite. Gr\u00e2ce aux pigments min\u00e9raux de haute qualit\u00e9, le teint de l&rsquo;ombre \u00e0 paupi\u00e8res a une longue dur\u00e9e.<\/p>\n<p>Les ingr\u00e9dients nourrissants hydratent et prot\u00e8gent les peaux sensibles. L&rsquo;ombre \u00e0 paupi\u00e8res peut \u00eatre utilis\u00e9e pour une base nude et une transition de couleurs. Gr\u00e2ce \u00e0 sa texture douce et non irritante, il peut \u00e9galement \u00eatre appliqu\u00e9 sur les coins des yeux pour cr\u00e9er un regard plus ouvert.<\/p>\n<h2>Formule de l&rsquo;ombre \u00e0 paupi\u00e8res hypoallerg\u00e9nique rose tendre Fairy Floss<\/h2>\n<p>L&rsquo;ombre \u00e0 paupi\u00e8res hypoallerg\u00e9nique Fairy Floss de Geoderm contient des d&rsquo;extrait de ma\u00efs doux, du mica et de l&rsquo;huile d&rsquo;amande et de rose musqu\u00e9e biologique. Le mica donne une finition m\u00e9tallique. La poudre d&rsquo;extrait de ma\u00efs doux est hypoallerg\u00e9nique et convient aux personnes ayant des yeux et une peau sensibles. L&rsquo;huile de rose musqu\u00e9e biologique hydrate les peaux s\u00e8ches.<\/p>\n<p>Elle adoucit et nourrit la peau sans l&rsquo;alourdir. L&rsquo;huile d&rsquo;amande biologique est riche en vitamines et en antioxydants. Elle nourrit et prot\u00e8ge la peau contre les irritations et les influences ext\u00e9rieures n\u00e9gatives. L&rsquo;ombre \u00e0 paupi\u00e8res nourrit la peau sans l&rsquo;alourdir min\u00e9rale rose tendre Fairy Floss convient pour un look neutre et pour cr\u00e9er un look plus saisissant.<\/p>\n<p>Les ombres \u00e0 paupi\u00e8res Geoderm sont vegan et certifi\u00e9es Ecocert. Ils ne contiennent pas de m\u00e9taux lourds, de talc, de parfum, de colorants synth\u00e9tiques, de paraffine, de pegs, de parabens et de microplastiques.<\/p>\n<p>Mode d&#8217;emploi\u00a0: Appliquez l&rsquo;ombre \u00e0 paupi\u00e8res avec un pinceau. Il convient \u00e0 un usage sec et humide.<\/p>\n<p>Ingr\u00e9dients\u00a0: Mica, amidon de Zea Mays, triglyc\u00e9ride caprylique\/caprique, caprate de coco, b\u00e9h\u00e9nate de glyc\u00e9ryle, huile de Prunus amygdalus Dulcis (huile d&rsquo;amande douce)*, huile de Rosa canina* (huile de rose musqu\u00e9e), ar\u00f4me naturel, CI 77007, CI 77891.<br \/>\n*Ingr\u00e9dients issus de l&rsquo;agriculture biologique.<\/p>\n","protected":false},"excerpt":{"rendered":"<p>L&rsquo;ombre \u00e0 paupi\u00e8res hypoallerg\u00e9nique rose tendre Fairy Floss a une finition semi-m\u00e9tallique. La formule douce 100% naturelle convient aux personnes ayant des yeux et une peau sensibles. Il ne contient pas de talc, de m\u00e9taux lourds, de paraffine, de parfum et d&rsquo;autres irritants.<\/p>\n<p><strong>Teint<\/strong> : Rose tendre, Fairy Floss mat avec finition m\u00e9tallique.<br \/>\n<strong>Contenu<\/strong> : 2,0 grammes<br \/>\n<strong>Certification<\/strong> : Ecocert et Vegan<\/p>\n","protected":false},"featured_media":567,"comment_status":"open","ping_status":"closed","template":"","meta":{"ocean_post_layout":"","ocean_both_sidebars_style":"","ocean_both_sidebars_content_width":0,"ocean_both_sidebars_sidebars_width":0,"ocean_sidebar":"0","ocean_second_sidebar":"0","ocean_disable_margins":"enable","ocean_add_body_class":"","ocean_shortcode_before_top_bar":"","ocean_shortcode_after_top_bar":"","ocean_shortcode_before_header":"","ocean_shortcode_after_header":"","ocean_has_shortcode":"","ocean_shortcode_after_title":"","ocean_shortcode_before_footer_widgets":"","ocean_shortcode_after_footer_widgets":"","ocean_shortcode_before_footer_bottom":"","ocean_shortcode_after_footer_bottom":"","ocean_display_top_bar":"default","ocean_display_header":"default","ocean_header_style":"","ocean_center_header_left_menu":"0","ocean_custom_header_template":"0","ocean_custom_logo":0,"ocean_custom_retina_logo":0,"ocean_custom_logo_max_width":0,"ocean_custom_logo_tablet_max_width":0,"ocean_custom_logo_mobile_max_width":0,"ocean_custom_logo_max_height":0,"ocean_custom_logo_tablet_max_height":0,"ocean_custom_logo_mobile_max_height":0,"ocean_header_custom_menu":"0","ocean_menu_typo_font_family":"0","ocean_menu_typo_font_subset":"","ocean_menu_typo_font_size":0,"ocean_menu_typo_font_size_tablet":0,"ocean_menu_typo_font_size_mobile":0,"ocean_menu_typo_font_size_unit":"px","ocean_menu_typo_font_weight":"","ocean_menu_typo_font_weight_tablet":"","ocean_menu_typo_font_weight_mobile":"","ocean_menu_typo_transform":"","ocean_menu_typo_transform_tablet":"","ocean_menu_typo_transform_mobile":"","ocean_menu_typo_line_height":0,"ocean_menu_typo_line_height_tablet":0,"ocean_menu_typo_line_height_mobile":0,"ocean_menu_typo_line_height_unit":"","ocean_menu_typo_spacing":0,"ocean_menu_typo_spacing_tablet":0,"ocean_menu_typo_spacing_mobile":0,"ocean_menu_typo_spacing_unit":"","ocean_menu_link_color":"","ocean_menu_link_color_hover":"","ocean_menu_link_color_active":"","ocean_menu_link_background":"","ocean_menu_link_hover_background":"","ocean_menu_link_active_background":"","ocean_menu_social_links_bg":"","ocean_menu_social_hover_links_bg":"","ocean_menu_social_links_color":"","ocean_menu_social_hover_links_color":"","ocean_disable_title":"default","ocean_disable_heading":"default","ocean_post_title":"","ocean_post_subheading":"","ocean_post_title_style":"","ocean_post_title_background_color":"","ocean_post_title_background":0,"ocean_post_title_bg_image_position":"","ocean_post_title_bg_image_attachment":"","ocean_post_title_bg_image_repeat":"","ocean_post_title_bg_image_size":"","ocean_post_title_height":0,"ocean_post_title_bg_overlay":0.5,"ocean_post_title_bg_overlay_color":"","ocean_disable_breadcrumbs":"default","ocean_breadcrumbs_color":"","ocean_breadcrumbs_separator_color":"","ocean_breadcrumbs_links_color":"","ocean_breadcrumbs_links_hover_color":"","ocean_display_footer_widgets":"default","ocean_display_footer_bottom":"default","ocean_custom_footer_template":"0"},"product_brand":[116],"product_cat":[55],"product_tag":[],"class_list":{"0":"post-2516","1":"product","2":"type-product","3":"status-publish","4":"has-post-thumbnail","6":"product_brand-geoderm","7":"product_cat-maquillage","9":"entry","10":"has-media","12":"first","13":"instock","14":"taxable","15":"shipping-taxable","16":"purchasable","17":"product-type-simple","18":"has-rating","19":"col","20":"span_1_of_3","21":"owp-content-center","22":"owp-thumbs-layout-horizontal","23":"owp-btn-normal","24":"owp-tabs-layout-section","25":"has-no-thumbnails","26":"circle-sale"},"_links":{"self":[{"href":"https:\/\/www.biobey.be\/fr\/wp-json\/wp\/v2\/product\/2516","targetHints":{"allow":["GET"]}}],"collection":[{"href":"https:\/\/www.biobey.be\/fr\/wp-json\/wp\/v2\/product"}],"about":[{"href":"https:\/\/www.biobey.be\/fr\/wp-json\/wp\/v2\/types\/product"}],"replies":[{"embeddable":true,"href":"https:\/\/www.biobey.be\/fr\/wp-json\/wp\/v2\/comments?post=2516"}],"wp:featuredmedia":[{"embeddable":true,"href":"https:\/\/www.biobey.be\/fr\/wp-json\/wp\/v2\/media\/567"}],"wp:attachment":[{"href":"https:\/\/www.biobey.be\/fr\/wp-json\/wp\/v2\/media?parent=2516"}],"wp:term":[{"taxonomy":"product_brand","embeddable":true,"href":"https:\/\/www.biobey.be\/fr\/wp-json\/wp\/v2\/product_brand?post=2516"},{"taxonomy":"product_cat","embeddable":true,"href":"https:\/\/www.biobey.be\/fr\/wp-json\/wp\/v2\/product_cat?post=2516"},{"taxonomy":"product_tag","embeddable":true,"href":"https:\/\/www.biobey.be\/fr\/wp-json\/wp\/v2\/product_tag?post=2516"}],"curies":[{"name":"wp","href":"https:\/\/api.w.org\/{rel}","templated":true}]}}