{"id":2518,"date":"2025-04-15T01:00:38","date_gmt":"2025-04-14T23:00:38","guid":{"rendered":"https:\/\/www.biobey.be\/fr-temp\/produit\/nettoyant-naturel-pour-peaux-grasses\/"},"modified":"2025-07-11T12:57:01","modified_gmt":"2025-07-11T10:57:01","slug":"nettoyant-naturel-pour-peaux-grasses","status":"publish","type":"product","link":"https:\/\/www.biobey.be\/fr\/produit\/nettoyant-naturel-pour-peaux-grasses\/","title":{"rendered":"Nettoyant naturel pour peaux grasses &#8211; gel purifiant 200ml"},"content":{"rendered":"<p>Le nettoyant naturel pour peaux grasses bio de Geoderm nettoie la peau et purifie les pores obstru\u00e9s. Le gel nettoyant purifiant a \u00e9t\u00e9 d\u00e9velopp\u00e9 pour le soin et le traitement des peaux grasses. La formule riche en antioxydants, vitamines C, E et acides gras insatur\u00e9s a un effet anti-inflammatoire et r\u00e9g\u00e9n\u00e9rant.<\/p>\n<p>Le nettoyant pour peau grasse aide \u00e0 r\u00e9tablir la production de s\u00e9bum et \u00e0 tuer les mauvaises bact\u00e9ries.<\/p>\n<p>En raison de la production excessive de s\u00e9bum, une couche huileuse se forme sur la peau. Cela cr\u00e9e un environnement favorable aux mauvaises bact\u00e9ries, qui provoquent des impuret\u00e9s et des pouss\u00e9es d&rsquo;acn\u00e9.<\/p>\n<p>Le gel nettoyant naturel pour peaux grasses de Geoderm aide \u00e0 r\u00e9tablir l&rsquo;\u00e9quilibre de la formation de s\u00e9bum en inhibant la production excessive de s\u00e9bum. La formule \u00e0 base d&rsquo;extrait de grenade biologique \u00e9limine la salet\u00e9 et les impuret\u00e9s.<\/p>\n<h2>Composition du gel nettoyant naturel pour peaux grasses<\/h2>\n<p>Geoderm Oily Skin Cleanser est un gel nettoyant purifiant d\u00e9velopp\u00e9 pour les personnes ayant une peau grasse et mixte. Il est compos\u00e9 d&rsquo;extraits naturels tels que l&rsquo;huile de grenade biologique, le gel d&rsquo;aloe vera, l&rsquo;extrait de vigne et la vitamine E.<\/p>\n<p>L&rsquo;huile de grenade contient de puissants antioxydants, la punicalagine et des om\u00e9ga 5. Ceux-ci prot\u00e8gent la peau contre les agressions ext\u00e9rieures et le stress oxydatif. L&rsquo;extrait d&rsquo;aloe vera a un effet anti-inflammatoire et calmant sur la peau.<\/p>\n<p>Il restaure la barri\u00e8re cutan\u00e9e et r\u00e9duit les rougeurs. Ce nettoyant pour peaux grasses pr\u00e9vient les pouss\u00e9es d&rsquo;acn\u00e9 gr\u00e2ce \u00e0 sa formule anti-inflammatoire.<\/p>\n<p>L&rsquo;extrait de vigne rouge est riche en vitamines B et C, en polyph\u00e9nols et en acides ph\u00e9noliques. Il stimule la r\u00e9g\u00e9n\u00e9ration des cellules de la peau et combat les effets n\u00e9gatifs des radicaux libres. La combinaison d&rsquo;huiles et d&rsquo;extraits naturels permet un nettoyage purifiant de la peau.<\/p>\n<p>Avec une utilisation r\u00e9guli\u00e8re, la peau est moins grasse et para\u00eet plus lisse. L&rsquo;utilisation prolong\u00e9e du gel nettoyant ne dess\u00e8che pas la peau et ne provoque pas d&rsquo;irritations.<\/p>\n<p>Le gel nettoyant naturel pour peaux grasses de Geoderm est vegan et naturel. Il ne contient pas de silicones, de sulfates, d&rsquo;alcools lourds, d&rsquo;huiles min\u00e9rales, de pegs, de parab\u00e8nes et de parfum synth\u00e9tique.<\/p>\n<h3>Comment utiliser le gel nettoyant naturel pour peaux grasses ?<\/h3>\n<p>Le gel nettoyant naturel pour peaux grasses convient \u00e0 un usage quotidien. Appliquez le gel nettoyant sur une peau humide et massez d\u00e9licatement le gel sur la peau. Insistez sur les zones \u00e0 probl\u00e8mes telles que le front.<\/p>\n<p>Lors du nettoyage de la peau, il est recommand\u00e9 d&rsquo;utiliser de l&rsquo;eau ti\u00e8de et froide plut\u00f4t que de l&rsquo;eau chaude et ti\u00e8de.<br \/>\nPour usage externe uniquement.<\/p>\n<p>Conseil : Appliquez la cr\u00e8me de jour matifiante Nature&rsquo;s natural apr\u00e8s avoir nettoy\u00e9 la peau. La cr\u00e8me de jour matifiante pour peaux grasses inhibe la production excessive de s\u00e9bum. Elle aide \u00e0 r\u00e9duire les rougeurs et agit comme un anti-inflammatoire gr\u00e2ce \u00e0 sa formule \u00e0 base d&rsquo;extraits de camomille, de pomme et d&rsquo;agrumes. Les vitamines E et C contenues dans la cr\u00e8me aident \u00e0 prot\u00e9ger la peau des influences ext\u00e9rieures n\u00e9gatives.<\/p>\n<p>Ingr\u00e9dients\u00a0: Aqua, Aloe barbadensis Leaf Juice*, Glycerin*, Caprylic\/capric Triglyceride, Cetearyl Alcohol, Cetearyl Glucoside, Maltodextrin, Decyl Glucoside, Citric Acid, Arachidyl Alcohol, Behenyl Alcohol, Arachidyl Glucoside, Zinc Oxide, Punica granatum Seed Oil*, Vitis vinifera Leaf Extract*,<\/p>\n<p>Sodium Citrate, Glyceryl Caprylate, Xanthan Gum, Carrageenan, Glyceryl Undecylenate, Ascorbyl Palmitate, Phytic Acid, Benzyl Alcohol, Potassium Sorbate, Sodium Benzoate, Fragnance(ar\u00f4me naturel)**, Citral, Limonene, Geraniol, Linalool<\/p>\n<p>*agriculture biologique<br \/>\n**ar\u00f4me naturel<\/p>\n","protected":false},"excerpt":{"rendered":"<p>Le gel nettoyant naturel pour peaux grasses bio nettoie la peau et purifie les pores. Il r\u00e9duit la production excessive de s\u00e9bum, contribuant ainsi \u00e0 traiter les peaux grasses. La composition est \u00e0 base d&rsquo;huile de grenade et d&rsquo;extrait de vigne biologiques.<\/p>\n<p><strong>Certifications<\/strong> : BDIH et Vegan<br \/>\n<strong>Contenu<\/strong> : 200ml<\/p>\n","protected":false},"featured_media":604,"comment_status":"open","ping_status":"closed","template":"","meta":{"ocean_post_layout":"","ocean_both_sidebars_style":"","ocean_both_sidebars_content_width":0,"ocean_both_sidebars_sidebars_width":0,"ocean_sidebar":"","ocean_second_sidebar":"","ocean_disable_margins":"enable","ocean_add_body_class":"","ocean_shortcode_before_top_bar":"","ocean_shortcode_after_top_bar":"","ocean_shortcode_before_header":"","ocean_shortcode_after_header":"","ocean_has_shortcode":"","ocean_shortcode_after_title":"","ocean_shortcode_before_footer_widgets":"","ocean_shortcode_after_footer_widgets":"","ocean_shortcode_before_footer_bottom":"","ocean_shortcode_after_footer_bottom":"","ocean_display_top_bar":"default","ocean_display_header":"default","ocean_header_style":"","ocean_center_header_left_menu":"","ocean_custom_header_template":"","ocean_custom_logo":0,"ocean_custom_retina_logo":0,"ocean_custom_logo_max_width":0,"ocean_custom_logo_tablet_max_width":0,"ocean_custom_logo_mobile_max_width":0,"ocean_custom_logo_max_height":0,"ocean_custom_logo_tablet_max_height":0,"ocean_custom_logo_mobile_max_height":0,"ocean_header_custom_menu":"","ocean_menu_typo_font_family":"","ocean_menu_typo_font_subset":"","ocean_menu_typo_font_size":0,"ocean_menu_typo_font_size_tablet":0,"ocean_menu_typo_font_size_mobile":0,"ocean_menu_typo_font_size_unit":"px","ocean_menu_typo_font_weight":"","ocean_menu_typo_font_weight_tablet":"","ocean_menu_typo_font_weight_mobile":"","ocean_menu_typo_transform":"","ocean_menu_typo_transform_tablet":"","ocean_menu_typo_transform_mobile":"","ocean_menu_typo_line_height":0,"ocean_menu_typo_line_height_tablet":0,"ocean_menu_typo_line_height_mobile":0,"ocean_menu_typo_line_height_unit":"","ocean_menu_typo_spacing":0,"ocean_menu_typo_spacing_tablet":0,"ocean_menu_typo_spacing_mobile":0,"ocean_menu_typo_spacing_unit":"","ocean_menu_link_color":"","ocean_menu_link_color_hover":"","ocean_menu_link_color_active":"","ocean_menu_link_background":"","ocean_menu_link_hover_background":"","ocean_menu_link_active_background":"","ocean_menu_social_links_bg":"","ocean_menu_social_hover_links_bg":"","ocean_menu_social_links_color":"","ocean_menu_social_hover_links_color":"","ocean_disable_title":"default","ocean_disable_heading":"default","ocean_post_title":"","ocean_post_subheading":"","ocean_post_title_style":"","ocean_post_title_background_color":"","ocean_post_title_background":0,"ocean_post_title_bg_image_position":"","ocean_post_title_bg_image_attachment":"","ocean_post_title_bg_image_repeat":"","ocean_post_title_bg_image_size":"","ocean_post_title_height":0,"ocean_post_title_bg_overlay":0.5,"ocean_post_title_bg_overlay_color":"","ocean_disable_breadcrumbs":"default","ocean_breadcrumbs_color":"","ocean_breadcrumbs_separator_color":"","ocean_breadcrumbs_links_color":"","ocean_breadcrumbs_links_hover_color":"","ocean_display_footer_widgets":"default","ocean_display_footer_bottom":"default","ocean_custom_footer_template":"","ofc_meta_disable_footer_callout":"","ofc_meta_callout_button_url":"","ofc_meta_callout_button_txt":"","ofc_meta_callout_text":""},"product_brand":[116],"product_cat":[18,17,16],"product_tag":[],"class_list":{"0":"post-2518","1":"product","2":"type-product","3":"status-publish","4":"has-post-thumbnail","6":"product_brand-geoderm","7":"product_cat-nettoyage-de-la-peau-et-masques","8":"product_cat-soins-du-visage","9":"product_cat-soins","11":"entry","12":"has-media","14":"first","15":"instock","16":"taxable","17":"shipping-taxable","18":"purchasable","19":"product-type-simple","20":"has-rating","21":"col","22":"span_1_of_3","23":"owp-content-center","24":"owp-thumbs-layout-horizontal","25":"owp-btn-normal","26":"owp-tabs-layout-section","27":"has-no-thumbnails","28":"circle-sale"},"_links":{"self":[{"href":"https:\/\/www.biobey.be\/fr\/wp-json\/wp\/v2\/product\/2518","targetHints":{"allow":["GET"]}}],"collection":[{"href":"https:\/\/www.biobey.be\/fr\/wp-json\/wp\/v2\/product"}],"about":[{"href":"https:\/\/www.biobey.be\/fr\/wp-json\/wp\/v2\/types\/product"}],"replies":[{"embeddable":true,"href":"https:\/\/www.biobey.be\/fr\/wp-json\/wp\/v2\/comments?post=2518"}],"wp:featuredmedia":[{"embeddable":true,"href":"https:\/\/www.biobey.be\/fr\/wp-json\/wp\/v2\/media\/604"}],"wp:attachment":[{"href":"https:\/\/www.biobey.be\/fr\/wp-json\/wp\/v2\/media?parent=2518"}],"wp:term":[{"taxonomy":"product_brand","embeddable":true,"href":"https:\/\/www.biobey.be\/fr\/wp-json\/wp\/v2\/product_brand?post=2518"},{"taxonomy":"product_cat","embeddable":true,"href":"https:\/\/www.biobey.be\/fr\/wp-json\/wp\/v2\/product_cat?post=2518"},{"taxonomy":"product_tag","embeddable":true,"href":"https:\/\/www.biobey.be\/fr\/wp-json\/wp\/v2\/product_tag?post=2518"}],"curies":[{"name":"wp","href":"https:\/\/api.w.org\/{rel}","templated":true}]}}