{"id":2519,"date":"2025-05-02T02:57:07","date_gmt":"2025-05-02T00:57:07","guid":{"rendered":"https:\/\/www.biobey.be\/fr-temp\/produit\/creme-anti-age-cell-renewal-365-jours\/"},"modified":"2026-02-18T13:32:55","modified_gmt":"2026-02-18T12:32:55","slug":"creme-anti-age-cell-renewal-365-jours","status":"publish","type":"product","link":"https:\/\/www.biobey.be\/fr\/produit\/creme-anti-age-cell-renewal-365-jours\/","title":{"rendered":"Cr\u00e8me anti-\u00e2ge cell renewal 365 jours 50 ml Naturys"},"content":{"rendered":"<p>La cr\u00e8me anti-\u00e2ge Cell Renewal de Naturys est con\u00e7ue pour traiter les peaux ternes pr\u00e9sentant des rides et une perte d&rsquo;\u00e9lasticit\u00e9. Cette formule puissante contient une forte concentration d&rsquo;isoflavones de porphyra, d&rsquo;antioxydants, d&rsquo;acides gras essentiels et de vitamines.<\/p>\n<p>Les acides amin\u00e9s du porphyre aident \u00e0 r\u00e9duire les dommages caus\u00e9s \u00e0 l&rsquo;ADN des fibroblastes par les rayons UV. La formule ax\u00e9e sur la r\u00e9g\u00e9n\u00e9ration des cellules cutan\u00e9es restaure la peau affect\u00e9e. En renfor\u00e7ant le tissu conjonctif,<strong> elle am\u00e9liore l&rsquo;\u00e9lasticit\u00e9 de la peau<\/strong><span style=\"color: #0000ff;\">.<\/span> En outre, la cr\u00e8me anti-\u00e2ge cell renewal agit sur les rides existantes. En am\u00e9liorant l&rsquo;\u00e9lasticit\u00e9 par une hydratation profonde des cellules de la peau, elle <span style=\"color: #0000ff;\"><a style=\"color: #0000ff;\" href=\"https:\/\/www.biobey.be\/fr\/produit\/creme-visage-bio-a-effet-botox-50ml\/\">r\u00e9duit les rides existantes.<\/a><\/span><\/p>\n<p>En raison du manque de nutriments \u00e0 long terme et de la barri\u00e8re cutan\u00e9e endommag\u00e9e, la peau para\u00eet terne et fatigu\u00e9e. Cela affecte le teint et la structure de la peau. La cr\u00e8me pour le visage Naturys nourrit la peau avec les vitamines n\u00e9cessaires pour r\u00e9tablir ses d\u00e9ficiences. Les isoflavones des graines de soja ont un effet anti-\u00e2ge prouv\u00e9 sur les cellules de la peau. Ils renforcent le tissu conjonctif et emp\u00eachent la d\u00e9gradation du collag\u00e8ne.<\/p>\n<h2>Formule de cr\u00e8me anti-\u00e2ge cell renewal naturel 365 jours<\/h2>\n<p>Tout au long de l&rsquo;ann\u00e9e, les besoins de la peau varient en fonction des saisons. La cr\u00e8me anti-\u00e2ge Cell Renewal Naturys donne \u00e0 la peau tous les nutriments n\u00e9cessaires tout au long de l&rsquo;ann\u00e9e (365 jours). Les acides amin\u00e9s de l&rsquo;algue Porphyra Umbilicalis sont les plus puissants absorbants d&rsquo;UV trouv\u00e9s dans la nature. Ils r\u00e9duisent les dommages caus\u00e9s \u00e0 l&rsquo;ADN des fibroblastes par les rayons UV.<\/p>\n<p>Les acides amin\u00e9s du porphyre renforcent l&rsquo;\u00e9lasticit\u00e9 de la peau. La combinaison d&rsquo;isoflavones et d&rsquo;acides amin\u00e9s Porphyra <strong>permet de r\u00e9duire la profondeur des rides.<\/strong> L&rsquo;extrait de Rubus chamaemorus contient une tr\u00e8s forte concentration d&rsquo;antioxydants. Ils ralentissent le vieillissement cutan\u00e9 en prot\u00e9geant la peau du stress oxydatif.<\/p>\n<p>La cr\u00e8me anti-\u00e2ge Cell renewal doit son effet revitalisant \u00e0 sa formule unique et puissante. Avec une utilisation r\u00e9guli\u00e8re, la peau para\u00eet plus lisse, plus ferme et plus jeune.<\/p>\n<p>La cr\u00e8me anti-\u00e2ge Cell renewal bio de Naturys est v\u00e9g\u00e9talienne et sans parfums synth\u00e9tiques, alcools lourds, d\u00e9riv\u00e9s du p\u00e9trole, silicones, parab\u00e8nes, peg&rsquo;s, EDTA et m\u00e9taux lourds.<\/p>\n<h2>La meilleure cr\u00e8me anti-\u00e2ge biologique et quand faut-il commencer \u00e0 utiliser une cr\u00e8me anti-\u00e2ge ?<\/h2>\n<p>Les femmes se demandent souvent \u00e0 partir de quel \u00e2ge il est pr\u00e9f\u00e9rable d&rsquo;utiliser une cr\u00e8me anti-\u00e2ge. Il est g\u00e9n\u00e9ralement recommand\u00e9 de commencer \u00e0 utiliser une cr\u00e8me anti-\u00e2ge \u00e0 partir de 30 ans.<\/p>\n<p>La meilleure cr\u00e8me anti-\u00e2ge bio \u00e0 utiliser d\u00e9pend enti\u00e8rement de votre type de peau. Si vous avez une peau normale avec des rides profondes, il est conseill\u00e9 d&rsquo;utiliser<span style=\"color: #0000ff;\"><a style=\"color: #0000ff;\" href=\"https:\/\/www.biobey.be\/fr\/produit\/creme-visage-bio-a-effet-botox-50ml\/\"> la cr\u00e8me nuy botox effect<\/a><\/span>. Si vous avez une peau plus s\u00e8che avec des rides, la cr\u00e8me \u00e0 la vitamine E peut \u00eatre une solution.<\/p>\n<p><strong> Si vous avez une peau s\u00e8che et terne avec des ridules<\/strong>, essayez cette cr\u00e8me anti-\u00e2ge \u00e0 renouvellement cellulaire.<\/p>\n<p>La cr\u00e8me anti-\u00e2ge Natural Cell renewal de Naturys est v\u00e9g\u00e9talienne et exempte de parfums synth\u00e9tiques, d&rsquo;alcools lourds, de d\u00e9riv\u00e9s du p\u00e9trole, de silicones, de parab\u00e8nes, de pegs, d&rsquo;EDTA et de m\u00e9taux lourds.<\/p>\n<p><strong>Mode d&#8217;emploi<\/strong> : Appliquez la cr\u00e8me pour le visage matin et soir sur une peau nettoy\u00e9e. Massez doucement la cr\u00e8me en faisant des mouvements circulaires jusqu&rsquo;\u00e0 ce qu&rsquo;elle p\u00e9n\u00e8tre compl\u00e8tement dans la peau.<\/p>\n<p><strong>Ingr\u00e9dients<\/strong> : Aqua, Cetearyl Alcohol, Propylheptyl Caprylate, Cetearyl Glucoside, Glycerin, Dicaprylyl Carbonate, Glycine Soja* Oil, Oryza Sativa Germ Oil, Cocoglycerides, Potassium Cetyl Phosphate, Olea Europaea* Fruit Oil, Butyrospermum Parkii* Butter, Hypericum Perforatum* Extract, Helianthus Annuus*<\/p>\n<p>Seed Oil, Extrait de Porphyra Umbilicalis, huile de germe de Triticum Vulgare, huile de graines de Simmondsia Chinensis*, extrait d&rsquo;\u00e9corce de Salix Alba, isoflavones de soja, huile de graines de Rubus Chamaemorus, tocoph\u00e9rol, alcool benzylique, acide d\u00e9hydroac\u00e9tique, benzoate de sodium, lactate de sodium, l\u00e9cithine, alcool, acide citrique, kaolin, fragnance (ar\u00f4me naturel).<\/p>\n<p>*Ingr\u00e9dients issus de l&rsquo;agriculture biologique<\/p>\n<p><strong>Type de peau<\/strong> : peau terne, fatigu\u00e9e, avec perte d&rsquo;\u00e9lasticit\u00e9 et rides.<br \/>\n<strong>Formule<\/strong> : Isoflavones de soja, acides amin\u00e9s de Porphyra et Rubus chamaemorus<br \/>\n<strong>Caract\u00e9ristiques<\/strong> : Vegan, naturel<\/p>\n","protected":false},"excerpt":{"rendered":"<p>La cr\u00e8me anti-\u00e2ge cell renewal aide \u00e0 renforcer et \u00e0 r\u00e9g\u00e9n\u00e9rer les peaux ternes avec perte d&rsquo;\u00e9lasticit\u00e9. Elle r\u00e9duit la profondeur des rides existantes et ralentit le processus de vieillissement de la peau. L&rsquo; effet de renouvellement cellulaire est d\u00fb \u00e0 la formule efficace des isoflavones, des acides amin\u00e9s de Porphyra et de l&rsquo;extrait de Rubus chamaemorus. La cr\u00e8me 365 jours apporte \u00e0 la peau les nutriments n\u00e9cessaires tout au long de l&rsquo;ann\u00e9e.<\/p>\n","protected":false},"featured_media":463,"comment_status":"open","ping_status":"closed","template":"","meta":{"ocean_post_layout":"","ocean_both_sidebars_style":"","ocean_both_sidebars_content_width":0,"ocean_both_sidebars_sidebars_width":0,"ocean_sidebar":"0","ocean_second_sidebar":"0","ocean_disable_margins":"enable","ocean_add_body_class":"","ocean_shortcode_before_top_bar":"","ocean_shortcode_after_top_bar":"","ocean_shortcode_before_header":"","ocean_shortcode_after_header":"","ocean_has_shortcode":"","ocean_shortcode_after_title":"","ocean_shortcode_before_footer_widgets":"","ocean_shortcode_after_footer_widgets":"","ocean_shortcode_before_footer_bottom":"","ocean_shortcode_after_footer_bottom":"","ocean_display_top_bar":"default","ocean_display_header":"default","ocean_header_style":"","ocean_center_header_left_menu":"0","ocean_custom_header_template":"0","ocean_custom_logo":0,"ocean_custom_retina_logo":0,"ocean_custom_logo_max_width":0,"ocean_custom_logo_tablet_max_width":0,"ocean_custom_logo_mobile_max_width":0,"ocean_custom_logo_max_height":0,"ocean_custom_logo_tablet_max_height":0,"ocean_custom_logo_mobile_max_height":0,"ocean_header_custom_menu":"0","ocean_menu_typo_font_family":"0","ocean_menu_typo_font_subset":"","ocean_menu_typo_font_size":0,"ocean_menu_typo_font_size_tablet":0,"ocean_menu_typo_font_size_mobile":0,"ocean_menu_typo_font_size_unit":"px","ocean_menu_typo_font_weight":"","ocean_menu_typo_font_weight_tablet":"","ocean_menu_typo_font_weight_mobile":"","ocean_menu_typo_transform":"","ocean_menu_typo_transform_tablet":"","ocean_menu_typo_transform_mobile":"","ocean_menu_typo_line_height":0,"ocean_menu_typo_line_height_tablet":0,"ocean_menu_typo_line_height_mobile":0,"ocean_menu_typo_line_height_unit":"","ocean_menu_typo_spacing":0,"ocean_menu_typo_spacing_tablet":0,"ocean_menu_typo_spacing_mobile":0,"ocean_menu_typo_spacing_unit":"","ocean_menu_link_color":"","ocean_menu_link_color_hover":"","ocean_menu_link_color_active":"","ocean_menu_link_background":"","ocean_menu_link_hover_background":"","ocean_menu_link_active_background":"","ocean_menu_social_links_bg":"","ocean_menu_social_hover_links_bg":"","ocean_menu_social_links_color":"","ocean_menu_social_hover_links_color":"","ocean_disable_title":"default","ocean_disable_heading":"default","ocean_post_title":"","ocean_post_subheading":"","ocean_post_title_style":"","ocean_post_title_background_color":"","ocean_post_title_background":0,"ocean_post_title_bg_image_position":"","ocean_post_title_bg_image_attachment":"","ocean_post_title_bg_image_repeat":"","ocean_post_title_bg_image_size":"","ocean_post_title_height":0,"ocean_post_title_bg_overlay":0.5,"ocean_post_title_bg_overlay_color":"","ocean_disable_breadcrumbs":"default","ocean_breadcrumbs_color":"","ocean_breadcrumbs_separator_color":"","ocean_breadcrumbs_links_color":"","ocean_breadcrumbs_links_hover_color":"","ocean_display_footer_widgets":"default","ocean_display_footer_bottom":"default","ocean_custom_footer_template":"0"},"product_brand":[108],"product_cat":[17,16,20],"product_tag":[],"class_list":{"0":"post-2519","1":"product","2":"type-product","3":"status-publish","4":"has-post-thumbnail","6":"product_brand-naturys","7":"product_cat-soins-du-visage","8":"product_cat-soins","9":"product_cat-anti-age","11":"entry","12":"has-media","14":"first","15":"instock","16":"taxable","17":"shipping-taxable","18":"purchasable","19":"product-type-simple","20":"has-rating","21":"col","22":"span_1_of_3","23":"owp-content-center","24":"owp-thumbs-layout-horizontal","25":"owp-btn-normal","26":"owp-tabs-layout-section","27":"has-no-thumbnails","28":"circle-sale"},"_links":{"self":[{"href":"https:\/\/www.biobey.be\/fr\/wp-json\/wp\/v2\/product\/2519","targetHints":{"allow":["GET"]}}],"collection":[{"href":"https:\/\/www.biobey.be\/fr\/wp-json\/wp\/v2\/product"}],"about":[{"href":"https:\/\/www.biobey.be\/fr\/wp-json\/wp\/v2\/types\/product"}],"replies":[{"embeddable":true,"href":"https:\/\/www.biobey.be\/fr\/wp-json\/wp\/v2\/comments?post=2519"}],"wp:featuredmedia":[{"embeddable":true,"href":"https:\/\/www.biobey.be\/fr\/wp-json\/wp\/v2\/media\/463"}],"wp:attachment":[{"href":"https:\/\/www.biobey.be\/fr\/wp-json\/wp\/v2\/media?parent=2519"}],"wp:term":[{"taxonomy":"product_brand","embeddable":true,"href":"https:\/\/www.biobey.be\/fr\/wp-json\/wp\/v2\/product_brand?post=2519"},{"taxonomy":"product_cat","embeddable":true,"href":"https:\/\/www.biobey.be\/fr\/wp-json\/wp\/v2\/product_cat?post=2519"},{"taxonomy":"product_tag","embeddable":true,"href":"https:\/\/www.biobey.be\/fr\/wp-json\/wp\/v2\/product_tag?post=2519"}],"curies":[{"name":"wp","href":"https:\/\/api.w.org\/{rel}","templated":true}]}}