{"id":2521,"date":"2025-03-13T13:29:28","date_gmt":"2025-03-13T12:29:28","guid":{"rendered":"https:\/\/www.biobey.be\/fr-temp\/produit\/naturys-masque-visage-pour-peau-seche\/"},"modified":"2025-07-11T13:15:15","modified_gmt":"2025-07-11T11:15:15","slug":"naturys-masque-visage-pour-peau-seche","status":"publish","type":"product","link":"https:\/\/www.biobey.be\/fr\/produit\/naturys-masque-visage-pour-peau-seche\/","title":{"rendered":"Naturys &#8211; Masque visage pour peau s\u00e8che 50ml"},"content":{"rendered":"<p>Le masque visage pour peau s\u00e8che \u00e0 base d&rsquo;extrait de tomate et d&rsquo;acide hyaluronique adoucit et nourrit la peau. Il convient comme masque de visage et comme masque de nuit. L&rsquo;huile de myrtille biologique, combin\u00e9e au beurre de karit\u00e9, hydrate les peaux s\u00e8ches et emp\u00eache la perte d&rsquo;humidit\u00e9 par la peau. L&rsquo;affaiblissement de la barri\u00e8re cutan\u00e9e entra\u00eene une d\u00e9shydratation et une hypersensibilit\u00e9 de la peau.<\/p>\n<p>Le masque visage pour peau s\u00e8che aide \u00e0 renforcer la barri\u00e8re cutan\u00e9e en stimulant la r\u00e9g\u00e9n\u00e9ration cellulaire. L&rsquo;acide hyaluronique donne <strong>un boost d&rsquo;hydratation imm\u00e9diat<\/strong> \u00e0 la peau tandis que l&rsquo;huile de myrtille a un effet antioxydant.<\/p>\n<p>Il prot\u00e8ge la peau des effets n\u00e9gatifs des radicaux libres. Gr\u00e2ce \u00e0 sa composition douce, le masque visage pour peau s\u00e8che <strong>convient parfaitement aux personnes ayant une peau hypersensible.<\/strong><\/p>\n<p>Apr\u00e8s avoir utilis\u00e9 le masque \u00e0 la tomate de Naturys Farm, la peau semble plus lisse et douce au toucher. En nourrissant la peau d&rsquo;acides gras insatur\u00e9s et de min\u00e9raux, la couche protectrice naturelle est \u00e9galement renforc\u00e9e. Le masque visage convient aussi aux personnes \u00e0 la peau sensible. On peut laisser le masque sur le visage toute la nuit et le laver le lendemain matin.<\/p>\n<p>Apr\u00e8s avoir nettoy\u00e9 le masque, il est conseill\u00e9 d&rsquo;hydrater la peau avec une bonne cr\u00e8me hydratante telle que la cr\u00e8me <span style=\"color: #0000ff;\"><a style=\"color: #0000ff;\" href=\"https:\/\/www.biobey.be\/fr\/produit\/creme-visage-oxygene-hydratante-bio-50ml\/\">hydratante hydra oxygen Bema Bio<\/a><\/span>.<\/p>\n<p>Ce traitement est <strong>recommand\u00e9 lorsque la peau a besoin d&rsquo;une hydratation suppl\u00e9mentaire<\/strong>.<\/p>\n<h2>Que fait le masque visage pour peau s\u00e8che \u00e0 la tomate de Naturys pour les peaux s\u00e8ches ?<\/h2>\n<p>L&rsquo;extrait de tomate biologique contient de l&rsquo;acide salicylique. Cela permet de purifier et d&rsquo;affiner les pores. Les vitamines A, C et E ralentissent le vieillissement de la peau gr\u00e2ce \u00e0 leur effet antioxydant.<\/p>\n<p>En outre, le masque visage pour peau s\u00e8che contient de l&rsquo;acide hyaluronique. Il apporte un regain d&rsquo;hydratation instantan\u00e9 et rend la peau s\u00e8che plus douce au toucher. Le beurre de karit\u00e9 forme une fine couche protectrice sur la peau et emp\u00eache ainsi la perte d&rsquo;humidit\u00e9. L&rsquo;huile de myrtille contenue dans le masque facial pour peau s\u00e8che <strong>prot\u00e8ge la peau des influences ext\u00e9rieures n\u00e9gatives.<\/strong><\/p>\n<p>Les myrtilles sont riches en anthocyanines. Cette substance favorise la synth\u00e8se du collag\u00e8ne. La combinaison d&rsquo;huile de myrtille et d&rsquo;extrait de tomate<strong> aide \u00e0 pr\u00e9venir la formation pr\u00e9matur\u00e9e de rides<\/strong>. La composition riche en extraits hydratants et en antioxydants r\u00e9pare la peau s\u00e8che et la prot\u00e8ge contre les effets n\u00e9gatifs des radicaux libres.<\/p>\n<p>Le masque facial \u00e0 la tomate pour peau s\u00e8che de Naturys est naturel et v\u00e9g\u00e9talien. Il est exempt de silicones, de pegs, de parab\u00e8nes, de sulfates, d&rsquo;huiles min\u00e9rales et d&rsquo;alcools lourds.<\/p>\n<p><strong>Mode d&#8217;emploi<\/strong><br \/>\n<strong>En masque<\/strong> : appliquer une couche \u00e9paisse du masque sur le visage et laisser agir pendant 15 minutes. Rincez ensuite \u00e0 l&rsquo;eau ti\u00e8de.<br \/>\nComme masque de nuit pour une hydratation suppl\u00e9mentaire : utilisez le masque facial comme derni\u00e8re \u00e9tape de la routine de soins de nuit. Nettoyez la peau et appliquez une fine couche de masque sur le visage.<\/p>\n<p>Faites p\u00e9n\u00e9trer par de l\u00e9gers mouvements circulaires et laissez agir. Rincez \u00e0 l&rsquo;eau ti\u00e8de le lendemain matin.<\/p>\n<p>INCI : Eau florale de Centaurea cyanus*, Eau florale de Rosa damascena*, Aqua, Glyc\u00e9rine, Beurre de Butyrospermum parkii*, Huile de Glycine soja*, Huile de graines de Sesamum indicum*, Huile de noyau d&rsquo;Argania spinosa*, Polystearate de saccharose, Coco-caprylate, St\u00e9arate de glyc\u00e9ryle, Triglyc\u00e9ride caprylique\/caprique, Tocopherol (Vitamine E),<\/p>\n<p>Alcool c\u00e9t\u00e9arylique, Erythritol, Solanum lycopersicum seed oil, Sodium hyaluronate, Sodium stearoyl glutamate, Xanthan gum, Lycopene, Cetyl palmitate(Vitamine C), Vaccinium macrocarpon seed oil, Helianthus annuus seed oil, Sodium benzoate, Glyceryl laurate, Potassium sorbate, Lactic acid, Benzyl alcohol, Fragnance(Natural Aroma)<\/p>\n<p><strong>Type de peau<\/strong> : peau s\u00e8che et sensible<br \/>\n<strong>Formule<\/strong> : Extrait de tomate biologique, huile de myrtille, acide hyaluronique et beurre de karit\u00e9<br \/>\n<strong>Caract\u00e9ristiques<\/strong> : Naturel et v\u00e9g\u00e9talien<br \/>\n<strong>Couleur :<\/strong> Couleur rouge\u00e2tre<\/p>\n","protected":false},"excerpt":{"rendered":"<p>Le masque visage Naturys \u00e0 la tomate pour les peaux s\u00e8ches hydrate et nourrit en profondeur les couches de la peau. La formule \u00e0 base d&rsquo;extrait de tomate, d&rsquo;acide hyaluronique et d&rsquo;huile de myrtille apaise la peau s\u00e8che et renforce la barri\u00e8re cutan\u00e9e. Le masque facial peut \u00eatre utilis\u00e9 comme masque de nuit.<\/p>\n","protected":false},"featured_media":654,"comment_status":"open","ping_status":"closed","template":"","meta":{"ocean_post_layout":"","ocean_both_sidebars_style":"","ocean_both_sidebars_content_width":0,"ocean_both_sidebars_sidebars_width":0,"ocean_sidebar":"","ocean_second_sidebar":"","ocean_disable_margins":"enable","ocean_add_body_class":"","ocean_shortcode_before_top_bar":"","ocean_shortcode_after_top_bar":"","ocean_shortcode_before_header":"","ocean_shortcode_after_header":"","ocean_has_shortcode":"","ocean_shortcode_after_title":"","ocean_shortcode_before_footer_widgets":"","ocean_shortcode_after_footer_widgets":"","ocean_shortcode_before_footer_bottom":"","ocean_shortcode_after_footer_bottom":"","ocean_display_top_bar":"default","ocean_display_header":"default","ocean_header_style":"","ocean_center_header_left_menu":"","ocean_custom_header_template":"","ocean_custom_logo":0,"ocean_custom_retina_logo":0,"ocean_custom_logo_max_width":0,"ocean_custom_logo_tablet_max_width":0,"ocean_custom_logo_mobile_max_width":0,"ocean_custom_logo_max_height":0,"ocean_custom_logo_tablet_max_height":0,"ocean_custom_logo_mobile_max_height":0,"ocean_header_custom_menu":"","ocean_menu_typo_font_family":"","ocean_menu_typo_font_subset":"","ocean_menu_typo_font_size":0,"ocean_menu_typo_font_size_tablet":0,"ocean_menu_typo_font_size_mobile":0,"ocean_menu_typo_font_size_unit":"px","ocean_menu_typo_font_weight":"","ocean_menu_typo_font_weight_tablet":"","ocean_menu_typo_font_weight_mobile":"","ocean_menu_typo_transform":"","ocean_menu_typo_transform_tablet":"","ocean_menu_typo_transform_mobile":"","ocean_menu_typo_line_height":0,"ocean_menu_typo_line_height_tablet":0,"ocean_menu_typo_line_height_mobile":0,"ocean_menu_typo_line_height_unit":"","ocean_menu_typo_spacing":0,"ocean_menu_typo_spacing_tablet":0,"ocean_menu_typo_spacing_mobile":0,"ocean_menu_typo_spacing_unit":"","ocean_menu_link_color":"","ocean_menu_link_color_hover":"","ocean_menu_link_color_active":"","ocean_menu_link_background":"","ocean_menu_link_hover_background":"","ocean_menu_link_active_background":"","ocean_menu_social_links_bg":"","ocean_menu_social_hover_links_bg":"","ocean_menu_social_links_color":"","ocean_menu_social_hover_links_color":"","ocean_disable_title":"default","ocean_disable_heading":"default","ocean_post_title":"","ocean_post_subheading":"","ocean_post_title_style":"","ocean_post_title_background_color":"","ocean_post_title_background":0,"ocean_post_title_bg_image_position":"","ocean_post_title_bg_image_attachment":"","ocean_post_title_bg_image_repeat":"","ocean_post_title_bg_image_size":"","ocean_post_title_height":0,"ocean_post_title_bg_overlay":0.5,"ocean_post_title_bg_overlay_color":"","ocean_disable_breadcrumbs":"default","ocean_breadcrumbs_color":"","ocean_breadcrumbs_separator_color":"","ocean_breadcrumbs_links_color":"","ocean_breadcrumbs_links_hover_color":"","ocean_display_footer_widgets":"default","ocean_display_footer_bottom":"default","ocean_custom_footer_template":""},"product_brand":[108],"product_cat":[47,18,17,16],"product_tag":[],"class_list":{"0":"post-2521","1":"product","2":"type-product","3":"status-publish","4":"has-post-thumbnail","6":"product_brand-naturys","7":"product_cat-offres-et-minis","8":"product_cat-nettoyage-de-la-peau-et-masques","9":"product_cat-soins-du-visage","10":"product_cat-soins","12":"entry","13":"has-media","15":"first","16":"instock","17":"taxable","18":"shipping-taxable","19":"purchasable","20":"product-type-simple","21":"has-rating","22":"col","23":"span_1_of_3","24":"owp-content-center","25":"owp-thumbs-layout-horizontal","26":"owp-btn-normal","27":"owp-tabs-layout-section","28":"has-no-thumbnails","29":"circle-sale"},"_links":{"self":[{"href":"https:\/\/www.biobey.be\/fr\/wp-json\/wp\/v2\/product\/2521","targetHints":{"allow":["GET"]}}],"collection":[{"href":"https:\/\/www.biobey.be\/fr\/wp-json\/wp\/v2\/product"}],"about":[{"href":"https:\/\/www.biobey.be\/fr\/wp-json\/wp\/v2\/types\/product"}],"replies":[{"embeddable":true,"href":"https:\/\/www.biobey.be\/fr\/wp-json\/wp\/v2\/comments?post=2521"}],"wp:featuredmedia":[{"embeddable":true,"href":"https:\/\/www.biobey.be\/fr\/wp-json\/wp\/v2\/media\/654"}],"wp:attachment":[{"href":"https:\/\/www.biobey.be\/fr\/wp-json\/wp\/v2\/media?parent=2521"}],"wp:term":[{"taxonomy":"product_brand","embeddable":true,"href":"https:\/\/www.biobey.be\/fr\/wp-json\/wp\/v2\/product_brand?post=2521"},{"taxonomy":"product_cat","embeddable":true,"href":"https:\/\/www.biobey.be\/fr\/wp-json\/wp\/v2\/product_cat?post=2521"},{"taxonomy":"product_tag","embeddable":true,"href":"https:\/\/www.biobey.be\/fr\/wp-json\/wp\/v2\/product_tag?post=2521"}],"curies":[{"name":"wp","href":"https:\/\/api.w.org\/{rel}","templated":true}]}}