{"id":2522,"date":"2025-05-24T00:25:05","date_gmt":"2025-05-23T22:25:05","guid":{"rendered":"https:\/\/www.biobey.be\/fr-temp\/produit\/huile-essentielle-darbre-a-the-bio-10ml\/"},"modified":"2026-04-07T07:42:02","modified_gmt":"2026-04-07T05:42:02","slug":"huile-essentielle-darbre-a-the-bio-10ml","status":"publish","type":"product","link":"https:\/\/www.biobey.be\/fr\/produit\/huile-essentielle-darbre-a-the-bio-10ml\/","title":{"rendered":"Huile essentielle d&rsquo;arbre \u00e0 th\u00e9 biologique 10ml"},"content":{"rendered":"<p>Comment est extraite l&rsquo;huile essentielle d&rsquo;arbre \u00e0 th\u00e9 biologique ? L&rsquo;huile essentielle bio d&rsquo;arbre \u00e0 th\u00e9 Bioearth est obtenue par extraction par distillation \u00e0 la vapeur d&rsquo;eau. Gr\u00e2ce \u00e0 sa haute qualit\u00e9 et \u00e0 sa composition pure, cette huile essentielle Bioearth convient comme compl\u00e9ment alimentaire.<\/p>\n<p>L&rsquo;huile d&rsquo;arbre \u00e0 th\u00e9 est connue pour ses utilisations et ses bienfaits presque infinis pour l&rsquo;organisme. En tant que compl\u00e9ment alimentaire, elle soutient \u00e9galement le fonctionnement des voies respiratoires sup\u00e9rieures.<\/p>\n<p>Cette huile poss\u00e8de de fortes propri\u00e9t\u00e9s antibact\u00e9riennes, antivirales et antifongiques. C&rsquo;est pourquoi elle est utilis\u00e9e efficacement pour traiter les affections cutan\u00e9es telles que le <span style=\"color: #0000ff;\"><a style=\"color: #0000ff;\" href=\"https:\/\/www.biobey.be\/fr\/produit\/creme-contre-leczema-atopos-75-g\/\">psoriasis<\/a> <\/span>et l&rsquo;acn\u00e9 . Nous en parlerons plus en d\u00e9tail dans la section suivante.<\/p>\n<h2>Huile essentielle d&rsquo;arbre \u00e0 th\u00e9 bio pour la peau<\/h2>\n<p>Elle est utilis\u00e9e pour traiter les inflammations de la peau, l&rsquo;acn\u00e9, les coups de soleil et le psoriasis. L&rsquo;huile essentielle d&rsquo;arbre \u00e0 th\u00e9 a un effet antibact\u00e9rien. Elle tue les mauvaises bact\u00e9ries et est donc souvent ajout\u00e9e dans les nettoyants pour la peau ou les gels d\u00e9sinfectants.<\/p>\n<p>Gr\u00e2ce \u00e0 ses propri\u00e9t\u00e9s antifongiques, cette huile aide \u00e0 traiter les champignons de la peau et les ongles squameux.<\/p>\n<p>Quelques gouttes deux fois par jour sur la mycose de la peau suffisent pour obtenir un r\u00e9sultat positif.<\/p>\n<p>L&rsquo;huile essentielle d&rsquo;arbre \u00e0 th\u00e9 bio de Bioearth est efficace contre l&rsquo;acn\u00e9. Elle r\u00e9gule la production de s\u00e9bum de la peau. Elle r\u00e9duit la production excessive de s\u00e9bum et aide ainsi \u00e0 restaurer les peaux grasses.<\/p>\n<p>L&rsquo;huile combat l&rsquo;acn\u00e9, r\u00e9duit les rougeurs et les \u00e9ruptions d&rsquo;acn\u00e9. En outre, la <span style=\"color: #0000ff;\"><a style=\"color: #0000ff;\" href=\"https:\/\/www.biobey.be\/fr\/produit\/creme-bio-a-la-bardane-peau-grasse\/\">cr\u00e8me de jour \u00e0 la bardane<\/a><\/span> est \u00e9galement un tr\u00e8s bon produit de soin biologique pour traiter les peaux grasses et acn\u00e9iques.<\/p>\n<h3>Effet de l&rsquo;huile essentielle d&rsquo;arbre \u00e0 th\u00e9 bio contre les irritations, les d\u00e9mangeaisons et les piq\u00fbres d&rsquo;insectes<\/h3>\n<p>L&rsquo;huile biologique d&rsquo;arbre \u00e0 th\u00e9 est un r\u00e9pulsif naturel pour les insectes. La substance pin\u00e8ne pr\u00e9sente dans l&rsquo;huile, a un effet r\u00e9pulsif sur les insectes. En outre, cette huile r\u00e9duit les d\u00e9mangeaisons et les sensations de br\u00fblure d\u00e9sagr\u00e9ables apr\u00e8s une piq\u00fbre d&rsquo;insecte.<\/p>\n<h3>Soins des cheveux et du cuir chevelu avec l&rsquo;huile essentielle d&rsquo;arbre \u00e0 th\u00e9 bio<\/h3>\n<p>Les mycoses sont l&rsquo;une des causes possibles des pellicules et des squames. L&rsquo;huile essentielle d&rsquo;arbre \u00e0 th\u00e9 bio combat le fongus et aide ainsi \u00e0 traiter les pellicules. Elle a un effet purifiant sur le cuir chevelu. Elle r\u00e9duit \u00e9galement la production excessive de s\u00e9bum.<\/p>\n<p>L&rsquo;ajout de quelques gouttes d&rsquo;huile d&rsquo;arbre \u00e0 th\u00e9 bio dans un shampooing naturel neutre permettra une bonne d\u00e9sintoxication des cheveux et du cuir chevelu.<\/p>\n<p>L&rsquo;huile essentielle d&rsquo;arbre \u00e0 th\u00e9 bio aide \u00e0 \u00e9liminer les radicaux libres et les r\u00e9sidus de coiffage des cheveux et du cuir chevelu. La d\u00e9toxification solaire des cheveux et du cuir chevelu restaure la brillance naturelle des cheveux.<\/p>\n<p>Les huiles essentielles \u00e9tant tr\u00e8s concentr\u00e9es, il est recommand\u00e9 de les utiliser avec prudence. Ne pas d\u00e9passer la dose recommand\u00e9e. Ne convient pas aux femmes enceintes et aux jeunes enfants.<\/p>\n<p>Mode d&#8217;emploi : Diluez 3 gouttes d&rsquo;huile essentielle d&rsquo;arbre \u00e0 th\u00e9 bio dans une grande cuill\u00e8re d&rsquo;huile v\u00e9g\u00e9tale et prenez-la. Cette dose peut \u00eatre prise 2 \u00e0 3 fois par jour. Ne pas d\u00e9passer la dose maximale de 9 gouttes par jour. 9 gouttes sont approximativement \u00e9gales \u00e0 0,265 ml : 238 mg d&rsquo;huile essentielle.<\/p>\n<p>Ingr\u00e9dients : Arbre \u00e0 th\u00e9 (Melaleuca alternifolia (Maiden &amp; Betche) Che- el.)<br \/>\n100% biologique.<\/p>\n","protected":false},"excerpt":{"rendered":"<p><strong>Applications de l&rsquo;huile essentielle d&rsquo;arbre \u00e0 th\u00e9 :<\/strong><\/p>\n<ul>\n<li>Sinus bouch\u00e9s et maux de gorge<\/li>\n<li>Mycoses de la peau, verrues et pieds en sueur<\/li>\n<li>Acn\u00e9, peau grasse, rougeurs<\/li>\n<li>Irritations cutan\u00e9es, coups de soleil, psoriasis<\/li>\n<li>Pellicules, cuir chevelu gras, cheveux secs et ternes, d\u00e9mangeaisons du cuir chevelu.<\/li>\n<li>Piq\u00fbres d&rsquo;insectes, piq\u00fbres de moustiques<\/li>\n<li>Soutient l&rsquo;immunit\u00e9<\/li>\n<\/ul>\n<p><strong>Contenu :10\u2009ml<\/strong><br \/>\nHuile essentielle d&rsquo;arbre \u00e0 th\u00e9 (Melaleuca alternifolia (Maiden &amp; Betche)) 100% biologique<\/p>\n","protected":false},"featured_media":659,"comment_status":"open","ping_status":"closed","template":"","meta":{"ocean_post_layout":"","ocean_both_sidebars_style":"","ocean_both_sidebars_content_width":0,"ocean_both_sidebars_sidebars_width":0,"ocean_sidebar":"","ocean_second_sidebar":"","ocean_disable_margins":"enable","ocean_add_body_class":"","ocean_shortcode_before_top_bar":"","ocean_shortcode_after_top_bar":"","ocean_shortcode_before_header":"","ocean_shortcode_after_header":"","ocean_has_shortcode":"","ocean_shortcode_after_title":"","ocean_shortcode_before_footer_widgets":"","ocean_shortcode_after_footer_widgets":"","ocean_shortcode_before_footer_bottom":"","ocean_shortcode_after_footer_bottom":"","ocean_display_top_bar":"default","ocean_display_header":"default","ocean_header_style":"","ocean_center_header_left_menu":"","ocean_custom_header_template":"","ocean_custom_logo":0,"ocean_custom_retina_logo":0,"ocean_custom_logo_max_width":0,"ocean_custom_logo_tablet_max_width":0,"ocean_custom_logo_mobile_max_width":0,"ocean_custom_logo_max_height":0,"ocean_custom_logo_tablet_max_height":0,"ocean_custom_logo_mobile_max_height":0,"ocean_header_custom_menu":"","ocean_menu_typo_font_family":"","ocean_menu_typo_font_subset":"","ocean_menu_typo_font_size":0,"ocean_menu_typo_font_size_tablet":0,"ocean_menu_typo_font_size_mobile":0,"ocean_menu_typo_font_size_unit":"px","ocean_menu_typo_font_weight":"","ocean_menu_typo_font_weight_tablet":"","ocean_menu_typo_font_weight_mobile":"","ocean_menu_typo_transform":"","ocean_menu_typo_transform_tablet":"","ocean_menu_typo_transform_mobile":"","ocean_menu_typo_line_height":0,"ocean_menu_typo_line_height_tablet":0,"ocean_menu_typo_line_height_mobile":0,"ocean_menu_typo_line_height_unit":"","ocean_menu_typo_spacing":0,"ocean_menu_typo_spacing_tablet":0,"ocean_menu_typo_spacing_mobile":0,"ocean_menu_typo_spacing_unit":"","ocean_menu_link_color":"","ocean_menu_link_color_hover":"","ocean_menu_link_color_active":"","ocean_menu_link_background":"","ocean_menu_link_hover_background":"","ocean_menu_link_active_background":"","ocean_menu_social_links_bg":"","ocean_menu_social_hover_links_bg":"","ocean_menu_social_links_color":"","ocean_menu_social_hover_links_color":"","ocean_disable_title":"default","ocean_disable_heading":"default","ocean_post_title":"","ocean_post_subheading":"","ocean_post_title_style":"","ocean_post_title_background_color":"","ocean_post_title_background":0,"ocean_post_title_bg_image_position":"","ocean_post_title_bg_image_attachment":"","ocean_post_title_bg_image_repeat":"","ocean_post_title_bg_image_size":"","ocean_post_title_height":0,"ocean_post_title_bg_overlay":0.5,"ocean_post_title_bg_overlay_color":"","ocean_disable_breadcrumbs":"default","ocean_breadcrumbs_color":"","ocean_breadcrumbs_separator_color":"","ocean_breadcrumbs_links_color":"","ocean_breadcrumbs_links_hover_color":"","ocean_display_footer_widgets":"default","ocean_display_footer_bottom":"default","ocean_custom_footer_template":""},"product_brand":[118],"product_cat":[57,56,31],"product_tag":[],"class_list":{"0":"post-2522","1":"product","2":"type-product","3":"status-publish","4":"has-post-thumbnail","6":"product_brand-bioearth","7":"product_cat-complements-alimentaires-bio","8":"product_cat-huiles-essentielles","9":"product_cat-sante","11":"entry","12":"has-media","14":"first","15":"instock","16":"taxable","17":"shipping-taxable","18":"purchasable","19":"product-type-simple","20":"has-rating","21":"col","22":"span_1_of_3","23":"owp-content-center","24":"owp-thumbs-layout-horizontal","25":"owp-btn-normal","26":"owp-tabs-layout-section","27":"has-no-thumbnails","28":"circle-sale"},"_links":{"self":[{"href":"https:\/\/www.biobey.be\/fr\/wp-json\/wp\/v2\/product\/2522","targetHints":{"allow":["GET"]}}],"collection":[{"href":"https:\/\/www.biobey.be\/fr\/wp-json\/wp\/v2\/product"}],"about":[{"href":"https:\/\/www.biobey.be\/fr\/wp-json\/wp\/v2\/types\/product"}],"replies":[{"embeddable":true,"href":"https:\/\/www.biobey.be\/fr\/wp-json\/wp\/v2\/comments?post=2522"}],"wp:featuredmedia":[{"embeddable":true,"href":"https:\/\/www.biobey.be\/fr\/wp-json\/wp\/v2\/media\/659"}],"wp:attachment":[{"href":"https:\/\/www.biobey.be\/fr\/wp-json\/wp\/v2\/media?parent=2522"}],"wp:term":[{"taxonomy":"product_brand","embeddable":true,"href":"https:\/\/www.biobey.be\/fr\/wp-json\/wp\/v2\/product_brand?post=2522"},{"taxonomy":"product_cat","embeddable":true,"href":"https:\/\/www.biobey.be\/fr\/wp-json\/wp\/v2\/product_cat?post=2522"},{"taxonomy":"product_tag","embeddable":true,"href":"https:\/\/www.biobey.be\/fr\/wp-json\/wp\/v2\/product_tag?post=2522"}],"curies":[{"name":"wp","href":"https:\/\/api.w.org\/{rel}","templated":true}]}}