{"id":2523,"date":"2025-05-24T01:03:58","date_gmt":"2025-05-23T23:03:58","guid":{"rendered":"https:\/\/www.biobey.be\/fr-temp\/produit\/creme-hydratante-raffermissante-corps\/"},"modified":"2025-07-11T12:38:25","modified_gmt":"2025-07-11T10:38:25","slug":"creme-hydratante-raffermissante-corps","status":"publish","type":"product","link":"https:\/\/www.biobey.be\/fr\/produit\/creme-hydratante-raffermissante-corps\/","title":{"rendered":"Cr\u00e8me hydratante raffermissante corps &#8211; Body Expert 250 ml"},"content":{"rendered":"<p>Une cr\u00e8me naturelle pour le corps aux fortes propri\u00e9t\u00e9s hydratantes et raffermissantes? Naturys natural body expert cream est une cr\u00e8me corporelle ultra-riche aux propri\u00e9t\u00e9s multifonctionnelles. Pour une meilleure absorption de la cr\u00e8me, il est recommand\u00e9 d&rsquo;utiliser d&rsquo;abord <span style=\"color: #0000ff;\"><a style=\"color: #0000ff;\" href=\"https:\/\/www.biobey.be\/fr\/produit\/gommage-doux-bio-corps-smoothie-cutie-200ml\/\">un gommage corporel \u00e0 base d&rsquo;acides de fruits<\/a><\/span>.<\/p>\n<p><strong>Principaux principes actifs de Naturys body expert<\/strong><\/p>\n<ol>\n<li>huile de caf\u00e9 et extrait de grains de caf\u00e9 : r\u00e9duit la cellulite<\/li>\n<li>huile de cynorrhodon, huile d&rsquo;avocat : nourrit et hydrate la peau<\/li>\n<li>huile de p\u00e9pins de raisin et huile d&rsquo;argan : r\u00e9g\u00e9n\u00e8re et prot\u00e8ge la peau contre le stress oxydatif<\/li>\n<\/ol>\n<p>La texture douce et a\u00e9r\u00e9e donne aux peaux s\u00e8ches un boost d&rsquo;hydratation. Cette cr\u00e8me corporelle innovante \u00e0 base d&rsquo;extrait de grains de caf\u00e9 et d&rsquo;huile de caf\u00e9 stimule la circulation sanguine et traite la cellulite. Elle acc\u00e9l\u00e8re l&rsquo;\u00e9limination de l&rsquo;humidit\u00e9 et des toxines accumul\u00e9es et stimule la d\u00e9gradation des particules de graisse accumul\u00e9es.<\/p>\n<h2>Effet multifonctionnel de la cr\u00e8me hydratante raffermissante corps Body Expert :<\/h2>\n<h2><span style=\"font-size: 16px;\">1. Nourrit et hydrate les peaux s\u00e8ches et d\u00e9shydrat\u00e9es.<\/span><\/h2>\n<p>La cr\u00e8me hydratatante raffermissante corps Body Expert contient une forte concentration d&rsquo;huiles nourrissantes telles que l&rsquo;huile de rose musqu\u00e9e biologique, l&rsquo;huile d&rsquo;avocat, l&rsquo;huile de s\u00e9same, l&rsquo;huile de p\u00e9pins de raisin, l&rsquo;huile de grains d&rsquo;amarante, l&rsquo;huile de graines de caf\u00e9 et l&rsquo;huile d&rsquo;olive.<\/p>\n<p>En appliquant la cr\u00e8me sur la peau, les microparticules des huiles pr\u00e9cieuses sont lib\u00e9r\u00e9es.<\/p>\n<p>Ceux-ci s&rsquo;absorbent dans la peau et la nourrissent avec les nutriments n\u00e9cessaires. La cr\u00e8me hydratatante raffermissante corps Body Expert hydrate en profondeur les couches de la peau et adoucit les peaux s\u00e8ches.<\/p>\n<p>Les huiles v\u00e9g\u00e9tales riches en vitamines et en <span style=\"color: #0000ff;\"><a style=\"color: #0000ff;\" href=\"https:\/\/www.biobey.be\/fr\/produit\/huile-anti-age-visage-bio-50ml\/\">antioxydants nourrissent et prot\u00e8gent la peau contre la d\u00e9shydratation, les irritations et le vieillissement pr\u00e9matur\u00e9 de la peau.<\/a><\/span><\/p>\n<h3>2. La cr\u00e8me hydratante raffermissante corps Body Expert traite la cellulite<\/h3>\n<p>La cr\u00e8me corporelle contient de l&rsquo;extrait de plante de caf\u00e9 et de l&rsquo;huile de graines de caf\u00e9, extraites \u00e0 l&rsquo;aide d&rsquo;une eau-de-vie sp\u00e9ciale obtenue par la distillation d&rsquo;une s\u00e9lection de raisins fins, et de l&rsquo;huile d&rsquo;argan.<\/p>\n<p>Cette cr\u00e8me body expert traite la cellulite en stimulant la combustion des cellules graisseuses et en am\u00e9liorant le drainage lymphatique.<\/p>\n<h3>3. Am\u00e9liore l&rsquo;\u00e9lasticit\u00e9 de la peau<\/h3>\n<p>La combinaison de la plante de caf\u00e9 et de l&rsquo;huile de graines de caf\u00e9 stimule la circulation sanguine des cellules de la peau. Cela augmente l&rsquo;apport de nutriments et de vitamines aux cellules. La cr\u00e8me naturelle experte pour le corps acc\u00e9l\u00e8re le processus de r\u00e9g\u00e9n\u00e9ration des cellules de la peau et am\u00e9liore l&rsquo;\u00e9lasticit\u00e9 de la peau.<\/p>\n<p>Gr\u00e2ce \u00e0 sa formule innovante et \u00e0 la forte concentration de composants puissants, la cr\u00e8me donne des r\u00e9sultats rapides. Avec une utilisation r\u00e9guli\u00e8re, la peau est plus ferme, nourrie et lisse.<\/p>\n<p>La cr\u00e8me hydratante raffermissante corps Body Expert est naturelle, v\u00e9g\u00e9talienne et durable. Elle est exempte d&rsquo;huiles min\u00e9rales, d&rsquo;alcools dess\u00e9chants, de silicones, de pegs, de parab\u00e8nes, de parfums synth\u00e9tiques et de microplastiques.<\/p>\n<p><strong>Mode d&#8217;emploi<\/strong> : Appliquer la cr\u00e8me sur les zones \u00e0 traiter et masser doucement en mouvements circulaires jusqu&rsquo;\u00e0 absorption compl\u00e8te. La consistance l\u00e9g\u00e8re de la cr\u00e8me pour le corps convient aux massages corporels ou aux massages raffermissants.<\/p>\n<p>Ingr\u00e9dients : Camelia Sinensis* Leaf Water, Hamamelis Virginiana* Water, Citrus Aurantium Amara* (Bitter orange) Flower Water, Decyl Oleate, Coco-Caprylate, Olus Oil, Cetearyl Glucoside, Cetearyl Alcohol, Lauryl Glucoside, Polyglyceryl-2 Dipolyhydroxystearate, Glyc\u00e9rine, Behenyl Alcohol, Tocopherol, Kaolin, Coffea Arabica* Seed Oil, Vitis Vinifera* Seed Oil,<\/p>\n<p>Caprylic, Capric Triglyceride, Extrait de fruits de Vitis Vinifera, huile de fruits d&rsquo;Hippophae Rhamnoide*, huile de graines de Macadamia Ternifolia*, huile de noyaux d&rsquo;Argania Spinosa*, huile de graines de Sesamum Indicum*,<\/p>\n<p>huile de fruits d&rsquo;Olea Europea*,Acide d\u00e9hydroac\u00e9tique, huile de graines de Rosa Moschata* (Rose Musqu\u00e9e), huile de graines d&rsquo;Amaranthus Caudatus*, huile de Persea Gratissima*, alcool benzylique, benzoate de sodium, sorbate de potassium, fragrance, Ar\u00f4me naturel.<\/p>\n","protected":false},"excerpt":{"rendered":"<p>La cr\u00e8me hydratante raffermissante corps Body Expert, riche en acides gras insatur\u00e9s, en vitamines et en antioxydants, a un effet multifonctionnel. La cr\u00e8me pour le corps hydrate et nourrit intens\u00e9ment les peaux s\u00e8ches. Elle aide \u00e0 traiter la cellulite et am\u00e9liore l&rsquo;\u00e9lasticit\u00e9 de la peau. La cr\u00e8me pour le corps convient aux massages corporels.<\/p>\n<p><strong>Formule :<\/strong> Extrait de plante de caf\u00e9 biologique, huile de graines de caf\u00e9, huile d&rsquo;avocat, vitamine E, huile de rose musqu\u00e9e press\u00e9e \u00e0 froid, huile d&rsquo;argan, huile de graines de s\u00e9same, extrait de camomille, &#8230;<br \/>\n<strong>Type de peau :<\/strong> peau s\u00e8che, cellulite, \u00e9lasticit\u00e9 affaiblie, peau normale<br \/>\n<strong>Caract\u00e9ristiques :<\/strong> Naturel, v\u00e9g\u00e9talien et \u00e9cologique<br \/>\n<strong>Contenu<\/strong> : 200\u2009ml<\/p>\n","protected":false},"featured_media":656,"comment_status":"open","ping_status":"closed","template":"","meta":{"ocean_post_layout":"","ocean_both_sidebars_style":"","ocean_both_sidebars_content_width":0,"ocean_both_sidebars_sidebars_width":0,"ocean_sidebar":"","ocean_second_sidebar":"","ocean_disable_margins":"enable","ocean_add_body_class":"","ocean_shortcode_before_top_bar":"","ocean_shortcode_after_top_bar":"","ocean_shortcode_before_header":"","ocean_shortcode_after_header":"","ocean_has_shortcode":"","ocean_shortcode_after_title":"","ocean_shortcode_before_footer_widgets":"","ocean_shortcode_after_footer_widgets":"","ocean_shortcode_before_footer_bottom":"","ocean_shortcode_after_footer_bottom":"","ocean_display_top_bar":"default","ocean_display_header":"default","ocean_header_style":"","ocean_center_header_left_menu":"","ocean_custom_header_template":"","ocean_custom_logo":0,"ocean_custom_retina_logo":0,"ocean_custom_logo_max_width":0,"ocean_custom_logo_tablet_max_width":0,"ocean_custom_logo_mobile_max_width":0,"ocean_custom_logo_max_height":0,"ocean_custom_logo_tablet_max_height":0,"ocean_custom_logo_mobile_max_height":0,"ocean_header_custom_menu":"","ocean_menu_typo_font_family":"","ocean_menu_typo_font_subset":"","ocean_menu_typo_font_size":0,"ocean_menu_typo_font_size_tablet":0,"ocean_menu_typo_font_size_mobile":0,"ocean_menu_typo_font_size_unit":"px","ocean_menu_typo_font_weight":"","ocean_menu_typo_font_weight_tablet":"","ocean_menu_typo_font_weight_mobile":"","ocean_menu_typo_transform":"","ocean_menu_typo_transform_tablet":"","ocean_menu_typo_transform_mobile":"","ocean_menu_typo_line_height":0,"ocean_menu_typo_line_height_tablet":0,"ocean_menu_typo_line_height_mobile":0,"ocean_menu_typo_line_height_unit":"","ocean_menu_typo_spacing":0,"ocean_menu_typo_spacing_tablet":0,"ocean_menu_typo_spacing_mobile":0,"ocean_menu_typo_spacing_unit":"","ocean_menu_link_color":"","ocean_menu_link_color_hover":"","ocean_menu_link_color_active":"","ocean_menu_link_background":"","ocean_menu_link_hover_background":"","ocean_menu_link_active_background":"","ocean_menu_social_links_bg":"","ocean_menu_social_hover_links_bg":"","ocean_menu_social_links_color":"","ocean_menu_social_hover_links_color":"","ocean_disable_title":"default","ocean_disable_heading":"default","ocean_post_title":"","ocean_post_subheading":"","ocean_post_title_style":"","ocean_post_title_background_color":"","ocean_post_title_background":0,"ocean_post_title_bg_image_position":"","ocean_post_title_bg_image_attachment":"","ocean_post_title_bg_image_repeat":"","ocean_post_title_bg_image_size":"","ocean_post_title_height":0,"ocean_post_title_bg_overlay":0.5,"ocean_post_title_bg_overlay_color":"","ocean_disable_breadcrumbs":"default","ocean_breadcrumbs_color":"","ocean_breadcrumbs_separator_color":"","ocean_breadcrumbs_links_color":"","ocean_breadcrumbs_links_hover_color":"","ocean_display_footer_widgets":"default","ocean_display_footer_bottom":"default","ocean_custom_footer_template":""},"product_brand":[108],"product_cat":[28,53,16,51],"product_tag":[],"class_list":{"0":"post-2523","1":"product","2":"type-product","3":"status-publish","4":"has-post-thumbnail","6":"product_brand-naturys","7":"product_cat-anti-cellulite","8":"product_cat-corps-peau","9":"product_cat-soins","10":"product_cat-soins-du-corps","12":"entry","13":"has-media","15":"first","16":"instock","17":"taxable","18":"shipping-taxable","19":"purchasable","20":"product-type-simple","21":"has-rating","22":"col","23":"span_1_of_3","24":"owp-content-center","25":"owp-thumbs-layout-horizontal","26":"owp-btn-normal","27":"owp-tabs-layout-section","28":"has-no-thumbnails","29":"circle-sale"},"_links":{"self":[{"href":"https:\/\/www.biobey.be\/fr\/wp-json\/wp\/v2\/product\/2523","targetHints":{"allow":["GET"]}}],"collection":[{"href":"https:\/\/www.biobey.be\/fr\/wp-json\/wp\/v2\/product"}],"about":[{"href":"https:\/\/www.biobey.be\/fr\/wp-json\/wp\/v2\/types\/product"}],"replies":[{"embeddable":true,"href":"https:\/\/www.biobey.be\/fr\/wp-json\/wp\/v2\/comments?post=2523"}],"wp:featuredmedia":[{"embeddable":true,"href":"https:\/\/www.biobey.be\/fr\/wp-json\/wp\/v2\/media\/656"}],"wp:attachment":[{"href":"https:\/\/www.biobey.be\/fr\/wp-json\/wp\/v2\/media?parent=2523"}],"wp:term":[{"taxonomy":"product_brand","embeddable":true,"href":"https:\/\/www.biobey.be\/fr\/wp-json\/wp\/v2\/product_brand?post=2523"},{"taxonomy":"product_cat","embeddable":true,"href":"https:\/\/www.biobey.be\/fr\/wp-json\/wp\/v2\/product_cat?post=2523"},{"taxonomy":"product_tag","embeddable":true,"href":"https:\/\/www.biobey.be\/fr\/wp-json\/wp\/v2\/product_tag?post=2523"}],"curies":[{"name":"wp","href":"https:\/\/api.w.org\/{rel}","templated":true}]}}