{"id":2524,"date":"2025-05-23T01:27:25","date_gmt":"2025-05-22T23:27:25","guid":{"rendered":"https:\/\/www.biobey.be\/fr-temp\/produit\/shampooing-et-bain-naturel-bebe-naobay\/"},"modified":"2025-07-11T12:46:19","modified_gmt":"2025-07-11T10:46:19","slug":"shampooing-et-bain-naturel-bebe-naobay","status":"publish","type":"product","link":"https:\/\/www.biobey.be\/fr\/produit\/shampooing-et-bain-naturel-bebe-naobay\/","title":{"rendered":"Shampooing et bain naturel b\u00e9b\u00e9 moussant neutre Naobay 250 ml"},"content":{"rendered":"<p>Shampooing neutre pour b\u00e9b\u00e9s \u00e0 la peau sensible ? Le shampooing et bain naturel b\u00e9b\u00e9 moussant neutre Naobay est sp\u00e9cialement formul\u00e9 pour nettoyer et soigner les cheveux et la peau d\u00e9licats des b\u00e9b\u00e9s.<\/p>\n<h2>Principales propri\u00e9t\u00e9s du shampooing neutre pour b\u00e9b\u00e9s<\/h2>\n<ul>\n<li>shampooing et gel douche deux en un pour les enfants et les b\u00e9b\u00e9s \u00e0 la peau tr\u00e8s sensible<\/li>\n<li>adoucit et apaise la peau<\/li>\n<\/ul>\n<p>La formule \u00e0 base d&rsquo;aloe vera, de <span style=\"color: #0000ff;\"><a style=\"color: #0000ff;\" href=\"https:\/\/www.biobey.be\/fr\/produit\/bio-calendula-creme-au-souci-pour-les-peaux-sensibles-75ml\/\">calendula<\/a><\/span> et de camomille biologiques a un effet apaisant et anti-inflammatoire. Il \u00e9limine la salet\u00e9 tout en prenant soin de la peau et du cuir chevelu sensibles.<\/p>\n<p>Le shampooing et la mousse de bain neutres pour b\u00e9b\u00e9 sont v\u00e9g\u00e9taliens et ne contiennent pas de silicones, d&rsquo;huile min\u00e9rale, de sulfates, de parab\u00e8nes, de pegs, d&rsquo;alcools lourds, de parfums synth\u00e9tiques et de conservateurs. Le shampooing et le bain moussant pour b\u00e9b\u00e9s ont une composition douce. Sp\u00e9cialement con\u00e7u pour les enfants \u00e0 la peau et au cuir chevelu sensibles.<\/p>\n<p>Le shampooing mousse facilement, ce qui facilite le lavage des cheveux et leur rin\u00e7age. La formule douce est id\u00e9ale pour le nettoyage r\u00e9gulier des cheveux et du cuir chevelu.<\/p>\n<h2>Fonction du shampooing et bain naturel b\u00e9b\u00e9 2 en 1<\/h2>\n<p><span style=\"color: #0000ff;\"><a style=\"color: #0000ff;\" href=\"https:\/\/www.biobey.be\/fr\/produit\/creme-bio-a-laloe-vera-visage-et-corps\/\">L&rsquo;extrait d&rsquo;aloe vera biologique<\/a> <\/span>r\u00e9duit les rougeurs et acc\u00e9l\u00e8re le processus de r\u00e9cup\u00e9ration de la peau. En outre, l&rsquo;aloe vera a un effet hydratant sur la peau. L&rsquo;extrait de camomille biologique r\u00e9duit les rougeurs, tout comme l&rsquo;aloe vera.<\/p>\n<p>L&rsquo;extrait de camomille apaise le cuir chevelu et aide \u00e0 pr\u00e9venir les inflammations et les irritations. La combinaison de l&rsquo;aloe vera et de l&rsquo;extrait de camomille adoucit les cheveux.<\/p>\n<p>En outre, le shampooing et bain naturel b\u00e9b\u00e9 contiennent de l&rsquo;extrait de calendula biologique. Cet extrait est utilis\u00e9 depuis l&rsquo;Antiquit\u00e9 pour ses propri\u00e9t\u00e9s curatives. Il favorise la cicatrisation des plaies et a un effet antibact\u00e9rien. L&rsquo;extrait de calendula est utilis\u00e9 avec succ\u00e8s pour traiter les irritations cutan\u00e9es et les plaies.<\/p>\n<p>La formule \u00e0 base d&rsquo;extraits nourrissants et antibact\u00e9riens est id\u00e9ale pour un nettoyage efficace, mais doux des cheveux et du cuir chevelu.<br \/>\nLe shampooing et bain naturel b\u00e9b\u00e9 de Naobay a une consistance moussante et douce. Apr\u00e8s utilisation, les cheveux sont doux et soyeux.<\/p>\n<p>Le shampooing pour b\u00e9b\u00e9 est v\u00e9g\u00e9talien et certifi\u00e9 cosmos organic. Il est exempt de sulfates, de silicones, d&rsquo;huiles min\u00e9rales, de parab\u00e8nes, de pegs, de parfums synth\u00e9tiques et d&rsquo;etda.<\/p>\n<p>Mode d&#8217;emploi : Utilisez le shampooing neutre pour b\u00e9b\u00e9 pour laver les cheveux et le cuir chevelu de b\u00e9b\u00e9. Il convient \u00e9galement comme mousse de bain pour un nettoyage en douceur.<\/p>\n<p>Ingr\u00e9dients : Aqua, Aloe Barbadensis Leaf Juice*, Decyl Glucoside, Glycerin, Cocamidopropyl Betaine, Sodium Cocoamphoacetate, Chamomilla Recutita Flower Extract*, Calendula Officinalis Flower Extract*, Potassium Sorbate, Sodium Benzoate, Benzyl Alcohol, Dehydroacetic Acid, Fragrance (Natural Flavouring) **, Citric Acid<\/p>\n<p>*Instituants issus de l&rsquo;agriculture biologique<br \/>\n*Parfumerie \u00e0 base de composants naturels<\/p>\n","protected":false},"excerpt":{"rendered":"<p><strong>Indication :<\/strong><br \/>\nLe shampooing et bain naturel b\u00e9b\u00e9 nettoie efficacement, mais en douceur les cheveux et le cuir chevelu. Il convient \u00e9galement comme mousse de bain.<br \/>\n<strong>Formule<\/strong> : extrait d&rsquo;aloe vera biologique, extrait de calendula, extrait de camomille.<br \/>\nVegan, Cosmos bio<br \/>\n<strong>Contenu<\/strong> : 250\u2009ml<\/p>\n","protected":false},"featured_media":626,"comment_status":"open","ping_status":"closed","template":"","meta":{"ocean_post_layout":"","ocean_both_sidebars_style":"","ocean_both_sidebars_content_width":0,"ocean_both_sidebars_sidebars_width":0,"ocean_sidebar":"","ocean_second_sidebar":"","ocean_disable_margins":"enable","ocean_add_body_class":"","ocean_shortcode_before_top_bar":"","ocean_shortcode_after_top_bar":"","ocean_shortcode_before_header":"","ocean_shortcode_after_header":"","ocean_has_shortcode":"","ocean_shortcode_after_title":"","ocean_shortcode_before_footer_widgets":"","ocean_shortcode_after_footer_widgets":"","ocean_shortcode_before_footer_bottom":"","ocean_shortcode_after_footer_bottom":"","ocean_display_top_bar":"default","ocean_display_header":"default","ocean_header_style":"","ocean_center_header_left_menu":"","ocean_custom_header_template":"","ocean_custom_logo":0,"ocean_custom_retina_logo":0,"ocean_custom_logo_max_width":0,"ocean_custom_logo_tablet_max_width":0,"ocean_custom_logo_mobile_max_width":0,"ocean_custom_logo_max_height":0,"ocean_custom_logo_tablet_max_height":0,"ocean_custom_logo_mobile_max_height":0,"ocean_header_custom_menu":"","ocean_menu_typo_font_family":"","ocean_menu_typo_font_subset":"","ocean_menu_typo_font_size":0,"ocean_menu_typo_font_size_tablet":0,"ocean_menu_typo_font_size_mobile":0,"ocean_menu_typo_font_size_unit":"px","ocean_menu_typo_font_weight":"","ocean_menu_typo_font_weight_tablet":"","ocean_menu_typo_font_weight_mobile":"","ocean_menu_typo_transform":"","ocean_menu_typo_transform_tablet":"","ocean_menu_typo_transform_mobile":"","ocean_menu_typo_line_height":0,"ocean_menu_typo_line_height_tablet":0,"ocean_menu_typo_line_height_mobile":0,"ocean_menu_typo_line_height_unit":"","ocean_menu_typo_spacing":0,"ocean_menu_typo_spacing_tablet":0,"ocean_menu_typo_spacing_mobile":0,"ocean_menu_typo_spacing_unit":"","ocean_menu_link_color":"","ocean_menu_link_color_hover":"","ocean_menu_link_color_active":"","ocean_menu_link_background":"","ocean_menu_link_hover_background":"","ocean_menu_link_active_background":"","ocean_menu_social_links_bg":"","ocean_menu_social_hover_links_bg":"","ocean_menu_social_links_color":"","ocean_menu_social_hover_links_color":"","ocean_disable_title":"default","ocean_disable_heading":"default","ocean_post_title":"","ocean_post_subheading":"","ocean_post_title_style":"","ocean_post_title_background_color":"","ocean_post_title_background":0,"ocean_post_title_bg_image_position":"","ocean_post_title_bg_image_attachment":"","ocean_post_title_bg_image_repeat":"","ocean_post_title_bg_image_size":"","ocean_post_title_height":0,"ocean_post_title_bg_overlay":0.5,"ocean_post_title_bg_overlay_color":"","ocean_disable_breadcrumbs":"default","ocean_breadcrumbs_color":"","ocean_breadcrumbs_separator_color":"","ocean_breadcrumbs_links_color":"","ocean_breadcrumbs_links_hover_color":"","ocean_display_footer_widgets":"default","ocean_display_footer_bottom":"default","ocean_custom_footer_template":""},"product_brand":[119],"product_cat":[44,45],"product_tag":[],"class_list":{"0":"post-2524","1":"product","2":"type-product","3":"status-publish","4":"has-post-thumbnail","6":"product_brand-naobay","7":"product_cat-enfant-et-bebe","8":"product_cat-soin-de-bain-bebe","10":"entry","11":"has-media","13":"first","14":"instock","15":"taxable","16":"shipping-taxable","17":"purchasable","18":"product-type-simple","19":"has-rating","20":"col","21":"span_1_of_3","22":"owp-content-center","23":"owp-thumbs-layout-horizontal","24":"owp-btn-normal","25":"owp-tabs-layout-section","26":"has-no-thumbnails","27":"circle-sale"},"_links":{"self":[{"href":"https:\/\/www.biobey.be\/fr\/wp-json\/wp\/v2\/product\/2524","targetHints":{"allow":["GET"]}}],"collection":[{"href":"https:\/\/www.biobey.be\/fr\/wp-json\/wp\/v2\/product"}],"about":[{"href":"https:\/\/www.biobey.be\/fr\/wp-json\/wp\/v2\/types\/product"}],"replies":[{"embeddable":true,"href":"https:\/\/www.biobey.be\/fr\/wp-json\/wp\/v2\/comments?post=2524"}],"wp:featuredmedia":[{"embeddable":true,"href":"https:\/\/www.biobey.be\/fr\/wp-json\/wp\/v2\/media\/626"}],"wp:attachment":[{"href":"https:\/\/www.biobey.be\/fr\/wp-json\/wp\/v2\/media?parent=2524"}],"wp:term":[{"taxonomy":"product_brand","embeddable":true,"href":"https:\/\/www.biobey.be\/fr\/wp-json\/wp\/v2\/product_brand?post=2524"},{"taxonomy":"product_cat","embeddable":true,"href":"https:\/\/www.biobey.be\/fr\/wp-json\/wp\/v2\/product_cat?post=2524"},{"taxonomy":"product_tag","embeddable":true,"href":"https:\/\/www.biobey.be\/fr\/wp-json\/wp\/v2\/product_tag?post=2524"}],"curies":[{"name":"wp","href":"https:\/\/api.w.org\/{rel}","templated":true}]}}