{"id":2526,"date":"2025-05-29T01:26:25","date_gmt":"2025-05-28T23:26:25","guid":{"rendered":"https:\/\/www.biobey.be\/fr-temp\/produit\/masque-de-nuit-hydratant-bio-celery\/"},"modified":"2026-02-18T20:39:15","modified_gmt":"2026-02-18T19:39:15","slug":"masque-de-nuit-hydratant-bio-celery","status":"publish","type":"product","link":"https:\/\/www.biobey.be\/fr\/produit\/masque-de-nuit-hydratant-bio-celery\/","title":{"rendered":"Masque de nuit hydratant bio Celery Naturys 50 ml"},"content":{"rendered":"<p>Un masque de nuit hydratant pour traiter intensivement les peaux s\u00e8ches avec des ridules \u00e0 la surface de la peau? Le masque de nuit hydratant Naturys est con\u00e7u pour nourrir, hydrater et raffermir la peau.<\/p>\n<p><strong>Le masque de nuit hydratant Naturys est un produit de soin multifonctionnel qui pr\u00e9sente les caract\u00e9ristiques suivantes:<\/strong><\/p>\n<ol>\n<li>hydrate les couches profondes de la peau, fait p\u00e9n\u00e9trer l&rsquo;humidit\u00e9 dans la peau<\/li>\n<li>stimule le processus de r\u00e9g\u00e9n\u00e9ration de la peau<\/li>\n<li>r\u00e9tablit la barri\u00e8re cutan\u00e9e endommag\u00e9e<\/li>\n<li>emp\u00eache la perte d&rsquo;humidit\u00e9 en formant une fine couche protectrice sur la peau<\/li>\n<\/ol>\n<p>Formul\u00e9 avec de l&rsquo;extrait de c\u00e9leri biologique et du beurre de karit\u00e9, il aide \u00e0 traiter les peaux d\u00e9shydrat\u00e9es et am\u00e9liore l&rsquo;\u00e9lasticit\u00e9 de la peau. L&rsquo;extrait de c\u00e9leri stimule la production de collag\u00e8ne tandis que le beurre de karit\u00e9 pr\u00e9vient la perte d&rsquo;hydratation.<\/p>\n<p><strong>Conseil d&rsquo;expert<\/strong>: Appliquez la cr\u00e8me de jour \u00e0 l&rsquo;huile de rose Argital apr\u00e8s le masque. La <span style=\"color: #0000ff;\"><a style=\"color: #0000ff;\" href=\"https:\/\/www.biobey.be\/fr\/produit\/creme-de-jour-a-lhuile-de-rose-bio-50\/\">cr\u00e8me de jour \u00e0 l&rsquo;huile de rose bio<\/a> <\/span>nourrit la peau et stimule le renouvellement cellulaire<\/p>\n<p>Le masque de nuit hydratant au c\u00e9leri de Naturys est id\u00e9al pour revitaliser les peaux ternes et d\u00e9shydrat\u00e9es. Il nourrit la peau avec les nutriments et les vitamines n\u00e9cessaires. La formule riche en antioxydants et en vitamines aide \u00e0 am\u00e9liorer la structure de la peau et la prot\u00e8ge contre la perte d&rsquo;hydratation.<\/p>\n<p>Un mauvais sommeil, les radicaux libres et les influences n\u00e9gatives de l&rsquo;ext\u00e9rieur affectent la peau. Le stress oxydatif affaiblit la barri\u00e8re cutan\u00e9e et acc\u00e9l\u00e8re le processus de vieillissement de la peau. Le masque de nuit hydratant de Naturys aide \u00e0 combattre les effets n\u00e9gatifs des radicaux libres. Il favorise le processus de r\u00e9g\u00e9n\u00e9ration des cellules de la peau.<\/p>\n<p>Le masque facial peut \u00eatre utilis\u00e9 aussi bien comme masque de jour que comme masque de nuit. Avant d&rsquo;appliquer le masque hydratant, nous recommandons d&rsquo;utiliser <span style=\"color: #0000ff;\"><a style=\"color: #0000ff;\" href=\"https:\/\/www.biobey.be\/fr\/produit\/gommage-visage-peau-sensible-75ml\/\">le gommage doux Argital<\/a><\/span>. Il \u00e9limine les cellules mortes de la peau et assure une meilleure absorption du masque de nuit hydratant.<\/p>\n<h2>Effet du masque de nuit hydratant bio Celery Naturys<\/h2>\n<p>Le masque de nuit hydratant bio est \u00e0 base d&rsquo;extrait de c\u00e9leri. Cet extrait est riche en enzymes b\u00e9n\u00e9fiques, acide folique, antioxydants, vitamines C, K et B6. Le c\u00e9leri est utilis\u00e9 \u00e0 la fois en interne et en externe pour ses nombreux bienfaits. La vitamine K am\u00e9liore l&rsquo;\u00e9lasticit\u00e9 de la peau tandis que la vitamine C. L&rsquo;extrait de c\u00e9leri a un effet purifiant sur la peau.<\/p>\n<p>La vitamine K am\u00e9liore l&rsquo;\u00e9lasticit\u00e9 de la peau tandis que les vitamines C et B contribuent \u00e0 unifier le teint. Le beurre de karit\u00e9 nourrit et adoucit la peau. Il prot\u00e8ge la peau contre la perte d&rsquo;humidit\u00e9 en formant une fine couche protectrice sur la peau.<\/p>\n<p>Ce masque de nuit hydratant bio est riche en antioxydants. Ceux-ci combattent les effets n\u00e9gatifs des radicaux libres et la formation pr\u00e9matur\u00e9e de rides.<\/p>\n<p>Le masque de nuit hydratant bio Naturys Celery Farm est v\u00e9g\u00e9talien et naturel. Il est exempt d&rsquo;huiles min\u00e9rales, de silicones, de pegs, de parab\u00e8nes et de d\u00e9riv\u00e9s du p\u00e9trole.<\/p>\n<p><strong>Mode d&#8217;emploi<\/strong><br \/>\n<strong>Masque de nuit hydratant bio<\/strong> : utilisez ce masque comme derni\u00e8re \u00e9tape de votre soin de nuit. Appliquez une fine couche du masque sur la peau nettoy\u00e9e. Massez doucement la peau. Rincez le lendemain matin \u00e0 l&rsquo;eau ti\u00e8de.<\/p>\n<p><strong>Comme Masque de jour<\/strong> : appliquer une couche \u00e9paisse du masque sur le visage et laisser agir pendant 15 minutes. Rincez ensuite \u00e0 l&rsquo;eau ti\u00e8de.<\/p>\n<p>Ingr\u00e9dients : Aqua, Coco-caprylate, Glyc\u00e9rine, Butyrospermum parkii (Shea) butter*, Caprylic\/capric triglyceride, Sucrose polystearate, Erythritol, Glyceryl stearate, Tocopherol (Vitamine E), Cetearyl alcohol, Apium graveolens (Selderij) callus extract,<\/p>\n<p>Helianthus annuus seed oil, Sodium stearoyl glutamate, Xanthan gum, Cetyl palmitate, Lactic acid, Chlorophyllin-copper complex, Dehydroacetic acid, Benzyl alcohol, Fragrance (Natural Aroma)<\/p>\n","protected":false},"excerpt":{"rendered":"<p>Le masque de nuit hydratant Naturys \u00e0 base de c\u00e9leri et de beurre de karit\u00e9 nourrit et raffermit la peau. L&rsquo;extrait de c\u00e9leri riche en antioxydants combat les effets n\u00e9gatifs des radicaux libres et stimule la production de collag\u00e8ne. Le beurre de karit\u00e9 nourrit et prot\u00e8ge la peau contre la d\u00e9shydratation.<br \/>\n<strong>Action<\/strong> : nourrissant, hydratant, anti-\u00e2ge<br \/>\n<strong>Caract\u00e9ristiques<\/strong> : Naturel, v\u00e9g\u00e9talien<br \/>\n<strong>Formule<\/strong> : Extrait de c\u00e9leri biologique, beurre de karit\u00e9, vitamines E et C<br \/>\n<strong>Couleur<\/strong> : Vert clair (naturel)<br \/>\n<strong>Contenu<\/strong> : 50\u2009ml<\/p>\n<p>Nous vous informons que le masque de nuit hydratant Celery Naturys est actuellement en rupture de stock. Nous vous recommandons comme alternative le masque <span style=\"color: #0000ff;\"><a style=\"color: #0000ff;\" href=\"https:\/\/www.biobey.be\/fr\/produit\/masque-visage-a-lhibiscus-et-a-la-rose\/\">Infusion \u00e0 la rose et \u00e0 l&rsquo;hibiscus<\/a><\/span>. Ce produit constitue une alternative compl\u00e8te et de qualit\u00e9 \u00e9quivalente.<\/p>\n<p>&nbsp;<\/p>\n","protected":false},"featured_media":657,"comment_status":"open","ping_status":"closed","template":"","meta":{"ocean_post_layout":"","ocean_both_sidebars_style":"","ocean_both_sidebars_content_width":0,"ocean_both_sidebars_sidebars_width":0,"ocean_sidebar":"0","ocean_second_sidebar":"0","ocean_disable_margins":"enable","ocean_add_body_class":"","ocean_shortcode_before_top_bar":"","ocean_shortcode_after_top_bar":"","ocean_shortcode_before_header":"","ocean_shortcode_after_header":"","ocean_has_shortcode":"","ocean_shortcode_after_title":"","ocean_shortcode_before_footer_widgets":"","ocean_shortcode_after_footer_widgets":"","ocean_shortcode_before_footer_bottom":"","ocean_shortcode_after_footer_bottom":"","ocean_display_top_bar":"default","ocean_display_header":"default","ocean_header_style":"","ocean_center_header_left_menu":"0","ocean_custom_header_template":"0","ocean_custom_logo":0,"ocean_custom_retina_logo":0,"ocean_custom_logo_max_width":0,"ocean_custom_logo_tablet_max_width":0,"ocean_custom_logo_mobile_max_width":0,"ocean_custom_logo_max_height":0,"ocean_custom_logo_tablet_max_height":0,"ocean_custom_logo_mobile_max_height":0,"ocean_header_custom_menu":"0","ocean_menu_typo_font_family":"0","ocean_menu_typo_font_subset":"","ocean_menu_typo_font_size":0,"ocean_menu_typo_font_size_tablet":0,"ocean_menu_typo_font_size_mobile":0,"ocean_menu_typo_font_size_unit":"px","ocean_menu_typo_font_weight":"","ocean_menu_typo_font_weight_tablet":"","ocean_menu_typo_font_weight_mobile":"","ocean_menu_typo_transform":"","ocean_menu_typo_transform_tablet":"","ocean_menu_typo_transform_mobile":"","ocean_menu_typo_line_height":0,"ocean_menu_typo_line_height_tablet":0,"ocean_menu_typo_line_height_mobile":0,"ocean_menu_typo_line_height_unit":"","ocean_menu_typo_spacing":0,"ocean_menu_typo_spacing_tablet":0,"ocean_menu_typo_spacing_mobile":0,"ocean_menu_typo_spacing_unit":"","ocean_menu_link_color":"","ocean_menu_link_color_hover":"","ocean_menu_link_color_active":"","ocean_menu_link_background":"","ocean_menu_link_hover_background":"","ocean_menu_link_active_background":"","ocean_menu_social_links_bg":"","ocean_menu_social_hover_links_bg":"","ocean_menu_social_links_color":"","ocean_menu_social_hover_links_color":"","ocean_disable_title":"default","ocean_disable_heading":"default","ocean_post_title":"","ocean_post_subheading":"","ocean_post_title_style":"","ocean_post_title_background_color":"","ocean_post_title_background":0,"ocean_post_title_bg_image_position":"","ocean_post_title_bg_image_attachment":"","ocean_post_title_bg_image_repeat":"","ocean_post_title_bg_image_size":"","ocean_post_title_height":0,"ocean_post_title_bg_overlay":0.5,"ocean_post_title_bg_overlay_color":"","ocean_disable_breadcrumbs":"default","ocean_breadcrumbs_color":"","ocean_breadcrumbs_separator_color":"","ocean_breadcrumbs_links_color":"","ocean_breadcrumbs_links_hover_color":"","ocean_display_footer_widgets":"default","ocean_display_footer_bottom":"default","ocean_custom_footer_template":"0"},"product_brand":[108],"product_cat":[18,49,17,16],"product_tag":[],"class_list":{"0":"post-2526","1":"product","2":"type-product","3":"status-publish","4":"has-post-thumbnail","6":"product_brand-naturys","7":"product_cat-nettoyage-de-la-peau-et-masques","8":"product_cat-peau-seche","9":"product_cat-soins-du-visage","10":"product_cat-soins","12":"entry","13":"has-media","15":"first","16":"outofstock","17":"taxable","18":"shipping-taxable","19":"purchasable","20":"product-type-simple","21":"has-rating","22":"col","23":"span_1_of_3","24":"owp-content-center","25":"owp-thumbs-layout-horizontal","26":"owp-btn-normal","27":"owp-tabs-layout-section","28":"has-no-thumbnails","29":"circle-sale"},"_links":{"self":[{"href":"https:\/\/www.biobey.be\/fr\/wp-json\/wp\/v2\/product\/2526","targetHints":{"allow":["GET"]}}],"collection":[{"href":"https:\/\/www.biobey.be\/fr\/wp-json\/wp\/v2\/product"}],"about":[{"href":"https:\/\/www.biobey.be\/fr\/wp-json\/wp\/v2\/types\/product"}],"replies":[{"embeddable":true,"href":"https:\/\/www.biobey.be\/fr\/wp-json\/wp\/v2\/comments?post=2526"}],"wp:featuredmedia":[{"embeddable":true,"href":"https:\/\/www.biobey.be\/fr\/wp-json\/wp\/v2\/media\/657"}],"wp:attachment":[{"href":"https:\/\/www.biobey.be\/fr\/wp-json\/wp\/v2\/media?parent=2526"}],"wp:term":[{"taxonomy":"product_brand","embeddable":true,"href":"https:\/\/www.biobey.be\/fr\/wp-json\/wp\/v2\/product_brand?post=2526"},{"taxonomy":"product_cat","embeddable":true,"href":"https:\/\/www.biobey.be\/fr\/wp-json\/wp\/v2\/product_cat?post=2526"},{"taxonomy":"product_tag","embeddable":true,"href":"https:\/\/www.biobey.be\/fr\/wp-json\/wp\/v2\/product_tag?post=2526"}],"curies":[{"name":"wp","href":"https:\/\/api.w.org\/{rel}","templated":true}]}}