{"id":2528,"date":"2025-04-07T00:00:04","date_gmt":"2025-04-06T22:00:04","guid":{"rendered":"https:\/\/www.biobey.be\/fr-temp\/produit\/la-palette-fard-a-paupieres-bio-minerale\/"},"modified":"2026-02-17T20:37:53","modified_gmt":"2026-02-17T19:37:53","slug":"la-palette-fard-a-paupieres-bio-minerale","status":"publish","type":"product","link":"https:\/\/www.biobey.be\/fr\/produit\/la-palette-fard-a-paupieres-bio-minerale\/","title":{"rendered":"La palette fard \u00e0 paupi\u00e8res bio min\u00e9rale"},"content":{"rendered":"<p>La palette fard \u00e0 paupi\u00e8res bio min\u00e9rale comporte des nuances nudes. Les ombres \u00e0 paupi\u00e8res peuvent \u00eatre utilis\u00e9 humides ou secs. Gr\u00e2ce \u00e0 sa formule naturelle et douce, il convient aux personnes aux yeux sensibles. La palette fard \u00e0 paupi\u00e8res bio min\u00e9rale Geoderm sont v\u00e9g\u00e9taliennes,\u00a0 naturelles et sans talc.<\/p>\n<p>Les min\u00e9raux naturels de haute qualit\u00e9 durent longtemps sans endommager la peau ni irriter les yeux. La combinaison de teintes nudes et naturelles est id\u00e9ale pour cr\u00e9er d&rsquo;innombrables looks et combinaisons de couleurs. La palette fard \u00e0 paupi\u00e8res bio min\u00e9rale peut \u00eatre utilis\u00e9e pour un look naturel, subtil \u00e0 explicite et extravagant.<\/p>\n<p>Les ombres \u00e0 paupi\u00e8res Geoderm sont exemptes de m\u00e9taux lourds, de talc, de colorants synth\u00e9tiques, de parfums, de pegs, de silicones, de parab\u00e8nes, de microplastiques et d&rsquo;autres irritants.<\/p>\n<p>La palette d&rsquo;ombres \u00e0 paupi\u00e8res min\u00e9rales naturelles Geoderm est compacte et peut \u00eatre port\u00e9e dans un trousseau. Les fards \u00e0 paupi\u00e8res conventionnels contiennent des irritants et des agents dess\u00e9chants.<\/p>\n<p>Ceux-ci peuvent irriter les yeux, irriter la peau et la dess\u00e9cher. Ils acc\u00e9l\u00e8rent \u00e9galement le stress oxydatif, qui provoque un vieillissement pr\u00e9matur\u00e9 de la peau. La palette fard \u00e0 paupi\u00e8res bio min\u00e9rale <strong>offre un look radieux sans effets n\u00e9gatifs sur la peau et les yeux.<\/strong><\/p>\n<p>La palette fard \u00e0 paupi\u00e8res bio min\u00e9rale et v\u00e9g\u00e9taliennes, nuances naturelles, yeux sensibles. Tous les fards \u00e0 paupi\u00e8res sont v\u00e9g\u00e9taliens, 100% naturels et certifi\u00e9s par Ecocert. Fabriqu\u00e9 \u00e0 base d&rsquo;amidon de zea mays, de mica et d&rsquo;huiles v\u00e9g\u00e9tales biologiques. Sans talc, parfum, microplastiques, irritants. Convient aux porteurs de lentilles de contact<\/p>\n<p>+\/- INCI : mica, amidon de zea mays, triglyc\u00e9ride caprylique\/caprique, coco-caprylate\/caprate, b\u00e9h\u00e9nate de glyc\u00e9ryle, huile de prunus amygdalus dulcis*, huile de rosa canina*, CI77891<\/p>\n<p><strong>No. 1 Fairy Floss Peachy<\/strong><br \/>\nA une couleur satin\u00e9e et brillante. Il cr\u00e9e plus de brillance et assure un aspect radieux.<\/p>\n<p><strong>No. 2 Blanc nacr\u00e9<\/strong><br \/>\nOmbre \u00e0 paupi\u00e8res min\u00e9rale au fini mat et l\u00e9g\u00e8rement satin\u00e9. Il cr\u00e9e un look ouvert et un aspect naturel.<\/p>\n<p><strong>No. 3 Noir Ambre<\/strong><br \/>\nCouleur noire magn\u00e9tique mate.<\/p>\n<p><strong>No 4 Gris marbre<\/strong><br \/>\nOmbre \u00e0 paupi\u00e8res grise au fini satin\u00e9<\/p>\n<p><strong>No 5 Couleur cuivre poire bourgogne<\/strong><br \/>\nFinition satin\u00e9e<\/p>\n<p><strong>No 6 Brun naturel<\/strong><br \/>\nCouleur brune avec effet mat\/satin\u00e9<\/p>\n<p>Les fards \u00e0 paupi\u00e8res sont \u00e9galement disponibles s\u00e9par\u00e9ment sur le site avec une description d\u00e9taill\u00e9e.<\/p>\n<h3>Quels sont les bienfaits de l&rsquo;ombre \u00e0 paupi\u00e8res min\u00e9rale pour la peau ?<\/h3>\n<p>L&rsquo;ombre \u00e0 paupi\u00e8res min\u00e9rale convient parfaitement aux peaux sensibles car elle n&rsquo;obstrue pas les pores et est douce pour la peau. Les ombres \u00e0 paupi\u00e8res min\u00e9rales naturelles ne contiennent pas de colorants irritants qui provoquent souvent des r\u00e9actions allergiques chez les personnes \u00e0 la peau sensible.<\/p>\n<p>La consistance l\u00e9g\u00e8re des min\u00e9raux permet \u00e0 la peau de respirer et dure plus longtemps. Les colorants chimiques utilis\u00e9s dans les maquillages et ombres \u00e0 paupi\u00e8res conventionnels attaquent la barri\u00e8re cutan\u00e9e. Les ombres \u00e0 paupi\u00e8res \u00e0 base de min\u00e9raux naturels se conservent plus longtemps.<\/p>\n<p>Par cons\u00e9quent, aucun conservateur synth\u00e9tique n&rsquo;est ajout\u00e9 au maquillage min\u00e9ral naturel. Les pigments puissants des min\u00e9raux cr\u00e9ent un look magnifique.<\/p>\n","protected":false},"excerpt":{"rendered":"<p>Indication : La palette fard \u00e0 paupi\u00e8res bio min\u00e9rale x 6 contient des couleurs brunes et nudes. Il a une finition mate et satin\u00e9e. La formule 100% naturelle \u00e0 base de pigments min\u00e9raux naturels de haute qualit\u00e9 convient aux personnes ayant les yeux et la peau sensibles et aux porteurs de lentilles de contact.<\/p>\n<p>La formule pure assure une couverture longue dur\u00e9e de fa\u00e7on naturelle. Ce set d&rsquo;ombres \u00e0 paupi\u00e8res est v\u00e9g\u00e9talien et exempt de talc, de silicones, de parfum, de parab\u00e8nes, de peg&rsquo;s, de microplastiques, de m\u00e9taux lourds ou d&rsquo;autres irritants.<\/p>\n<p>Formule : Amidon de Zea mays, Mica, Huiles v\u00e9g\u00e9tales biologiques.<br \/>\nDes labels : Vegan, Ecocert<br \/>\nCaract\u00e9ristiques : Effet durable. Peut \u00eatre utilis\u00e9 \u00e0 sec ou humide.<\/p>\n","protected":false},"featured_media":662,"comment_status":"open","ping_status":"closed","template":"","meta":{"ocean_post_layout":"","ocean_both_sidebars_style":"","ocean_both_sidebars_content_width":0,"ocean_both_sidebars_sidebars_width":0,"ocean_sidebar":"0","ocean_second_sidebar":"0","ocean_disable_margins":"enable","ocean_add_body_class":"","ocean_shortcode_before_top_bar":"","ocean_shortcode_after_top_bar":"","ocean_shortcode_before_header":"","ocean_shortcode_after_header":"","ocean_has_shortcode":"","ocean_shortcode_after_title":"","ocean_shortcode_before_footer_widgets":"","ocean_shortcode_after_footer_widgets":"","ocean_shortcode_before_footer_bottom":"","ocean_shortcode_after_footer_bottom":"","ocean_display_top_bar":"default","ocean_display_header":"default","ocean_header_style":"","ocean_center_header_left_menu":"0","ocean_custom_header_template":"0","ocean_custom_logo":0,"ocean_custom_retina_logo":0,"ocean_custom_logo_max_width":0,"ocean_custom_logo_tablet_max_width":0,"ocean_custom_logo_mobile_max_width":0,"ocean_custom_logo_max_height":0,"ocean_custom_logo_tablet_max_height":0,"ocean_custom_logo_mobile_max_height":0,"ocean_header_custom_menu":"0","ocean_menu_typo_font_family":"0","ocean_menu_typo_font_subset":"","ocean_menu_typo_font_size":0,"ocean_menu_typo_font_size_tablet":0,"ocean_menu_typo_font_size_mobile":0,"ocean_menu_typo_font_size_unit":"px","ocean_menu_typo_font_weight":"","ocean_menu_typo_font_weight_tablet":"","ocean_menu_typo_font_weight_mobile":"","ocean_menu_typo_transform":"","ocean_menu_typo_transform_tablet":"","ocean_menu_typo_transform_mobile":"","ocean_menu_typo_line_height":0,"ocean_menu_typo_line_height_tablet":0,"ocean_menu_typo_line_height_mobile":0,"ocean_menu_typo_line_height_unit":"","ocean_menu_typo_spacing":0,"ocean_menu_typo_spacing_tablet":0,"ocean_menu_typo_spacing_mobile":0,"ocean_menu_typo_spacing_unit":"","ocean_menu_link_color":"","ocean_menu_link_color_hover":"","ocean_menu_link_color_active":"","ocean_menu_link_background":"","ocean_menu_link_hover_background":"","ocean_menu_link_active_background":"","ocean_menu_social_links_bg":"","ocean_menu_social_hover_links_bg":"","ocean_menu_social_links_color":"","ocean_menu_social_hover_links_color":"","ocean_disable_title":"default","ocean_disable_heading":"default","ocean_post_title":"","ocean_post_subheading":"","ocean_post_title_style":"","ocean_post_title_background_color":"","ocean_post_title_background":0,"ocean_post_title_bg_image_position":"","ocean_post_title_bg_image_attachment":"","ocean_post_title_bg_image_repeat":"","ocean_post_title_bg_image_size":"","ocean_post_title_height":0,"ocean_post_title_bg_overlay":0.5,"ocean_post_title_bg_overlay_color":"","ocean_disable_breadcrumbs":"default","ocean_breadcrumbs_color":"","ocean_breadcrumbs_separator_color":"","ocean_breadcrumbs_links_color":"","ocean_breadcrumbs_links_hover_color":"","ocean_display_footer_widgets":"default","ocean_display_footer_bottom":"default","ocean_custom_footer_template":"0"},"product_brand":[116],"product_cat":[55],"product_tag":[],"class_list":{"0":"post-2528","1":"product","2":"type-product","3":"status-publish","4":"has-post-thumbnail","6":"product_brand-geoderm","7":"product_cat-maquillage","9":"entry","10":"has-media","12":"first","13":"instock","14":"taxable","15":"shipping-taxable","16":"purchasable","17":"product-type-simple","18":"has-rating","19":"col","20":"span_1_of_3","21":"owp-content-center","22":"owp-thumbs-layout-horizontal","23":"owp-btn-normal","24":"owp-tabs-layout-section","25":"has-no-thumbnails","26":"circle-sale"},"_links":{"self":[{"href":"https:\/\/www.biobey.be\/fr\/wp-json\/wp\/v2\/product\/2528","targetHints":{"allow":["GET"]}}],"collection":[{"href":"https:\/\/www.biobey.be\/fr\/wp-json\/wp\/v2\/product"}],"about":[{"href":"https:\/\/www.biobey.be\/fr\/wp-json\/wp\/v2\/types\/product"}],"replies":[{"embeddable":true,"href":"https:\/\/www.biobey.be\/fr\/wp-json\/wp\/v2\/comments?post=2528"}],"wp:featuredmedia":[{"embeddable":true,"href":"https:\/\/www.biobey.be\/fr\/wp-json\/wp\/v2\/media\/662"}],"wp:attachment":[{"href":"https:\/\/www.biobey.be\/fr\/wp-json\/wp\/v2\/media?parent=2528"}],"wp:term":[{"taxonomy":"product_brand","embeddable":true,"href":"https:\/\/www.biobey.be\/fr\/wp-json\/wp\/v2\/product_brand?post=2528"},{"taxonomy":"product_cat","embeddable":true,"href":"https:\/\/www.biobey.be\/fr\/wp-json\/wp\/v2\/product_cat?post=2528"},{"taxonomy":"product_tag","embeddable":true,"href":"https:\/\/www.biobey.be\/fr\/wp-json\/wp\/v2\/product_tag?post=2528"}],"curies":[{"name":"wp","href":"https:\/\/api.w.org\/{rel}","templated":true}]}}