{"id":2529,"date":"2026-03-05T19:59:24","date_gmt":"2026-03-05T18:59:24","guid":{"rendered":"https:\/\/www.biobey.be\/fr-temp\/produit\/masque-visage-a-lhibiscus-et-a-la-rose\/"},"modified":"2026-03-05T19:59:16","modified_gmt":"2026-03-05T18:59:16","slug":"masque-visage-a-lhibiscus-et-a-la-rose","status":"publish","type":"product","link":"https:\/\/www.biobey.be\/fr\/produit\/masque-visage-a-lhibiscus-et-a-la-rose\/","title":{"rendered":"Masque visage \u00e0 l&rsquo;hibiscus et \u00e0 la rose 100 ml"},"content":{"rendered":"<p>Le masque visage \u00e0 l&rsquo;hibiscus et \u00e0 la rose \u00e0 base d&rsquo;eau de rose et d&rsquo;extraits d&rsquo;hibiscus est particuli\u00e8rement adapt\u00e9 aux peaux s\u00e8ches ou matures. Le masque adoucit la peau s\u00e8che et stimule la r\u00e9g\u00e9n\u00e9ration des cellules cutan\u00e9es.<\/p>\n<p>Les influences ext\u00e9rieures n\u00e9gatives, le stress ou un mauvais sommeil affectent la peau. En cons\u00e9quence, la peau peut para\u00eetre terne, fatigu\u00e9e ou s\u00e8che. La formule du masque Bioearth Nature Infusion contient, entre autres, du jus d&rsquo;aloe vera biologique, de l&rsquo;acide hyaluronique issu de la fermentation v\u00e9g\u00e9tale et des extraits de goji.<\/p>\n<p>L&rsquo;acide hyaluronique<strong> hydrate instantan\u00e9ment la peau<\/strong> et contribue \u00e0 r\u00e9duire l&rsquo;apparence des ridules superficielles. Le jus d&rsquo;aloe vera biologique renforce la barri\u00e8re cutan\u00e9e et la prot\u00e8ge contre la perte d&rsquo;hydratation.<\/p>\n<p>Apr\u00e8s une seule utilisation, <strong>la peau semble nourrie et radieuse.<\/strong><\/p>\n<h2>Formule de masque visage \u00e0 l&rsquo;hibiscus et \u00e0 la rose<\/h2>\n<p>Le masque visage \u00e0 l&rsquo;hibiscus et \u00e0 la rose Bioearth est compos\u00e9 d&rsquo;extraits de plantes et d&rsquo;huiles b\u00e9n\u00e9fiques. L&rsquo;extrait d&rsquo;hibiscus est riche en vitamine C, en b\u00eata-carot\u00e8ne et en acides AHA v\u00e9g\u00e9taux.<\/p>\n<p>La vitamine C aide \u00e0 r\u00e9duire les effets n\u00e9gatifs des radicaux libres. Les acides AHA stimulent le renouvellement des cellules cutan\u00e9es et contribuent ainsi \u00e0 ralentir le vieillissement de la peau.<\/p>\n<p>En outre, le masque visage \u00e0 l&rsquo;hibiscus et \u00e0 la rose contient de l&rsquo;aloe vera biologique, de l&rsquo;eau de rose, des carragh\u00e9nanes et de l&rsquo;acide hyaluronique. L&rsquo;aloe vera a un effet anti-inflammatoire et apaise les irritations. L&rsquo;acide hyaluronique hydrate en profondeur et retient l&rsquo;humidit\u00e9. Le carragh\u00e9nane a <strong>un fort effet r\u00e9g\u00e9n\u00e9rant sur les cellules de la peau.<\/strong><\/p>\n<p>\u00ab\u00a0Infusion\u00a0\u00bb de vitamines et de nutriments qui apaise et r\u00e9g\u00e9n\u00e8re la peau. Le masque visage \u00e0 l&rsquo;hibiscus et \u00e0 la rose convient \u00e0 tous les types de peau. La couleur du masque est due \u00e0 la coloration naturelle de l&rsquo;hibiscus.<\/p>\n<p>Ce masque visage \u00e0 l&rsquo;hibiscus et \u00e0 la rose est v\u00e9g\u00e9talien, naturel et exempt de silicones, de parfum synth\u00e9tique, de colorants, de vaseline, de pegs, de parabens et de microplastiques. Il convient \u00e0 tous les types de peau ainsi qu&rsquo;aux peaux s\u00e8ches et sensibles.<\/p>\n<h2>Comment fonctionne le masque infusion \u00e0 la rose ?<\/h2>\n<p>Le masque visage \u00e0 l\u2019hibiscus et \u00e0 la rose de Bioearth est con\u00e7u pour le soin intensif des peaux s\u00e8ches et rid\u00e9es. La combinaison d&rsquo;acide hyaluronique et d&rsquo;aloe vera assure une hydratation intensive de la peau. L&rsquo;acide hyaluronique hydrate les couches profondes de la peau.<\/p>\n<p>Les cellules de la peau retiennent mieux l&rsquo;humidit\u00e9. Le gel d&rsquo;aloe vera a un effet apaisant et r\u00e9parateur sur la peau s\u00e8che. Les extraits contenus dans les roses du masque \u00e0 infusion hydratent la peau s\u00e8che et la prot\u00e8gent contre la perte d&rsquo;hydratation. L&rsquo;hibiscus et l&rsquo;huile de rose musqu\u00e9e sont riches en vitamines et en antioxydants.<\/p>\n<p>La vitamine C contribue \u00e0 ralentir la d\u00e9gradation du collag\u00e8ne. Elle prot\u00e8ge la peau du stress oxydatif et de la formation de rides pr\u00e9matur\u00e9es. Le masque visage \u00e0 l\u2019hibiscus et \u00e0 la rose est id\u00e9al pour l&rsquo;hydratation et la r\u00e9g\u00e9n\u00e9ration de la peau. Apr\u00e8s utilisation, la peau est agr\u00e9ablement douce.<\/p>\n<h3>Ce masque naturel \u00e0 la rose convient-il aux peaux sensibles ?<\/h3>\n<p>Oui, le masque Infusion Roses peut \u00eatre utilis\u00e9 sur les peaux sensibles.<\/p>\n<h3>Comment et \u00e0 quelle fr\u00e9quence puis-je utiliser le masque Infusion Roses ?<\/h3>\n<p>Le masque peut \u00eatre utilis\u00e9 une ou deux fois par semaine. Appliquez une couche \u00e9paisse du masque sur la peau et laissez agir pendant au moins 10 minutes. Retirez le masque avec de l&rsquo;eau ti\u00e8de et\/ou une \u00e9ponge humide.<\/p>\n<p>Ingr\u00e9dients : Aqua, Aloe Barbadensis Leaf Juice*, Glycerin, Pullulan, Rosa Canina Fruit Extract*, Rosa Damascena Flower Water*, Hibiscus Sabdariffa Flower Powder*, Chondrus Crispus (Carrageenan) Extract, Lycium Barbarum Fruit Extract*, Extrait de fruit de Malpighia Emarginata,<\/p>\n<p>Hyaluronate de sodium, Gomme de Ceratonia Siliqua, Gomme de cellulose, Saccharose, B\u00e9ta\u00efne, Parfum (naturel)**, Ethylhexylglyc\u00e9rine, Benzoate de sodium, Sorbate de potassium, Alcool benzylique.<\/p>\n<p>*Agriculture biologique<br \/>\n**Fragrance d\u00e9riv\u00e9e de composants naturels<\/p>\n","protected":false},"excerpt":{"rendered":"<p>Le masque Nature Infusion rose et hibiscus est id\u00e9al pour soigner et r\u00e9g\u00e9n\u00e9rer les peaux s\u00e8ches et matures. \u00ab\u00a0L&rsquo;infusion\u00a0\u00bb d&rsquo;extraits d&rsquo;hibiscus apaise la peau s\u00e8che et aide \u00e0 estomper les ridules.<br \/>\nFormule : Extraits d&rsquo;aloe vera, d&rsquo;hibiscus et de rose biologiques, carragh\u00e9nane et acide hyaluronique.<br \/>\nCaract\u00e9ristiques : V\u00e9g\u00e9talien, naturel et \u00e9cologique<br \/>\nType de peau : Convient \u00e0 tous les types de peau ainsi qu&rsquo;aux peaux sensibles.<\/p>\n<p><strong>Ingr\u00e9dients actifs et action<\/strong><br \/>\n&#8211; roses biologiques :<br \/>\n&#8211; hibiscus<br \/>\n&#8211; acide hyaluronique issu de la fermentation v\u00e9g\u00e9tale : hydrate la peau en profondeur<br \/>\n&#8211; jus d&rsquo;aloe vera biologique : renforce et pr\u00e9vient<\/p>\n","protected":false},"featured_media":679,"comment_status":"open","ping_status":"closed","template":"","meta":{"ocean_post_layout":"","ocean_both_sidebars_style":"","ocean_both_sidebars_content_width":0,"ocean_both_sidebars_sidebars_width":0,"ocean_sidebar":"0","ocean_second_sidebar":"0","ocean_disable_margins":"enable","ocean_add_body_class":"","ocean_shortcode_before_top_bar":"","ocean_shortcode_after_top_bar":"","ocean_shortcode_before_header":"","ocean_shortcode_after_header":"","ocean_has_shortcode":"","ocean_shortcode_after_title":"","ocean_shortcode_before_footer_widgets":"","ocean_shortcode_after_footer_widgets":"","ocean_shortcode_before_footer_bottom":"","ocean_shortcode_after_footer_bottom":"","ocean_display_top_bar":"default","ocean_display_header":"default","ocean_header_style":"","ocean_center_header_left_menu":"0","ocean_custom_header_template":"0","ocean_custom_logo":0,"ocean_custom_retina_logo":0,"ocean_custom_logo_max_width":0,"ocean_custom_logo_tablet_max_width":0,"ocean_custom_logo_mobile_max_width":0,"ocean_custom_logo_max_height":0,"ocean_custom_logo_tablet_max_height":0,"ocean_custom_logo_mobile_max_height":0,"ocean_header_custom_menu":"0","ocean_menu_typo_font_family":"0","ocean_menu_typo_font_subset":"","ocean_menu_typo_font_size":0,"ocean_menu_typo_font_size_tablet":0,"ocean_menu_typo_font_size_mobile":0,"ocean_menu_typo_font_size_unit":"px","ocean_menu_typo_font_weight":"","ocean_menu_typo_font_weight_tablet":"","ocean_menu_typo_font_weight_mobile":"","ocean_menu_typo_transform":"","ocean_menu_typo_transform_tablet":"","ocean_menu_typo_transform_mobile":"","ocean_menu_typo_line_height":0,"ocean_menu_typo_line_height_tablet":0,"ocean_menu_typo_line_height_mobile":0,"ocean_menu_typo_line_height_unit":"","ocean_menu_typo_spacing":0,"ocean_menu_typo_spacing_tablet":0,"ocean_menu_typo_spacing_mobile":0,"ocean_menu_typo_spacing_unit":"","ocean_menu_link_color":"","ocean_menu_link_color_hover":"","ocean_menu_link_color_active":"","ocean_menu_link_background":"","ocean_menu_link_hover_background":"","ocean_menu_link_active_background":"","ocean_menu_social_links_bg":"","ocean_menu_social_hover_links_bg":"","ocean_menu_social_links_color":"","ocean_menu_social_hover_links_color":"","ocean_disable_title":"default","ocean_disable_heading":"default","ocean_post_title":"","ocean_post_subheading":"","ocean_post_title_style":"","ocean_post_title_background_color":"","ocean_post_title_background":0,"ocean_post_title_bg_image_position":"","ocean_post_title_bg_image_attachment":"","ocean_post_title_bg_image_repeat":"","ocean_post_title_bg_image_size":"","ocean_post_title_height":0,"ocean_post_title_bg_overlay":0.5,"ocean_post_title_bg_overlay_color":"","ocean_disable_breadcrumbs":"default","ocean_breadcrumbs_color":"","ocean_breadcrumbs_separator_color":"","ocean_breadcrumbs_links_color":"","ocean_breadcrumbs_links_hover_color":"","ocean_display_footer_widgets":"default","ocean_display_footer_bottom":"default","ocean_custom_footer_template":"0"},"product_brand":[118],"product_cat":[18,17,16,20],"product_tag":[],"class_list":{"0":"post-2529","1":"product","2":"type-product","3":"status-publish","4":"has-post-thumbnail","6":"product_brand-bioearth","7":"product_cat-nettoyage-de-la-peau-et-masques","8":"product_cat-soins-du-visage","9":"product_cat-soins","10":"product_cat-anti-age","12":"entry","13":"has-media","15":"first","16":"instock","17":"taxable","18":"shipping-taxable","19":"purchasable","20":"product-type-simple","21":"has-rating","22":"col","23":"span_1_of_3","24":"owp-content-center","25":"owp-thumbs-layout-horizontal","26":"owp-btn-normal","27":"owp-tabs-layout-section","28":"has-no-thumbnails","29":"circle-sale"},"_links":{"self":[{"href":"https:\/\/www.biobey.be\/fr\/wp-json\/wp\/v2\/product\/2529","targetHints":{"allow":["GET"]}}],"collection":[{"href":"https:\/\/www.biobey.be\/fr\/wp-json\/wp\/v2\/product"}],"about":[{"href":"https:\/\/www.biobey.be\/fr\/wp-json\/wp\/v2\/types\/product"}],"replies":[{"embeddable":true,"href":"https:\/\/www.biobey.be\/fr\/wp-json\/wp\/v2\/comments?post=2529"}],"wp:featuredmedia":[{"embeddable":true,"href":"https:\/\/www.biobey.be\/fr\/wp-json\/wp\/v2\/media\/679"}],"wp:attachment":[{"href":"https:\/\/www.biobey.be\/fr\/wp-json\/wp\/v2\/media?parent=2529"}],"wp:term":[{"taxonomy":"product_brand","embeddable":true,"href":"https:\/\/www.biobey.be\/fr\/wp-json\/wp\/v2\/product_brand?post=2529"},{"taxonomy":"product_cat","embeddable":true,"href":"https:\/\/www.biobey.be\/fr\/wp-json\/wp\/v2\/product_cat?post=2529"},{"taxonomy":"product_tag","embeddable":true,"href":"https:\/\/www.biobey.be\/fr\/wp-json\/wp\/v2\/product_tag?post=2529"}],"curies":[{"name":"wp","href":"https:\/\/api.w.org\/{rel}","templated":true}]}}