{"id":2530,"date":"2023-09-19T23:37:40","date_gmt":"2023-09-19T21:37:40","guid":{"rendered":"https:\/\/www.biobey.be\/fr-temp\/produit\/spray-pour-le-corps-aloe-vera\/"},"modified":"2025-07-11T13:35:34","modified_gmt":"2025-07-11T11:35:34","slug":"spray-pour-le-corps-aloe-vera","status":"publish","type":"product","link":"https:\/\/www.biobey.be\/fr\/produit\/spray-pour-le-corps-aloe-vera\/","title":{"rendered":"Spray pour le corps Alo\u00eb vera Apr\u00e8s soleil 300ml"},"content":{"rendered":"<p>Le spray pour le corps Aloe vera Bioearth est un m\u00e9lange naturel de jus d&rsquo;aloe vera et de puissants extraits de plantes. Il a un effet rafra\u00eechissant et hydratant. Le spray pour le corps Aloe vera a \u00e9t\u00e9 con\u00e7u pour rafra\u00eechir et adoucir la peau s\u00e8che caus\u00e9e par les bains de soleil et le sel. Son ar\u00f4me d\u00e9licat et naturel est d\u00fb \u00e0 des extraits botaniques.<\/p>\n<p>Le spray est facile \u00e0 appliquer sur une grande surface de la peau. Apr\u00e8s avoir utilis\u00e9 le spray pour le corps, la peau est plus douce. Ce spray pour le corps Aloe vera ne contient pas d&rsquo;\u00e9cran solaire. Il ne doit pas \u00eatre utilis\u00e9 comme substitut de la cr\u00e8me solaire. Sa formule douce convient \u00e0 tous les types de peau et aux personnes \u00e0 la peau sensible.<\/p>\n<h2>Effet du spray pour le corps Aloe vera naturel<\/h2>\n<p>Le jus d&rsquo;aloe vera biologique est le principal ingr\u00e9dient du spray corporel de Bioearth. Le jus d&rsquo;aloe vera a des propri\u00e9t\u00e9s adoucissantes, hydratantes et protectrices.<\/p>\n<p>L&rsquo;extrait de cette plante est l&rsquo;un des rem\u00e8des naturels et maison les plus connus <strong>pour traiter les coups de soleil<\/strong>, les irritations de la peau et d&rsquo;autres probl\u00e8mes. Le jus d&rsquo;aloe vera a des effets anti-inflammatoires et apaisants.<\/p>\n<p>Il apaise la peau affect\u00e9e et <strong>r\u00e9duit les rougeurs<\/strong>. En outre, ce spray pour le corps Bioearth contient des extraits de kiwi biologique, de la chlorophylle, de l&rsquo;extrait de feuilles de raisin et de la vitamine E. La chlorophylle combat et pr\u00e9vient les rides pr\u00e9matur\u00e9es.<\/p>\n<p>La combinaison de vitamine E, d&rsquo;extrait de feuilles de raisin et de chlorophylle a un fort effet antioxydant. Il aide \u00e0 contrecarrer les effets n\u00e9gatifs des radicaux libres.<\/p>\n<p>Le spray pour le corps Aloe vera <strong>aide \u00e0 soutenir la couche protectrice naturelle de la peau<\/strong> et procure un rafra\u00eechissement agr\u00e9able.<br \/>\nUtilisez le spray pour le corps Aloe vera r\u00e9guli\u00e8rement pendant les bains de soleil pour rafra\u00eechir et hydrater la peau.<\/p>\n<p><strong>Remarque<\/strong> : Ce produit ne contient pas de filtres solaires. Il ne prot\u00e8ge pas contre les rayons UV. Il est fortement recommand\u00e9 de prot\u00e9ger la peau avec un bon \u00e9cran solaire naturel lors d&rsquo;une exposition prolong\u00e9e au soleil.<\/p>\n<h3><strong>Bioearth spray corporel d&rsquo;aloe vera est naturelle, v\u00e9g\u00e9talienne et produite de mani\u00e8re durable.<\/strong><\/h3>\n<p>Ingr\u00e9dients : Aqua, jus de feuille d&rsquo;Aloe Barbadensis* (Aloe Vera), glyc\u00e9rine, alcool, Extrait de fruit d&rsquo;Actinidia Chinensis (Kiwi), Chlorella Pyrenoidosa extrait de feuille de Camellia Sinensis&rsquo;, extrait de feuille de Vitis Vinifera Extrait de spores de<\/p>\n<p>Ganoderma Lucidum (champignon), Polyglyc\u00e9ryl-4 Caprylate, Sodium Lauroyl Glutamate, Diglycerin, Decyl Glucoside, Ethylhexylglyc\u00e9rine, Ac\u00e9tate de Tocopheryl, Maltodextrine, Ubiquinone, parfum (ar\u00f4me naturel), acide lactique, benzoate de sodium, Alcool benzylique, Sorbate de potassium<\/p>\n<p>*Ingr\u00e9dients issus de l&rsquo;agriculture biologique<br \/>\n**Fragrance de composants naturels<\/p>\n<p>Mode d&#8217;emploi : Bien agiter avant l&rsquo;utilisation. Appliquez le spray r\u00e9guli\u00e8rement pour rafra\u00eechir et hydrater la peau. Utilisez le spray \u00e0 une distance d&rsquo;environ 15-20 cm.<br \/>\nVeuillez noter que le spray hydratant pour le corps ne contient pas de protection solaire SPF.<\/p>\n","protected":false},"excerpt":{"rendered":"<p><strong>Indication :<\/strong><br \/>\nSpray pour le corps hydratant d&rsquo;aloe vera rafra\u00eechit et hydrate les peaux s\u00e8ches. Il est id\u00e9al pour apaiser la peau s\u00e8che caus\u00e9e par les bains de soleil ou le sel. Le spray pour le corps ne prot\u00e8ge pas du soleil car il ne contient pas de SPF. Il est fortement recommand\u00e9 de prot\u00e9ger la peau avec un \u00e9cran solaire.<\/p>\n<p>Convient \u00e0 tous les types de peau<br \/>\nNaturel, v\u00e9g\u00e9talien<br \/>\n<strong>Contenu<\/strong> : 300ml<\/p>\n","protected":false},"featured_media":667,"comment_status":"open","ping_status":"closed","template":"","meta":{"ocean_post_layout":"","ocean_both_sidebars_style":"","ocean_both_sidebars_content_width":0,"ocean_both_sidebars_sidebars_width":0,"ocean_sidebar":"","ocean_second_sidebar":"","ocean_disable_margins":"enable","ocean_add_body_class":"","ocean_shortcode_before_top_bar":"","ocean_shortcode_after_top_bar":"","ocean_shortcode_before_header":"","ocean_shortcode_after_header":"","ocean_has_shortcode":"","ocean_shortcode_after_title":"","ocean_shortcode_before_footer_widgets":"","ocean_shortcode_after_footer_widgets":"","ocean_shortcode_before_footer_bottom":"","ocean_shortcode_after_footer_bottom":"","ocean_display_top_bar":"default","ocean_display_header":"default","ocean_header_style":"","ocean_center_header_left_menu":"","ocean_custom_header_template":"","ocean_custom_logo":0,"ocean_custom_retina_logo":0,"ocean_custom_logo_max_width":0,"ocean_custom_logo_tablet_max_width":0,"ocean_custom_logo_mobile_max_width":0,"ocean_custom_logo_max_height":0,"ocean_custom_logo_tablet_max_height":0,"ocean_custom_logo_mobile_max_height":0,"ocean_header_custom_menu":"","ocean_menu_typo_font_family":"","ocean_menu_typo_font_subset":"","ocean_menu_typo_font_size":0,"ocean_menu_typo_font_size_tablet":0,"ocean_menu_typo_font_size_mobile":0,"ocean_menu_typo_font_size_unit":"px","ocean_menu_typo_font_weight":"","ocean_menu_typo_font_weight_tablet":"","ocean_menu_typo_font_weight_mobile":"","ocean_menu_typo_transform":"","ocean_menu_typo_transform_tablet":"","ocean_menu_typo_transform_mobile":"","ocean_menu_typo_line_height":0,"ocean_menu_typo_line_height_tablet":0,"ocean_menu_typo_line_height_mobile":0,"ocean_menu_typo_line_height_unit":"","ocean_menu_typo_spacing":0,"ocean_menu_typo_spacing_tablet":0,"ocean_menu_typo_spacing_mobile":0,"ocean_menu_typo_spacing_unit":"","ocean_menu_link_color":"","ocean_menu_link_color_hover":"","ocean_menu_link_color_active":"","ocean_menu_link_background":"","ocean_menu_link_hover_background":"","ocean_menu_link_active_background":"","ocean_menu_social_links_bg":"","ocean_menu_social_hover_links_bg":"","ocean_menu_social_links_color":"","ocean_menu_social_hover_links_color":"","ocean_disable_title":"default","ocean_disable_heading":"default","ocean_post_title":"","ocean_post_subheading":"","ocean_post_title_style":"","ocean_post_title_background_color":"","ocean_post_title_background":0,"ocean_post_title_bg_image_position":"","ocean_post_title_bg_image_attachment":"","ocean_post_title_bg_image_repeat":"","ocean_post_title_bg_image_size":"","ocean_post_title_height":0,"ocean_post_title_bg_overlay":0.5,"ocean_post_title_bg_overlay_color":"","ocean_disable_breadcrumbs":"default","ocean_breadcrumbs_color":"","ocean_breadcrumbs_separator_color":"","ocean_breadcrumbs_links_color":"","ocean_breadcrumbs_links_hover_color":"","ocean_display_footer_widgets":"default","ocean_display_footer_bottom":"default","ocean_custom_footer_template":""},"product_brand":[118],"product_cat":[59,16,51],"product_tag":[],"class_list":{"0":"post-2530","1":"product","2":"type-product","3":"status-publish","4":"has-post-thumbnail","6":"product_brand-bioearth","7":"product_cat-protection-solaire","8":"product_cat-soins","9":"product_cat-soins-du-corps","11":"entry","12":"has-media","14":"first","15":"instock","16":"taxable","17":"shipping-taxable","18":"purchasable","19":"product-type-simple","20":"has-rating","21":"col","22":"span_1_of_3","23":"owp-content-center","24":"owp-thumbs-layout-horizontal","25":"owp-btn-normal","26":"owp-tabs-layout-section","27":"has-no-thumbnails","28":"circle-sale"},"_links":{"self":[{"href":"https:\/\/www.biobey.be\/fr\/wp-json\/wp\/v2\/product\/2530","targetHints":{"allow":["GET"]}}],"collection":[{"href":"https:\/\/www.biobey.be\/fr\/wp-json\/wp\/v2\/product"}],"about":[{"href":"https:\/\/www.biobey.be\/fr\/wp-json\/wp\/v2\/types\/product"}],"replies":[{"embeddable":true,"href":"https:\/\/www.biobey.be\/fr\/wp-json\/wp\/v2\/comments?post=2530"}],"wp:featuredmedia":[{"embeddable":true,"href":"https:\/\/www.biobey.be\/fr\/wp-json\/wp\/v2\/media\/667"}],"wp:attachment":[{"href":"https:\/\/www.biobey.be\/fr\/wp-json\/wp\/v2\/media?parent=2530"}],"wp:term":[{"taxonomy":"product_brand","embeddable":true,"href":"https:\/\/www.biobey.be\/fr\/wp-json\/wp\/v2\/product_brand?post=2530"},{"taxonomy":"product_cat","embeddable":true,"href":"https:\/\/www.biobey.be\/fr\/wp-json\/wp\/v2\/product_cat?post=2530"},{"taxonomy":"product_tag","embeddable":true,"href":"https:\/\/www.biobey.be\/fr\/wp-json\/wp\/v2\/product_tag?post=2530"}],"curies":[{"name":"wp","href":"https:\/\/api.w.org\/{rel}","templated":true}]}}