{"id":2531,"date":"2023-09-19T23:37:58","date_gmt":"2023-09-19T21:37:58","guid":{"rendered":"https:\/\/www.biobey.be\/fr-temp\/produit\/creme-solaire-minerale-spf-50-eco-100ml\/"},"modified":"2025-07-11T13:35:26","modified_gmt":"2025-07-11T11:35:26","slug":"creme-solaire-minerale-spf-50-eco-100ml","status":"publish","type":"product","link":"https:\/\/www.biobey.be\/fr\/produit\/creme-solaire-minerale-spf-50-eco-100ml\/","title":{"rendered":"Cr\u00e8me solaire minerale SPF 50 Eco 100ml"},"content":{"rendered":"<p>La cr\u00e8me solaire min\u00e9rale SPF 50 Eco avec filtres min\u00e9raux de Bioearth offre une protection UVA et UVB. La cr\u00e8me solaire a \u00e9t\u00e9 con\u00e7ue pour assurer une protection maximale de la peau sans nuire \u00e0 l&rsquo;environnement. Cette cr\u00e8me solaire v\u00e9g\u00e9talienne est exempte de filtres chimiques, de parfums, d&rsquo;alcools lourds et d&rsquo;autres ingr\u00e9dients toxiques.<\/p>\n<p>La cr\u00e8me solaire min\u00e9rale SPF 50 Eco est particuli\u00e8rement adapt\u00e9e aux personnes \u00e0 la peau sensible ou qui ont des r\u00e9actions allergiques aux filtres chimiques des produits solaires classiques. Les filtres physiques forment une couche protectrice sur la peau et r\u00e9fl\u00e9chissent les rayons UV.<\/p>\n<p>En outre, la formule contient des ingr\u00e9dients r\u00e9parateurs et apaisants tels que des extraits organiques d&rsquo;aloe vera, de th\u00e9 vert, d&rsquo;algues, d&rsquo;huile de noix de coco, de camomille et de grenade.<\/p>\n<p>L&rsquo;application r\u00e9guli\u00e8re de la cr\u00e8me solaire min\u00e9rale SPF 50 \u00c9co prot\u00e8ge la peau contre les taches de pigmentation, les coups de soleil, les rides pr\u00e9matur\u00e9es et le stress oxydatif.<\/p>\n<h2>Comment fonctionne la cr\u00e8me solaire min\u00e9rale SPF 50 \u00c9co ?<\/h2>\n<p>La diff\u00e9rence entre les filtres chimiques et les filtres physiques est que les filtres chimiques absorbent la peau. Les filtres chimiques aident \u00e0 neutraliser les effets nocifs des rayons UV sur la peau. Les filtres min\u00e9raux ne sont pas absorb\u00e9s par la peau.<\/p>\n<p>Ils forment une couche protectrice \u00e0 la surface de la peau et r\u00e9fl\u00e9chissent les rayons UV de la surface de la peau. Il est aussi important de noter que les filtres chimiques tels que l&rsquo;oxybenzone sont toxiques pour les coraux.<\/p>\n<p>La cr\u00e8me solaire min\u00e9rale SPF 50 \u00c9co de Bioearth est v\u00e9g\u00e9talienne, \u00e9cologique et certifi\u00e9e \u00c9co Bio. Les filtres sont plus grands que O.1 mm. La cr\u00e8me solaire est test\u00e9e dermatologiquement pour les peaux sensibles. Ne contient pas de m\u00e9taux lourds.<\/p>\n<h3>Combien de temps la cr\u00e8me solaire min\u00e9rale SPF 50 \u00c9co doit-elle avoir \u00e9t\u00e9 appliqu\u00e9e ?<\/h3>\n<p>Les cr\u00e8mes solaires avec des filtres 100% min\u00e9raux offrent une protection imm\u00e9diate apr\u00e8s application. En effet, les filtres min\u00e9raux forment une couche protectrice sur la peau.<\/p>\n<p><strong>Mode d&#8217;emploi<\/strong> : Appliquer une quantit\u00e9 suffisante de cr\u00e8me solaire sur la peau. Afin de prot\u00e9ger correctement la peau, il est important de renouveler r\u00e9guli\u00e8rement l&rsquo;application de la cr\u00e8me solaire. Appliquez la cr\u00e8me solaire toutes les deux heures ou apr\u00e8s avoir nag\u00e9, transpir\u00e9 ou utilis\u00e9 une serviette.<\/p>\n<p><strong>Ingr\u00e9dients<\/strong> : Oxyde de zinc, Aqua, triglyc\u00e9ride caprylique\/caprique, huile de fruit de Lea Europaea, \u00e9ther de dicaprylyle, polyricinol\u00e9ate de polyglyc\u00e9ryle-3, huile de graine de Pongamia Glabra, dioxyde de titane, glyc\u00e9rine, alcool*, huile de Cocos Nucifera*, diisost\u00e9arate de polyglyc\u00e9ryle-3, acide st\u00e9arique, oryzanol, silice hydrat\u00e9e, st\u00e9arate de magn\u00e9sium, sulfate de magn\u00e9sium, Extrait de fruit d&rsquo;Actinidia Chinensis, jus de feuille d&rsquo;Aloe Barbadensis*, extrait de Chlorella Pyrenoidosa,<\/p>\n<p>extrait de feuille de Camellia Sinensis*, extrait de feuille de Vitis Vinifera*, extrait de spore de Ganoderma Lucidum, acide polyhydroxyst\u00e9arique, ac\u00e9tate de tocoph\u00e9ryle, alumine, Pongamol, Ubiquinone, maltodextrine, alcool benzylique, benzoate de sodium, sorbate de potassium.<\/p>\n<p>*Ingr\u00e9dients issus de l&rsquo;agriculture biologique<\/p>\n","protected":false},"excerpt":{"rendered":"<p>La cr\u00e8me \u00e9cologique naturelle avec filtres min\u00e9raux spf 50 offre une forte protection contre les rayons UVA et UVB. La cr\u00e8me solaire v\u00e9g\u00e9talienne Bioearth a \u00e9t\u00e9 d\u00e9velopp\u00e9e dans le plus grand respect de l&rsquo;environnement et de la protection de la peau.<\/p>\n<p>La cr\u00e8me solaire est exempte de filtres chimiques, de parfums, d&rsquo;alcools lourds, de microplastiques, de m\u00e9taux lourds, de parab\u00e8nes et d&rsquo;autres ingr\u00e9dients toxiques.<\/p>\n<p><strong>Caract\u00e9ristiques<\/strong> : Ecologique, v\u00e9g\u00e9talien, sans danger pour les coraux et certifi\u00e9 Eco Bio.<br \/>\nFiltres min\u00e9raux de plus de 0,1 mm<br \/>\n<strong>Type de peau<\/strong> : Convient \u00e0 tous les types de peau, y compris les peaux sensibles.<br \/>\n<strong>Formule<\/strong> : Filtres min\u00e9raux, extraits organiques d&rsquo;Aloe vera, d&rsquo;algues, de champignons, de kiwi, de camomille, d&rsquo;huile de coco, de th\u00e9 vert, de grenade et de vigne.<\/p>\n","protected":false},"featured_media":670,"comment_status":"open","ping_status":"closed","template":"","meta":{"ocean_post_layout":"","ocean_both_sidebars_style":"","ocean_both_sidebars_content_width":0,"ocean_both_sidebars_sidebars_width":0,"ocean_sidebar":"","ocean_second_sidebar":"","ocean_disable_margins":"enable","ocean_add_body_class":"","ocean_shortcode_before_top_bar":"","ocean_shortcode_after_top_bar":"","ocean_shortcode_before_header":"","ocean_shortcode_after_header":"","ocean_has_shortcode":"","ocean_shortcode_after_title":"","ocean_shortcode_before_footer_widgets":"","ocean_shortcode_after_footer_widgets":"","ocean_shortcode_before_footer_bottom":"","ocean_shortcode_after_footer_bottom":"","ocean_display_top_bar":"default","ocean_display_header":"default","ocean_header_style":"","ocean_center_header_left_menu":"","ocean_custom_header_template":"","ocean_custom_logo":0,"ocean_custom_retina_logo":0,"ocean_custom_logo_max_width":0,"ocean_custom_logo_tablet_max_width":0,"ocean_custom_logo_mobile_max_width":0,"ocean_custom_logo_max_height":0,"ocean_custom_logo_tablet_max_height":0,"ocean_custom_logo_mobile_max_height":0,"ocean_header_custom_menu":"","ocean_menu_typo_font_family":"","ocean_menu_typo_font_subset":"","ocean_menu_typo_font_size":0,"ocean_menu_typo_font_size_tablet":0,"ocean_menu_typo_font_size_mobile":0,"ocean_menu_typo_font_size_unit":"px","ocean_menu_typo_font_weight":"","ocean_menu_typo_font_weight_tablet":"","ocean_menu_typo_font_weight_mobile":"","ocean_menu_typo_transform":"","ocean_menu_typo_transform_tablet":"","ocean_menu_typo_transform_mobile":"","ocean_menu_typo_line_height":0,"ocean_menu_typo_line_height_tablet":0,"ocean_menu_typo_line_height_mobile":0,"ocean_menu_typo_line_height_unit":"","ocean_menu_typo_spacing":0,"ocean_menu_typo_spacing_tablet":0,"ocean_menu_typo_spacing_mobile":0,"ocean_menu_typo_spacing_unit":"","ocean_menu_link_color":"","ocean_menu_link_color_hover":"","ocean_menu_link_color_active":"","ocean_menu_link_background":"","ocean_menu_link_hover_background":"","ocean_menu_link_active_background":"","ocean_menu_social_links_bg":"","ocean_menu_social_hover_links_bg":"","ocean_menu_social_links_color":"","ocean_menu_social_hover_links_color":"","ocean_disable_title":"default","ocean_disable_heading":"default","ocean_post_title":"","ocean_post_subheading":"","ocean_post_title_style":"","ocean_post_title_background_color":"","ocean_post_title_background":0,"ocean_post_title_bg_image_position":"","ocean_post_title_bg_image_attachment":"","ocean_post_title_bg_image_repeat":"","ocean_post_title_bg_image_size":"","ocean_post_title_height":0,"ocean_post_title_bg_overlay":0.5,"ocean_post_title_bg_overlay_color":"","ocean_disable_breadcrumbs":"default","ocean_breadcrumbs_color":"","ocean_breadcrumbs_separator_color":"","ocean_breadcrumbs_links_color":"","ocean_breadcrumbs_links_hover_color":"","ocean_display_footer_widgets":"default","ocean_display_footer_bottom":"default","ocean_custom_footer_template":""},"product_brand":[118],"product_cat":[59,16],"product_tag":[],"class_list":{"0":"post-2531","1":"product","2":"type-product","3":"status-publish","4":"has-post-thumbnail","6":"product_brand-bioearth","7":"product_cat-protection-solaire","8":"product_cat-soins","10":"entry","11":"has-media","13":"first","14":"instock","15":"taxable","16":"shipping-taxable","17":"purchasable","18":"product-type-simple","19":"has-rating","20":"col","21":"span_1_of_3","22":"owp-content-center","23":"owp-thumbs-layout-horizontal","24":"owp-btn-normal","25":"owp-tabs-layout-section","26":"has-no-thumbnails","27":"circle-sale"},"_links":{"self":[{"href":"https:\/\/www.biobey.be\/fr\/wp-json\/wp\/v2\/product\/2531","targetHints":{"allow":["GET"]}}],"collection":[{"href":"https:\/\/www.biobey.be\/fr\/wp-json\/wp\/v2\/product"}],"about":[{"href":"https:\/\/www.biobey.be\/fr\/wp-json\/wp\/v2\/types\/product"}],"replies":[{"embeddable":true,"href":"https:\/\/www.biobey.be\/fr\/wp-json\/wp\/v2\/comments?post=2531"}],"wp:featuredmedia":[{"embeddable":true,"href":"https:\/\/www.biobey.be\/fr\/wp-json\/wp\/v2\/media\/670"}],"wp:attachment":[{"href":"https:\/\/www.biobey.be\/fr\/wp-json\/wp\/v2\/media?parent=2531"}],"wp:term":[{"taxonomy":"product_brand","embeddable":true,"href":"https:\/\/www.biobey.be\/fr\/wp-json\/wp\/v2\/product_brand?post=2531"},{"taxonomy":"product_cat","embeddable":true,"href":"https:\/\/www.biobey.be\/fr\/wp-json\/wp\/v2\/product_cat?post=2531"},{"taxonomy":"product_tag","embeddable":true,"href":"https:\/\/www.biobey.be\/fr\/wp-json\/wp\/v2\/product_tag?post=2531"}],"curies":[{"name":"wp","href":"https:\/\/api.w.org\/{rel}","templated":true}]}}