{"id":2534,"date":"2025-03-31T20:06:29","date_gmt":"2025-03-31T18:06:29","guid":{"rendered":"https:\/\/www.biobey.be\/fr-temp\/produit\/gommage-corporel-melilot-zero-dechet\/"},"modified":"2025-07-11T13:11:38","modified_gmt":"2025-07-11T11:11:38","slug":"gommage-corporel-melilot-zero-dechet","status":"publish","type":"product","link":"https:\/\/www.biobey.be\/fr\/produit\/gommage-corporel-melilot-zero-dechet\/","title":{"rendered":"Gommage corporel M\u00e9lilot pour peau s\u00e8che z\u00e9ro d\u00e9chet 250 ml"},"content":{"rendered":"<p>Ce gommage corporel M\u00e9lilot, naturel et sans d\u00e9chets, a \u00e9t\u00e9 con\u00e7u pour restaurer les peaux s\u00e8ches et squameuses. Le gommage \u00e9limine les cellules mortes et les squames, et la peau est douce et lisse.<\/p>\n<p>Il am\u00e9liore aussi l&rsquo;absorption d&rsquo;une cr\u00e8me ou d&rsquo;une <span style=\"color: #0000ff;\"><a style=\"color: #0000ff;\" href=\"https:\/\/www.biobey.be\/fr\/produit\/huile-tonifiante-bio-pour-le-corps\/\">huile corporelle hydratante<\/a><\/span>. La formule v\u00e9g\u00e9talienne est \u00e0 base d&rsquo;extraits biologiques d&rsquo;abricot, de p\u00eache grenade, de camomille et de calendula.<\/p>\n<p>Les granul\u00e9s doux de p\u00eache et de graines d&rsquo;abricot exfolient la peau sans endommager la barri\u00e8re cutan\u00e9e. Les extraits de glyc\u00e9rine v\u00e9g\u00e9tale, de calendula et de camomille nourrissent et unifient la peau. Le gommage corporel M\u00e9lilot peau s\u00e8che peut \u00eatre utilis\u00e9 plusieurs fois par semaine. Il ne dess\u00e8che pas la peau et ne provoque pas d&rsquo;irritation.<\/p>\n<p>Pour un r\u00e9sultat optimal, il est recommand\u00e9 d&rsquo;utiliser une cr\u00e8me ou une huile corporelle nourrissante naturelle apr\u00e8s l&rsquo;exfoliation.<\/p>\n<h2>Gommage corporel M\u00e9lilot z\u00e9ro d\u00e9chet naturel et z\u00e9ro d\u00e9chet<\/h2>\n<p>La combinaison d&rsquo;acides de fruits, d&rsquo;ingr\u00e9dients r\u00e9parateurs et nourrissants pour une peau agr\u00e9ablement douce. L&rsquo;extrait d&rsquo;abricots et de noyaux de p\u00eache biologiques aide \u00e0 \u00e9liminer les cellules mortes de la couche sup\u00e9rieure de la peau. Les extraits de calendula contenus dans le gommage corporel pour peaux s\u00e8ches apaisent les peaux irrit\u00e9es.<\/p>\n<p>La camomille biologique et l&rsquo;extrait de grenade att\u00e9nuent les taches brunes et aident \u00e0 pr\u00e9venir l&rsquo;hyperpigmentation. L&rsquo;exfoliation de la peau am\u00e9liore la circulation sanguine et draine l&rsquo;humidit\u00e9. Le gommage corporel M\u00e9lilot pour la peau s\u00e8che aide \u00e9galement \u00e0 pr\u00e9venir <span style=\"color: #0000ff;\"><a style=\"color: #0000ff;\" href=\"https:\/\/www.biobey.be\/fr\/produit\/creme-naturelle-contre-la-cellulite-bio\/\">les irr\u00e9gularit\u00e9s et la cellulite superficielle<\/a><\/span>. Pour un bronzage uniforme, il est recommand\u00e9 d&rsquo;exfolier la peau avant de prendre un bain de soleil.<\/p>\n<h2>Le gommage corporel biologique est-il bon pour les peaux s\u00e8ches ?<\/h2>\n<p>Le gommage corporel certifi\u00e9 Bioearth est sp\u00e9cialement con\u00e7u pour les peaux s\u00e8ches. Le gommage corporel naturel aide \u00e0 \u00e9liminer les cellules mortes sans endommager la barri\u00e8re cutan\u00e9e. En \u00e9liminant les cellules mortes et les impuret\u00e9s, la peau est agr\u00e9ablement douce.<\/p>\n<p>De plus, apr\u00e8s l&rsquo;exfoliation, la peau absorbera mieux une cr\u00e8me corporelle hydratante. Le gommage corporel z\u00e9ro d\u00e9chet est \u00e0 base de grains d&rsquo;abricot et de p\u00eache. Ceux-ci ont un effet exfoliant doux sur la peau.<\/p>\n<p>L&rsquo;huile d&rsquo;amande douce biologique et l&rsquo;huile de rose hydratent les peaux s\u00e8ches. La combinaison de grains de fruits fins et d&rsquo;huiles v\u00e9g\u00e9tales hydratantes rend la peau s\u00e8che agr\u00e9ablement douce.<\/p>\n<p>Le <strong>gommage corporel M\u00e9lilot peau s\u00e8che<\/strong> est certifi\u00e9 vegan, z\u00e9ro d\u00e9chet et naturel. Il est exempt de microplastiques, de silicones, de parab\u00e8nes, d&rsquo;huiles min\u00e9rales et d&rsquo;alcools dess\u00e9chants.<\/p>\n<p><strong>Mode d&#8217;emploi<\/strong> : Utilisez le gommage corporel M\u00e9lilot 2 \u00e0 3 fois par semaine. Appliquez le gommage sur la peau humide et massez doucement pendant quelques minutes. Rincez ensuite \u00e0 l&rsquo;eau chaude. Appliquez ensuite une cr\u00e8me hydratante pour le corps ou une huile pour la peau. Le gommage convient aux peaux s\u00e8ches.<\/p>\n<p>INCI : aqua, glyceryl stearate se, glycerin, prunus armeniaca seed powder, caprylic\/capric triglyceride, cetearyl alcohol, prunus persica seed powder, chamomilla recutita flower extract*, melilotus officinalis extract*, calendula officinalis flower extract*, helianthus annuus seed oil*, vitis vinifera seed oil, huile de prunus amygdalus dulcis*, huile de rosa moschata*, extrait de fruit de punica granatum*,<\/p>\n<p>huile de persea gratissima*, extrait de fleur de citrus aurantium dulcis*, extrait d&rsquo;\u00e9corce de mimosa tenuiflora, parfum (fragnance), gomme xanthane, \u00e9thylhexylglyc\u00e9rine, acide lactique, ac\u00e9tate de tocoph\u00e9ryle, acide citrique, benzoate de sodium, alcool benzylique, sorbate de potassium.<\/p>\n<p>*ingr\u00e9dients issus de l&rsquo;agriculture biologique<\/p>\n<p>Formule : Extraits organiques de noyaux d&rsquo;abricots et de p\u00eaches, camomille, calendula et huile de rose.<br \/>\nAction : adoucit et hydrate les peaux s\u00e8ches et squameuses.<br \/>\nCaract\u00e9ristiques : z\u00e9ro d\u00e9chet, v\u00e9g\u00e9talien et naturel<br \/>\nContenu : 250\u2009ml<\/p>\n","protected":false},"excerpt":{"rendered":"<p>Le <strong>gommage corporel naturel<\/strong> et sans d\u00e9chets pour les peaux s\u00e8ches a un effet hydratant et adoucissant. La formule \u00e0 base d&rsquo;acides de fruits et d&rsquo;extraits de calendula et de grenade \u00e9limine les cellules mortes et les squames. Apr\u00e8s utilisation, la peau est plus uniforme et lisse au toucher.<\/p>\n","protected":false},"featured_media":668,"comment_status":"open","ping_status":"closed","template":"","meta":{"ocean_post_layout":"","ocean_both_sidebars_style":"","ocean_both_sidebars_content_width":0,"ocean_both_sidebars_sidebars_width":0,"ocean_sidebar":"","ocean_second_sidebar":"","ocean_disable_margins":"enable","ocean_add_body_class":"","ocean_shortcode_before_top_bar":"","ocean_shortcode_after_top_bar":"","ocean_shortcode_before_header":"","ocean_shortcode_after_header":"","ocean_has_shortcode":"","ocean_shortcode_after_title":"","ocean_shortcode_before_footer_widgets":"","ocean_shortcode_after_footer_widgets":"","ocean_shortcode_before_footer_bottom":"","ocean_shortcode_after_footer_bottom":"","ocean_display_top_bar":"default","ocean_display_header":"default","ocean_header_style":"","ocean_center_header_left_menu":"","ocean_custom_header_template":"","ocean_custom_logo":0,"ocean_custom_retina_logo":0,"ocean_custom_logo_max_width":0,"ocean_custom_logo_tablet_max_width":0,"ocean_custom_logo_mobile_max_width":0,"ocean_custom_logo_max_height":0,"ocean_custom_logo_tablet_max_height":0,"ocean_custom_logo_mobile_max_height":0,"ocean_header_custom_menu":"","ocean_menu_typo_font_family":"","ocean_menu_typo_font_subset":"","ocean_menu_typo_font_size":0,"ocean_menu_typo_font_size_tablet":0,"ocean_menu_typo_font_size_mobile":0,"ocean_menu_typo_font_size_unit":"px","ocean_menu_typo_font_weight":"","ocean_menu_typo_font_weight_tablet":"","ocean_menu_typo_font_weight_mobile":"","ocean_menu_typo_transform":"","ocean_menu_typo_transform_tablet":"","ocean_menu_typo_transform_mobile":"","ocean_menu_typo_line_height":0,"ocean_menu_typo_line_height_tablet":0,"ocean_menu_typo_line_height_mobile":0,"ocean_menu_typo_line_height_unit":"","ocean_menu_typo_spacing":0,"ocean_menu_typo_spacing_tablet":0,"ocean_menu_typo_spacing_mobile":0,"ocean_menu_typo_spacing_unit":"","ocean_menu_link_color":"","ocean_menu_link_color_hover":"","ocean_menu_link_color_active":"","ocean_menu_link_background":"","ocean_menu_link_hover_background":"","ocean_menu_link_active_background":"","ocean_menu_social_links_bg":"","ocean_menu_social_hover_links_bg":"","ocean_menu_social_links_color":"","ocean_menu_social_hover_links_color":"","ocean_disable_title":"default","ocean_disable_heading":"default","ocean_post_title":"","ocean_post_subheading":"","ocean_post_title_style":"","ocean_post_title_background_color":"","ocean_post_title_background":0,"ocean_post_title_bg_image_position":"","ocean_post_title_bg_image_attachment":"","ocean_post_title_bg_image_repeat":"","ocean_post_title_bg_image_size":"","ocean_post_title_height":0,"ocean_post_title_bg_overlay":0.5,"ocean_post_title_bg_overlay_color":"","ocean_disable_breadcrumbs":"default","ocean_breadcrumbs_color":"","ocean_breadcrumbs_separator_color":"","ocean_breadcrumbs_links_color":"","ocean_breadcrumbs_links_hover_color":"","ocean_display_footer_widgets":"default","ocean_display_footer_bottom":"default","ocean_custom_footer_template":""},"product_brand":[118],"product_cat":[28,18,52,17,16,51],"product_tag":[],"class_list":{"0":"post-2534","1":"product","2":"type-product","3":"status-publish","4":"has-post-thumbnail","6":"product_brand-bioearth","7":"product_cat-anti-cellulite","8":"product_cat-nettoyage-de-la-peau-et-masques","9":"product_cat-nettoyage-et-hygiene","10":"product_cat-soins-du-visage","11":"product_cat-soins","12":"product_cat-soins-du-corps","14":"entry","15":"has-media","17":"first","18":"instock","19":"taxable","20":"shipping-taxable","21":"purchasable","22":"product-type-simple","23":"has-rating","24":"col","25":"span_1_of_3","26":"owp-content-center","27":"owp-thumbs-layout-horizontal","28":"owp-btn-normal","29":"owp-tabs-layout-section","30":"has-no-thumbnails","31":"circle-sale"},"_links":{"self":[{"href":"https:\/\/www.biobey.be\/fr\/wp-json\/wp\/v2\/product\/2534","targetHints":{"allow":["GET"]}}],"collection":[{"href":"https:\/\/www.biobey.be\/fr\/wp-json\/wp\/v2\/product"}],"about":[{"href":"https:\/\/www.biobey.be\/fr\/wp-json\/wp\/v2\/types\/product"}],"replies":[{"embeddable":true,"href":"https:\/\/www.biobey.be\/fr\/wp-json\/wp\/v2\/comments?post=2534"}],"wp:featuredmedia":[{"embeddable":true,"href":"https:\/\/www.biobey.be\/fr\/wp-json\/wp\/v2\/media\/668"}],"wp:attachment":[{"href":"https:\/\/www.biobey.be\/fr\/wp-json\/wp\/v2\/media?parent=2534"}],"wp:term":[{"taxonomy":"product_brand","embeddable":true,"href":"https:\/\/www.biobey.be\/fr\/wp-json\/wp\/v2\/product_brand?post=2534"},{"taxonomy":"product_cat","embeddable":true,"href":"https:\/\/www.biobey.be\/fr\/wp-json\/wp\/v2\/product_cat?post=2534"},{"taxonomy":"product_tag","embeddable":true,"href":"https:\/\/www.biobey.be\/fr\/wp-json\/wp\/v2\/product_tag?post=2534"}],"curies":[{"name":"wp","href":"https:\/\/api.w.org\/{rel}","templated":true}]}}