{"id":2538,"date":"2023-09-20T18:04:58","date_gmt":"2023-09-20T16:04:58","guid":{"rendered":"https:\/\/www.biobey.be\/fr-temp\/produit\/sheet-mask-anti-rougeur-apres-le-soleil\/"},"modified":"2025-07-11T13:35:12","modified_gmt":"2025-07-11T11:35:12","slug":"sheet-mask-anti-rougeur-apres-le-soleil","status":"publish","type":"product","link":"https:\/\/www.biobey.be\/fr\/produit\/sheet-mask-anti-rougeur-apres-le-soleil\/","title":{"rendered":"Sheet mask anti-rougeur apr\u00e8s le soleil 15 ml"},"content":{"rendered":"<p>Sheet mask anti-rougeur de Bioearth apporte un soulagement imm\u00e9diat \u00e0 la peau rouge et br\u00fbl\u00e9e apr\u00e8s un coup de soleil. Il r\u00e9duit les rougeurs et apaise la sensation de br\u00fblure.<\/p>\n<p>La formule est bas\u00e9e sur le jus d&rsquo;aloe vera biologique, l&rsquo;eau de rose distill\u00e9e, l&rsquo;extrait de camomille et l&rsquo;huile de p\u00e9pins de raisin. L&rsquo;extrait d&rsquo;aloe vera biologique et l&rsquo;eau de rose ont un effet anti-inflammatoire et calmant sur la peau.<\/p>\n<p>Apr\u00e8s-soleil sheet mask anti-rougeur est compos\u00e9 de cellulose enti\u00e8rement biod\u00e9gradable. Les coups de soleil provoquent des rougeurs, une s\u00e9cheresse d\u00e9sagr\u00e9able et des br\u00fblures de la peau. Les rayons UV nocifs acc\u00e9l\u00e8rent l&rsquo;action du stress oxydatif et endommagent la barri\u00e8re cutan\u00e9e. L&rsquo;extrait d&rsquo;aloe vera <strong>apaise la sensation de br\u00fblure et les irritations<\/strong>.<\/p>\n<p>L&rsquo;extrait de camomille aide \u00e0 r\u00e9duire les rougeurs tandis que l&rsquo;huile de p\u00e9pins de raisin a un effet antioxydant. Apr\u00e8s-soleil sheet mask anti-rougeur Bioearth acc\u00e9l\u00e8re le processus de r\u00e9cup\u00e9ration de la peau et <strong>r\u00e9duit les rougeurs<\/strong>. Le masque convient \u00e0 tous les types de peau et m\u00eame aux <strong>peaux sensibles<\/strong>.<\/p>\n<h2>Apr\u00e8s-soleil sheet mask anti-rougeur vegan<\/h2>\n<p>Apr\u00e8s soleil sheet mask anti-rougeur est compos\u00e9 de jus d&rsquo;aloe vera biologique, d&rsquo;eau de rose distill\u00e9e, d&rsquo;huile d&rsquo;amande douce et d&rsquo;huile de p\u00e9pins de raisin.<\/p>\n<p>La combinaison de l&rsquo;huile de p\u00e9pins de raisin et de l&rsquo;huile d&rsquo;amande douce est riche en antioxydants, en acides gras insatur\u00e9s et en vitamines. L&rsquo;huile d&rsquo;amande douce p\u00e9n\u00e8tre facilement dans la peau sans obstruer les pores.<\/p>\n<p>Il a un <strong>effet apaisant et nourrissant.<\/strong> L&rsquo;huile de p\u00e9pins de raisin contenue dans le masque en tissu anti-rougeur prot\u00e8ge la peau des effets n\u00e9gatifs des radicaux libres. L&rsquo;action imm\u00e9diate du masque est due \u00e0 ses propri\u00e9t\u00e9s r\u00e9paratrices et protectrices. Le masque est id\u00e9al pour r\u00e9g\u00e9n\u00e9rer la peau affect\u00e9e et rouge apr\u00e8s un coup de soleil.<\/p>\n<p>Le masque en tissu v\u00e9g\u00e9talien anti-rougeur de Bioearth est v\u00e9g\u00e9talien, \u00e9cologique et exempt de parab\u00e8nes, de microplastiques, d&rsquo;huiles min\u00e9rales, d&rsquo;alcools lourds, de parfums synth\u00e9tiques et de silicones.<\/p>\n<p>Mode d&#8217;emploi : Appliquer le masque en tissu sur le visage et laisser agir pendant 15 \u00e0 20 minutes. Puis retirez le masque. Massez le liquide restant sur la peau jusqu&rsquo;\u00e0 ce qu&rsquo;il soit bien absorb\u00e9.<\/p>\n<p>Ingr\u00e9dients : Aqua, Aloe Barbadensis Leaf Juice* (Aloe Vera), Propanediol, Vitis Vinifera (Grape) Seed Oil, Prunus Amygdalus Dulcis (Sweet Almond) Fruit Extract*, Centaurea Cyanus Flower Extract*, Rosa Damascena Flower Water*, Actinidia Chinensis (Kiwi) Fruit Extract, Chlorella Pyrenoidosa Extract, Extrait de feuilles de Camellia Sinensis*,<\/p>\n<p>extrait de feuilles de Vitis Vinifera (raisin)*, extrait de spores de Ganoderma Lucidum (champignon), glyc\u00e9rine, ubiquinone, gomme xanthane, caprate de polyglyc\u00e9ryle-4, ac\u00e9tate de tocoph\u00e9ryle, maltodextrine, parfum (ar\u00f4me naturel), **\u00e9thylhexylglyc\u00e9rine, alcool benzylique, benzoate de sodium, sorbate de potassium.<\/p>\n<p>*Ingr\u00e9dients issus de l&rsquo;agriculture biologique<br \/>\n**Ar\u00f4me naturel<\/p>\n","protected":false},"excerpt":{"rendered":"<p>Sheet mask anti-rougeur de Bioearth apaise la peau br\u00fbl\u00e9e et r\u00e9duit les rougeurs apr\u00e8s un coup de soleil. Le masque \u00e0 base de jus d&rsquo;aloe vera biologique chaud, d&rsquo;extrait d&rsquo;algues, d&rsquo;huile de p\u00e9pins de raisin, d&rsquo;huile d&rsquo;amande douce acc\u00e9l\u00e8re la r\u00e9cup\u00e9ration de la peau et a un effet anti-inflammatoire.<\/p>\n<p>Le masque convient \u00e0 tous les types de peau ainsi qu&rsquo;aux peaux sensibles.<br \/>\nMat\u00e9riau : cellulose enti\u00e8rement biod\u00e9gradable. Emballage en plastic recycl\u00e9.<br \/>\nCaract\u00e9ristiques : V\u00e9g\u00e9talien et sans m\u00e9taux lourds.<br \/>\nContenu :15\u2009ml<\/p>\n","protected":false},"featured_media":680,"comment_status":"open","ping_status":"closed","template":"","meta":{"ocean_post_layout":"","ocean_both_sidebars_style":"","ocean_both_sidebars_content_width":0,"ocean_both_sidebars_sidebars_width":0,"ocean_sidebar":"","ocean_second_sidebar":"","ocean_disable_margins":"enable","ocean_add_body_class":"","ocean_shortcode_before_top_bar":"","ocean_shortcode_after_top_bar":"","ocean_shortcode_before_header":"","ocean_shortcode_after_header":"","ocean_has_shortcode":"","ocean_shortcode_after_title":"","ocean_shortcode_before_footer_widgets":"","ocean_shortcode_after_footer_widgets":"","ocean_shortcode_before_footer_bottom":"","ocean_shortcode_after_footer_bottom":"","ocean_display_top_bar":"default","ocean_display_header":"default","ocean_header_style":"","ocean_center_header_left_menu":"","ocean_custom_header_template":"","ocean_custom_logo":0,"ocean_custom_retina_logo":0,"ocean_custom_logo_max_width":0,"ocean_custom_logo_tablet_max_width":0,"ocean_custom_logo_mobile_max_width":0,"ocean_custom_logo_max_height":0,"ocean_custom_logo_tablet_max_height":0,"ocean_custom_logo_mobile_max_height":0,"ocean_header_custom_menu":"","ocean_menu_typo_font_family":"","ocean_menu_typo_font_subset":"","ocean_menu_typo_font_size":0,"ocean_menu_typo_font_size_tablet":0,"ocean_menu_typo_font_size_mobile":0,"ocean_menu_typo_font_size_unit":"px","ocean_menu_typo_font_weight":"","ocean_menu_typo_font_weight_tablet":"","ocean_menu_typo_font_weight_mobile":"","ocean_menu_typo_transform":"","ocean_menu_typo_transform_tablet":"","ocean_menu_typo_transform_mobile":"","ocean_menu_typo_line_height":0,"ocean_menu_typo_line_height_tablet":0,"ocean_menu_typo_line_height_mobile":0,"ocean_menu_typo_line_height_unit":"","ocean_menu_typo_spacing":0,"ocean_menu_typo_spacing_tablet":0,"ocean_menu_typo_spacing_mobile":0,"ocean_menu_typo_spacing_unit":"","ocean_menu_link_color":"","ocean_menu_link_color_hover":"","ocean_menu_link_color_active":"","ocean_menu_link_background":"","ocean_menu_link_hover_background":"","ocean_menu_link_active_background":"","ocean_menu_social_links_bg":"","ocean_menu_social_hover_links_bg":"","ocean_menu_social_links_color":"","ocean_menu_social_hover_links_color":"","ocean_disable_title":"default","ocean_disable_heading":"default","ocean_post_title":"","ocean_post_subheading":"","ocean_post_title_style":"","ocean_post_title_background_color":"","ocean_post_title_background":0,"ocean_post_title_bg_image_position":"","ocean_post_title_bg_image_attachment":"","ocean_post_title_bg_image_repeat":"","ocean_post_title_bg_image_size":"","ocean_post_title_height":0,"ocean_post_title_bg_overlay":0.5,"ocean_post_title_bg_overlay_color":"","ocean_disable_breadcrumbs":"default","ocean_breadcrumbs_color":"","ocean_breadcrumbs_separator_color":"","ocean_breadcrumbs_links_color":"","ocean_breadcrumbs_links_hover_color":"","ocean_display_footer_widgets":"default","ocean_display_footer_bottom":"default","ocean_custom_footer_template":""},"product_brand":[118],"product_cat":[18,59,17,16],"product_tag":[],"class_list":{"0":"post-2538","1":"product","2":"type-product","3":"status-publish","4":"has-post-thumbnail","6":"product_brand-bioearth","7":"product_cat-nettoyage-de-la-peau-et-masques","8":"product_cat-protection-solaire","9":"product_cat-soins-du-visage","10":"product_cat-soins","12":"entry","13":"has-media","15":"first","16":"instock","17":"taxable","18":"shipping-taxable","19":"purchasable","20":"product-type-simple","21":"has-rating","22":"col","23":"span_1_of_3","24":"owp-content-center","25":"owp-thumbs-layout-horizontal","26":"owp-btn-normal","27":"owp-tabs-layout-section","28":"has-no-thumbnails","29":"circle-sale"},"_links":{"self":[{"href":"https:\/\/www.biobey.be\/fr\/wp-json\/wp\/v2\/product\/2538","targetHints":{"allow":["GET"]}}],"collection":[{"href":"https:\/\/www.biobey.be\/fr\/wp-json\/wp\/v2\/product"}],"about":[{"href":"https:\/\/www.biobey.be\/fr\/wp-json\/wp\/v2\/types\/product"}],"replies":[{"embeddable":true,"href":"https:\/\/www.biobey.be\/fr\/wp-json\/wp\/v2\/comments?post=2538"}],"wp:featuredmedia":[{"embeddable":true,"href":"https:\/\/www.biobey.be\/fr\/wp-json\/wp\/v2\/media\/680"}],"wp:attachment":[{"href":"https:\/\/www.biobey.be\/fr\/wp-json\/wp\/v2\/media?parent=2538"}],"wp:term":[{"taxonomy":"product_brand","embeddable":true,"href":"https:\/\/www.biobey.be\/fr\/wp-json\/wp\/v2\/product_brand?post=2538"},{"taxonomy":"product_cat","embeddable":true,"href":"https:\/\/www.biobey.be\/fr\/wp-json\/wp\/v2\/product_cat?post=2538"},{"taxonomy":"product_tag","embeddable":true,"href":"https:\/\/www.biobey.be\/fr\/wp-json\/wp\/v2\/product_tag?post=2538"}],"curies":[{"name":"wp","href":"https:\/\/api.w.org\/{rel}","templated":true}]}}