{"id":2539,"date":"2025-05-24T14:51:05","date_gmt":"2025-05-24T12:51:05","guid":{"rendered":"https:\/\/www.biobey.be\/fr-temp\/produit\/creme-solaire-minerale-spf-30-ecobio-100\/"},"modified":"2025-07-11T12:37:20","modified_gmt":"2025-07-11T10:37:20","slug":"creme-solaire-minerale-spf-30-ecobio-100","status":"publish","type":"product","link":"https:\/\/www.biobey.be\/fr\/produit\/creme-solaire-minerale-spf-30-ecobio-100\/","title":{"rendered":"Cr\u00e8me solaire min\u00e9rale SPF 30 Eco Bio 100 ml"},"content":{"rendered":"<p>La cr\u00e8me solaire min\u00e9rale spf 30 est-elle suffisante ? Pour la plupart des gens, la cr\u00e8me solaire min\u00e9rale spf 30 est l&rsquo;indice de protection minimum recommand\u00e9. La composition pure de cette cr\u00e8me solaire spf 30 avec des filtres 100% min\u00e9raux d&rsquo;une taille de plus de 0,1 mm assure une forte protection de la peau contre les UVA et les UVB sans effets n\u00e9gatifs.<\/p>\n<p>Bien que la cr\u00e8me solaire min\u00e9rale SPF 30 soit suffisante pour les personnes \u00e0 la peau sensible, une cr\u00e8me solaire min\u00e9rale SPF 50 peut \u00eatre plus appropri\u00e9e pour les personnes qui br\u00fblent facilement ou qui souffrent d&rsquo;allergies au soleil.<\/p>\n<p>Pour un rafra\u00eechissement agr\u00e9able, nous recommandons<span style=\"color: #0000ff;\"><a style=\"color: #0000ff;\" href=\"https:\/\/www.biobey.be\/fr\/produit\/spray-pour-le-corps-aloe-vera\/\"> Bioearth Hydra sun spray pour le corps<\/a><\/span>. Il hydrate et adoucit la peau s\u00e8che<\/p>\n<p>La cr\u00e8me solaire min\u00e9rale naturelle SPF 30 Eco Bio de Bioearth a \u00e9t\u00e9 d\u00e9velopp\u00e9e dans le plus grand respect de la peau et de l&rsquo;environnement. Elle convient aux personnes \u00e0 la peau sensible. Consho line de Bioearth a une formule respectueuse de l&rsquo;environnement et un emballage durable.<\/p>\n<p>La formule est \u00e0 base d&rsquo;extrait <span style=\"color: #0000ff;\"><a style=\"color: #0000ff;\" href=\"https:\/\/www.biobey.be\/fr\/produit\/gel-daloe-vera-avec-theier-bio-bioearth\/\">d&rsquo;aloe vera<\/a><\/span>, de filtres min\u00e9raux, d&rsquo;huile de coco, d&rsquo;extrait de camomille, d&rsquo;algues. L&rsquo;extrait d&rsquo;aloe vera biologique et l&rsquo;huile de coco apaisent la peau s\u00e8che et r\u00e9duisent les rougeurs.<\/p>\n<p>La cr\u00e8me solaire min\u00e9rale v\u00e9g\u00e9talienne et naturelle SPF 30 est exempte de filtres chimiques, de parfums, d&rsquo;alcools lourds, de parab\u00e8nes, de microplastiques ou d&rsquo;autres substances toxiques pour la peau et l&rsquo;environnement.<\/p>\n<h2>Cr\u00e8me solaire min\u00e9rale SPF 30 \u00e9cologique et naturelle<\/h2>\n<p>La combinaison des filtres UVA et UVB prot\u00e8ge tous les types de peau, ainsi que les peaux sensibles, des effets nocifs des rayons UV. La cr\u00e8me solaire min\u00e9rale SPF 30 aide \u00e0 pr\u00e9venir le vieillissement pr\u00e9matur\u00e9 de la peau, la pigmentation et les \u00e9ruptions cutan\u00e9es.<\/p>\n<p>La combinaison d&rsquo;extraits organiques de camomille et d&rsquo;algues apaise la peau irrit\u00e9e et stimule sa r\u00e9g\u00e9n\u00e9ration. L&rsquo;extrait d&rsquo;aloe vera hydrate la peau et pr\u00e9vient la perte d&rsquo;humidit\u00e9. Il renforce la barri\u00e8re cutan\u00e9e et r\u00e9duit les rougeurs.<\/p>\n<p>L&rsquo;avantage important des filtres min\u00e9raux contenus dans cette cr\u00e8me solaire est qu&rsquo;ils forment une couche protectrice \u00e0 la surface de la peau et r\u00e9fl\u00e9chissent les rayons UV. Les filtres chimiques oppos\u00e9s p\u00e9n\u00e8trent la peau.<\/p>\n<p>En outre, les filtres chimiques sont toxiques pour l&rsquo;environnement et nocifs pour la peau. La <span style=\"color: #0000ff;\"><a style=\"color: #0000ff;\" href=\"https:\/\/www.biobey.be\/fr\/produit\/creme-de-jour-avec-spf-30-bema-bio-50ml\/\">cr\u00e8me solaire min\u00e9rale SPF 30<\/a><\/span> naturelle prot\u00e8ge et soigne efficacement la peau.<\/p>\n<p>La cr\u00e8me solaire Bioearth est v\u00e9g\u00e9talienne, certifi\u00e9e Eco Bio et\u00a0 durable. Il est exempt d&rsquo;ingr\u00e9dients chimiques toxiques, de microplastiques, de parab\u00e8nes, de parfums synth\u00e9tiques et de colorants,<\/p>\n<p>Mode d&#8217;emploi : Appliquer une quantit\u00e9 suffisante de cr\u00e8me solaire sur le visage et le corps. Renouvelez l&rsquo;application r\u00e9guli\u00e8rement toutes les deux heures ou apr\u00e8s avoir nag\u00e9, transpir\u00e9 ou utilis\u00e9 une serviette. Test\u00e9 dermatologiquement pour les peaux sensibles. Ne contient pas de m\u00e9taux lourds<\/p>\n<p>Ingr\u00e9dients : Aqua, oxyde de zinc, triglyc\u00e9ride caprylique\/caprique, huile de fruit de Lea Europaea (Olive), \u00e9ther de dicaprylyle, polyricinol\u00e9ate de polyglyc\u00e9ryle-3, glyc\u00e9rine, alcool*, dioxyde de titane, Pongamia Glabra Seed Oil, Cocos Nucifera (Coconut) Oil*, Polyglyceryl-3 Diisostearate, Hydrated Silica, Oryzanol, Magnesium Stearate, Magnesium Sulphate, Actinidia<\/p>\n<p>Chinensis (Kiwi) Fruit Extract, Jus de feuilles d&rsquo;Aloe Barbadensis*, extrait de Chlorella Pyrenoidosa, acide st\u00e9arique, acide polyhydroxyst\u00e9arique, extrait de feuilles de Camellia Sinensis (camomille)*, extrait de feuilles de Vitis Vinifera*, extrait de spores de Ganoderma Lucidum (champignon),<\/p>\n<p>ac\u00e9tate de tocoph\u00e9ryle, alumine, pongamol, ubiquinone, maltodextrine, alcool benzylique, benzoate de sodium, sorbate de potassium.<\/p>\n<p>*Ingr\u00e9dients issus de l&rsquo;agriculture biologique<br \/>\n**Ne contient pas de parfum ou de fragrance<\/p>\n<p>La cr\u00e8me solaire min\u00e9rale SPF 30 \u00e9cologique et naturelle pour le visage et le corps convient \u00e0 tous les types de peau ainsi qu&rsquo;aux peaux sensibles. Les filtres min\u00e9raux forment une couche \u00e0 la surface de la peau et r\u00e9fl\u00e9chissent les rayons UV. Ils ne sont pas absorb\u00e9s par la peau.<br \/>\nProtection imm\u00e9diate contre les UVA et les UBA<br \/>\nTest\u00e9 pour les peaux sensibles.<\/p>\n","protected":false},"excerpt":{"rendered":"<p>Filtres 100% min\u00e9raux de taille 01 mm.<br \/>\n<strong>Caract\u00e9ristiques<\/strong> : \u00c9cologique, certifi\u00e9 Eco Bio et v\u00e9g\u00e9talien<br \/>\nPour le visage et le corps.<br \/>\nNe contient pas de m\u00e9taux lourds, de parfum, de filtres chimiques, de microplastiques, de parab\u00e8nes et d&rsquo;autres substances nocives.<br \/>\n<strong>Contenu<\/strong> : 100 ml<\/p>\n","protected":false},"featured_media":671,"comment_status":"open","ping_status":"closed","template":"","meta":{"ocean_post_layout":"","ocean_both_sidebars_style":"","ocean_both_sidebars_content_width":0,"ocean_both_sidebars_sidebars_width":0,"ocean_sidebar":"","ocean_second_sidebar":"","ocean_disable_margins":"enable","ocean_add_body_class":"","ocean_shortcode_before_top_bar":"","ocean_shortcode_after_top_bar":"","ocean_shortcode_before_header":"","ocean_shortcode_after_header":"","ocean_has_shortcode":"","ocean_shortcode_after_title":"","ocean_shortcode_before_footer_widgets":"","ocean_shortcode_after_footer_widgets":"","ocean_shortcode_before_footer_bottom":"","ocean_shortcode_after_footer_bottom":"","ocean_display_top_bar":"default","ocean_display_header":"default","ocean_header_style":"","ocean_center_header_left_menu":"","ocean_custom_header_template":"","ocean_custom_logo":0,"ocean_custom_retina_logo":0,"ocean_custom_logo_max_width":0,"ocean_custom_logo_tablet_max_width":0,"ocean_custom_logo_mobile_max_width":0,"ocean_custom_logo_max_height":0,"ocean_custom_logo_tablet_max_height":0,"ocean_custom_logo_mobile_max_height":0,"ocean_header_custom_menu":"","ocean_menu_typo_font_family":"","ocean_menu_typo_font_subset":"","ocean_menu_typo_font_size":0,"ocean_menu_typo_font_size_tablet":0,"ocean_menu_typo_font_size_mobile":0,"ocean_menu_typo_font_size_unit":"px","ocean_menu_typo_font_weight":"","ocean_menu_typo_font_weight_tablet":"","ocean_menu_typo_font_weight_mobile":"","ocean_menu_typo_transform":"","ocean_menu_typo_transform_tablet":"","ocean_menu_typo_transform_mobile":"","ocean_menu_typo_line_height":0,"ocean_menu_typo_line_height_tablet":0,"ocean_menu_typo_line_height_mobile":0,"ocean_menu_typo_line_height_unit":"","ocean_menu_typo_spacing":0,"ocean_menu_typo_spacing_tablet":0,"ocean_menu_typo_spacing_mobile":0,"ocean_menu_typo_spacing_unit":"","ocean_menu_link_color":"","ocean_menu_link_color_hover":"","ocean_menu_link_color_active":"","ocean_menu_link_background":"","ocean_menu_link_hover_background":"","ocean_menu_link_active_background":"","ocean_menu_social_links_bg":"","ocean_menu_social_hover_links_bg":"","ocean_menu_social_links_color":"","ocean_menu_social_hover_links_color":"","ocean_disable_title":"default","ocean_disable_heading":"default","ocean_post_title":"","ocean_post_subheading":"","ocean_post_title_style":"","ocean_post_title_background_color":"","ocean_post_title_background":0,"ocean_post_title_bg_image_position":"","ocean_post_title_bg_image_attachment":"","ocean_post_title_bg_image_repeat":"","ocean_post_title_bg_image_size":"","ocean_post_title_height":0,"ocean_post_title_bg_overlay":0.5,"ocean_post_title_bg_overlay_color":"","ocean_disable_breadcrumbs":"default","ocean_breadcrumbs_color":"","ocean_breadcrumbs_separator_color":"","ocean_breadcrumbs_links_color":"","ocean_breadcrumbs_links_hover_color":"","ocean_display_footer_widgets":"default","ocean_display_footer_bottom":"default","ocean_custom_footer_template":""},"product_brand":[118],"product_cat":[59,16],"product_tag":[],"class_list":{"0":"post-2539","1":"product","2":"type-product","3":"status-publish","4":"has-post-thumbnail","6":"product_brand-bioearth","7":"product_cat-protection-solaire","8":"product_cat-soins","10":"entry","11":"has-media","13":"first","14":"instock","15":"taxable","16":"shipping-taxable","17":"purchasable","18":"product-type-simple","19":"has-rating","20":"col","21":"span_1_of_3","22":"owp-content-center","23":"owp-thumbs-layout-horizontal","24":"owp-btn-normal","25":"owp-tabs-layout-section","26":"has-no-thumbnails","27":"circle-sale"},"_links":{"self":[{"href":"https:\/\/www.biobey.be\/fr\/wp-json\/wp\/v2\/product\/2539","targetHints":{"allow":["GET"]}}],"collection":[{"href":"https:\/\/www.biobey.be\/fr\/wp-json\/wp\/v2\/product"}],"about":[{"href":"https:\/\/www.biobey.be\/fr\/wp-json\/wp\/v2\/types\/product"}],"replies":[{"embeddable":true,"href":"https:\/\/www.biobey.be\/fr\/wp-json\/wp\/v2\/comments?post=2539"}],"wp:featuredmedia":[{"embeddable":true,"href":"https:\/\/www.biobey.be\/fr\/wp-json\/wp\/v2\/media\/671"}],"wp:attachment":[{"href":"https:\/\/www.biobey.be\/fr\/wp-json\/wp\/v2\/media?parent=2539"}],"wp:term":[{"taxonomy":"product_brand","embeddable":true,"href":"https:\/\/www.biobey.be\/fr\/wp-json\/wp\/v2\/product_brand?post=2539"},{"taxonomy":"product_cat","embeddable":true,"href":"https:\/\/www.biobey.be\/fr\/wp-json\/wp\/v2\/product_cat?post=2539"},{"taxonomy":"product_tag","embeddable":true,"href":"https:\/\/www.biobey.be\/fr\/wp-json\/wp\/v2\/product_tag?post=2539"}],"curies":[{"name":"wp","href":"https:\/\/api.w.org\/{rel}","templated":true}]}}