{"id":2540,"date":"2026-03-01T19:19:51","date_gmt":"2026-03-01T18:19:51","guid":{"rendered":"https:\/\/www.biobey.be\/fr-temp\/produit\/gommage-au-cafe-visage-2-en-1-bio-50-ml\/"},"modified":"2026-03-05T19:20:02","modified_gmt":"2026-03-05T18:20:02","slug":"gommage-au-cafe-visage-2-en-1-bio-50-ml","status":"publish","type":"product","link":"https:\/\/www.biobey.be\/fr\/produit\/gommage-au-cafe-visage-2-en-1-bio-50-ml\/","title":{"rendered":"Gommage au caf\u00e9 visage 2 en 1 bio 50 ml- Kueshi"},"content":{"rendered":"<p>Gommage au caf\u00e9 visage 2 en 1 bio purifient et tonifient la peau. Gr\u00e2ce \u00e0 son double effet, il peut \u00eatre utilis\u00e9 comme un gommage ou un masque facial. Une formule \u00e0 base de poudre de grains de caf\u00e9 arabe, d&rsquo;extrait de plante de caf\u00e9 et de ginseng purifie et raffermit la peau. Le gommage actif au caf\u00e9 pour le visage stimule l&rsquo;irrigation sanguine des cellules de la peau.<\/p>\n<p>Cela permet d&rsquo;acc\u00e9l\u00e9rer le processus de r\u00e9g\u00e9n\u00e9ration des cellules de la peau. Le masque et le gommage de Kueshi conviennent parfaitement aux peaux impures, fatigu\u00e9es et pr\u00e9sentant des ridules. Le gommage au caf\u00e9 visage \u00e9limine les impuret\u00e9s et les cellules mortes de la peau. Cela permet une meilleure absorption de la cr\u00e8me ou du s\u00e9rum <span style=\"color: #000080;\">pour<\/span> le visage.<\/p>\n<p>Il stimule la production de nouvelles cellules cutan\u00e9es et favorise l&rsquo;\u00e9lasticit\u00e9 de la peau. Apr\u00e8s avoir utilis\u00e9 le gommage au caf\u00e9, la peau est plus uniforme et lisse au toucher.<\/p>\n<p>Pour un traitement optimal des peaux fatigu\u00e9es avec des ridules, vous pouvez utiliser la<span style=\"color: #000080;\"> <a style=\"color: #000080;\" href=\"https:\/\/www.biobey.be\/fr\/produit\/creme-visage-bio-a-effet-botox-50ml\/\">cr\u00e8me Nuy \u00e0 effet botox<\/a><\/span> naturel apr\u00e8s ce masque facial.<\/p>\n<h2><!-- obsidian -->Combiner le masque au caf\u00e9 en fonction de votre type de peau<\/h2>\n<p>Si vous avez une peau impure avec des rides ou des ridules, combinez ce masque facial au caf\u00e9 avec une cr\u00e8me anti-rides botox ou une cr\u00e8me ultra liftante.<\/p>\n<p>Si vous souffrez plut\u00f4t d&rsquo;acn\u00e9 et de pores obstru\u00e9s, combinez-le avec<span style=\"color: #000080;\"><a style=\"color: #000080;\" href=\"https:\/\/www.biobey.be\/fr\/produit\/creme-bio-peaux-mixtes-a-grasses-50-ml\/\"> la cr\u00e8me de jour Nature Up pour peaux grasses ou mixtes<\/a><\/span> \u00e0 tendance acn\u00e9ique ou avec la cr\u00e8me \u00e0 l&rsquo;\u00e9chinac\u00e9e d&rsquo;Argital.<\/p>\n<p>Les deux produits conviennent parfaitement aux peaux sensibles \u00e0 l&rsquo;acn\u00e9, mais d&rsquo;apr\u00e8s l&rsquo;exp\u00e9rience des utilisateurs, la cr\u00e8me Nature Up est plus adapt\u00e9e aux peaux impures qui sont un peu plus s\u00e8ches. <span style=\"color: #000080;\"><a style=\"color: #000080;\" href=\"https:\/\/www.biobey.be\/fr\/produit\/creme-anti-acne-echinacee-75ml\/\">La cr\u00e8me \u00e0 l&rsquo;\u00e9chinac\u00e9e<\/a> <\/span>est plut\u00f4t utilis\u00e9e par les personnes ayant une peau grasse.<\/p>\n<h2>Formule du masque activateur et du gommage au caf\u00e9 visage<\/h2>\n<p>L&rsquo;effet purifiant et activateur du gommage est d\u00fb \u00e0 des extraits tels que le ginseng, la poudre de grains de caf\u00e9 et l&rsquo;extrait de plante de caf\u00e9. L&rsquo;extrait de caf\u00e9ine favorise l&rsquo;\u00e9limination de l&rsquo;humidit\u00e9 et des d\u00e9chets accumul\u00e9s. L&rsquo;extrait de ginseng biologique est connu pour ses propri\u00e9t\u00e9s anti-inflammatoires. Il est utilis\u00e9 pour traiter l&rsquo;ecz\u00e9ma et la peau atopique.<\/p>\n<p>En outre, le gommage au caf\u00e9 visage contient de l&rsquo;huile d&rsquo;argan pour le visage et de l&rsquo;extrait d&rsquo;aloe vera. L&rsquo;huile d&rsquo;argan est riche en vitamines et en antioxydants. Il prot\u00e8ge la peau des effets n\u00e9gatifs des radicaux libres. Le jus de l&rsquo;aloe vera biologique hydrate la peau et r\u00e9duit les rougeurs.<\/p>\n<p>La combinaison de propri\u00e9t\u00e9s soignantes et activatrices purifie et tonifie efficacement la peau. Le masque Kueshi et le gommage au caf\u00e9 visage sont v\u00e9g\u00e9taliens, \u00e9cologiques et certifi\u00e9s par Ecocert. Le gommage au caf\u00e9 visage est exempt de microplastiques, d&rsquo;huiles min\u00e9rales, de peg&rsquo;s, de silicones, de parfums ou de colorants synth\u00e9tiques.<\/p>\n<p><strong>INCI<\/strong>: Aqua, triglyc\u00e9ride caprylique\/caprique, jus de feuilles d&rsquo;Aloe Barbadensis, bentonite, pentyl\u00e8ne glycol, glyc\u00e9rine, alcool c\u00e9tylique, st\u00e9arate de polyglyc\u00e9ryle-2, huile de noyau d&rsquo;Argania Spinosa*, extrait de graines de Coffea Arabica*, Huile de graines de Vitis Vinifera*, extrait de racine de Panax Ginseng, poudre de graines de Coffea Arabica, st\u00e9arate de glyc\u00e9ryle, alcool st\u00e9arylique, sorbate de potassium, benzoate de sodium, acide d\u00e9hydroac\u00e9tique, alcool benzylique, gomme de xanthane, acide citrique.<\/p>\n<p>*Ingr\u00e9dients issus de l&rsquo;agriculture biologique<\/p>\n<p><strong>Mode d&#8217;emploi<\/strong> : Massez d\u00e9licatement le gommage au caf\u00e9 sur la peau humide en effectuant des mouvements circulaires. R\u00e9partissez le masque uniform\u00e9ment sur le visage. Laissez agir pendant 7 minutes, puis rincez \u00e0 l&rsquo;eau ti\u00e8de.<\/p>\n","protected":false},"excerpt":{"rendered":"<p>Le masque et le gommage au caf\u00e9 pour le visage ont un effet purifiant et raffermissant sur la peau. Les ingr\u00e9dients exfoliants tels que la poudre de grains de caf\u00e9 \u00e9liminent les imperfections et les cellules mortes de la peau. La formule est bas\u00e9e sur des extraits organiques d&rsquo;aloe vera, de plante de caf\u00e9, d&rsquo;huile d&rsquo;argan, de grains de caf\u00e9 et d&rsquo;huile de p\u00e9pins de raisin.<\/p>\n<p><strong>Type de peau<\/strong> : peau sujette aux imperfections et aux ridules. Peau fatigu\u00e9e, terne et rid\u00e9e<br \/>\n<strong>Mode d&rsquo;action<\/strong> : purifie la peau et stimule le renouvellement des cellules cutan\u00e9es.<br \/>\n<strong>Labels<\/strong> : Ecocert, Vegan, Eco friendly, Cosmos Organic,<br \/>\nContenu : 50ml<\/p>\n","protected":false},"featured_media":669,"comment_status":"open","ping_status":"closed","template":"","meta":{"ocean_post_layout":"","ocean_both_sidebars_style":"","ocean_both_sidebars_content_width":0,"ocean_both_sidebars_sidebars_width":0,"ocean_sidebar":"0","ocean_second_sidebar":"0","ocean_disable_margins":"enable","ocean_add_body_class":"","ocean_shortcode_before_top_bar":"","ocean_shortcode_after_top_bar":"","ocean_shortcode_before_header":"","ocean_shortcode_after_header":"","ocean_has_shortcode":"","ocean_shortcode_after_title":"","ocean_shortcode_before_footer_widgets":"","ocean_shortcode_after_footer_widgets":"","ocean_shortcode_before_footer_bottom":"","ocean_shortcode_after_footer_bottom":"","ocean_display_top_bar":"default","ocean_display_header":"default","ocean_header_style":"","ocean_center_header_left_menu":"0","ocean_custom_header_template":"0","ocean_custom_logo":0,"ocean_custom_retina_logo":0,"ocean_custom_logo_max_width":0,"ocean_custom_logo_tablet_max_width":0,"ocean_custom_logo_mobile_max_width":0,"ocean_custom_logo_max_height":0,"ocean_custom_logo_tablet_max_height":0,"ocean_custom_logo_mobile_max_height":0,"ocean_header_custom_menu":"0","ocean_menu_typo_font_family":"0","ocean_menu_typo_font_subset":"","ocean_menu_typo_font_size":0,"ocean_menu_typo_font_size_tablet":0,"ocean_menu_typo_font_size_mobile":0,"ocean_menu_typo_font_size_unit":"px","ocean_menu_typo_font_weight":"","ocean_menu_typo_font_weight_tablet":"","ocean_menu_typo_font_weight_mobile":"","ocean_menu_typo_transform":"","ocean_menu_typo_transform_tablet":"","ocean_menu_typo_transform_mobile":"","ocean_menu_typo_line_height":0,"ocean_menu_typo_line_height_tablet":0,"ocean_menu_typo_line_height_mobile":0,"ocean_menu_typo_line_height_unit":"","ocean_menu_typo_spacing":0,"ocean_menu_typo_spacing_tablet":0,"ocean_menu_typo_spacing_mobile":0,"ocean_menu_typo_spacing_unit":"","ocean_menu_link_color":"","ocean_menu_link_color_hover":"","ocean_menu_link_color_active":"","ocean_menu_link_background":"","ocean_menu_link_hover_background":"","ocean_menu_link_active_background":"","ocean_menu_social_links_bg":"","ocean_menu_social_hover_links_bg":"","ocean_menu_social_links_color":"","ocean_menu_social_hover_links_color":"","ocean_disable_title":"default","ocean_disable_heading":"default","ocean_post_title":"","ocean_post_subheading":"","ocean_post_title_style":"","ocean_post_title_background_color":"","ocean_post_title_background":0,"ocean_post_title_bg_image_position":"","ocean_post_title_bg_image_attachment":"","ocean_post_title_bg_image_repeat":"","ocean_post_title_bg_image_size":"","ocean_post_title_height":0,"ocean_post_title_bg_overlay":0.5,"ocean_post_title_bg_overlay_color":"","ocean_disable_breadcrumbs":"default","ocean_breadcrumbs_color":"","ocean_breadcrumbs_separator_color":"","ocean_breadcrumbs_links_color":"","ocean_breadcrumbs_links_hover_color":"","ocean_display_footer_widgets":"default","ocean_display_footer_bottom":"default","ocean_custom_footer_template":"0"},"product_brand":[122],"product_cat":[18,17,16],"product_tag":[],"class_list":{"0":"post-2540","1":"product","2":"type-product","3":"status-publish","4":"has-post-thumbnail","6":"product_brand-kueshi-naturals","7":"product_cat-nettoyage-de-la-peau-et-masques","8":"product_cat-soins-du-visage","9":"product_cat-soins","11":"entry","12":"has-media","14":"first","15":"instock","16":"taxable","17":"shipping-taxable","18":"purchasable","19":"product-type-simple","20":"has-rating","21":"col","22":"span_1_of_3","23":"owp-content-center","24":"owp-thumbs-layout-horizontal","25":"owp-btn-normal","26":"owp-tabs-layout-section","27":"has-no-thumbnails","28":"circle-sale"},"_links":{"self":[{"href":"https:\/\/www.biobey.be\/fr\/wp-json\/wp\/v2\/product\/2540","targetHints":{"allow":["GET"]}}],"collection":[{"href":"https:\/\/www.biobey.be\/fr\/wp-json\/wp\/v2\/product"}],"about":[{"href":"https:\/\/www.biobey.be\/fr\/wp-json\/wp\/v2\/types\/product"}],"replies":[{"embeddable":true,"href":"https:\/\/www.biobey.be\/fr\/wp-json\/wp\/v2\/comments?post=2540"}],"wp:featuredmedia":[{"embeddable":true,"href":"https:\/\/www.biobey.be\/fr\/wp-json\/wp\/v2\/media\/669"}],"wp:attachment":[{"href":"https:\/\/www.biobey.be\/fr\/wp-json\/wp\/v2\/media?parent=2540"}],"wp:term":[{"taxonomy":"product_brand","embeddable":true,"href":"https:\/\/www.biobey.be\/fr\/wp-json\/wp\/v2\/product_brand?post=2540"},{"taxonomy":"product_cat","embeddable":true,"href":"https:\/\/www.biobey.be\/fr\/wp-json\/wp\/v2\/product_cat?post=2540"},{"taxonomy":"product_tag","embeddable":true,"href":"https:\/\/www.biobey.be\/fr\/wp-json\/wp\/v2\/product_tag?post=2540"}],"curies":[{"name":"wp","href":"https:\/\/api.w.org\/{rel}","templated":true}]}}