{"id":2541,"date":"2023-09-20T20:05:53","date_gmt":"2023-09-20T18:05:53","guid":{"rendered":"https:\/\/www.biobey.be\/fr-temp\/produit\/brume-hydratante-pour-le-visage-hyaluron\/"},"modified":"2025-07-11T13:34:57","modified_gmt":"2025-07-11T11:34:57","slug":"brume-hydratante-pour-le-visage-hyaluron","status":"publish","type":"product","link":"https:\/\/www.biobey.be\/fr\/produit\/brume-hydratante-pour-le-visage-hyaluron\/","title":{"rendered":"Brume hydratante pour le visage au hyaluron 125 ml"},"content":{"rendered":"<p>Cette brume hydratante pour le visage a \u00e9t\u00e9 con\u00e7ue pour soigner les peaux s\u00e8ches. La formule est \u00e0 base de jus d&rsquo;aloe vera biologique et d&rsquo;acide hyaluronique. Le jus biologique de l&rsquo;aloe vera apaise la peau sensible tandis que l&rsquo;acide hyaluronique apporte l&rsquo;hydratation n\u00e9cessaire. La peau peut \u00eatre s\u00e8che pendant les bains de soleil, apr\u00e8s la natation ou le sport.<\/p>\n<p>Le spray<strong> aide \u00e0 r\u00e9duire la sensation de br\u00fblure<\/strong>, de s\u00e9cheresse et de tiraillement.<\/p>\n<p>La brume hydratante pour le visage Bioearth est id\u00e9al pour rafra\u00eechir la peau lors d&rsquo;une chaude journ\u00e9e d&rsquo;\u00e9t\u00e9 en ville ou \u00e0 la plage. Le spray pour le visage ne contient pas de SPF.<\/p>\n<p>Il est donc important d&rsquo;utiliser un \u00e9cran solaire naturel protecteur lors d&rsquo;une exposition prolong\u00e9e au soleil et de le r\u00e9appliquer p\u00e9riodiquement. La brume pour le visage Bioearth convient \u00e0 tous les types de peau ainsi qu&rsquo;aux peaux sensibles.<\/p>\n<h2>Brume hydratante pour le visage naturelle<\/h2>\n<p>Cette brume hydratante naturelle pour le visage est \u00e0 base de jus d&rsquo;aloe vera biologique et d&rsquo;acide hyaluronique. Le jus d&rsquo;aloe vera a un <strong>effet anti-inflammatoire et r\u00e9g\u00e9n\u00e9rant<\/strong>. Il r\u00e9duit les irritations de la peau et les sensations de br\u00fblure apr\u00e8s un coup de soleil. L&rsquo;acide hyaluronique a un effet hydratant instantan\u00e9 sur la peau.<\/p>\n<p>La combinaison du jus d&rsquo;aloe vera et de l&rsquo;acide hyaluronique aide \u00e0 prot\u00e9ger la peau contre la perte d&rsquo;hydratation. En outre, la brume hydratante pour le visage est naturelle et contient des extraits de camomille, de kiwi, d&rsquo;algues et de vitamine E. La chlorelle, comme la vitamine E, a un effet antioxydant.<\/p>\n<p>Il <strong>aide \u00e0 prot\u00e9ger la peau des effets n\u00e9gatifs des radicaux libres<\/strong>. La composition nourrissante et la texture l\u00e9g\u00e8re assurent le fonctionnement efficace de la brume hydratante pour le visage.<\/p>\n<p>Mode d&#8217;emploi : Bien agiter avant l&rsquo;utilisation. Vaporisez le brouillard facial \u00e0 une distance de 19 \u00e0 15 cm du visage. Utilisez le spray plusieurs fois par jour \u00e0 votre guise. Convient aux personnes \u00e0 la peau sensible.<\/p>\n<p>Ingr\u00e9dients : Aqua, Aloe Barbadensis Leaf Juice, Glycerin, Alcohol, Polyglyceryl-4 Caprylate, Sodium Lauroyl Glutamate, Decyl Glucoside, Diglycerin, Actinidia Chinensis (Kiwi) Fruit Extract, Chlorella Pyrenoidosa Extract, Camellia Sinensis Leaf Extract, Vitis Vinifera (Grape) Leaf Extract&rsquo;, Ganoderma Lucidum (Mushroom) Spore Extract,<\/p>\n<p>Hyaluronate de sodium, ac\u00e9tate de tocoph\u00e9ryle, maltodextrine, ubiquinone, parfum (naturel), acide lactique, \u00e9thylhexylglyc\u00e9rine, benzoate de sodium, sorbate de potassium, alcool benzylique.<\/p>\n","protected":false},"excerpt":{"rendered":"<p>La brume hydratante naturelle pour le visage est id\u00e9ale pour rafra\u00eechir et prendre soin de la peau. La formule \u00e0 base d&rsquo;aloe vera biologique et d&rsquo;acide hyaluronique aide \u00e0 r\u00e9duire les tiraillements, la s\u00e9cheresse et les sensations de br\u00fblure.<\/p>\n<p>Caract\u00e9ristiques : Vegan, naturel<br \/>\nConvient \u00e0 tous les types de peau, y compris les peaux sensibles.<br \/>\nLa brume pour le visage ne contient pas de spf<br \/>\nContenu : 125ml<\/p>\n","protected":false},"featured_media":674,"comment_status":"open","ping_status":"closed","template":"","meta":{"ocean_post_layout":"","ocean_both_sidebars_style":"","ocean_both_sidebars_content_width":0,"ocean_both_sidebars_sidebars_width":0,"ocean_sidebar":"","ocean_second_sidebar":"","ocean_disable_margins":"enable","ocean_add_body_class":"","ocean_shortcode_before_top_bar":"","ocean_shortcode_after_top_bar":"","ocean_shortcode_before_header":"","ocean_shortcode_after_header":"","ocean_has_shortcode":"","ocean_shortcode_after_title":"","ocean_shortcode_before_footer_widgets":"","ocean_shortcode_after_footer_widgets":"","ocean_shortcode_before_footer_bottom":"","ocean_shortcode_after_footer_bottom":"","ocean_display_top_bar":"default","ocean_display_header":"default","ocean_header_style":"","ocean_center_header_left_menu":"","ocean_custom_header_template":"","ocean_custom_logo":0,"ocean_custom_retina_logo":0,"ocean_custom_logo_max_width":0,"ocean_custom_logo_tablet_max_width":0,"ocean_custom_logo_mobile_max_width":0,"ocean_custom_logo_max_height":0,"ocean_custom_logo_tablet_max_height":0,"ocean_custom_logo_mobile_max_height":0,"ocean_header_custom_menu":"","ocean_menu_typo_font_family":"","ocean_menu_typo_font_subset":"","ocean_menu_typo_font_size":0,"ocean_menu_typo_font_size_tablet":0,"ocean_menu_typo_font_size_mobile":0,"ocean_menu_typo_font_size_unit":"px","ocean_menu_typo_font_weight":"","ocean_menu_typo_font_weight_tablet":"","ocean_menu_typo_font_weight_mobile":"","ocean_menu_typo_transform":"","ocean_menu_typo_transform_tablet":"","ocean_menu_typo_transform_mobile":"","ocean_menu_typo_line_height":0,"ocean_menu_typo_line_height_tablet":0,"ocean_menu_typo_line_height_mobile":0,"ocean_menu_typo_line_height_unit":"","ocean_menu_typo_spacing":0,"ocean_menu_typo_spacing_tablet":0,"ocean_menu_typo_spacing_mobile":0,"ocean_menu_typo_spacing_unit":"","ocean_menu_link_color":"","ocean_menu_link_color_hover":"","ocean_menu_link_color_active":"","ocean_menu_link_background":"","ocean_menu_link_hover_background":"","ocean_menu_link_active_background":"","ocean_menu_social_links_bg":"","ocean_menu_social_hover_links_bg":"","ocean_menu_social_links_color":"","ocean_menu_social_hover_links_color":"","ocean_disable_title":"default","ocean_disable_heading":"default","ocean_post_title":"","ocean_post_subheading":"","ocean_post_title_style":"","ocean_post_title_background_color":"","ocean_post_title_background":0,"ocean_post_title_bg_image_position":"","ocean_post_title_bg_image_attachment":"","ocean_post_title_bg_image_repeat":"","ocean_post_title_bg_image_size":"","ocean_post_title_height":0,"ocean_post_title_bg_overlay":0.5,"ocean_post_title_bg_overlay_color":"","ocean_disable_breadcrumbs":"default","ocean_breadcrumbs_color":"","ocean_breadcrumbs_separator_color":"","ocean_breadcrumbs_links_color":"","ocean_breadcrumbs_links_hover_color":"","ocean_display_footer_widgets":"default","ocean_display_footer_bottom":"default","ocean_custom_footer_template":""},"product_brand":[118],"product_cat":[59,17,16],"product_tag":[],"class_list":{"0":"post-2541","1":"product","2":"type-product","3":"status-publish","4":"has-post-thumbnail","6":"product_brand-bioearth","7":"product_cat-protection-solaire","8":"product_cat-soins-du-visage","9":"product_cat-soins","11":"entry","12":"has-media","14":"first","15":"instock","16":"taxable","17":"shipping-taxable","18":"purchasable","19":"product-type-simple","20":"has-rating","21":"col","22":"span_1_of_3","23":"owp-content-center","24":"owp-thumbs-layout-horizontal","25":"owp-btn-normal","26":"owp-tabs-layout-section","27":"has-no-thumbnails","28":"circle-sale"},"_links":{"self":[{"href":"https:\/\/www.biobey.be\/fr\/wp-json\/wp\/v2\/product\/2541","targetHints":{"allow":["GET"]}}],"collection":[{"href":"https:\/\/www.biobey.be\/fr\/wp-json\/wp\/v2\/product"}],"about":[{"href":"https:\/\/www.biobey.be\/fr\/wp-json\/wp\/v2\/types\/product"}],"replies":[{"embeddable":true,"href":"https:\/\/www.biobey.be\/fr\/wp-json\/wp\/v2\/comments?post=2541"}],"wp:featuredmedia":[{"embeddable":true,"href":"https:\/\/www.biobey.be\/fr\/wp-json\/wp\/v2\/media\/674"}],"wp:attachment":[{"href":"https:\/\/www.biobey.be\/fr\/wp-json\/wp\/v2\/media?parent=2541"}],"wp:term":[{"taxonomy":"product_brand","embeddable":true,"href":"https:\/\/www.biobey.be\/fr\/wp-json\/wp\/v2\/product_brand?post=2541"},{"taxonomy":"product_cat","embeddable":true,"href":"https:\/\/www.biobey.be\/fr\/wp-json\/wp\/v2\/product_cat?post=2541"},{"taxonomy":"product_tag","embeddable":true,"href":"https:\/\/www.biobey.be\/fr\/wp-json\/wp\/v2\/product_tag?post=2541"}],"curies":[{"name":"wp","href":"https:\/\/api.w.org\/{rel}","templated":true}]}}