{"id":2544,"date":"2023-10-17T22:14:50","date_gmt":"2023-10-17T20:14:50","guid":{"rendered":"https:\/\/www.biobey.be\/fr-temp\/produit\/creme-solaire-minerale-bebe-spf50-solar\/"},"modified":"2025-07-11T13:32:14","modified_gmt":"2025-07-11T11:32:14","slug":"creme-solaire-minerale-bebe-spf50-solar","status":"publish","type":"product","link":"https:\/\/www.biobey.be\/fr\/produit\/creme-solaire-minerale-bebe-spf50-solar\/","title":{"rendered":"Cr\u00e8me solaire min\u00e9rale b\u00e9b\u00e9 spf50 Solar Tea 100 ml"},"content":{"rendered":"<p>La cr\u00e8me solaire min\u00e9rale b\u00e9b\u00e9 spf50 prot\u00e8ge la peau des rayons UV nocifs et des irritations gr\u00e2ce \u00e0 ses filtres min\u00e9raux. Sa formule douce est id\u00e9ale pour la peau sensible des b\u00e9b\u00e9s et des enfants. Les filtres min\u00e9raux forment une couche protectrice \u00e0 la surface de la peau qui r\u00e9fl\u00e9chit les rayons UVA et UVB.<\/p>\n<p>La combinaison de beurre de karit\u00e9, d&rsquo;aloe vera, d&rsquo;isoflavones de soja et d&rsquo;huile d&rsquo;argan nourrit et soigne efficacement la peau. La cr\u00e8me solaire min\u00e9rale b\u00e9b\u00e9 spf50 est \u00e9cologique, v\u00e9g\u00e9talienne et naturelle.<\/p>\n<p>Elle ne contient pas de substances toxiques, de filtres chimiques, de d\u00e9riv\u00e9s du p\u00e9trole, de silicones, de pegs, de parabens, d&rsquo;alcools lourds et de parfums synth\u00e9tiques. La <strong>cr\u00e8me solaire min\u00e9rale b\u00e9b\u00e9 spf50 prot\u00e8ge la peau sans la dess\u00e9cher ni l&rsquo;irriter.<\/strong><\/p>\n<h2>Composition cr\u00e8me solaire min\u00e9rale b\u00e9b\u00e9 spf50<\/h2>\n<p>Il est important de prendre soin de la peau sensible du b\u00e9b\u00e9 et de la prot\u00e9ger des rayons UV nocifs. La cr\u00e8me solaire min\u00e9rale pour b\u00e9b\u00e9s contient des filtres min\u00e9raux. De plus, elle contient des extraits organiques de camomille, d&rsquo;huile d&rsquo;argan, d&rsquo;huile de jojoba, de beurre de karit\u00e9, d&rsquo;extrait de plante de th\u00e9 blanc, de beurre de karit\u00e9 et d&rsquo;aloe vera.<\/p>\n<p>L&rsquo;extrait de camomille apaise les peaux irrit\u00e9es et r\u00e9duit les rougeurs. L&rsquo;extrait d&rsquo;aloe vera a des propri\u00e9t\u00e9s anti-inflammatoires et apaisantes. L&rsquo;aloe vera et l&rsquo;extrait de camomille sont tous deux utilis\u00e9s dans le traitement des coups de soleil. Le beurre de karit\u00e9 contenu dans la cr\u00e8me solaire min\u00e9rale b\u00e9b\u00e9 spf50 rend la peau agr\u00e9ablement douce.<\/p>\n<p>Il nourrit la peau et la prot\u00e8ge contre la d\u00e9shydratation. L&rsquo;huile d&rsquo;argan stimule la r\u00e9g\u00e9n\u00e9ration des cellules de la peau et a un effet antioxydant. Gr\u00e2ce \u00e0 la composition protectrice, mais douce de la cr\u00e8me solaire, la peau d\u00e9licate du b\u00e9b\u00e9 est prot\u00e9g\u00e9e et soign\u00e9e en m\u00eame temps.<\/p>\n<p>Mode d&#8217;emploi : Appliquez la cr\u00e8me solaire avant l&rsquo;exposition au soleil. Appliquez une quantit\u00e9 suffisante de cr\u00e8me solaire (2 mg\/cm2) en mouvements circulaires sur la peau. \u00c9talez-la bien sur la surface de la peau.<\/p>\n<p>Afin d&rsquo;obtenir la <strong>meilleure protection<\/strong> possible, il est recommand\u00e9 de r\u00e9p\u00e9ter l&rsquo;application de la cr\u00e8me solaire toutes les 1 \u00e0 2 heures en cas de transpiration excessive ou de bain.<\/p>\n<p>Ingr\u00e9dients : Carbonate de dicaprylyle, oxyde de zinc, eau de feuille de Camellia sinensis*, eau de fleur de Chamomilla recutita*, huile de Glycine soja*, Aqua, Glyc\u00e9rine, alcool c\u00e9t\u00e9arylique, sulfate de c\u00e9t\u00e9aryle de sodium, st\u00e9arate de glyc\u00e9ryle, huile de fruit d&rsquo;Olea Europaea-, huile de noyau d&rsquo;Argania spinosa*,<\/p>\n<p>beurre de Butyrospermum parkii*, acide polyhydroxyst\u00e9arique, poudre de jus de feuilles d&rsquo;Aloe barbadensis*, extrait de feuilles d&rsquo;Ilex paraguariensis, extrait de fruits de Malpighia punicifolia, extrait de fruits de Terminalia ferdinandiana*, r\u00e9sine de Copaifera officinalis*, extrait de<\/p>\n<p>Centella asiatica, extrait de feuilles d&rsquo;Aspalathus linearis, extrait de feuilles de Camelia sinensis, huile de graines de Bertholletia excelsa*, extrait de feuilles de Rosmarinus officinalis, extrait de racines de Polygonum cuspidatum, extrait de racines de Scutellaria baicalensis, extrait de feuilles de Camellia Sinensis,<\/p>\n<p>Extrait de feuilles de Camellia Sinensis, Extrait de racines de Glycyrrhiza glabra, Extrait de fleurs\/feuilles de Chamomilla recutita, Gomme xanthane, Tocoph\u00e9rol, Maltodextrine, Alcool benzylique, Laurate de glyc\u00e9ryle, Benzoate de sodium, Sorbate de potassium, Propanediol, fragnance naturelle**.<\/p>\n<p>*Ingr\u00e9dients issus de l&rsquo;agriculture biologique.<\/p>\n","protected":false},"excerpt":{"rendered":"<p>La cr\u00e8me solaire min\u00e9rale min\u00e9rale b\u00e9b\u00e9 spf50 prot\u00e8ge efficacement la peau en formant une couche protectrice \u00e0 la surface de la peau. Le min\u00e9ral refl\u00e8te les rayons UVA et UVB de la surface de la peau. Sa formule hydratante convient parfaitement \u00e0 la peau d\u00e9licate et sensible des b\u00e9b\u00e9s.<\/p>\n<p>Ingr\u00e9dients cl\u00e9s : Filtres min\u00e9raux, extraits organiques de camomille, beurre de karit\u00e9, huile d&rsquo;argan, huile de jojoba, aloe vera et vitamine E.<br \/>\nCaract\u00e9ristiques : Vegan, \u00e9cologique et naturel<br \/>\nContenu : 100 ml<\/p>\n","protected":false},"featured_media":683,"comment_status":"open","ping_status":"closed","template":"","meta":{"ocean_post_layout":"","ocean_both_sidebars_style":"","ocean_both_sidebars_content_width":0,"ocean_both_sidebars_sidebars_width":0,"ocean_sidebar":"","ocean_second_sidebar":"","ocean_disable_margins":"enable","ocean_add_body_class":"","ocean_shortcode_before_top_bar":"","ocean_shortcode_after_top_bar":"","ocean_shortcode_before_header":"","ocean_shortcode_after_header":"","ocean_has_shortcode":"","ocean_shortcode_after_title":"","ocean_shortcode_before_footer_widgets":"","ocean_shortcode_after_footer_widgets":"","ocean_shortcode_before_footer_bottom":"","ocean_shortcode_after_footer_bottom":"","ocean_display_top_bar":"default","ocean_display_header":"default","ocean_header_style":"","ocean_center_header_left_menu":"","ocean_custom_header_template":"","ocean_custom_logo":0,"ocean_custom_retina_logo":0,"ocean_custom_logo_max_width":0,"ocean_custom_logo_tablet_max_width":0,"ocean_custom_logo_mobile_max_width":0,"ocean_custom_logo_max_height":0,"ocean_custom_logo_tablet_max_height":0,"ocean_custom_logo_mobile_max_height":0,"ocean_header_custom_menu":"","ocean_menu_typo_font_family":"","ocean_menu_typo_font_subset":"","ocean_menu_typo_font_size":0,"ocean_menu_typo_font_size_tablet":0,"ocean_menu_typo_font_size_mobile":0,"ocean_menu_typo_font_size_unit":"px","ocean_menu_typo_font_weight":"","ocean_menu_typo_font_weight_tablet":"","ocean_menu_typo_font_weight_mobile":"","ocean_menu_typo_transform":"","ocean_menu_typo_transform_tablet":"","ocean_menu_typo_transform_mobile":"","ocean_menu_typo_line_height":0,"ocean_menu_typo_line_height_tablet":0,"ocean_menu_typo_line_height_mobile":0,"ocean_menu_typo_line_height_unit":"","ocean_menu_typo_spacing":0,"ocean_menu_typo_spacing_tablet":0,"ocean_menu_typo_spacing_mobile":0,"ocean_menu_typo_spacing_unit":"","ocean_menu_link_color":"","ocean_menu_link_color_hover":"","ocean_menu_link_color_active":"","ocean_menu_link_background":"","ocean_menu_link_hover_background":"","ocean_menu_link_active_background":"","ocean_menu_social_links_bg":"","ocean_menu_social_hover_links_bg":"","ocean_menu_social_links_color":"","ocean_menu_social_hover_links_color":"","ocean_disable_title":"default","ocean_disable_heading":"default","ocean_post_title":"","ocean_post_subheading":"","ocean_post_title_style":"","ocean_post_title_background_color":"","ocean_post_title_background":0,"ocean_post_title_bg_image_position":"","ocean_post_title_bg_image_attachment":"","ocean_post_title_bg_image_repeat":"","ocean_post_title_bg_image_size":"","ocean_post_title_height":0,"ocean_post_title_bg_overlay":0.5,"ocean_post_title_bg_overlay_color":"","ocean_disable_breadcrumbs":"default","ocean_breadcrumbs_color":"","ocean_breadcrumbs_separator_color":"","ocean_breadcrumbs_links_color":"","ocean_breadcrumbs_links_hover_color":"","ocean_display_footer_widgets":"default","ocean_display_footer_bottom":"default","ocean_custom_footer_template":""},"product_brand":[110],"product_cat":[44,59,16],"product_tag":[],"class_list":{"0":"post-2544","1":"product","2":"type-product","3":"status-publish","4":"has-post-thumbnail","6":"product_brand-solar-tea","7":"product_cat-enfant-et-bebe","8":"product_cat-protection-solaire","9":"product_cat-soins","11":"entry","12":"has-media","14":"first","15":"instock","16":"taxable","17":"shipping-taxable","18":"purchasable","19":"product-type-simple","20":"has-rating","21":"col","22":"span_1_of_3","23":"owp-content-center","24":"owp-thumbs-layout-horizontal","25":"owp-btn-normal","26":"owp-tabs-layout-section","27":"has-no-thumbnails","28":"circle-sale"},"_links":{"self":[{"href":"https:\/\/www.biobey.be\/fr\/wp-json\/wp\/v2\/product\/2544","targetHints":{"allow":["GET"]}}],"collection":[{"href":"https:\/\/www.biobey.be\/fr\/wp-json\/wp\/v2\/product"}],"about":[{"href":"https:\/\/www.biobey.be\/fr\/wp-json\/wp\/v2\/types\/product"}],"replies":[{"embeddable":true,"href":"https:\/\/www.biobey.be\/fr\/wp-json\/wp\/v2\/comments?post=2544"}],"wp:featuredmedia":[{"embeddable":true,"href":"https:\/\/www.biobey.be\/fr\/wp-json\/wp\/v2\/media\/683"}],"wp:attachment":[{"href":"https:\/\/www.biobey.be\/fr\/wp-json\/wp\/v2\/media?parent=2544"}],"wp:term":[{"taxonomy":"product_brand","embeddable":true,"href":"https:\/\/www.biobey.be\/fr\/wp-json\/wp\/v2\/product_brand?post=2544"},{"taxonomy":"product_cat","embeddable":true,"href":"https:\/\/www.biobey.be\/fr\/wp-json\/wp\/v2\/product_cat?post=2544"},{"taxonomy":"product_tag","embeddable":true,"href":"https:\/\/www.biobey.be\/fr\/wp-json\/wp\/v2\/product_tag?post=2544"}],"curies":[{"name":"wp","href":"https:\/\/api.w.org\/{rel}","templated":true}]}}