{"id":2547,"date":"2026-02-17T21:16:21","date_gmt":"2026-02-17T20:16:21","guid":{"rendered":"https:\/\/www.biobey.be\/fr-temp\/produit\/box-eclaircissante-naturelle-taches-6\/"},"modified":"2026-02-17T21:16:11","modified_gmt":"2026-02-17T20:16:11","slug":"box-eclaircissante-naturelle-taches-6","status":"publish","type":"product","link":"https:\/\/www.biobey.be\/fr\/produit\/box-eclaircissante-naturelle-taches-6\/","title":{"rendered":"Box \u00e9claircissante naturelle contre les taches brunes 6 pr."},"content":{"rendered":"<p>Box \u00e9claircissante naturelle contient des produits de soins naturels pour le traitement des taches pigmentaires. Les produits r\u00e9gulent la production de m\u00e9lanine. La composition de la Brightening Box <span style=\"color: #0000ff;\"><a style=\"color: #0000ff;\" href=\"https:\/\/www.biobey.be\/fr\/produit\/correcteur-de-taches-pigmentaires-bio-20\/\">estompe les taches brunes et unifie le teint de la peau<\/a><\/span>.<\/p>\n<p>Elle contient des produits naturels exempts d&rsquo;ingr\u00e9dients irritants et nocifs tels que l&rsquo;hydroquinone. Tout en utilisant les produits anti-taches, il est important de prot\u00e9ger correctement la peau du soleil. Cliquez sur le titre de la page du produit pour lire l&rsquo;explication compl\u00e8te du produit.<\/p>\n<h2>Box \u00e9claircissante naturelle Routine :<\/h2>\n<ol>\n<li>Nettoyez la peau et les yeux avec une eau micellaire \u00e9mulsionn\u00e9e.<\/li>\n<li>Utilisez le spray tonique comme vous le souhaitez (3 \u00e0 4 fois par semaine).<\/li>\n<li>Appliquez le s\u00e9rum PHA de Bioearth sur la peau pour un effet \u00e9claircissant suppl\u00e9mentaire. Le s\u00e9rum peut \u00eatre appliqu\u00e9 deux ou trois fois par semaine apr\u00e8s un masque facial ou un peeling.<\/li>\n<li>La cr\u00e8me anti-pigmentation Whitening Day convient \u00e0 un usage quotidien.<\/li>\n<li>Appliquez l&rsquo;\u00e9mulsion contour des yeux deux fois par semaine<\/li>\n<li>Utilisez le masque \u00e0 l&rsquo;argile blanche Argital une fois par semaine.<\/li>\n<\/ol>\n<h2>1.Emulsion eau micellaire 125ml<\/h2>\n<p><span style=\"color: #0000ff;\"><a style=\"color: #0000ff;\" href=\"https:\/\/www.biobey.be\/fr\/produit\/nettoyant-micellaire-bio-a-la-figue\/\">L&rsquo;eau micellaire Emulsion<\/a><\/span> nettoie la peau en douceur et la d\u00e9maquille. L&rsquo;\u00e9mulsion convient aux personnes ayant une peau et des yeux sensibles. La formule \u00e0 base d&rsquo;extraits organiques de rose, de camomille et de gard\u00e9nia \u00e9claircit les taches brunes superficielles.<\/p>\n<h2>2. Argital masque \u00e0 l&rsquo;argile blanche 200g<\/h2>\n<p>L&rsquo;argile naturelle kaolin est utilis\u00e9e depuis l&rsquo;Antiquit\u00e9 en Asie pour r\u00e9parer la peau et ralentir le vieillissement cutan\u00e9. Le kaolin se compose de plusieurs min\u00e9raux \u00e0 forte concentration de silicium.<\/p>\n<p>Le silicium, connu sous le nom d&rsquo;acide silicique, est essentiel \u00e0 la production de collag\u00e8ne et de k\u00e9ratine. Le masque facial \u00e0 l&rsquo;argile blanche a \u00e9galement un effet \u00e9galisateur. Utilisez le masque facial une fois par semaine. Cliquez ici pour les instructions.<\/p>\n<h2>3. S\u00e9rum PHA Bioearth<\/h2>\n<p>Le s\u00e9rum PHA de Bioearth a \u00e9t\u00e9 con\u00e7u pour \u00e9claircir les taches brunes. Le s\u00e9rum peut \u00eatre utilis\u00e9 localement sur les zones \u00e0 traiter. Le s\u00e9rum PHA peut \u00eatre utilis\u00e9 apr\u00e8s le masque facial ou apr\u00e8s le peeling facial. Le s\u00e9rum peut \u00eatre appliqu\u00e9 par voie topique ou sur l&rsquo;ensemble du visage. Il convient aux peaux s\u00e8ches et sensibles.<\/p>\n<h2>4. AHA spray \u00e9claircissant et eau exfoliante 100 ml<\/h2>\n<p>Le tonique et exfoliant aide \u00e0 cr\u00e9er un effet \u00e9clatant gr\u00e2ce \u00e0 sa formule \u00e0 base d&rsquo;extraits d&rsquo;ananas et de papaye. Ce tonique v\u00e9g\u00e9talien a un effet exfoliant. La formule \u00e0 base d&rsquo;A(P)HA aide \u00e0 \u00e9liminer les cellules mortes et stimule le renouvellement des cellules cutan\u00e9es. Le spray \u00e9claircissant AHA peut \u00eatre utilis\u00e9 3 fois par semaine. Voir le mode d&#8217;emploi ici<\/p>\n<h2><a href=\"https:\/\/www.biobey.be\/fr\/produit\/creme-eclaircissante-depigmentante-bio\/\">5. Bema Whitening cr\u00e8me anti-taches 50 ml<\/a><\/h2>\n<p>La ligne Whitening de Bema a \u00e9t\u00e9 d\u00e9velopp\u00e9e pour un traitement anti-pigmentation intensif. Les ingr\u00e9dients actifs de la cr\u00e8me \u00e9claircissante, tels que l&rsquo;extrait de grenade et de busserole, contiennent des niveaux \u00e9lev\u00e9s d&rsquo;acide ellagique, de b\u00e9ta\u00efne et d&rsquo;arbutine.<\/p>\n<p>L&rsquo;hyperpigmentation est caus\u00e9e par la production excessive de m\u00e9lanine. La cr\u00e8me pour le visage restaure la production de m\u00e9lanine et estompe les taches brunes. Cliquez ici pour les instructions<\/p>\n<h2>6. Emulsion contour des yeux cernes 20ml<\/h2>\n<p><span style=\"color: #0000ff;\"><a style=\"color: #0000ff;\" href=\"https:\/\/www.biobey.be\/fr\/produit\/spilanthes-contour-yeux-levres-anti-ride\/\">L&rsquo;\u00e9mulsion contour des yeux \u00e9claircit les cernes autour des yeux<\/a><\/span>, r\u00e9duit les rides et les poches. La cr\u00e8me contour des yeux \u00e9claircissante naturelle est compos\u00e9e d&rsquo;extraits d&rsquo;hibiscus m\u00e9dicinal, d&rsquo;avena sativa, de yerba mate et d&rsquo;huile d&rsquo;avocat. Le traitement contre les cernes et les ridules dure un mois. L&rsquo;am\u00e9lioration est visible d\u00e8s la premi\u00e8re utilisation. Utilisez l&rsquo;\u00e9mulsion pour le contour des yeux deux fois par semaine.<\/p>\n<h3>La beauty box naturelle anti-pigmentation et anti-taches brunes contiendra-t-elle toujours les produits pr\u00e9sent\u00e9s sur la photo ?<\/h3>\n<p>Le contenu de la bo\u00eete beaut\u00e9 \u00e9claircissante contre les taches pigmentaires et les taches brunes peut varier. En cas d&rsquo;absence de certains produits, nous les remplacerons par un produit de soin alternatif (un produit de soin de composition et de fonction similaires et de prix presque identique ou sup\u00e9rieur). La valeur totale de cette bo\u00eete sera toujours d&rsquo;environ 120 euros ou plus si nous rempla\u00e7ons les produits.<\/p>\n<p>La plupart des produits de cette xox \u00e9claircissante naturelle contre les taches brune proviennent de la marque BemaBio Cosmesi. Bema Bio a \u00e9t\u00e9 cr\u00e9\u00e9 en 1986 \u00e0 Rovito, en Italie. Les produits cosm\u00e9tiques Bema Bio sont certifi\u00e9s Vegan, Ecocert, ICEA. Nous pouvons affirmer avec certitude que les cosm\u00e9tiques Bema BIO sont \u00e9galement th\u00e9rapeutiques. Ce sont les cosm\u00e9tiques bio professionnels de Bema qui sont extr\u00eamement populaires dans les instituts de beaut\u00e9 et les SPA. Tous les produits sont test\u00e9s dermatologiquement.<\/p>\n","protected":false},"excerpt":{"rendered":"<p>Biobey Box \u00e9claircissante naturelle contre les taches brunes contient des produits de soins naturels contre les taches pigmentaires et les cicatrices d&rsquo;acn\u00e9<\/p>\n","protected":false},"featured_media":686,"comment_status":"open","ping_status":"closed","template":"","meta":{"ocean_post_layout":"","ocean_both_sidebars_style":"","ocean_both_sidebars_content_width":0,"ocean_both_sidebars_sidebars_width":0,"ocean_sidebar":"0","ocean_second_sidebar":"0","ocean_disable_margins":"enable","ocean_add_body_class":"","ocean_shortcode_before_top_bar":"","ocean_shortcode_after_top_bar":"","ocean_shortcode_before_header":"","ocean_shortcode_after_header":"","ocean_has_shortcode":"","ocean_shortcode_after_title":"","ocean_shortcode_before_footer_widgets":"","ocean_shortcode_after_footer_widgets":"","ocean_shortcode_before_footer_bottom":"","ocean_shortcode_after_footer_bottom":"","ocean_display_top_bar":"default","ocean_display_header":"default","ocean_header_style":"","ocean_center_header_left_menu":"0","ocean_custom_header_template":"0","ocean_custom_logo":0,"ocean_custom_retina_logo":0,"ocean_custom_logo_max_width":0,"ocean_custom_logo_tablet_max_width":0,"ocean_custom_logo_mobile_max_width":0,"ocean_custom_logo_max_height":0,"ocean_custom_logo_tablet_max_height":0,"ocean_custom_logo_mobile_max_height":0,"ocean_header_custom_menu":"0","ocean_menu_typo_font_family":"0","ocean_menu_typo_font_subset":"","ocean_menu_typo_font_size":0,"ocean_menu_typo_font_size_tablet":0,"ocean_menu_typo_font_size_mobile":0,"ocean_menu_typo_font_size_unit":"px","ocean_menu_typo_font_weight":"","ocean_menu_typo_font_weight_tablet":"","ocean_menu_typo_font_weight_mobile":"","ocean_menu_typo_transform":"","ocean_menu_typo_transform_tablet":"","ocean_menu_typo_transform_mobile":"","ocean_menu_typo_line_height":0,"ocean_menu_typo_line_height_tablet":0,"ocean_menu_typo_line_height_mobile":0,"ocean_menu_typo_line_height_unit":"","ocean_menu_typo_spacing":0,"ocean_menu_typo_spacing_tablet":0,"ocean_menu_typo_spacing_mobile":0,"ocean_menu_typo_spacing_unit":"","ocean_menu_link_color":"","ocean_menu_link_color_hover":"","ocean_menu_link_color_active":"","ocean_menu_link_background":"","ocean_menu_link_hover_background":"","ocean_menu_link_active_background":"","ocean_menu_social_links_bg":"","ocean_menu_social_hover_links_bg":"","ocean_menu_social_links_color":"","ocean_menu_social_hover_links_color":"","ocean_disable_title":"default","ocean_disable_heading":"default","ocean_post_title":"","ocean_post_subheading":"","ocean_post_title_style":"","ocean_post_title_background_color":"","ocean_post_title_background":0,"ocean_post_title_bg_image_position":"","ocean_post_title_bg_image_attachment":"","ocean_post_title_bg_image_repeat":"","ocean_post_title_bg_image_size":"","ocean_post_title_height":0,"ocean_post_title_bg_overlay":0.5,"ocean_post_title_bg_overlay_color":"","ocean_disable_breadcrumbs":"default","ocean_breadcrumbs_color":"","ocean_breadcrumbs_separator_color":"","ocean_breadcrumbs_links_color":"","ocean_breadcrumbs_links_hover_color":"","ocean_display_footer_widgets":"default","ocean_display_footer_bottom":"default","ocean_custom_footer_template":"0"},"product_brand":[106],"product_cat":[47,59,17,16],"product_tag":[],"class_list":{"0":"post-2547","1":"product","2":"type-product","3":"status-publish","4":"has-post-thumbnail","6":"product_brand-bema-bio","7":"product_cat-offres-et-minis","8":"product_cat-protection-solaire","9":"product_cat-soins-du-visage","10":"product_cat-soins","12":"entry","13":"has-media","15":"first","16":"instock","17":"taxable","18":"shipping-taxable","19":"purchasable","20":"product-type-simple","21":"has-rating","22":"col","23":"span_1_of_3","24":"owp-content-center","25":"owp-thumbs-layout-horizontal","26":"owp-btn-normal","27":"owp-tabs-layout-section","28":"has-no-thumbnails","29":"circle-sale"},"_links":{"self":[{"href":"https:\/\/www.biobey.be\/fr\/wp-json\/wp\/v2\/product\/2547","targetHints":{"allow":["GET"]}}],"collection":[{"href":"https:\/\/www.biobey.be\/fr\/wp-json\/wp\/v2\/product"}],"about":[{"href":"https:\/\/www.biobey.be\/fr\/wp-json\/wp\/v2\/types\/product"}],"replies":[{"embeddable":true,"href":"https:\/\/www.biobey.be\/fr\/wp-json\/wp\/v2\/comments?post=2547"}],"wp:featuredmedia":[{"embeddable":true,"href":"https:\/\/www.biobey.be\/fr\/wp-json\/wp\/v2\/media\/686"}],"wp:attachment":[{"href":"https:\/\/www.biobey.be\/fr\/wp-json\/wp\/v2\/media?parent=2547"}],"wp:term":[{"taxonomy":"product_brand","embeddable":true,"href":"https:\/\/www.biobey.be\/fr\/wp-json\/wp\/v2\/product_brand?post=2547"},{"taxonomy":"product_cat","embeddable":true,"href":"https:\/\/www.biobey.be\/fr\/wp-json\/wp\/v2\/product_cat?post=2547"},{"taxonomy":"product_tag","embeddable":true,"href":"https:\/\/www.biobey.be\/fr\/wp-json\/wp\/v2\/product_tag?post=2547"}],"curies":[{"name":"wp","href":"https:\/\/api.w.org\/{rel}","templated":true}]}}