{"id":2548,"date":"2023-10-16T23:02:44","date_gmt":"2023-10-16T21:02:44","guid":{"rendered":"https:\/\/www.biobey.be\/fr-temp\/produit\/box-essentials-pour-homme-soin-visage-n5\/"},"modified":"2025-07-11T13:33:11","modified_gmt":"2025-07-11T11:33:11","slug":"box-essentials-pour-homme-soin-visage-n5","status":"publish","type":"product","link":"https:\/\/www.biobey.be\/fr\/produit\/box-essentials-pour-homme-soin-visage-n5\/","title":{"rendered":"Box Essentials pour homme &#8211; soin du visage n\u00b05"},"content":{"rendered":"<p>La box Essentials pour homme de biobey contient des produits naturels et v\u00e9g\u00e9taliens pour le visage destin\u00e9s aux soins quotidiens de la peau des hommes.<\/p>\n<p>Cr\u00e8me pour le visage pour homme de Naobay 50 ml<br \/>\nGel nettoyant au pH neutre pour hommes 100 ml<br \/>\nCr\u00e8me hydratante pour les yeux au chanvre 15 ml<br \/>\nSavon exfoliant au chanvre pour le corps et le visage 80 g<br \/>\nCr\u00e8me apr\u00e8s-rasage multifonctionnelle int\u00e9grale 100 ml<\/p>\n<h2><a href=\"https:\/\/www.biobey.be\/fr\/produit\/creme-de-jour-homme-peau-seche-naobay\/\">Cr\u00e8me pour le visage pour homme de Naobay 50 ml<\/a><\/h2>\n<p>Le premier produit de la box est la cr\u00e8me faciale All in One pour hommes de Naobay. Cette cr\u00e8me est con\u00e7ue pour soigner et prot\u00e9ger la peau. La formule est \u00e0 base d&rsquo;extrait d&rsquo;aloe vera, d&rsquo;huile de jojoba, de camomille, d&rsquo;huile d&rsquo;avocat et d&rsquo;extrait de caf\u00e9ier. L&rsquo;aloe vera et le beurre de karit\u00e9 r\u00e9duisent les rougeurs et apaisent la peau affect\u00e9e.<\/p>\n<p>Les huiles d&rsquo;avocat et de jojoba ont un effet nourrissant et antioxydant. Ils prot\u00e8gent la peau contre les effets n\u00e9gatifs des radicaux libres et du vieillissement cutan\u00e9. Voir la description compl\u00e8te de la cr\u00e8me pour le visage des hommes ici.<\/p>\n<h2><a href=\"https:\/\/www.biobey.be\/fr\/produit\/gel-nettoyant-visage-homme-naobay-100ml\/\">Gel nettoyant au pH neutre pour hommes 100 ml<\/a><\/h2>\n<p>Le gel nettoyant doux nettoie la peau en douceur. Sa formule douce \u00e9limine les r\u00e9sidus de salet\u00e9 et purifie les pores sans irriter la peau. Le gel nettoyant est compos\u00e9 d&rsquo;ingr\u00e9dients tels que des extraits biologiques de ginkgo, de calendula, de menthe, de caf\u00e9ier, d&rsquo;aloe vera et de r\u00e9glisse.<\/p>\n<h2>Cr\u00e8me apr\u00e8s-rasage multifonctionnelle int\u00e9grale 100 ml<\/h2>\n<p>La cr\u00e8me apr\u00e8s-rasage a un effet multifonctionnel. Elle apaise la peau irrit\u00e9e apr\u00e8s le rasage. L&rsquo;extrait de camomille r\u00e9duit les rougeurs tandis que l&rsquo;extrait de menthe procure un agr\u00e9able rafra\u00eechissement. L&rsquo;huile de jojoba pr\u00e9vient les inflammations et hydrate la peau.<br \/>\nSa formule douce aide \u00e0 pr\u00e9venir les irritations et les boutons apr\u00e8s le rasage. Consultez la description compl\u00e8te du produit ici.<\/p>\n<h2><a href=\"https:\/\/www.biobey.be\/fr\/produit\/contour-des-yeux-hydratant-bio\/\">Cr\u00e8me hydratante pour les yeux au chanvre 15 ml<\/a><\/h2>\n<p>La cr\u00e8me pour les yeux Cannaderm \u00e0 base d&rsquo;huile de chanvre a un effet hydratant et protecteur. La combinaison de l&rsquo;extrait de feuille de sauge, de l&rsquo;huile de thym et de l&rsquo;extrait d&rsquo;euphorbe est riche en antioxydants. Le beurre de karit\u00e9 hydrate la peau et aide \u00e0 pr\u00e9venir la perte d&rsquo;humidit\u00e9. La formule naturelle de la cr\u00e8me pour les yeux p\u00e9n\u00e8tre rapidement dans la peau. Elle est douce au toucher et ne laisse pas de film gras. Cliquez ici pour plus d&rsquo;informations.<\/p>\n<h2>Savon exfoliant au chanvre pour le corps et le visage 80 g<\/h2>\n<p>Le savon gommant Cannaderm est \u00e0 base d&rsquo;huile de graines de chanvre et de romarin biologiques. Il \u00e9limine les cellules mortes de la peau sans endommager la barri\u00e8re cutan\u00e9e. Le savon gommant purifie les pores et nettoie la peau. Apr\u00e8s utilisation, la peau est agr\u00e9ablement douce et lisse. Cliquez ici pour plus d&rsquo;informations.<\/p>\n","protected":false},"excerpt":{"rendered":"<p>La Biobey box essentials pour Homme contient des produits de soins du visage v\u00e9g\u00e9taliens et naturels adapt\u00e9s \u00e0 la peau des hommes.<\/p>\n","protected":false},"featured_media":689,"comment_status":"open","ping_status":"closed","template":"","meta":{"ocean_post_layout":"","ocean_both_sidebars_style":"","ocean_both_sidebars_content_width":0,"ocean_both_sidebars_sidebars_width":0,"ocean_sidebar":"","ocean_second_sidebar":"","ocean_disable_margins":"enable","ocean_add_body_class":"","ocean_shortcode_before_top_bar":"","ocean_shortcode_after_top_bar":"","ocean_shortcode_before_header":"","ocean_shortcode_after_header":"","ocean_has_shortcode":"","ocean_shortcode_after_title":"","ocean_shortcode_before_footer_widgets":"","ocean_shortcode_after_footer_widgets":"","ocean_shortcode_before_footer_bottom":"","ocean_shortcode_after_footer_bottom":"","ocean_display_top_bar":"default","ocean_display_header":"default","ocean_header_style":"","ocean_center_header_left_menu":"","ocean_custom_header_template":"","ocean_custom_logo":0,"ocean_custom_retina_logo":0,"ocean_custom_logo_max_width":0,"ocean_custom_logo_tablet_max_width":0,"ocean_custom_logo_mobile_max_width":0,"ocean_custom_logo_max_height":0,"ocean_custom_logo_tablet_max_height":0,"ocean_custom_logo_mobile_max_height":0,"ocean_header_custom_menu":"","ocean_menu_typo_font_family":"","ocean_menu_typo_font_subset":"","ocean_menu_typo_font_size":0,"ocean_menu_typo_font_size_tablet":0,"ocean_menu_typo_font_size_mobile":0,"ocean_menu_typo_font_size_unit":"px","ocean_menu_typo_font_weight":"","ocean_menu_typo_font_weight_tablet":"","ocean_menu_typo_font_weight_mobile":"","ocean_menu_typo_transform":"","ocean_menu_typo_transform_tablet":"","ocean_menu_typo_transform_mobile":"","ocean_menu_typo_line_height":0,"ocean_menu_typo_line_height_tablet":0,"ocean_menu_typo_line_height_mobile":0,"ocean_menu_typo_line_height_unit":"","ocean_menu_typo_spacing":0,"ocean_menu_typo_spacing_tablet":0,"ocean_menu_typo_spacing_mobile":0,"ocean_menu_typo_spacing_unit":"","ocean_menu_link_color":"","ocean_menu_link_color_hover":"","ocean_menu_link_color_active":"","ocean_menu_link_background":"","ocean_menu_link_hover_background":"","ocean_menu_link_active_background":"","ocean_menu_social_links_bg":"","ocean_menu_social_hover_links_bg":"","ocean_menu_social_links_color":"","ocean_menu_social_hover_links_color":"","ocean_disable_title":"default","ocean_disable_heading":"default","ocean_post_title":"","ocean_post_subheading":"","ocean_post_title_style":"","ocean_post_title_background_color":"","ocean_post_title_background":0,"ocean_post_title_bg_image_position":"","ocean_post_title_bg_image_attachment":"","ocean_post_title_bg_image_repeat":"","ocean_post_title_bg_image_size":"","ocean_post_title_height":0,"ocean_post_title_bg_overlay":0.5,"ocean_post_title_bg_overlay_color":"","ocean_disable_breadcrumbs":"default","ocean_breadcrumbs_color":"","ocean_breadcrumbs_separator_color":"","ocean_breadcrumbs_links_color":"","ocean_breadcrumbs_links_hover_color":"","ocean_display_footer_widgets":"default","ocean_display_footer_bottom":"default","ocean_custom_footer_template":""},"product_brand":[106],"product_cat":[47,16,30],"product_tag":[],"class_list":{"0":"post-2548","1":"product","2":"type-product","3":"status-publish","4":"has-post-thumbnail","6":"product_brand-bema-bio","7":"product_cat-offres-et-minis","8":"product_cat-soins","9":"product_cat-soins-pour-hommes","11":"entry","12":"has-media","14":"first","15":"instock","16":"taxable","17":"shipping-taxable","18":"purchasable","19":"product-type-simple","20":"has-rating","21":"col","22":"span_1_of_3","23":"owp-content-center","24":"owp-thumbs-layout-horizontal","25":"owp-btn-normal","26":"owp-tabs-layout-section","27":"has-no-thumbnails","28":"circle-sale"},"_links":{"self":[{"href":"https:\/\/www.biobey.be\/fr\/wp-json\/wp\/v2\/product\/2548","targetHints":{"allow":["GET"]}}],"collection":[{"href":"https:\/\/www.biobey.be\/fr\/wp-json\/wp\/v2\/product"}],"about":[{"href":"https:\/\/www.biobey.be\/fr\/wp-json\/wp\/v2\/types\/product"}],"replies":[{"embeddable":true,"href":"https:\/\/www.biobey.be\/fr\/wp-json\/wp\/v2\/comments?post=2548"}],"wp:featuredmedia":[{"embeddable":true,"href":"https:\/\/www.biobey.be\/fr\/wp-json\/wp\/v2\/media\/689"}],"wp:attachment":[{"href":"https:\/\/www.biobey.be\/fr\/wp-json\/wp\/v2\/media?parent=2548"}],"wp:term":[{"taxonomy":"product_brand","embeddable":true,"href":"https:\/\/www.biobey.be\/fr\/wp-json\/wp\/v2\/product_brand?post=2548"},{"taxonomy":"product_cat","embeddable":true,"href":"https:\/\/www.biobey.be\/fr\/wp-json\/wp\/v2\/product_cat?post=2548"},{"taxonomy":"product_tag","embeddable":true,"href":"https:\/\/www.biobey.be\/fr\/wp-json\/wp\/v2\/product_tag?post=2548"}],"curies":[{"name":"wp","href":"https:\/\/api.w.org\/{rel}","templated":true}]}}