{"id":2549,"date":"2023-10-15T23:03:05","date_gmt":"2023-10-15T21:03:05","guid":{"rendered":"https:\/\/www.biobey.be\/fr-temp\/produit\/la-goodie-box-dete-39-e-au-lieu-de-80-e\/"},"modified":"2025-07-11T13:34:10","modified_gmt":"2025-07-11T11:34:10","slug":"la-goodie-box-dete-39-e-au-lieu-de-80-e","status":"publish","type":"product","link":"https:\/\/www.biobey.be\/fr\/produit\/la-goodie-box-dete-39-e-au-lieu-de-80-e\/","title":{"rendered":"La Goodie box d&rsquo;\u00e9t\u00e9 39 \u20ac au lieu de 80 \u20ac."},"content":{"rendered":"<p>La Goodie Box d&rsquo;\u00e9t\u00e9 naturel de Biobey contient des cr\u00e8mes solaires, des produits apr\u00e8s-soleil et d&rsquo;autres produits de soins d&rsquo;\u00e9t\u00e9 essentiels.<\/p>\n<h2><a href=\"https:\/\/www.biobey.be\/fr\/produit\/creme-solaire-pour-le-visage-spf-30\/\">Naobay cr\u00e8me solaire facteur 30 pour le visage 30 ml 25<\/a><\/h2>\n<p>La cr\u00e8me solaire min\u00e9rale de Naobay prot\u00e8ge la peau contre les rayons UVA et UVB. La cr\u00e8me solaire est naturelle, v\u00e9g\u00e9talienne et \u00e9cologique. Les filtres min\u00e9raux forment une couche protectrice sur la peau et r\u00e9fl\u00e9chissent les rayons UV. La combinaison d&rsquo;aloe vera et d&rsquo;huile d&rsquo;avocat hydrate la peau et apaise les peaux irrit\u00e9es. La cr\u00e8me solaire convient aux peaux sensibles et s\u00e8ches.<\/p>\n<h2>Huile d&rsquo;argan multi-usages peau &#8211; cheveux &#8211; corps 30 ml 21, 85<\/h2>\n<p>L&rsquo;huile d&rsquo;argan biologique est riche en acides gras insatur\u00e9s, en phytost\u00e9rols et en squal\u00e8ne. Elle nourrit la peau et stimule le renouvellement des cellules cutan\u00e9es. L&rsquo;huile d&rsquo;argan est utilis\u00e9e pour les massages du visage et les massages anti-vergetures de la peau.<br \/>\nLa formule \u00e0 base d&rsquo;huile d&rsquo;argan, d&rsquo;huile de p\u00e9pins de raisin et d&rsquo;huile de s\u00e9same biologiques est riche en antioxydants. Elle prot\u00e8ge la peau des effets n\u00e9gatifs des radicaux libres.<\/p>\n<h2><a href=\"https:\/\/www.biobey.be\/fr\/produit\/naobay-contour-des-yeux-creme-30ml\/\">La Goodie box d&rsquo;\u00e9t\u00e9 contient aussi la cr\u00e8me contour des yeux Detox 30 ml 17.95<\/a><\/h2>\n<p>La cr\u00e8me naturelle pour le contour des yeux a un effet multifonctionnel. Elle r\u00e9duit les poches et les cernes sous les yeux et assure un regard frais. L&rsquo;extrait de caf\u00e9ine acc\u00e9l\u00e8re l&rsquo;\u00e9limination des toxines et l&rsquo;accumulation d&rsquo;humidit\u00e9. La combinaison d&rsquo;aloe vera biologique et de beurre de karit\u00e9 assure une hydratation profonde et une protection contre la perte d&rsquo;humidit\u00e9.<\/p>\n<p>Tara Spinoza am\u00e9liore l&rsquo;\u00e9lasticit\u00e9 de la peau tandis que l&rsquo;extrait d&rsquo;algues rouges aide \u00e0 pr\u00e9venir les rides.<\/p>\n<h2>Brume visage en spray 200\u2009ml 8.95<\/h2>\n<p>La brume tonique et le fixateur de maquillage 2 en 1 purifient et rafra\u00eechissent la peau. L&rsquo;acide hyaluronique et le jus de feuilles d&rsquo;aloe vera hydratent la peau en profondeur et l&#8217;emp\u00eachent de se dess\u00e9cher. Le spray peut \u00eatre utilis\u00e9 pour un rafra\u00eechissement et une hydratation suppl\u00e9mentaires de la peau et\/ou comme fixateur de maquillage.<\/p>\n<h2>Sheet Mask Bioearth After Sun 5.99<\/h2>\n<p>Le sheet mask apr\u00e8s soleil de Bioearth a \u00e9t\u00e9 sp\u00e9cialement con\u00e7u pour apporter \u00e0 la peau les soins et la nutrition n\u00e9cessaires apr\u00e8s un bain de soleil. L&rsquo;hydratation profonde et l&rsquo;effet r\u00e9parateur du masque en feuille aident \u00e0 hydrater et \u00e0 r\u00e9parer la peau.<\/p>\n<p><strong>Des minis suppl\u00e9mentaires :<\/strong><br \/>\nArgile blanche 50g<br \/>\nArgile verte 50g<br \/>\nEchantillon de cr\u00e8me de jour<br \/>\n\u00c9chantillon de s\u00e9rum \u00e0 la vitamine C de Nuy<br \/>\n\u00c9chantillon de s\u00e9rum Naturys<\/p>\n","protected":false},"excerpt":{"rendered":"<p>La Goodie Box d&rsquo;\u00e9t\u00e9 naturel de Biobey avec des cr\u00e8mes solaires, des produits apr\u00e8s-soleil et d&rsquo;autres produits de soins d&rsquo;\u00e9t\u00e9 essentiels.<\/p>\n","protected":false},"featured_media":692,"comment_status":"open","ping_status":"closed","template":"","meta":{"ocean_post_layout":"","ocean_both_sidebars_style":"","ocean_both_sidebars_content_width":0,"ocean_both_sidebars_sidebars_width":0,"ocean_sidebar":"","ocean_second_sidebar":"","ocean_disable_margins":"enable","ocean_add_body_class":"","ocean_shortcode_before_top_bar":"","ocean_shortcode_after_top_bar":"","ocean_shortcode_before_header":"","ocean_shortcode_after_header":"","ocean_has_shortcode":"","ocean_shortcode_after_title":"","ocean_shortcode_before_footer_widgets":"","ocean_shortcode_after_footer_widgets":"","ocean_shortcode_before_footer_bottom":"","ocean_shortcode_after_footer_bottom":"","ocean_display_top_bar":"default","ocean_display_header":"default","ocean_header_style":"","ocean_center_header_left_menu":"","ocean_custom_header_template":"","ocean_custom_logo":0,"ocean_custom_retina_logo":0,"ocean_custom_logo_max_width":0,"ocean_custom_logo_tablet_max_width":0,"ocean_custom_logo_mobile_max_width":0,"ocean_custom_logo_max_height":0,"ocean_custom_logo_tablet_max_height":0,"ocean_custom_logo_mobile_max_height":0,"ocean_header_custom_menu":"","ocean_menu_typo_font_family":"","ocean_menu_typo_font_subset":"","ocean_menu_typo_font_size":0,"ocean_menu_typo_font_size_tablet":0,"ocean_menu_typo_font_size_mobile":0,"ocean_menu_typo_font_size_unit":"px","ocean_menu_typo_font_weight":"","ocean_menu_typo_font_weight_tablet":"","ocean_menu_typo_font_weight_mobile":"","ocean_menu_typo_transform":"","ocean_menu_typo_transform_tablet":"","ocean_menu_typo_transform_mobile":"","ocean_menu_typo_line_height":0,"ocean_menu_typo_line_height_tablet":0,"ocean_menu_typo_line_height_mobile":0,"ocean_menu_typo_line_height_unit":"","ocean_menu_typo_spacing":0,"ocean_menu_typo_spacing_tablet":0,"ocean_menu_typo_spacing_mobile":0,"ocean_menu_typo_spacing_unit":"","ocean_menu_link_color":"","ocean_menu_link_color_hover":"","ocean_menu_link_color_active":"","ocean_menu_link_background":"","ocean_menu_link_hover_background":"","ocean_menu_link_active_background":"","ocean_menu_social_links_bg":"","ocean_menu_social_hover_links_bg":"","ocean_menu_social_links_color":"","ocean_menu_social_hover_links_color":"","ocean_disable_title":"default","ocean_disable_heading":"default","ocean_post_title":"","ocean_post_subheading":"","ocean_post_title_style":"","ocean_post_title_background_color":"","ocean_post_title_background":0,"ocean_post_title_bg_image_position":"","ocean_post_title_bg_image_attachment":"","ocean_post_title_bg_image_repeat":"","ocean_post_title_bg_image_size":"","ocean_post_title_height":0,"ocean_post_title_bg_overlay":0.5,"ocean_post_title_bg_overlay_color":"","ocean_disable_breadcrumbs":"default","ocean_breadcrumbs_color":"","ocean_breadcrumbs_separator_color":"","ocean_breadcrumbs_links_color":"","ocean_breadcrumbs_links_hover_color":"","ocean_display_footer_widgets":"default","ocean_display_footer_bottom":"default","ocean_custom_footer_template":""},"product_brand":[113],"product_cat":[47,59,16],"product_tag":[],"class_list":{"0":"post-2549","1":"product","2":"type-product","3":"status-publish","4":"has-post-thumbnail","6":"product_brand-green-juice","7":"product_cat-offres-et-minis","8":"product_cat-protection-solaire","9":"product_cat-soins","11":"entry","12":"has-media","14":"first","15":"instock","16":"taxable","17":"shipping-taxable","18":"purchasable","19":"product-type-simple","20":"has-rating","21":"col","22":"span_1_of_3","23":"owp-content-center","24":"owp-thumbs-layout-horizontal","25":"owp-btn-normal","26":"owp-tabs-layout-section","27":"has-no-thumbnails","28":"circle-sale"},"_links":{"self":[{"href":"https:\/\/www.biobey.be\/fr\/wp-json\/wp\/v2\/product\/2549","targetHints":{"allow":["GET"]}}],"collection":[{"href":"https:\/\/www.biobey.be\/fr\/wp-json\/wp\/v2\/product"}],"about":[{"href":"https:\/\/www.biobey.be\/fr\/wp-json\/wp\/v2\/types\/product"}],"replies":[{"embeddable":true,"href":"https:\/\/www.biobey.be\/fr\/wp-json\/wp\/v2\/comments?post=2549"}],"wp:featuredmedia":[{"embeddable":true,"href":"https:\/\/www.biobey.be\/fr\/wp-json\/wp\/v2\/media\/692"}],"wp:attachment":[{"href":"https:\/\/www.biobey.be\/fr\/wp-json\/wp\/v2\/media?parent=2549"}],"wp:term":[{"taxonomy":"product_brand","embeddable":true,"href":"https:\/\/www.biobey.be\/fr\/wp-json\/wp\/v2\/product_brand?post=2549"},{"taxonomy":"product_cat","embeddable":true,"href":"https:\/\/www.biobey.be\/fr\/wp-json\/wp\/v2\/product_cat?post=2549"},{"taxonomy":"product_tag","embeddable":true,"href":"https:\/\/www.biobey.be\/fr\/wp-json\/wp\/v2\/product_tag?post=2549"}],"curies":[{"name":"wp","href":"https:\/\/api.w.org\/{rel}","templated":true}]}}