{"id":2550,"date":"2026-02-17T20:46:17","date_gmt":"2026-02-17T19:46:17","guid":{"rendered":"https:\/\/www.biobey.be\/fr-temp\/produit\/box-nuit-nutrition-de-la-peau-10\/"},"modified":"2026-02-17T21:08:35","modified_gmt":"2026-02-17T20:08:35","slug":"box-nuit-nutrition-de-la-peau-10","status":"publish","type":"product","link":"https:\/\/www.biobey.be\/fr\/produit\/box-nuit-nutrition-de-la-peau-10\/","title":{"rendered":"Box Nuit Nutrition de la peau 10"},"content":{"rendered":"<p>Box Nuit Nutrition de la peau avec des soins du visage nourrissants<\/p>\n<p>Routine 1 :<br \/>\n1. Nettoyez la peau avec la mousse nettoyante \u00e0 l&rsquo;amande.<br \/>\n2. Appliquez la <span style=\"color: #0000ff;\"><a style=\"color: #0000ff;\" href=\"https:\/\/www.biobey.be\/fr\/produit\/spilanthes-contour-yeux-levres-anti-ride\/\">cr\u00e8me pour les yeux sur le contour des yeux<\/a><\/span><br \/>\n3. Appliquez la cr\u00e8me de nuit Bioearth<\/p>\n<p><strong>Routine 2 :<\/strong><br \/>\n1. Nettoyez la peau avec la mousse nettoyante aux amandes.<br \/>\n2. Appliquez une fine couche du masque sur la peau nettoy\u00e9e. Laissez le masque agir toute la nuit et rincez-le le lendemain matin \u00e0 l&rsquo;eau ti\u00e8de. Le masque est id\u00e9al \u00e0 utiliser lorsque la peau a besoin d&rsquo;une nutrition et d&rsquo;une hydratation suppl\u00e9mentaires.<\/p>\n<h3>Box Nuit Nutrition de la peau avec des soins du visage nourrissants :<\/h3>\n<h2>Mousse nettoyante amande et p\u00eache de Nature Up 150 ml \u20ac9.30<\/h2>\n<p>Le premier produit de la Box Nuit Nutrition de la peau est la mousse nettoyante Nature Up. Il s&rsquo;agit d&rsquo;une mousse nettoyante \u00e0 base d&rsquo;huile d&rsquo;amande douce biologique et d&rsquo;extrait de p\u00eache qui nettoie en douceur la peau des impuret\u00e9s.<\/p>\n<p>Gr\u00e2ce \u00e0 la formule douce de la mousse nettoyante, la peau ne se sent pas s\u00e8che ou tendue apr\u00e8s utilisation. Voir la description compl\u00e8te du produit ici.<\/p>\n<h2><a href=\"https:\/\/www.biobey.be\/fr\/produit\/creme-de-nuit-nourrissante-bio-50ml\/\">Bioearth cr\u00e8me de nuit nourrissante 50 ml \u20ac 27,89<\/a><\/h2>\n<p>Cette cr\u00e8me de nuit nourrissante et naturelle est \u00e0 base d&rsquo;huile brute de Rose Mosqueta et d&rsquo;acide hyaluronique. La cr\u00e8me de nuit revitalise la peau et soutient le processus de r\u00e9cup\u00e9ration de la peau pendant le sommeil.<\/p>\n<p>Les antioxydants et les acides gras insatur\u00e9s stimulent la croissance de nouvelles cellules cutan\u00e9es. L&rsquo;acide hyaluronique apporte un suppl\u00e9ment d&rsquo;hydratation et prot\u00e8ge la peau de la d\u00e9shydratation.<\/p>\n<h2>Cr\u00e8me hydratante pour les yeux Kueshi 30 ml \u20ac11.10<\/h2>\n<p>La cr\u00e8me pour les yeux de Kueshi aide \u00e0 r\u00e9duire les ridules de s\u00e9cheresse en hydratant la peau. La formule \u00e0 base d&rsquo;acide hyaluronique, de vitamine C et d&rsquo;huile d&rsquo;argan est riche en antioxydants. Elle nourrit la peau et renforce la barri\u00e8re cutan\u00e9e.<\/p>\n<p>Alors que l&rsquo;acide hyaluronique hydrate la peau s\u00e8che, la vitamine C aide \u00e0 lutter contre le stress oxydatif. Elle convient aux peaux s\u00e8ches \u00e0 normales. Voir la description compl\u00e8te du produit ici.<\/p>\n<h2><a href=\"https:\/\/www.biobey.be\/fr\/produit\/naturys-masque-visage-pour-peau-seche\/\">Naturys Masque de nuit hydratant \u00e0 la tomate 50 ml \u20ac19<\/a><\/h2>\n<p>Le masque de nuit hydratant naturel de Naturys nourrit et hydrate la peau. Le masque facial aide \u00e0 renforcer la barri\u00e8re cutan\u00e9e en stimulant la r\u00e9g\u00e9n\u00e9ration cellulaire. En laissant le masque agir toute la nuit, la peau est intensivement soign\u00e9e et nourrie avec les nutriments n\u00e9cessaires.<\/p>\n<p>Le masque de nuit peut \u00eatre utilis\u00e9 lorsque la peau a besoin d&rsquo;une hydratation et de soins suppl\u00e9mentaires. Lisez la description compl\u00e8te du produit ici.<\/p>\n<p>Les produits contenus dans ce goodie box proviennent en grande partie de la marque Bioearth. Bioearth est une compagnie italienne qui, depuis 1996, est synonyme de cosm\u00e9tiques naturels et de suppl\u00e9ments biologiques novateurs et de haute qualit\u00e9.<\/p>\n<p>Ses produits r\u00e9pondent aux normes les plus strictes en mati\u00e8re de cosm\u00e9tiques naturels et sont certifi\u00e9s Icea Bio et ECOCERT. L&rsquo;entreprise s&rsquo;est impos\u00e9e depuis de nombreuses ann\u00e9es comme un leader dans le domaine de la production de produits de soins et de bien-\u00eatre naturels.<\/p>\n<h3>Le contenu de la biobey skin nutrition box est-il toujours identique ou peut-il varier ?<\/h3>\n<p>Le contenu exact de la biobey skin nutrition box peut l\u00e9g\u00e8rement varier (nous s\u00e9lectionnons toujours des produits ayant la m\u00eame fonction et une composition similaire) en fonction des stocks disponibles.<\/p>\n<p>La valeur des produits de remplacement et la valeur totale de la box seront toujours d&rsquo;environ 67 euros ou plus si nous rempla\u00e7ons les produits par des produits de soin alternatifs.<\/p>\n<p>Pour conna\u00eetre la composition la plus r\u00e9cente de la bo\u00eete biobey skin nutrition, veuillez nous contacter avant d&rsquo;effectuer votre achat.<\/p>\n<p>&nbsp;<\/p>\n","protected":false},"excerpt":{"rendered":"<p>Box Nuit Nutrition de la peau contient des produits naturels de soins de la peau qui nourrissent en profondeur. Ces produits r\u00e9g\u00e9n\u00e8rent la peau et ralentissent la formation des rides.<\/p>\n","protected":false},"featured_media":685,"comment_status":"open","ping_status":"closed","template":"","meta":{"ocean_post_layout":"","ocean_both_sidebars_style":"","ocean_both_sidebars_content_width":0,"ocean_both_sidebars_sidebars_width":0,"ocean_sidebar":"0","ocean_second_sidebar":"0","ocean_disable_margins":"enable","ocean_add_body_class":"","ocean_shortcode_before_top_bar":"","ocean_shortcode_after_top_bar":"","ocean_shortcode_before_header":"","ocean_shortcode_after_header":"","ocean_has_shortcode":"","ocean_shortcode_after_title":"","ocean_shortcode_before_footer_widgets":"","ocean_shortcode_after_footer_widgets":"","ocean_shortcode_before_footer_bottom":"","ocean_shortcode_after_footer_bottom":"","ocean_display_top_bar":"default","ocean_display_header":"default","ocean_header_style":"","ocean_center_header_left_menu":"0","ocean_custom_header_template":"0","ocean_custom_logo":0,"ocean_custom_retina_logo":0,"ocean_custom_logo_max_width":0,"ocean_custom_logo_tablet_max_width":0,"ocean_custom_logo_mobile_max_width":0,"ocean_custom_logo_max_height":0,"ocean_custom_logo_tablet_max_height":0,"ocean_custom_logo_mobile_max_height":0,"ocean_header_custom_menu":"0","ocean_menu_typo_font_family":"0","ocean_menu_typo_font_subset":"","ocean_menu_typo_font_size":0,"ocean_menu_typo_font_size_tablet":0,"ocean_menu_typo_font_size_mobile":0,"ocean_menu_typo_font_size_unit":"px","ocean_menu_typo_font_weight":"","ocean_menu_typo_font_weight_tablet":"","ocean_menu_typo_font_weight_mobile":"","ocean_menu_typo_transform":"","ocean_menu_typo_transform_tablet":"","ocean_menu_typo_transform_mobile":"","ocean_menu_typo_line_height":0,"ocean_menu_typo_line_height_tablet":0,"ocean_menu_typo_line_height_mobile":0,"ocean_menu_typo_line_height_unit":"","ocean_menu_typo_spacing":0,"ocean_menu_typo_spacing_tablet":0,"ocean_menu_typo_spacing_mobile":0,"ocean_menu_typo_spacing_unit":"","ocean_menu_link_color":"","ocean_menu_link_color_hover":"","ocean_menu_link_color_active":"","ocean_menu_link_background":"","ocean_menu_link_hover_background":"","ocean_menu_link_active_background":"","ocean_menu_social_links_bg":"","ocean_menu_social_hover_links_bg":"","ocean_menu_social_links_color":"","ocean_menu_social_hover_links_color":"","ocean_disable_title":"default","ocean_disable_heading":"default","ocean_post_title":"","ocean_post_subheading":"","ocean_post_title_style":"","ocean_post_title_background_color":"","ocean_post_title_background":0,"ocean_post_title_bg_image_position":"","ocean_post_title_bg_image_attachment":"","ocean_post_title_bg_image_repeat":"","ocean_post_title_bg_image_size":"","ocean_post_title_height":0,"ocean_post_title_bg_overlay":0.5,"ocean_post_title_bg_overlay_color":"","ocean_disable_breadcrumbs":"default","ocean_breadcrumbs_color":"","ocean_breadcrumbs_separator_color":"","ocean_breadcrumbs_links_color":"","ocean_breadcrumbs_links_hover_color":"","ocean_display_footer_widgets":"default","ocean_display_footer_bottom":"default","ocean_custom_footer_template":"0"},"product_brand":[112],"product_cat":[17,19,49,16,20],"product_tag":[],"class_list":{"0":"post-2550","1":"product","2":"type-product","3":"status-publish","4":"has-post-thumbnail","6":"product_brand-advanced-solution","7":"product_cat-soins-du-visage","8":"product_cat-cremes-naturelles-de-jour-et-de-nuit","9":"product_cat-peau-seche","10":"product_cat-soins","11":"product_cat-anti-age","13":"entry","14":"has-media","16":"first","17":"instock","18":"taxable","19":"shipping-taxable","20":"purchasable","21":"product-type-simple","22":"has-rating","23":"col","24":"span_1_of_3","25":"owp-content-center","26":"owp-thumbs-layout-horizontal","27":"owp-btn-normal","28":"owp-tabs-layout-section","29":"has-no-thumbnails","30":"circle-sale"},"_links":{"self":[{"href":"https:\/\/www.biobey.be\/fr\/wp-json\/wp\/v2\/product\/2550","targetHints":{"allow":["GET"]}}],"collection":[{"href":"https:\/\/www.biobey.be\/fr\/wp-json\/wp\/v2\/product"}],"about":[{"href":"https:\/\/www.biobey.be\/fr\/wp-json\/wp\/v2\/types\/product"}],"replies":[{"embeddable":true,"href":"https:\/\/www.biobey.be\/fr\/wp-json\/wp\/v2\/comments?post=2550"}],"wp:featuredmedia":[{"embeddable":true,"href":"https:\/\/www.biobey.be\/fr\/wp-json\/wp\/v2\/media\/685"}],"wp:attachment":[{"href":"https:\/\/www.biobey.be\/fr\/wp-json\/wp\/v2\/media?parent=2550"}],"wp:term":[{"taxonomy":"product_brand","embeddable":true,"href":"https:\/\/www.biobey.be\/fr\/wp-json\/wp\/v2\/product_brand?post=2550"},{"taxonomy":"product_cat","embeddable":true,"href":"https:\/\/www.biobey.be\/fr\/wp-json\/wp\/v2\/product_cat?post=2550"},{"taxonomy":"product_tag","embeddable":true,"href":"https:\/\/www.biobey.be\/fr\/wp-json\/wp\/v2\/product_tag?post=2550"}],"curies":[{"name":"wp","href":"https:\/\/api.w.org\/{rel}","templated":true}]}}