{"id":2551,"date":"2026-02-17T21:22:54","date_gmt":"2026-02-17T20:22:54","guid":{"rendered":"https:\/\/www.biobey.be\/fr-temp\/produit\/goodie-box-eco-essentials-bio-no-1\/"},"modified":"2026-02-17T21:22:40","modified_gmt":"2026-02-17T20:22:40","slug":"goodie-box-eco-essentials-bio-no-1","status":"publish","type":"product","link":"https:\/\/www.biobey.be\/fr\/produit\/goodie-box-eco-essentials-bio-no-1\/","title":{"rendered":"Goodie box Eco essentials bio no. 1"},"content":{"rendered":"<p>Goodie box Eco essentials bio de Biobey contient des produits de soin naturels, v\u00e9g\u00e9taliens, sans d\u00e9chets et respectueux de l&rsquo;environnement.<\/p>\n<h2>Shampooing solide\u00a0 \u20ac10.50<\/h2>\n<p>Le <span style=\"color: #0000ff;\"><a style=\"color: #0000ff;\" href=\"https:\/\/www.biobey.be\/fr\/produit\/shampoing-et-gel-douche-solide-bio-80g\/\">shampooing solide z\u00e9ro d\u00e9chet<\/a><\/span> est formul\u00e9 de mani\u00e8re durable avec des tensioactifs biod\u00e9gradables. Il nettoie en douceur le cuir chevelu et les cheveux.<\/p>\n<p>Le shampooing en barre mousse bien et est \u00e9conomique \u00e0 l&rsquo;usage. Sa composition, riche en acides gras essentiels, min\u00e9raux et vitamines, soigne et prot\u00e8ge les cheveux et le cuir chevelu. La barre de shampooing est v\u00e9g\u00e9talienne et durable. Le shampooing est color\u00e9 avec un colorant naturel \u00e0 base de spiruline.<\/p>\n<h2>Apr\u00e8s-shampooing solide r\u00e9parateur Natura Eque \u20ac11.60<\/h2>\n<p>De plus, cette Goodie box Eco essentials contient l&rsquo;apr\u00e8s-shampooing naturel \u00e0 base de beurre de karit\u00e9 a \u00e9t\u00e9 con\u00e7u pour nourrir et r\u00e9parer les cheveux. Il est cinq fois plus concentr\u00e9 que les apr\u00e8s-shampooings classiques. Il est v\u00e9g\u00e9talien, naturel et sans d\u00e9chets. L&rsquo;apr\u00e8s-shampooing est durable et facile \u00e0 utiliser.<\/p>\n<h2><a href=\"https:\/\/www.biobey.be\/fr\/produit\/creme-de-jour-a-la-vitamine-c-50-ml\/\">Cr\u00e8me pour le visage \u00e0 la vitamine C de Kueshi \u20ac18,90<\/a><\/h2>\n<p>La cr\u00e8me pour le visage \u00e0 base de vitamine C de Kueshi hydrate et \u00e9galise la peau. La formule est \u00e0 base d&rsquo;extrait de framboise, d&rsquo;huile de jojoba, de squalane, de vitamine E et C.<\/p>\n<p>Les antioxydants contenus dans la cr\u00e8me pour le visage prot\u00e8gent la peau des effets n\u00e9gatifs des radicaux libres. La cr\u00e8me pour le visage \u00e0 la vitamine C de Kueshi est v\u00e9g\u00e9talienne et certifi\u00e9e par Ecocert. L&#8217;emballage est fabriqu\u00e9 \u00e0 partir de mat\u00e9riaux durables.<\/p>\n<h2><a href=\"https:\/\/www.biobey.be\/fr\/produit\/huile-dargan-bio-detox-naobay-30ml\/\">Huile d&rsquo;argan multi-usages de Naobay 30 ml \u20ac21.85<\/a><\/h2>\n<p>L&rsquo;huile d&rsquo;argan naturelle est riche en vitamines et en acides gras insatur\u00e9s. L&rsquo;huile d&rsquo;argan Naobay a une consistance fine et p\u00e9n\u00e8tre rapidement dans la peau. Elle n&rsquo;est pas grasse sur la peau ou les cheveux. L&rsquo;huile d&rsquo;argan contient de la vitamine E et du squalane.<\/p>\n<p>Ces antioxydants prot\u00e8gent la peau contre les effets n\u00e9gatifs des radicaux libres. Cliquez ici pour les diff\u00e9rentes applications de l&rsquo;huile.<\/p>\n<h2>Consho Eco Cr\u00e8me de Douche 100 ml \u20ac9.80<\/h2>\n<p>La cr\u00e8me de douche concentr\u00e9e \u00e9cologique de Bioearth nettoie la peau des impuret\u00e9s. Gr\u00e2ce \u00e0 sa formule douce, elle convient \u00e9galement aux personnes ayant une peau sensible et s\u00e8che. Mode d&#8217;emploi : Mouiller le corps et prendre une quantit\u00e9 suffisante de produit, masser sur tout le corps puis rincer.<\/p>\n<h2>Goodie box eco essentials bio contient aussi Argital poudre d&rsquo;argile verte 200 g \u20ac6<\/h2>\n<p>La <span style=\"color: #0000ff;\"><a style=\"color: #0000ff;\" href=\"https:\/\/www.biobey.be\/fr\/produit\/poudre-dargile-verte-ventilee-sechee-au-soleil\/\">poudre d&rsquo;argile verte fine Argital<\/a> <\/span>est une argile organique et pure provenant de terres non trait\u00e9es de Sicile. La proc\u00e9dure se fait sans aucun additif ni excipient.<\/p>\n<p>La poudre d&rsquo;argile verte a plusieurs usages. Elle peut \u00eatre utilis\u00e9e comme ingr\u00e9dient de base pour les masques capillaires, les masques pour le visage ainsi que pour la fabrication de votre propre dentifrice biologique.<\/p>\n<h3>La Eco Goodie Box Essentials contient-elle toujours les produits pr\u00e9sent\u00e9s sur la photo ?<\/h3>\n<p>C&rsquo;est une question que nos clients nous posent souvent. La r\u00e9ponse est que la s\u00e9lection de produits de la Eco Bio Goodie Box peut varier. Si certains produits pr\u00e9sent\u00e9s sur la photo sont en rupture de stock, il se peut que nous les remplacions par d&rsquo;autres produits ayant une composition INCI similaire et la m\u00eame fonction.<\/p>\n<p>La valeur totale des produits contenus dans l&rsquo;eco-biogoodiebox sera toujours similaire ou sup\u00e9rieure si nous rempla\u00e7ons les produits.<\/p>\n<p>La plupart des produits de cette goodiebox proviennent de la marque Bioearth. Bioearth est une association italienne fond\u00e9e en 1996, sp\u00e9cialis\u00e9e dans la production de cosm\u00e9tiques naturels et de compl\u00e9ments alimentaires biologiques. Les cosm\u00e9tiques naturels de Bioearth jouissent d&rsquo;une r\u00e9putation irr\u00e9prochable depuis pr\u00e8s de 30 ans.<\/p>\n<p>Bioearth est synonyme de cosm\u00e9tiques naturels innovants et de haute qualit\u00e9. Elle r\u00e9pond aux normes les plus \u00e9lev\u00e9es en mati\u00e8re de cosm\u00e9tiques naturels et est <span style=\"color: #0000ff;\"><a style=\"color: #0000ff;\" href=\"https:\/\/www.biobey.be\/fr\/encyclopedie\/certificats-bio\/icea-bio-cosmetica\/\">certifi\u00e9e Icea Bio<\/a><\/span> et ECOCERT.<\/p>\n","protected":false},"excerpt":{"rendered":"<p>La Goodie box Eco essentials bio contient des produits essentiels durables et sans d\u00e9chets pour les soins quotidiens de la peau et des cheveux.<\/p>\n","protected":false},"featured_media":693,"comment_status":"open","ping_status":"closed","template":"","meta":{"ocean_post_layout":"","ocean_both_sidebars_style":"","ocean_both_sidebars_content_width":0,"ocean_both_sidebars_sidebars_width":0,"ocean_sidebar":"0","ocean_second_sidebar":"0","ocean_disable_margins":"enable","ocean_add_body_class":"","ocean_shortcode_before_top_bar":"","ocean_shortcode_after_top_bar":"","ocean_shortcode_before_header":"","ocean_shortcode_after_header":"","ocean_has_shortcode":"","ocean_shortcode_after_title":"","ocean_shortcode_before_footer_widgets":"","ocean_shortcode_after_footer_widgets":"","ocean_shortcode_before_footer_bottom":"","ocean_shortcode_after_footer_bottom":"","ocean_display_top_bar":"default","ocean_display_header":"default","ocean_header_style":"","ocean_center_header_left_menu":"0","ocean_custom_header_template":"0","ocean_custom_logo":0,"ocean_custom_retina_logo":0,"ocean_custom_logo_max_width":0,"ocean_custom_logo_tablet_max_width":0,"ocean_custom_logo_mobile_max_width":0,"ocean_custom_logo_max_height":0,"ocean_custom_logo_tablet_max_height":0,"ocean_custom_logo_mobile_max_height":0,"ocean_header_custom_menu":"0","ocean_menu_typo_font_family":"0","ocean_menu_typo_font_subset":"","ocean_menu_typo_font_size":0,"ocean_menu_typo_font_size_tablet":0,"ocean_menu_typo_font_size_mobile":0,"ocean_menu_typo_font_size_unit":"px","ocean_menu_typo_font_weight":"","ocean_menu_typo_font_weight_tablet":"","ocean_menu_typo_font_weight_mobile":"","ocean_menu_typo_transform":"","ocean_menu_typo_transform_tablet":"","ocean_menu_typo_transform_mobile":"","ocean_menu_typo_line_height":0,"ocean_menu_typo_line_height_tablet":0,"ocean_menu_typo_line_height_mobile":0,"ocean_menu_typo_line_height_unit":"","ocean_menu_typo_spacing":0,"ocean_menu_typo_spacing_tablet":0,"ocean_menu_typo_spacing_mobile":0,"ocean_menu_typo_spacing_unit":"","ocean_menu_link_color":"","ocean_menu_link_color_hover":"","ocean_menu_link_color_active":"","ocean_menu_link_background":"","ocean_menu_link_hover_background":"","ocean_menu_link_active_background":"","ocean_menu_social_links_bg":"","ocean_menu_social_hover_links_bg":"","ocean_menu_social_links_color":"","ocean_menu_social_hover_links_color":"","ocean_disable_title":"default","ocean_disable_heading":"default","ocean_post_title":"","ocean_post_subheading":"","ocean_post_title_style":"","ocean_post_title_background_color":"","ocean_post_title_background":0,"ocean_post_title_bg_image_position":"","ocean_post_title_bg_image_attachment":"","ocean_post_title_bg_image_repeat":"","ocean_post_title_bg_image_size":"","ocean_post_title_height":0,"ocean_post_title_bg_overlay":0.5,"ocean_post_title_bg_overlay_color":"","ocean_disable_breadcrumbs":"default","ocean_breadcrumbs_color":"","ocean_breadcrumbs_separator_color":"","ocean_breadcrumbs_links_color":"","ocean_breadcrumbs_links_hover_color":"","ocean_display_footer_widgets":"default","ocean_display_footer_bottom":"default","ocean_custom_footer_template":"0"},"product_brand":[115],"product_cat":[47,49,17,16,20],"product_tag":[],"class_list":{"0":"post-2551","1":"product","2":"type-product","3":"status-publish","4":"has-post-thumbnail","6":"product_brand-bio-ecopharma","7":"product_cat-offres-et-minis","8":"product_cat-peau-seche","9":"product_cat-soins-du-visage","10":"product_cat-soins","11":"product_cat-anti-age","13":"entry","14":"has-media","16":"first","17":"instock","18":"taxable","19":"shipping-taxable","20":"purchasable","21":"product-type-simple","22":"has-rating","23":"col","24":"span_1_of_3","25":"owp-content-center","26":"owp-thumbs-layout-horizontal","27":"owp-btn-normal","28":"owp-tabs-layout-section","29":"has-no-thumbnails","30":"circle-sale"},"_links":{"self":[{"href":"https:\/\/www.biobey.be\/fr\/wp-json\/wp\/v2\/product\/2551","targetHints":{"allow":["GET"]}}],"collection":[{"href":"https:\/\/www.biobey.be\/fr\/wp-json\/wp\/v2\/product"}],"about":[{"href":"https:\/\/www.biobey.be\/fr\/wp-json\/wp\/v2\/types\/product"}],"replies":[{"embeddable":true,"href":"https:\/\/www.biobey.be\/fr\/wp-json\/wp\/v2\/comments?post=2551"}],"wp:featuredmedia":[{"embeddable":true,"href":"https:\/\/www.biobey.be\/fr\/wp-json\/wp\/v2\/media\/693"}],"wp:attachment":[{"href":"https:\/\/www.biobey.be\/fr\/wp-json\/wp\/v2\/media?parent=2551"}],"wp:term":[{"taxonomy":"product_brand","embeddable":true,"href":"https:\/\/www.biobey.be\/fr\/wp-json\/wp\/v2\/product_brand?post=2551"},{"taxonomy":"product_cat","embeddable":true,"href":"https:\/\/www.biobey.be\/fr\/wp-json\/wp\/v2\/product_cat?post=2551"},{"taxonomy":"product_tag","embeddable":true,"href":"https:\/\/www.biobey.be\/fr\/wp-json\/wp\/v2\/product_tag?post=2551"}],"curies":[{"name":"wp","href":"https:\/\/api.w.org\/{rel}","templated":true}]}}