{"id":2552,"date":"2025-05-27T00:29:44","date_gmt":"2025-05-26T22:29:44","guid":{"rendered":"https:\/\/www.biobey.be\/fr-temp\/produit\/box-detox-pour-la-peau-purifiant-2\/"},"modified":"2025-07-11T11:16:22","modified_gmt":"2025-07-11T09:16:22","slug":"box-detox-pour-la-peau-purifiant-2","status":"publish","type":"product","link":"https:\/\/www.biobey.be\/fr\/produit\/box-detox-pour-la-peau-purifiant-2\/","title":{"rendered":"Box d\u00e9tox pour la peau \u2013  purifiant 2"},"content":{"rendered":"<p>Box d\u00e9tox pour la peau Biobey contient les produits de base pour une purification et une d\u00e9sintoxication efficaces de la peau.Vous voulez faire vos propres masques ou vous cherchez des produits de soins naturels pour d\u00e9toxifier et rafra\u00eechir votre peau ? Le coffret Skin detox box biobey est sp\u00e9cialement compos\u00e9 de produits de soins naturels pour purifier votre peau.<\/p>\n<h2><a href=\"https:\/\/www.biobey.be\/fr\/produit\/creme-oxygenante-naobay-visage-50ml\/\">Cr\u00e8me de jour l\u00e9g\u00e8re oxyg\u00e8ne d\u00e9tox<\/a><\/h2>\n<p>Box d\u00e9tox pour la peau contient la cr\u00e8me de jour d\u00e9tox oxyg\u00e8ne l\u00e9ger de Naobay a \u00e9t\u00e9 sp\u00e9cialement con\u00e7ue pour soigner et prot\u00e9ger la peau des influences n\u00e9gatives du monde ext\u00e9rieur.<\/p>\n<p>La cr\u00e8me l\u00e9g\u00e8re pour le visage \u00e0 l&rsquo;oxyg\u00e8ne a un effet antioxydant. Elle prot\u00e8ge la peau contre les radicaux libres. La cr\u00e8me pour le visage renforce la barri\u00e8re cutan\u00e9e et apporte l&rsquo;hydratation n\u00e9cessaire. Gr\u00e2ce \u00e0 la texture l\u00e9g\u00e8re de la cr\u00e8me pour le visage, elle p\u00e9n\u00e8tre rapidement dans la peau et ne laisse pas de film gras.<\/p>\n<h2>Bioearth bar nettoyant pour le visage \u00e0 la sauge et au neem 150 g<\/h2>\n<p>Ce bar nettoyant naturel pour le visage, \u00e0 base d&rsquo;extraits de neem et de sauge, nettoie la peau efficacement, mais en douceur. La formule aux extraits de sauge et de margousier biologiques tue les mauvaises bact\u00e9ries et \u00e9limine les impuret\u00e9s. Ce nettoyant solide pour le visage est v\u00e9g\u00e9talien, sans d\u00e9chets et naturel.<\/p>\n<h2><a href=\"https:\/\/www.biobey.be\/fr\/produit\/masque-charbon-noir-visage-de-naobay-75ml\/\">Masque au charbon de bois pour le visage, d\u00e9sintoxication 75 ml<\/a><\/h2>\n<p>Le masque facial au charbon de bois de Naobay contient des vitamines, des min\u00e9raux, des acides AHA et des antioxydants. Les acides AHA de l&rsquo;extrait de pomme \u00e9liminent les cellules mortes et lissent la peau gr\u00e2ce \u00e0 leurs propri\u00e9t\u00e9s exfoliantes.<\/p>\n<p>Le masque au charbon purifie les pores obstru\u00e9s et r\u00e9gule la production de s\u00e9bum. Utilisez le masque facial une ou deux fois par semaine. Appliquez le masque sur une peau s\u00e8che et nettoy\u00e9e. Laissez agir pendant dix \u00e0 quinze minutes, puis rincez \u00e0 l&rsquo;eau ti\u00e8de.<\/p>\n<h2>Argital poudre d&rsquo;argile verte de qualit\u00e9 alimentaire 200 g<\/h2>\n<p>La poudre d&rsquo;argile verte ultrafine activ\u00e9e et s\u00e9ch\u00e9e au soleil d&rsquo;Argital convient pour une cure de d\u00e9sintoxication. L&rsquo;argile verte biologique provient des terres non trait\u00e9es de Sicile. Elle est traditionnellement utilis\u00e9e pour ses propri\u00e9t\u00e9s purifiantes et b\u00e9n\u00e9fiques pour l&rsquo;organisme.<\/p>\n<p><strong>Applications<\/strong> :<br \/>\n&#8211; Cure de d\u00e9sintoxication<br \/>\n&#8211; Fabrication de masques pour le visage et les cheveux<\/p>\n<h3>Box d\u00e9tox pour la peau &#8211; Minis<\/h3>\n<p>Poudre d&rsquo;argile blanche 50 g<br \/>\nExemple de cr\u00e8me de jour d\u00e9tox<br \/>\nEchantillon de s\u00e9rum Nuy<\/p>\n<p>Afin de s&rsquo;assurer que les produits de soins naturels de la Skin Detox Box Biobey sont bien adapt\u00e9s \u00e0 votre type de peau, nous vous recommandons vivement d&rsquo;effectuer un test de r\u00e9action cutan\u00e9e avant la premi\u00e8re utilisation.<\/p>\n","protected":false},"excerpt":{"rendered":"<p>La box D\u00e9tox pour la peau contient des produits de soins nettoyants naturels pour les peaux impures et grasses.<\/p>\n","protected":false},"featured_media":690,"comment_status":"open","ping_status":"closed","template":"","meta":{"ocean_post_layout":"","ocean_both_sidebars_style":"","ocean_both_sidebars_content_width":0,"ocean_both_sidebars_sidebars_width":0,"ocean_sidebar":"","ocean_second_sidebar":"","ocean_disable_margins":"enable","ocean_add_body_class":"","ocean_shortcode_before_top_bar":"","ocean_shortcode_after_top_bar":"","ocean_shortcode_before_header":"","ocean_shortcode_after_header":"","ocean_has_shortcode":"","ocean_shortcode_after_title":"","ocean_shortcode_before_footer_widgets":"","ocean_shortcode_after_footer_widgets":"","ocean_shortcode_before_footer_bottom":"","ocean_shortcode_after_footer_bottom":"","ocean_display_top_bar":"default","ocean_display_header":"default","ocean_header_style":"","ocean_center_header_left_menu":"","ocean_custom_header_template":"","ocean_custom_logo":0,"ocean_custom_retina_logo":0,"ocean_custom_logo_max_width":0,"ocean_custom_logo_tablet_max_width":0,"ocean_custom_logo_mobile_max_width":0,"ocean_custom_logo_max_height":0,"ocean_custom_logo_tablet_max_height":0,"ocean_custom_logo_mobile_max_height":0,"ocean_header_custom_menu":"","ocean_menu_typo_font_family":"","ocean_menu_typo_font_subset":"","ocean_menu_typo_font_size":0,"ocean_menu_typo_font_size_tablet":0,"ocean_menu_typo_font_size_mobile":0,"ocean_menu_typo_font_size_unit":"px","ocean_menu_typo_font_weight":"","ocean_menu_typo_font_weight_tablet":"","ocean_menu_typo_font_weight_mobile":"","ocean_menu_typo_transform":"","ocean_menu_typo_transform_tablet":"","ocean_menu_typo_transform_mobile":"","ocean_menu_typo_line_height":0,"ocean_menu_typo_line_height_tablet":0,"ocean_menu_typo_line_height_mobile":0,"ocean_menu_typo_line_height_unit":"","ocean_menu_typo_spacing":0,"ocean_menu_typo_spacing_tablet":0,"ocean_menu_typo_spacing_mobile":0,"ocean_menu_typo_spacing_unit":"","ocean_menu_link_color":"","ocean_menu_link_color_hover":"","ocean_menu_link_color_active":"","ocean_menu_link_background":"","ocean_menu_link_hover_background":"","ocean_menu_link_active_background":"","ocean_menu_social_links_bg":"","ocean_menu_social_hover_links_bg":"","ocean_menu_social_links_color":"","ocean_menu_social_hover_links_color":"","ocean_disable_title":"default","ocean_disable_heading":"default","ocean_post_title":"","ocean_post_subheading":"","ocean_post_title_style":"","ocean_post_title_background_color":"","ocean_post_title_background":0,"ocean_post_title_bg_image_position":"","ocean_post_title_bg_image_attachment":"","ocean_post_title_bg_image_repeat":"","ocean_post_title_bg_image_size":"","ocean_post_title_height":0,"ocean_post_title_bg_overlay":0.5,"ocean_post_title_bg_overlay_color":"","ocean_disable_breadcrumbs":"default","ocean_breadcrumbs_color":"","ocean_breadcrumbs_separator_color":"","ocean_breadcrumbs_links_color":"","ocean_breadcrumbs_links_hover_color":"","ocean_display_footer_widgets":"default","ocean_display_footer_bottom":"default","ocean_custom_footer_template":""},"product_brand":[112],"product_cat":[21,47,17,16],"product_tag":[],"class_list":{"0":"post-2552","1":"product","2":"type-product","3":"status-publish","4":"has-post-thumbnail","6":"product_brand-advanced-solution","7":"product_cat-acne-et-peau-abimee","8":"product_cat-offres-et-minis","9":"product_cat-soins-du-visage","10":"product_cat-soins","12":"entry","13":"has-media","15":"first","16":"instock","17":"taxable","18":"shipping-taxable","19":"purchasable","20":"product-type-simple","21":"has-rating","22":"col","23":"span_1_of_3","24":"owp-content-center","25":"owp-thumbs-layout-horizontal","26":"owp-btn-normal","27":"owp-tabs-layout-section","28":"has-no-thumbnails","29":"circle-sale"},"_links":{"self":[{"href":"https:\/\/www.biobey.be\/fr\/wp-json\/wp\/v2\/product\/2552","targetHints":{"allow":["GET"]}}],"collection":[{"href":"https:\/\/www.biobey.be\/fr\/wp-json\/wp\/v2\/product"}],"about":[{"href":"https:\/\/www.biobey.be\/fr\/wp-json\/wp\/v2\/types\/product"}],"replies":[{"embeddable":true,"href":"https:\/\/www.biobey.be\/fr\/wp-json\/wp\/v2\/comments?post=2552"}],"wp:featuredmedia":[{"embeddable":true,"href":"https:\/\/www.biobey.be\/fr\/wp-json\/wp\/v2\/media\/690"}],"wp:attachment":[{"href":"https:\/\/www.biobey.be\/fr\/wp-json\/wp\/v2\/media?parent=2552"}],"wp:term":[{"taxonomy":"product_brand","embeddable":true,"href":"https:\/\/www.biobey.be\/fr\/wp-json\/wp\/v2\/product_brand?post=2552"},{"taxonomy":"product_cat","embeddable":true,"href":"https:\/\/www.biobey.be\/fr\/wp-json\/wp\/v2\/product_cat?post=2552"},{"taxonomy":"product_tag","embeddable":true,"href":"https:\/\/www.biobey.be\/fr\/wp-json\/wp\/v2\/product_tag?post=2552"}],"curies":[{"name":"wp","href":"https:\/\/api.w.org\/{rel}","templated":true}]}}