{"id":2557,"date":"2023-07-09T22:04:43","date_gmt":"2023-07-09T20:04:43","guid":{"rendered":"https:\/\/www.biobey.be\/fr-temp\/produit\/gel-apaisant-bio-inconfort-zone-intime\/"},"modified":"2026-04-03T00:27:54","modified_gmt":"2026-04-02T22:27:54","slug":"gel-apaisant-bio-inconfort-zone-intime","status":"publish","type":"product","link":"https:\/\/www.biobey.be\/fr\/produit\/gel-apaisant-bio-inconfort-zone-intime\/","title":{"rendered":"Gel apaisant bio inconfort zone intime 50 ml Bioigen"},"content":{"rendered":"<p>Le gel apaisant bio inconfort zone intime est \u00e0 base d&rsquo;aloe vera biologique et d&rsquo;extrait de vitex agnus castus. Il est sp\u00e9cialement con\u00e7u pour les personnes souffrant d&rsquo;inconforts au niveau des zones intimes tels que la s\u00e9cheresse, les d\u00e9mangeaisons, les irritations et les sensations de br\u00fblure.<\/p>\n<p>Le gel apaisant bio inconfort zone intime ne contient pas de substances synth\u00e9tiques ni d&rsquo;hormones. Ce gel apaisant au pH neutre convient parfaitement aux peaux tr\u00e8s sensibles et irrit\u00e9es. En outre, le gel a des propri\u00e9t\u00e9s antifongiques.<\/p>\n<p>Il hydrate et aide ainsi \u00e0 lutter contre la s\u00e9cheresse vaginale. En outre, le gel a des propri\u00e9t\u00e9s r\u00e9paratrices et apaisantes pour les irritations, les d\u00e9mangeaisons et les sensations de br\u00fblure d\u00e9sagr\u00e9ables.<\/p>\n<p>Le gel apaisant naturel inconfort zone intime peut \u00eatre utilis\u00e9 pour traiter l&rsquo;inconfort intime chez les femmes et les hommes. Le gel favorise la r\u00e9cup\u00e9ration et prot\u00e8ge efficacement.<\/p>\n<h2>Effet du gel apaisant bio inconfort zone intime<\/h2>\n<p>L&rsquo;extrait de Vitex agnus castus ou poivre de moine est traditionnellement utilis\u00e9 pour les d\u00e9sagr\u00e9ments li\u00e9s aux menstruations, le d\u00e9s\u00e9quilibre hormonal et la promotion de la fertilit\u00e9 chez les femmes.<\/p>\n<p>Aujourd&rsquo;hui encore, c&rsquo;est la plante la plus utilis\u00e9e pour traiter les troubles menstruels et les probl\u00e8mes li\u00e9s \u00e0 la m\u00e9nopause. Le gel apaisant pour les zones intimes contient un extrait d&rsquo;aloe vera biologique. Il poss\u00e8de des propri\u00e9t\u00e9s r\u00e9paratrices, anti-inflammatoires et apaisantes.<\/p>\n<p>Le gel d&rsquo;aloe vera hydrate la peau s\u00e8che et pr\u00e9vient la perte d&rsquo;humidit\u00e9. Il r\u00e9duit les irritations, soulage les d\u00e9mangeaisons et les sensations de br\u00fblure. D\u00e8s la premi\u00e8re application, Bioigen apporte une am\u00e9lioration visible.<\/p>\n<p>Le gel apaisant Bioigen pour la zone intime est v\u00e9g\u00e9talien, certifi\u00e9 Icea Bio et exempt d&rsquo;hormones, de parfum, d&rsquo;huiles min\u00e9rales et d&rsquo;autres ingr\u00e9dients synth\u00e9tiques.<\/p>\n<p><strong>Mode d&#8217;emploi<\/strong> : appliquer le gel sur la zone \u00e0 traiter et masser doucement. Convient aux hommes et aux femmes. Le gel peut \u00eatre appliqu\u00e9 plusieurs fois par jour.<\/p>\n<p><strong>Conseil :<\/strong> utilisez le gel apaisant bio inconfort zone intime avoir nettoy\u00e9 la zone intime avec le gel nettoyant pour zones intimes Bioigen ou le gel nettoyant pour zones intimes Argital contre les d\u00e9mangeaisons et les irritations.<\/p>\n<p><strong>Ingr\u00e9dients<\/strong> : (INCI) Aqua, Glycerin, Sodium Carboxymethyl Betaglucan, Aloe Barbtadensis*Leaf Extract (Aloe Vera leaf extract), Vitex Agnus Castus Extract* (chaste tree extract)*, Benzyl Alcohol, Potassium Sorbate, Sodium Benzoate, Xanthan Gum.<\/p>\n<p>*Ingr\u00e9dients issus de l&rsquo;agriculture biologique<\/p>\n","protected":false},"excerpt":{"rendered":"<p>Gel apaisant bio pour l&rsquo;inconfort des zones intimes :<br \/>\nHydrate la zone intime s\u00e8che (s\u00e9cheresse vaginale)<br \/>\nR\u00e9duit les irritations et restaure la peau irrit\u00e9e<br \/>\nAide \u00e0 lutter contre les d\u00e9mangeaisons et les sensations d\u00e9sagr\u00e9ables de br\u00fblure dans la zone intime.<br \/>\npH neutre, antibact\u00e9rien et antifongique.<\/p>\n<p><strong>Principes actifs :<\/strong> Aloe vera biologique et extrait de gattilier.<br \/>\nVegan, certifi\u00e9 Icea Bio et test\u00e9 dermatologiquement.<br \/>\nPour elle et lui<\/p>\n","protected":false},"featured_media":707,"comment_status":"open","ping_status":"closed","template":"","meta":{"ocean_post_layout":"","ocean_both_sidebars_style":"","ocean_both_sidebars_content_width":0,"ocean_both_sidebars_sidebars_width":0,"ocean_sidebar":"","ocean_second_sidebar":"","ocean_disable_margins":"enable","ocean_add_body_class":"","ocean_shortcode_before_top_bar":"","ocean_shortcode_after_top_bar":"","ocean_shortcode_before_header":"","ocean_shortcode_after_header":"","ocean_has_shortcode":"","ocean_shortcode_after_title":"","ocean_shortcode_before_footer_widgets":"","ocean_shortcode_after_footer_widgets":"","ocean_shortcode_before_footer_bottom":"","ocean_shortcode_after_footer_bottom":"","ocean_display_top_bar":"default","ocean_display_header":"default","ocean_header_style":"","ocean_center_header_left_menu":"","ocean_custom_header_template":"","ocean_custom_logo":0,"ocean_custom_retina_logo":0,"ocean_custom_logo_max_width":0,"ocean_custom_logo_tablet_max_width":0,"ocean_custom_logo_mobile_max_width":0,"ocean_custom_logo_max_height":0,"ocean_custom_logo_tablet_max_height":0,"ocean_custom_logo_mobile_max_height":0,"ocean_header_custom_menu":"","ocean_menu_typo_font_family":"","ocean_menu_typo_font_subset":"","ocean_menu_typo_font_size":0,"ocean_menu_typo_font_size_tablet":0,"ocean_menu_typo_font_size_mobile":0,"ocean_menu_typo_font_size_unit":"px","ocean_menu_typo_font_weight":"","ocean_menu_typo_font_weight_tablet":"","ocean_menu_typo_font_weight_mobile":"","ocean_menu_typo_transform":"","ocean_menu_typo_transform_tablet":"","ocean_menu_typo_transform_mobile":"","ocean_menu_typo_line_height":0,"ocean_menu_typo_line_height_tablet":0,"ocean_menu_typo_line_height_mobile":0,"ocean_menu_typo_line_height_unit":"","ocean_menu_typo_spacing":0,"ocean_menu_typo_spacing_tablet":0,"ocean_menu_typo_spacing_mobile":0,"ocean_menu_typo_spacing_unit":"","ocean_menu_link_color":"","ocean_menu_link_color_hover":"","ocean_menu_link_color_active":"","ocean_menu_link_background":"","ocean_menu_link_hover_background":"","ocean_menu_link_active_background":"","ocean_menu_social_links_bg":"","ocean_menu_social_hover_links_bg":"","ocean_menu_social_links_color":"","ocean_menu_social_hover_links_color":"","ocean_disable_title":"default","ocean_disable_heading":"default","ocean_post_title":"","ocean_post_subheading":"","ocean_post_title_style":"","ocean_post_title_background_color":"","ocean_post_title_background":0,"ocean_post_title_bg_image_position":"","ocean_post_title_bg_image_attachment":"","ocean_post_title_bg_image_repeat":"","ocean_post_title_bg_image_size":"","ocean_post_title_height":0,"ocean_post_title_bg_overlay":0.5,"ocean_post_title_bg_overlay_color":"","ocean_disable_breadcrumbs":"default","ocean_breadcrumbs_color":"","ocean_breadcrumbs_separator_color":"","ocean_breadcrumbs_links_color":"","ocean_breadcrumbs_links_hover_color":"","ocean_display_footer_widgets":"default","ocean_display_footer_bottom":"default","ocean_custom_footer_template":""},"product_brand":[115],"product_cat":[47,16],"product_tag":[],"class_list":{"0":"post-2557","1":"product","2":"type-product","3":"status-publish","4":"has-post-thumbnail","6":"product_brand-bio-ecopharma","7":"product_cat-offres-et-minis","8":"product_cat-soins","10":"entry","11":"has-media","13":"first","14":"instock","15":"taxable","16":"shipping-taxable","17":"purchasable","18":"product-type-simple","19":"has-rating","20":"col","21":"span_1_of_3","22":"owp-content-center","23":"owp-thumbs-layout-horizontal","24":"owp-btn-normal","25":"owp-tabs-layout-section","26":"has-no-thumbnails","27":"circle-sale"},"_links":{"self":[{"href":"https:\/\/www.biobey.be\/fr\/wp-json\/wp\/v2\/product\/2557","targetHints":{"allow":["GET"]}}],"collection":[{"href":"https:\/\/www.biobey.be\/fr\/wp-json\/wp\/v2\/product"}],"about":[{"href":"https:\/\/www.biobey.be\/fr\/wp-json\/wp\/v2\/types\/product"}],"replies":[{"embeddable":true,"href":"https:\/\/www.biobey.be\/fr\/wp-json\/wp\/v2\/comments?post=2557"}],"wp:featuredmedia":[{"embeddable":true,"href":"https:\/\/www.biobey.be\/fr\/wp-json\/wp\/v2\/media\/707"}],"wp:attachment":[{"href":"https:\/\/www.biobey.be\/fr\/wp-json\/wp\/v2\/media?parent=2557"}],"wp:term":[{"taxonomy":"product_brand","embeddable":true,"href":"https:\/\/www.biobey.be\/fr\/wp-json\/wp\/v2\/product_brand?post=2557"},{"taxonomy":"product_cat","embeddable":true,"href":"https:\/\/www.biobey.be\/fr\/wp-json\/wp\/v2\/product_cat?post=2557"},{"taxonomy":"product_tag","embeddable":true,"href":"https:\/\/www.biobey.be\/fr\/wp-json\/wp\/v2\/product_tag?post=2557"}],"curies":[{"name":"wp","href":"https:\/\/api.w.org\/{rel}","templated":true}]}}