{"id":2559,"date":"2025-04-03T01:42:14","date_gmt":"2025-04-02T23:42:14","guid":{"rendered":"https:\/\/www.biobey.be\/fr-temp\/produit\/eucalyptus-creme-rhumes-argital-50ml\/"},"modified":"2026-03-28T23:27:14","modified_gmt":"2026-03-28T22:27:14","slug":"eucalyptus-creme-rhumes-argital-50ml","status":"publish","type":"product","link":"https:\/\/www.biobey.be\/fr\/produit\/eucalyptus-creme-rhumes-argital-50ml\/","title":{"rendered":"Eucalyptus cr\u00e8me contre les rhumes Argital 50 ml"},"content":{"rendered":"<p>Eucalyptus cr\u00e8me naturelle Argital est id\u00e9ale pour les hivers rigoureux et l&rsquo;accumulation de mucus. La cr\u00e8me peut \u00eatre appliqu\u00e9e sur le front, sous le nez et sur la poitrine. Elle a un effet r\u00e9chauffant et relaxant et aide \u00e0 soulager les sympt\u00f4mes d\u00e9sagr\u00e9ables du rhume. La chaleur du corps lib\u00e8re l&rsquo;action des huiles essentielles.<\/p>\n<p>Ils <strong>aident \u00e0 dissoudre plus rapidement le mucus coinc\u00e9<\/strong>. En outre, la cr\u00e8me a un effet protecteur sur la peau. La cr\u00e8me naturelle \u00e0 l&rsquo;eucalyptus d&rsquo;Argital est vegan, \u00e9cologique et certifi\u00e9e icea bio. Gr\u00e2ce \u00e0 sa formule douce, elle ne provoque pas d&rsquo;irritations. La cr\u00e8me peut \u00eatre utilis\u00e9e r\u00e9guli\u00e8rement jusqu&rsquo;\u00e0 ce que les sympt\u00f4mes disparaissent.<\/p>\n<h2>Eucalyptus cr\u00e8me naturelle &#8211; action<\/h2>\n<p>L&rsquo;ingr\u00e9dient principal de la cr\u00e8me est l&rsquo;extrait d&rsquo;eucalyptus. L&rsquo;extrait d&rsquo;huile d&rsquo;eucalyptus est connu pour ses nombreux bienfaits pour le corps et l&rsquo;esprit. L&rsquo;huile essentielle d&rsquo;eucalyptus a des propri\u00e9t\u00e9s antibact\u00e9riennes, analg\u00e9siques, anti-inflammatoires et anti-infectieuses. En outre, la cr\u00e8me contient des huiles biologiques de romarin, de lavande, de gen\u00e9vrier et <span style=\"color: #0000ff;\"><a style=\"color: #0000ff;\" href=\"https:\/\/www.biobey.be\/fr\/produit\/creme-varices-au-thuja-et-hamamelis\/\">de thuya,<\/a><\/span> entre autres.<\/p>\n<p>La combinaison de l&rsquo;huile de lavande biologique et de l&rsquo;huile de bain au pin des montagnes a un effet relaxant et apaisant. L&rsquo;action efficace de la cr\u00e8me naturelle \u00e0 l&rsquo;eucalyptus d&rsquo;Argital est due \u00e0 sa puissante formule riche en huiles et extraits b\u00e9n\u00e9fiques. <strong>La cr\u00e8me peut \u00eatre utilis\u00e9e aussi bien chez les adultes que chez les enfants.<\/strong><\/p>\n<h3>Comment la cr\u00e8me \u00e0 l&rsquo;eucalyptus aide-t-elle \u00e0 lutter contre le rhume ?<\/h3>\n<p>La cr\u00e8me \u00e0 l&rsquo;eucalyptus biologique Argital <strong>aide \u00e0 soulager les sympt\u00f4mes du rhume<\/strong>. L&rsquo;huile d&rsquo;eucalyptus biologique est utilis\u00e9e pour calmer la toux et acc\u00e9l\u00e9rer le processus de gu\u00e9rison gr\u00e2ce \u00e0 son effet antibact\u00e9rien. Elle dissout plus rapidement le mucus accumul\u00e9. Cela aide \u00e0 d\u00e9gager les voies respiratoires et les sinus.<\/p>\n<p>En appliquant la cr\u00e8me \u00e0 l&rsquo;eucalyptus sur le front, elle aide \u00e0 r\u00e9duire la sensation de congestion. La cr\u00e8me naturelle \u00e0 l&rsquo;eucalyptus Argital contient \u00e9galement du gen\u00e9vrier biologique, de l&rsquo;huile de thuya et de l&rsquo;huile de romarin. En appliquant la cr\u00e8me sur le nez, la gorge et le front, <strong>les sympt\u00f4mes du rhume tels que la toux et le nez bouch\u00e9 sont r\u00e9duits.<\/strong><\/p>\n<p>Mode d&#8217;emploi : Appliquer la cr\u00e8me \u00e0 l&rsquo;eucalyptus sur le front, le nez et la gorge. La cr\u00e8me peut \u00eatre utilis\u00e9e plusieurs fois par jour. Il est recommand\u00e9 d&rsquo;appliquer la cr\u00e8me sur la poitrine avant le coucher.<\/p>\n<p>La cr\u00e8me naturelle \u00e0 l&rsquo;eucalyptus est v\u00e9g\u00e9talienne et exempte de produits synth\u00e9tiques, de parfums, de p\u00e9trole, de d\u00e9riv\u00e9s, de parab\u00e8nes et de pegs.<\/p>\n<p>Ingr\u00e9dients<strong> :<\/strong> Aqua, Glyc\u00e9rine, Prunus Amygdalus Dulcis Oil (huile d&rsquo;amande), Potassium Palmitoyl\/Hydrolyzed Wheat Protein\/Glyceryl Stearate\/Cetearyl Alcohol, Cetyl Alcohol, Polyglyceryl,6 Distearate, Eucalyptus Globulus Oil*, Juniperus Communis Fruit Oil*, Pinus Mugo Pumilio Twig Leaf Oil*,<\/p>\n<p>Lavandula Hybrida Oil* (huile de lavande), Rosmarinus Officinalis Leaf Oil* (huile de romarin), Melissa Officinalis Oil (m\u00e9lisse)*, Citrus Limon Peel Oil*, Hissopus Officinalis Oil*, Thuja Occidentalis Oil*, Cupressus Sempervirens Oil*, Cinnamomum Zeylanicum Bark Oil*, Solum Fullonum, Styrax Benzoin Resin Extract, Berberis Vulgaris Bark Extract, Alcohol, Xanthan Gum, Lactic Acid.<\/p>\n<p>*Ingr\u00e9dients issus de l&rsquo;agriculture biologique<br \/>\nComposants des huiles essentielles naturelles : Limon\u00e8ne, Benzyl Cinnamate, Linalool, Citral, Citronellol, Geraniol, Cinnamal, Eugenol.<\/p>\n<p><strong>Certifications :<\/strong> Vegan Ok, Eco contr\u00f4le, Icea Bio, Bdih<br \/>\n<strong>Contenu : 50 ml<\/strong><\/p>\n","protected":false},"excerpt":{"rendered":"<p>La cr\u00e8me naturelle d&rsquo;eucalyptus d&rsquo;Argital est sp\u00e9cialement formul\u00e9e pour \u00eatre utilis\u00e9e sur le front, le nez, la gorge et la poitrine. La cr\u00e8me aide \u00e0 soulager les sympt\u00f4mes du rhume. C&rsquo;est un excellent rem\u00e8de naturel pendant les hivers rigoureux.<\/p>\n","protected":false},"featured_media":708,"comment_status":"open","ping_status":"closed","template":"","meta":{"ocean_post_layout":"","ocean_both_sidebars_style":"","ocean_both_sidebars_content_width":0,"ocean_both_sidebars_sidebars_width":0,"ocean_sidebar":"","ocean_second_sidebar":"","ocean_disable_margins":"enable","ocean_add_body_class":"","ocean_shortcode_before_top_bar":"","ocean_shortcode_after_top_bar":"","ocean_shortcode_before_header":"","ocean_shortcode_after_header":"","ocean_has_shortcode":"","ocean_shortcode_after_title":"","ocean_shortcode_before_footer_widgets":"","ocean_shortcode_after_footer_widgets":"","ocean_shortcode_before_footer_bottom":"","ocean_shortcode_after_footer_bottom":"","ocean_display_top_bar":"default","ocean_display_header":"default","ocean_header_style":"","ocean_center_header_left_menu":"","ocean_custom_header_template":"","ocean_custom_logo":0,"ocean_custom_retina_logo":0,"ocean_custom_logo_max_width":0,"ocean_custom_logo_tablet_max_width":0,"ocean_custom_logo_mobile_max_width":0,"ocean_custom_logo_max_height":0,"ocean_custom_logo_tablet_max_height":0,"ocean_custom_logo_mobile_max_height":0,"ocean_header_custom_menu":"","ocean_menu_typo_font_family":"","ocean_menu_typo_font_subset":"","ocean_menu_typo_font_size":0,"ocean_menu_typo_font_size_tablet":0,"ocean_menu_typo_font_size_mobile":0,"ocean_menu_typo_font_size_unit":"px","ocean_menu_typo_font_weight":"","ocean_menu_typo_font_weight_tablet":"","ocean_menu_typo_font_weight_mobile":"","ocean_menu_typo_transform":"","ocean_menu_typo_transform_tablet":"","ocean_menu_typo_transform_mobile":"","ocean_menu_typo_line_height":0,"ocean_menu_typo_line_height_tablet":0,"ocean_menu_typo_line_height_mobile":0,"ocean_menu_typo_line_height_unit":"","ocean_menu_typo_spacing":0,"ocean_menu_typo_spacing_tablet":0,"ocean_menu_typo_spacing_mobile":0,"ocean_menu_typo_spacing_unit":"","ocean_menu_link_color":"","ocean_menu_link_color_hover":"","ocean_menu_link_color_active":"","ocean_menu_link_background":"","ocean_menu_link_hover_background":"","ocean_menu_link_active_background":"","ocean_menu_social_links_bg":"","ocean_menu_social_hover_links_bg":"","ocean_menu_social_links_color":"","ocean_menu_social_hover_links_color":"","ocean_disable_title":"default","ocean_disable_heading":"default","ocean_post_title":"","ocean_post_subheading":"","ocean_post_title_style":"","ocean_post_title_background_color":"","ocean_post_title_background":0,"ocean_post_title_bg_image_position":"","ocean_post_title_bg_image_attachment":"","ocean_post_title_bg_image_repeat":"","ocean_post_title_bg_image_size":"","ocean_post_title_height":0,"ocean_post_title_bg_overlay":0.5,"ocean_post_title_bg_overlay_color":"","ocean_disable_breadcrumbs":"default","ocean_breadcrumbs_color":"","ocean_breadcrumbs_separator_color":"","ocean_breadcrumbs_links_color":"","ocean_breadcrumbs_links_hover_color":"","ocean_display_footer_widgets":"default","ocean_display_footer_bottom":"default","ocean_custom_footer_template":""},"product_brand":[102],"product_cat":[32,38,31,40,37],"product_tag":[],"class_list":{"0":"post-2559","1":"product","2":"type-product","3":"status-publish","4":"has-post-thumbnail","6":"product_brand-argital","7":"product_cat-muscles-articulations-et-dos","8":"product_cat-piqures-dinsectes-et-irritations","9":"product_cat-sante","10":"product_cat-stress-sommeil-et-concentration","11":"product_cat-zones-intimes-et-crampes-menstruelles","13":"entry","14":"has-media","16":"first","17":"instock","18":"taxable","19":"shipping-taxable","20":"purchasable","21":"product-type-simple","22":"has-rating","23":"col","24":"span_1_of_3","25":"owp-content-center","26":"owp-thumbs-layout-horizontal","27":"owp-btn-normal","28":"owp-tabs-layout-section","29":"has-no-thumbnails","30":"circle-sale"},"_links":{"self":[{"href":"https:\/\/www.biobey.be\/fr\/wp-json\/wp\/v2\/product\/2559","targetHints":{"allow":["GET"]}}],"collection":[{"href":"https:\/\/www.biobey.be\/fr\/wp-json\/wp\/v2\/product"}],"about":[{"href":"https:\/\/www.biobey.be\/fr\/wp-json\/wp\/v2\/types\/product"}],"replies":[{"embeddable":true,"href":"https:\/\/www.biobey.be\/fr\/wp-json\/wp\/v2\/comments?post=2559"}],"wp:featuredmedia":[{"embeddable":true,"href":"https:\/\/www.biobey.be\/fr\/wp-json\/wp\/v2\/media\/708"}],"wp:attachment":[{"href":"https:\/\/www.biobey.be\/fr\/wp-json\/wp\/v2\/media?parent=2559"}],"wp:term":[{"taxonomy":"product_brand","embeddable":true,"href":"https:\/\/www.biobey.be\/fr\/wp-json\/wp\/v2\/product_brand?post=2559"},{"taxonomy":"product_cat","embeddable":true,"href":"https:\/\/www.biobey.be\/fr\/wp-json\/wp\/v2\/product_cat?post=2559"},{"taxonomy":"product_tag","embeddable":true,"href":"https:\/\/www.biobey.be\/fr\/wp-json\/wp\/v2\/product_tag?post=2559"}],"curies":[{"name":"wp","href":"https:\/\/api.w.org\/{rel}","templated":true}]}}