{"id":2561,"date":"2025-04-06T20:42:46","date_gmt":"2025-04-06T18:42:46","guid":{"rendered":"https:\/\/www.biobey.be\/fr-temp\/produit\/crayon-noir-bio-pour-les-yeux-sensibles\/"},"modified":"2026-05-01T10:41:26","modified_gmt":"2026-05-01T08:41:26","slug":"crayon-noir-bio-pour-les-yeux-sensibles","status":"publish","type":"product","link":"https:\/\/www.biobey.be\/fr\/produit\/crayon-noir-bio-pour-les-yeux-sensibles\/","title":{"rendered":"Crayon noir bio pour les yeux sensibles Nature Up"},"content":{"rendered":"<p>Le crayon noir bio pour les yeux sensibles de Nature up a une texture agr\u00e9ablement douce. Le crayon pour les yeux ne provoque aucune irritation et convient aux personnes aux yeux sensibles. Le pigment noir naturel cr\u00e9e un look d\u00e9fini et un regard plus intense. Cette nuance noire tr\u00e8s versatile convient \u00e0 toutes les couleurs d&rsquo;yeux et \u00e0 toutes les occasions.<\/p>\n<p>Avec le crayon noir bio pour les yeux sensibles de Nature up, vous pouvez cr\u00e9er des lignes fines ou plus \u00e9paisses et plus frappantes. Le crayon pour les yeux est v\u00e9g\u00e9talien. Les cires v\u00e9g\u00e9tales offrent une bonne texture qui dure plus longtemps. La cire de candelilla prot\u00e8ge \u00e9galement la peau contre la perte d&rsquo;humidit\u00e9.<\/p>\n<p>Le crayon noir naturel pour les yeux peut \u00e9galement \u00eatre utilis\u00e9 comme eye-liner. Apr\u00e8s l&rsquo;application du crayon pour les yeux, la peau ne semble ni s\u00e8che ni irrit\u00e9e.<\/p>\n<h2>Crayon noir bio pour les yeux, formule v\u00e9gane et naturelle<\/h2>\n<p>L&rsquo;huile de noix de coco biologique est douce pour la peau. L&rsquo;huile est riche en acides gras tels que l&rsquo;acide linol\u00e9ique et l&rsquo;acide laurique. Le crayon noir pour les yeux Nature up contient des cires v\u00e9g\u00e9tales. La cire de candelilla est un substitut v\u00e9g\u00e9tal de la cire d&rsquo;abeille.<\/p>\n<p>Elle est souvent utilis\u00e9e comme \u00e9paississant dans les cr\u00e8mes ou le maquillage. Cette cire a un effet apaisant et adoucissant sur la peau. La vitamine E aide \u00e0 prot\u00e9ger la peau des influences ext\u00e9rieures n\u00e9gatives. Le crayon noir bio pour les yeux sensibles Nature up a <strong>une formule douce et vitamin\u00e9e.<\/strong><\/p>\n<h3>Le crayon noir bio pour les yeux sensibles &#8211; mode d&rsquo;imploi<\/h3>\n<p>Nature up convient aux personnes aux yeux sensibles et aux porteurs de lentilles de contact. Tracez une ligne fine le long de la ligne des cils sup\u00e9rieurs pour souligner les cils. Tracez une ligne fine le long de la ligne des cils inf\u00e9rieurs pour un look plus intense.<\/p>\n<p><strong>INCI :<\/strong> Octyldodecyl stearoyl stearate, cocos nucifera Coconut oil *, (kokosolie) 10 &#8211; 18 Triglycerides, Hydrogenated Vegetable Oil, Copernicia Cerifera (Candelilla) wax, mica, Polyglyceryl-3 diisostearate, Oryzanol, Glyceryl Caprylate, Tocopherol, CI 77499 (Iron Oxide)<br \/>\nIngr\u00e9dients issus de l&rsquo;agriculture biologique)<\/p>\n<p>Le crayon pour les yeux de substitution pour Nature Up est <strong>le crayon pour les yeux L1 de la marque Lepo<\/strong>. Depuis 1980, Lepo se consacre avec passion \u00e0 ce qu&rsquo;elle sait faire de mieux : valoriser les propri\u00e9t\u00e9s des ingr\u00e9dients naturels et les transformer en maquillages et soins de beaut\u00e9 bio ultra performants.<\/p>\n<p>Les formules des produits Lepo r\u00e9pondent aux normes les plus strictes en mati\u00e8re de cosm\u00e9tique naturelle, de maquillage bio et sont certifi\u00e9es Ecocert.<\/p>\n","protected":false},"excerpt":{"rendered":"<p>Le crayon noir naturel pour les yeux Nature Up convient aux personnes aux yeux sensibles.<br \/>\n<strong>Caract\u00e9ristiques<\/strong> : V\u00e9g\u00e9talien, naturel, ne provoque pas d&rsquo;irritation.<br \/>\n<strong>Couleur<\/strong> : Noir<\/p>\n","protected":false},"featured_media":715,"comment_status":"open","ping_status":"closed","template":"","meta":{"ocean_post_layout":"","ocean_both_sidebars_style":"","ocean_both_sidebars_content_width":0,"ocean_both_sidebars_sidebars_width":0,"ocean_sidebar":"","ocean_second_sidebar":"","ocean_disable_margins":"enable","ocean_add_body_class":"","ocean_shortcode_before_top_bar":"","ocean_shortcode_after_top_bar":"","ocean_shortcode_before_header":"","ocean_shortcode_after_header":"","ocean_has_shortcode":"","ocean_shortcode_after_title":"","ocean_shortcode_before_footer_widgets":"","ocean_shortcode_after_footer_widgets":"","ocean_shortcode_before_footer_bottom":"","ocean_shortcode_after_footer_bottom":"","ocean_display_top_bar":"default","ocean_display_header":"default","ocean_header_style":"","ocean_center_header_left_menu":"","ocean_custom_header_template":"","ocean_custom_logo":0,"ocean_custom_retina_logo":0,"ocean_custom_logo_max_width":0,"ocean_custom_logo_tablet_max_width":0,"ocean_custom_logo_mobile_max_width":0,"ocean_custom_logo_max_height":0,"ocean_custom_logo_tablet_max_height":0,"ocean_custom_logo_mobile_max_height":0,"ocean_header_custom_menu":"","ocean_menu_typo_font_family":"","ocean_menu_typo_font_subset":"","ocean_menu_typo_font_size":0,"ocean_menu_typo_font_size_tablet":0,"ocean_menu_typo_font_size_mobile":0,"ocean_menu_typo_font_size_unit":"px","ocean_menu_typo_font_weight":"","ocean_menu_typo_font_weight_tablet":"","ocean_menu_typo_font_weight_mobile":"","ocean_menu_typo_transform":"","ocean_menu_typo_transform_tablet":"","ocean_menu_typo_transform_mobile":"","ocean_menu_typo_line_height":0,"ocean_menu_typo_line_height_tablet":0,"ocean_menu_typo_line_height_mobile":0,"ocean_menu_typo_line_height_unit":"","ocean_menu_typo_spacing":0,"ocean_menu_typo_spacing_tablet":0,"ocean_menu_typo_spacing_mobile":0,"ocean_menu_typo_spacing_unit":"","ocean_menu_link_color":"","ocean_menu_link_color_hover":"","ocean_menu_link_color_active":"","ocean_menu_link_background":"","ocean_menu_link_hover_background":"","ocean_menu_link_active_background":"","ocean_menu_social_links_bg":"","ocean_menu_social_hover_links_bg":"","ocean_menu_social_links_color":"","ocean_menu_social_hover_links_color":"","ocean_disable_title":"default","ocean_disable_heading":"default","ocean_post_title":"","ocean_post_subheading":"","ocean_post_title_style":"","ocean_post_title_background_color":"","ocean_post_title_background":0,"ocean_post_title_bg_image_position":"","ocean_post_title_bg_image_attachment":"","ocean_post_title_bg_image_repeat":"","ocean_post_title_bg_image_size":"","ocean_post_title_height":0,"ocean_post_title_bg_overlay":0.5,"ocean_post_title_bg_overlay_color":"","ocean_disable_breadcrumbs":"default","ocean_breadcrumbs_color":"","ocean_breadcrumbs_separator_color":"","ocean_breadcrumbs_links_color":"","ocean_breadcrumbs_links_hover_color":"","ocean_display_footer_widgets":"default","ocean_display_footer_bottom":"default","ocean_custom_footer_template":""},"product_brand":[107],"product_cat":[55],"product_tag":[],"class_list":{"0":"post-2561","1":"product","2":"type-product","3":"status-publish","4":"has-post-thumbnail","6":"product_brand-nature-up","7":"product_cat-maquillage","9":"entry","10":"has-media","12":"first","13":"instock","14":"taxable","15":"shipping-taxable","16":"purchasable","17":"product-type-simple","18":"has-rating","19":"col","20":"span_1_of_3","21":"owp-content-center","22":"owp-thumbs-layout-horizontal","23":"owp-btn-normal","24":"owp-tabs-layout-section","25":"has-no-thumbnails","26":"circle-sale"},"_links":{"self":[{"href":"https:\/\/www.biobey.be\/fr\/wp-json\/wp\/v2\/product\/2561","targetHints":{"allow":["GET"]}}],"collection":[{"href":"https:\/\/www.biobey.be\/fr\/wp-json\/wp\/v2\/product"}],"about":[{"href":"https:\/\/www.biobey.be\/fr\/wp-json\/wp\/v2\/types\/product"}],"replies":[{"embeddable":true,"href":"https:\/\/www.biobey.be\/fr\/wp-json\/wp\/v2\/comments?post=2561"}],"wp:featuredmedia":[{"embeddable":true,"href":"https:\/\/www.biobey.be\/fr\/wp-json\/wp\/v2\/media\/715"}],"wp:attachment":[{"href":"https:\/\/www.biobey.be\/fr\/wp-json\/wp\/v2\/media?parent=2561"}],"wp:term":[{"taxonomy":"product_brand","embeddable":true,"href":"https:\/\/www.biobey.be\/fr\/wp-json\/wp\/v2\/product_brand?post=2561"},{"taxonomy":"product_cat","embeddable":true,"href":"https:\/\/www.biobey.be\/fr\/wp-json\/wp\/v2\/product_cat?post=2561"},{"taxonomy":"product_tag","embeddable":true,"href":"https:\/\/www.biobey.be\/fr\/wp-json\/wp\/v2\/product_tag?post=2561"}],"curies":[{"name":"wp","href":"https:\/\/api.w.org\/{rel}","templated":true}]}}